{"id":998,"date":"2025-07-28T11:16:54","date_gmt":"2025-07-28T11:16:54","guid":{"rendered":"https:\/\/perspektywa3p.us.edu.pl\/?page_id=998"},"modified":"2025-07-28T11:16:54","modified_gmt":"2025-07-28T11:16:54","slug":"wielkopolskie-wykaz-publicznych-poradni-psychologiczno-pedagogicznych-ppp","status":"publish","type":"page","link":"https:\/\/perspektywa3p.us.edu.pl\/index.php\/wielkopolskie-wykaz-publicznych-poradni-psychologiczno-pedagogicznych-ppp\/","title":{"rendered":"Wielkopolskie \u2013 wykaz publicznych poradni psychologiczno-pedagogicznych (PPP)"},"content":{"rendered":"\n<p><strong>Organ prowadz\u0105cy:<\/strong> <strong>POWIAT CHODZIESKI<\/strong><br>PPP W CHODZIE\u017bY, ul. Sk\u0142adowa 5<br>Strona www: <a href=\"https:\/\/poradniachodziez.edu.pl\/\">https:\/\/poradniachodziez.edu.pl\/<\/a><\/p>\n\n\n\n<p><strong>Organ prowadz\u0105cy:<\/strong> <strong>POWIAT CZARNKOWSKO-TRZCIANECKI<\/strong><br>PPP W CZARNKOWIE, ul. Ko\u015bciuszki 90<br>Strona www: <a href=\"https:\/\/pppczarnkow.pl\/\">https:\/\/pppczarnkow.pl\/<\/a><br>PPP W KRZY\u017bU WLKP., ul. Wojska Polskiego 73<br>Strona www: <a href=\"https:\/\/www.pppkrzyz.pl\/\">https:\/\/www.pppkrzyz.pl\/<\/a><br>PPP W TRZCIANCE, ul. Fabryczna 1<br>Strona www: <a href=\"http:\/\/ppptrzcianka.szkolnastrona.pl\/\">http:\/\/ppptrzcianka.szkolnastrona.pl\/<\/a><\/p>\n\n\n\n<p><strong>Organ prowadz\u0105cy:<\/strong> <strong>POWIAT GNIE\u0179NIE\u0143SKI<\/strong><br>PPP W GNIE\u0179NIE, ul. ks. Prymasa Stefana Wyszy\u0144skiego 4<br>Strona www: <a href=\"https:\/\/ppp.powiat-gniezno.pl\/\">https:\/\/ppp.powiat-gniezno.pl\/<\/a><\/p>\n\n\n\n<p><strong>Organ prowadz\u0105cy:<\/strong> <strong>POWIAT GOSTY\u0143SKI<\/strong><br>PPP W GOSTYNIU, ul. Wroc\u0142awska 8<br>Strona www: <a href=\"https:\/\/poradniapp.gostyn.pl\/\">https:\/\/poradniapp.gostyn.pl\/<\/a><\/p>\n\n\n\n<p><strong>Organ prowadz\u0105cy:<\/strong> <strong>POWIAT GRODZISKI<\/strong><br>PPP W GRODZISKU WIELKOPOLSKIM, ul. Zb\u0105szy\u0144ska 11<br>Strona www: <a href=\"https:\/\/grodziskwlkp.naszaporadnia.com\/\">https:\/\/grodziskwlkp.naszaporadnia.com\/<\/a><\/p>\n\n\n\n<p><strong>Organ prowadz\u0105cy:<\/strong> <strong>POWIAT JAROCI\u0143SKI<\/strong><br>PPP W JAROCINIE, ul. Szubianki 21<br>Strona www: <a href=\"http:\/\/www.poradniajarocin.pl\/\">http:\/\/www.poradniajarocin.pl\/<\/a><\/p>\n\n\n\n<p><strong>Organ prowadz\u0105cy:<\/strong> <strong>POWIAT KALISKI<\/strong><br>POWIATOWA PPP W OPAT\u00d3WKU, ul. Parkowa 3<br>Strona www: <a href=\"https:\/\/poradnia.powiat.kalisz.pl\/\">https:\/\/poradnia.powiat.kalisz.pl\/<\/a><\/p>\n\n\n\n<p><strong>Organ prowadz\u0105cy:<\/strong> <strong>MIASTO KALISZ<\/strong><br>PPP NR 1 W KALISZU, ul. Augustyna Kordeckiego 19<br>Strona www: <a href=\"https:\/\/ppp1kalisz.pl\/\">https:\/\/ppp1kalisz.pl\/<\/a><\/p>\n\n\n\n<p><strong>Organ prowadz\u0105cy:<\/strong> <strong>POWIAT K\u0118PI\u0143SKI<\/strong><br>PPP W K\u0118PNIE, ul. Sienkiewicza 26<br>Strona www: <a href=\"https:\/\/www.poradnia.kepno.pl\/\">https:\/\/www.poradnia.kepno.pl\/<\/a><\/p>\n\n\n\n<p><strong>Organ prowadz\u0105cy:<\/strong> <strong>POWIAT KOLSKI<\/strong><br>PPP W KOLE, ul. Kolejowa 13<br>Strona www: <a href=\"https:\/\/pppkolo.szkolnastrona.pl\/\">https:\/\/pppkolo.szkolnastrona.pl\/<\/a><\/p>\n\n\n\n<p><strong>Organ prowadz\u0105cy:<\/strong> <strong>KONIN-MIASTO NA PRAWACH POWIATU<\/strong><br>MIEJSKA PPP W KONINIE, ul. Sosnowa 12<br>Strona www: <a href=\"http:\/\/www.mpppk.pl\/\">http:\/\/www.mpppk.pl\/<\/a><\/p>\n\n\n\n<p><strong>Organ prowadz\u0105cy:<\/strong> <strong>POWIAT KONI\u0143SKI<\/strong><br>POWIATOWA PPP W \u015aLESINIE, ul. \u017bwirki i Wigury 55<br>POWIATOWA PPP W \u015aLESINIE FILIA W KONINIE, ul. Pozna\u0144ska 74<br>Strona www: <a href=\"https:\/\/www.ppppslesin.pl\/\">https:\/\/www.ppppslesin.pl\/<\/a><\/p>\n\n\n\n<p><strong>Organ prowadz\u0105cy:<\/strong> <strong>POWIAT KO\u015aCIA\u0143SKI<\/strong><br>PPP W KO\u015aCIANIE, ul. Ko\u015bcielna 5\/A<br>Strona www: <a href=\"http:\/\/poradniakoscian.szkolnastrona.pl\/\">http:\/\/poradniakoscian.szkolnastrona.pl\/<\/a><\/p>\n\n\n\n<p><strong>Organ prowadz\u0105cy:<\/strong> <strong>POWIAT KROTOSZY\u0143SKI<\/strong><br>PPP W KROTOSZYNIE, ul. Floria\u0144ska 10<br>Strona www: <a href=\"https:\/\/www.ppp.krotoszyn.pl\/\">https:\/\/www.ppp.krotoszyn.pl\/<\/a><\/p>\n\n\n\n<p><strong>Organ prowadz\u0105cy:<\/strong> <strong>POWIAT LESZCZY\u0143SKI<\/strong><br>POWIATOWA PPP W RYDZYNIE, pl. Plac Zamkowy 2<br>Strona www: <a href=\"https:\/\/www.powiatowapppleszno.pl\/\">https:\/\/www.powiatowapppleszno.pl\/<\/a><\/p>\n\n\n\n<p><strong>Organ prowadz\u0105cy:<\/strong> <strong>LESZNO-MIASTO NA PRAWACH POWIATU<\/strong><br>PPP W LESZNIE, ul. Boles\u0142awa Chrobrego 15<br>Strona www: <a href=\"https:\/\/poradnia-leszno.pl\/\">https:\/\/poradnia-leszno.pl\/<\/a><\/p>\n\n\n\n<p><strong>Organ prowadz\u0105cy:<\/strong> <strong>POWIAT MI\u0118DZYCHODZKI<\/strong><br>PPP W MI\u0118DZYCHODZIE, ul. \u015bw. Jana Paw\u0142a II 6A<br>Strona www: <a href=\"https:\/\/www.pppmiedzychod.pl\/\">https:\/\/www.pppmiedzychod.pl\/<\/a><\/p>\n\n\n\n<p><strong>Organ prowadz\u0105cy:<\/strong> <strong>POWIAT NOWOTOMYSKI<\/strong><br>PPP W NOWYM TOMY\u015aLU, ul. Emilii Sczanieckiej 1<\/p>\n\n\n\n<p><strong>Organ prowadz\u0105cy:<\/strong> <strong>POWIAT OBORNICKI<\/strong><br>PPP W OBORNIKACH, ul. Adama Mickiewicza 4<br>Strona www: <a href=\"https:\/\/pppoborniki.szkolnastrona.pl\/\">https:\/\/pppoborniki.szkolnastrona.pl\/<\/a><br>PPP W ROGO\u0179NIE, ul. Wojska Polskiego 1<br>Strona www: <a href=\"https:\/\/ppprogozno.pl\/\">https:\/\/ppprogozno.pl\/<\/a><\/p>\n\n\n\n<p><strong>Organ prowadz\u0105cy:<\/strong> <strong>POWIAT OSTROWSKI<\/strong><br>PPP W OSTROWIE WIELKOPOLSKIM, ul. Armii Krajowej 2<br>Strona www: <a href=\"https:\/\/www.poradnia-ostrow.pl\/\">https:\/\/www.poradnia-ostrow.pl\/<\/a><\/p>\n\n\n\n<p><strong>Organ prowadz\u0105cy:<\/strong> <strong>POWIAT OSTRZESZOWSKI<\/strong><br>PPP W OSTRZESZOWIE, ul. gen. W\u0142adys\u0142awa Sikorskiego 19<br>Strona www: <a href=\"http:\/\/poradniaostrzeszow.pl\/\">http:\/\/poradniaostrzeszow.pl\/<\/a><\/p>\n\n\n\n<p><strong>Organ prowadz\u0105cy:<\/strong> <strong>POWIAT PILSKI<\/strong><br>PPP W PILE, ul. gen. Sikorskiego 19<br>PORADNIA SPECJALISTYCZNA WAD MOWY I S\u0141UCHU W PILE, ul. gen. Sikorskiego 19<br>PPP W WYRZYSKU, ul. Wiejska 1<br>Strona www: <a href=\"http:\/\/www.zppp.pilanin.pl\/\">http:\/\/www.zppp.pilanin.pl\/<\/a><\/p>\n\n\n\n<p><strong>Organ prowadz\u0105cy:<\/strong> <strong>POWIAT PLESZEWSKI<\/strong><br>PPP W PLESZEWIE, ul. S\u0142owackiego 14<br>Strona www: <a href=\"https:\/\/www.poradnia-pleszew.org.pl\/\">https:\/\/www.poradnia-pleszew.org.pl\/<\/a><\/p>\n\n\n\n<p><strong>Organ prowadz\u0105cy:<\/strong> <strong>MIASTO POZNA\u0143<\/strong><br>PPP NR 2, ul. J\u00f3zefa Chociszewskiego 56<br>Strona www: <a href=\"https:\/\/www.ppp2poznan.pl\/\">https:\/\/www.ppp2poznan.pl\/<\/a><br>PPP NR 3, ul. Juliusza S\u0142owackiego 54\/56<br>Strona www: <a href=\"https:\/\/zppp1.poznan.pl\/\">https:\/\/zppp1.poznan.pl\/<\/a><br>PPP NR 4 POZNA\u0143 &#8211; PI\u0104TKOWO, os. Boles\u0142awa Chrobrego 105<br>Strona www: <a href=\"https:\/\/www.ppp4.pl\/\">https:\/\/www.ppp4.pl\/<\/a><br>PPP NR 5 POZNA\u0143 &#8211; STARE MIASTO, ul. Feliksa Nowowiejskiego 29<br>Strona www: <a href=\"https:\/\/ppp5.poznan.pl\/\">https:\/\/ppp5.poznan.pl\/<\/a><br>PPP NR 6, ul. 28 Czerwca 1956 r. 296\/29<br>Strona www: <a href=\"https:\/\/zppp2.pl\/\">https:\/\/zppp2.pl\/<\/a><br>PPP NR 7, ul. \u015bw. Antoniego 42<br>Strona www: <a href=\"https:\/\/poradnia7.poznan.pl\/\">https:\/\/poradnia7.poznan.pl\/<\/a><br>PPP NR 8, os. Rusa 56\/D1<br>Strona www: <a href=\"https:\/\/www.ppp8-poznan.pl\/\">https:\/\/www.ppp8-poznan.pl\/<\/a><br>PPP DLA DZIECI I M\u0141ODZIE\u017bY Z AUTYZMEM, ul. Juliusza S\u0142owackiego 54\/56<br>Strona www: <a href=\"https:\/\/zppp1.poznan.pl\/\">https:\/\/zppp1.poznan.pl\/<\/a><br>PPP DLA DZIECI I M\u0141ODZIE\u017bY ZE SPECJALNYMI POTRZEBAMI EDUKACYJNYMI, ul. 28 Czerwca 1956 r. 296\/29<br>Strona www: <a href=\"https:\/\/zppp2.pl\/\">https:\/\/zppp2.pl\/<\/a><\/p>\n\n\n\n<p><strong>Organ prowadz\u0105cy:<\/strong> <strong>EDUKACJA DLA PRZYSZ\u0141O\u015aCI<\/strong><br>FAMILIJNA PPP NR 4, POZNA\u0143, ul. Fabianowo 29<\/p>\n\n\n\n<p><strong>Organ prowadz\u0105cy:<\/strong> <strong>POWIAT POZNA\u0143SKI<\/strong><br>PPP W LUBONIU, ul. Wschodnia 26B<br>PPP W LUBONIU FILIA W BUKU, ul. Szarych Szereg\u00f3w 8<br>PPP W LUBONIU FILIA W ST\u0118SZEWIE, ul. Janusza Korczaka 2<br>PPP W LUBONIU FILIA W SUCHYM LESIE, ul. Szkolna 15<br>PPP W LUBONIU FILIA W TARNOWIE PODG\u00d3RNYM, ul. Sportowa 1<br>Strona www: <a href=\"https:\/\/ppplubon.pl\/\">https:\/\/ppplubon.pl\/<\/a><br>PPP W SWARZ\u0118DZU, ul. Dworcowa 7<br>PPP W SWARZ\u0118DZU FILIA W CZERWONAKU, ul. Pozna\u0144ska 15 d\/83<br>PPP W SWARZ\u0118DZU FILIA W MUROWANEJ GO\u015aLINIE, ul. M\u015bciszewska 10<br>PPP W SWARZ\u0118DZU FILIA W KOSTRZYNIE, ul. Braci Drzewieckich 1<br>PPP W SWARZ\u0118DZU FILIA W POBIEDZISKACH, ul. Kazimierza Odnowiciela 16<br>Strona www: <a href=\"https:\/\/pppswarzedz.pl\/\">https:\/\/pppswarzedz.pl\/<\/a><br>PPP W PUSZCZYKOWIE, ul. Jana \u017bupa\u0144skiego 2<br>Strona www: <a href=\"https:\/\/ppppuszczykowo.powiat.poznan.pl\/\">https:\/\/ppppuszczykowo.powiat.poznan.pl\/<\/a><br>FILIA W K\u00d3RNIKU, ul. Pozna\u0144ska 34A<\/p>\n\n\n\n<p><strong>Organ prowadz\u0105cy:<\/strong> <strong>POWIAT RAWICKI<\/strong><br>PPP W RAWICZU, ul. gen. Grota Roweckiego 9e<br>Strona www: <a href=\"https:\/\/poradniarawicz.pl\/\">https:\/\/poradniarawicz.pl\/<\/a><\/p>\n\n\n\n<p><strong>Organ prowadz\u0105cy:<\/strong> <strong>POWIAT S\u0141UPECKI<\/strong><br>PPP W S\u0141UPCY, ul. Wojska Polskiego 13<br>Strona www: <a href=\"https:\/\/poradniapp-slupca.pl\/\">https:\/\/poradniapp-slupca.pl\/<\/a><\/p>\n\n\n\n<p><strong>Organ prowadz\u0105cy:<\/strong> <strong>POWIAT SZAMOTULSKI<\/strong><br>PPP W SZAMOTU\u0141ACH, ul. Boles\u0142awa Chrobrego 8b<br>PPP WE WRONKACH, ul. Pozna\u0144ska 42<br>Strona www: <a href=\"https:\/\/poradnia-szamotuly.pl\/\">https:\/\/poradnia-szamotuly.pl\/<\/a><\/p>\n\n\n\n<p><strong>Organ prowadz\u0105cy:<\/strong> <strong>POWIAT \u015aREDZKI<\/strong><br>PPP W \u015aRODZIE WIELKOPOLSKIEJ, ul. \u017bwirki i Wigury 3<br>Strona www: <a href=\"https:\/\/pppsroda.pl\/\">https:\/\/pppsroda.pl\/<\/a><\/p>\n\n\n\n<p><strong>Organ prowadz\u0105cy:<\/strong> <strong>POWIAT \u015aREMSKI<\/strong><br>PPP W \u015aREMIE, ul. Floriana Marciniaka 2<br>Strona www: <a href=\"https:\/\/www.poradniasrem.cop.pl\/\">https:\/\/www.poradniasrem.cop.pl\/<\/a><\/p>\n\n\n\n<p><strong>Organ prowadz\u0105cy:<\/strong> <strong>POWIAT TURECKI<\/strong><br>PPP W TURKU, ul. Poduchowne 12<br>Strona www: <a href=\"http:\/\/www.ppp.turek.pl\/\">http:\/\/www.ppp.turek.pl\/<\/a><\/p>\n\n\n\n<p><strong>Organ prowadz\u0105cy:<\/strong> <strong>POWIAT W\u0104GROWIECKI<\/strong><br>PPP W W\u0104GROWCU, ul. Wierzbowa 1<br>Strona www: <a href=\"https:\/\/www.pppwagrowiec.pl\/\">https:\/\/www.pppwagrowiec.pl\/<\/a><\/p>\n\n\n\n<p><strong>Organ prowadz\u0105cy:<\/strong> <strong>POWIAT WOLSZTY\u0143SKI<\/strong><br>POWIATOWA PPP, ul. 5 Stycznia 5<br>Strona www: <a href=\"https:\/\/poradnia.powiatwolsztyn.pl\/\">https:\/\/poradnia.powiatwolsztyn.pl\/<\/a><\/p>\n\n\n\n<p><strong>Organ prowadz\u0105cy:<\/strong> <strong>POWIAT WRZESI\u0143SKI<\/strong><br>PPP WE WRZE\u015aNI, ul. Le\u015bna 10<br>Strona www: <a href=\"https:\/\/ppp-wrzesnia.pl\/\">https:\/\/ppp-wrzesnia.pl\/<\/a><\/p>\n\n\n\n<p><strong>Organ prowadz\u0105cy:<\/strong> <strong>POWIAT Z\u0141OTOWSKI<\/strong><br>POWIATOWA PPP W Z\u0141OTOWIE, ul. Szkolna 3<br>Strona www: <a href=\"https:\/\/pppp-zlotow.pl\/\">https:\/\/pppp-zlotow.pl\/<\/a><\/p>\n","protected":false},"excerpt":{"rendered":"<p>Organ prowadz\u0105cy: POWIAT CHODZIESKIPPP W CHODZIE\u017bY, ul. Sk\u0142adowa 5Strona www: https:\/\/poradniachodziez.edu.pl\/ Organ prowadz\u0105cy: POWIAT CZARNKOWSKO-TRZCIANECKIPPP W CZARNKOWIE, ul. Ko\u015bciuszki 90Strona www: https:\/\/pppczarnkow.pl\/PPP W KRZY\u017bU WLKP., ul. Wojska Polskiego 73Strona www: https:\/\/www.pppkrzyz.pl\/PPP W TRZCIANCE, ul. Fabryczna 1Strona www: http:\/\/ppptrzcianka.szkolnastrona.pl\/ Organ prowadz\u0105cy: POWIAT GNIE\u0179NIE\u0143SKIPPP W GNIE\u0179NIE, ul. ks. Prymasa Stefana Wyszy\u0144skiego 4Strona www: https:\/\/ppp.powiat-gniezno.pl\/ Organ prowadz\u0105cy: POWIAT&hellip; <br \/> <a class=\"read-more\" href=\"https:\/\/perspektywa3p.us.edu.pl\/index.php\/wielkopolskie-wykaz-publicznych-poradni-psychologiczno-pedagogicznych-ppp\/\">Dowiedz si\u0119 wi\u0119cej<\/a><\/p>\n","protected":false},"author":1,"featured_media":0,"parent":0,"menu_order":0,"comment_status":"closed","ping_status":"closed","template":"","meta":{"footnotes":""},"class_list":["post-998","page","type-page","status-publish","hentry"],"_links":{"self":[{"href":"https:\/\/perspektywa3p.us.edu.pl\/index.php\/wp-json\/wp\/v2\/pages\/998","targetHints":{"allow":["GET"]}}],"collection":[{"href":"https:\/\/perspektywa3p.us.edu.pl\/index.php\/wp-json\/wp\/v2\/pages"}],"about":[{"href":"https:\/\/perspektywa3p.us.edu.pl\/index.php\/wp-json\/wp\/v2\/types\/page"}],"author":[{"embeddable":true,"href":"https:\/\/perspektywa3p.us.edu.pl\/index.php\/wp-json\/wp\/v2\/users\/1"}],"replies":[{"embeddable":true,"href":"https:\/\/perspektywa3p.us.edu.pl\/index.php\/wp-json\/wp\/v2\/comments?post=998"}],"version-history":[{"count":1,"href":"https:\/\/perspektywa3p.us.edu.pl\/index.php\/wp-json\/wp\/v2\/pages\/998\/revisions"}],"predecessor-version":[{"id":999,"href":"https:\/\/perspektywa3p.us.edu.pl\/index.php\/wp-json\/wp\/v2\/pages\/998\/revisions\/999"}],"wp:attachment":[{"href":"https:\/\/perspektywa3p.us.edu.pl\/index.php\/wp-json\/wp\/v2\/media?parent=998"}],"curies":[{"name":"wp","href":"https:\/\/api.w.org\/{rel}","templated":true}]}}