{"id":984,"date":"2025-07-28T11:13:02","date_gmt":"2025-07-28T11:13:02","guid":{"rendered":"https:\/\/perspektywa3p.us.edu.pl\/?page_id=984"},"modified":"2025-07-28T11:13:03","modified_gmt":"2025-07-28T11:13:03","slug":"warminsko-mazurskie-wykaz-publicznych-poradni-psychologiczno-pedagogicznych-ppp","status":"publish","type":"page","link":"https:\/\/perspektywa3p.us.edu.pl\/index.php\/warminsko-mazurskie-wykaz-publicznych-poradni-psychologiczno-pedagogicznych-ppp\/","title":{"rendered":"Warmi\u0144sko-mazurskie \u2013 wykaz publicznych poradni psychologiczno-pedagogicznych (PPP)"},"content":{"rendered":"\n<p><strong>Organ prowadz\u0105cy:<\/strong> <strong>POWIAT BARTOSZYCKI<\/strong><br>PPP W BARTOSZYCACH ul. Limanowskiego 13<br>Strona www: <a href=\"https:\/\/poradniabartoszyce.eu\/\">https:\/\/poradniabartoszyce.eu\/<\/a><\/p>\n\n\n\n<p><strong>Organ prowadz\u0105cy:<\/strong> <strong>POWIAT BRANIEWSKI<\/strong><br>PPP W BRANIEWIE, ul. Sikorskiego 15A<br>Strona www: <a href=\"http:\/\/pppbraniewo.edu.pl\/\">http:\/\/pppbraniewo.edu.pl\/<\/a><\/p>\n\n\n\n<p><strong>Organ prowadz\u0105cy:<\/strong> <strong>POWIAT DZIA\u0141DOWSKI<\/strong><br>PPP W DZIA\u0141DOWIE, ul. 11 Listopada 16<br>PPP W DZIA\u0141DOWIE FILIA W LIDZBARKU, ul. Garbuzy 20<br>Strona www: <a href=\"http:\/\/poradniadzialdowo.pl\/\">http:\/\/poradniadzialdowo.pl\/<\/a><\/p>\n\n\n\n<p><strong>Organ prowadz\u0105cy:<\/strong> <strong>GMINA MIASTO ELBL\u0104G&nbsp; NA PRAWACH POWIATU<\/strong><br>PPP NR 1 W ELBL\u0104GU, ul. S\u0142oneczna 14<br>Strona www: <a href=\"http:\/\/pppjeden.ehost.pl\/\">http:\/\/pppjeden.ehost.pl\/<\/a><br>PPP NR 2 W ELBL\u0104GU, ul. Kosynier\u00f3w Gdy\u0144skich 30<br>Strona www: <a href=\"https:\/\/poradnia2elblag.pl\/\">https:\/\/poradnia2elblag.pl\/<\/a><\/p>\n\n\n\n<p><strong>Organ prowadz\u0105cy:<\/strong> <strong>POWIAT ELBL\u0104SKI<\/strong><br>PPP W PAS\u0141\u0118KU, ul. Bankowa 2\/2<br>Strona www: <a href=\"http:\/\/www.ppp-paslek.pl\/\">http:\/\/www.ppp-paslek.pl\/<\/a><\/p>\n\n\n\n<p><strong>Organ prowadz\u0105cy:<\/strong> <strong>POWIAT E\u0141CKI<\/strong><br>POWIATOWE CPPP W E\u0141KU, ul. Micha\u0142a Kajki 8<br>Strona www: <a href=\"https:\/\/pcpp-p.elk.pl\/\">https:\/\/pcpp-p.elk.pl\/<\/a><\/p>\n\n\n\n<p><strong>Organ prowadz\u0105cy:<\/strong> <strong>POWIAT GI\u017bYCKI<\/strong><br>PPP W GI\u017bYCKU, ul. Sm\u0119tka 5<br>Strona www: <a href=\"https:\/\/www.poregizycko.pl\/\">https:\/\/www.poregizycko.pl\/<\/a><\/p>\n\n\n\n<p><strong>Organ prowadz\u0105cy:<\/strong> <strong>POWIAT GO\u0141DAPSKI<\/strong><br>PPP W GO\u0141DAPI, ul. Wolno\u015bci 11<br>Strona www: <a href=\"https:\/\/pppgoldap.pl\/\">https:\/\/pppgoldap.pl\/<\/a><\/p>\n\n\n\n<p><strong>Organ prowadz\u0105cy:<\/strong> <strong>POWIAT I\u0141AWSKI<\/strong><br>POWIATOWE CENTRUM ROZWOJU EDUKACJI W I\u0141AWIE, PPP W I\u0141AWIE, ul. Miko\u0142aja Kopernika 8a<br>Strona www: <a href=\"https:\/\/www.pcre.ilawa.pl\/\">https:\/\/www.pcre.ilawa.pl\/<\/a><\/p>\n\n\n\n<p><strong>Organ prowadz\u0105cy:<\/strong> <strong>POWIAT K\u0118TRZY\u0143SKI<\/strong><br>POWIATOWA PPP W K\u0118TRZYNIE, ul. Pocztowa 11<br>Strona www: <a href=\"https:\/\/ppppketrzyn.cuwpk.webd.pl\/\">https:\/\/ppppketrzyn.cuwpk.webd.pl\/<\/a><\/p>\n\n\n\n<p><strong>Organ prowadz\u0105cy:<\/strong> <strong>POWIAT LIDZBARSKI<\/strong><br>POWIATOWA PPP W LIDZBARKU WARMI\u0143SKIM, ul. Kardyna\u0142a Stefana Wyszy\u0144skiego 20<br>Strona www: <a href=\"https:\/\/www.poradnia-psychologiczna.warmia.info\/\">https:\/\/www.poradnia-psychologiczna.warmia.info\/<\/a><\/p>\n\n\n\n<p><strong>Organ prowadz\u0105cy:<\/strong> <strong>POWIAT LIDZBARSKI<\/strong><br>PPP W ORNECIE, ul. Dworcowa 8\/4<br>Strona www: <a href=\"https:\/\/ppporneta.szkolnastrona.pl\/\">https:\/\/ppporneta.szkolnastrona.pl\/<\/a><\/p>\n\n\n\n<p><strong>Organ prowadz\u0105cy:<\/strong> <strong>POWIAT MR\u0104GOWSKI<\/strong><br>PPP W MR\u0104GOWIE, ul. Nadbrze\u017cna 13<br>Strona www: <a href=\"https:\/\/poradnia-mragowo.pl\/\">https:\/\/poradnia-mragowo.pl\/<\/a><\/p>\n\n\n\n<p><strong>Organ prowadz\u0105cy:<\/strong> <strong>POWIAT NIDZICKI<\/strong><br>PPP W NIDZICY, ul. Wyborska 12<\/p>\n\n\n\n<p><strong>Organ prowadz\u0105cy:<\/strong> <strong>POWIAT NOWOMIEJSKI<\/strong><br>PPP W NOWYM MIE\u015aCIE LUBAWSKIM, ul. 3 Maja 25<\/p>\n\n\n\n<p><strong>Organ prowadz\u0105cy:<\/strong> <strong>POWIAT OLECKI<\/strong><br>PPP W OLECKU, ul. Zamkowa 2<br>Strona www: <a href=\"https:\/\/pcwe.olecko.pl\/poradnia\/\">https:\/\/pcwe.olecko.pl\/poradnia\/<\/a><\/p>\n\n\n\n<p><strong>Organ prowadz\u0105cy:<\/strong> <strong>GMINA OLSZTYN<\/strong><br>PPP NR 1 W OLSZTYNIE, ul. Edwarda Turowskiego 3<br>Strona www: <a href=\"https:\/\/ppp1.olsztyn.eu\/\">https:\/\/ppp1.olsztyn.eu\/<\/a><br>PPP NR 3 W OLSZTYNIE, ul. Miko\u0142aja Kopernika 45<\/p>\n\n\n\n<p><strong>Organ prowadz\u0105cy:<\/strong> <strong>POWIAT OLSZTY\u0143SKI<\/strong><br>POWIATOWA PPP W OLSZTYNIE, pl. Plac gen. J\u00f3zefa Bema 5<br>Strona www: <a href=\"https:\/\/www.poradnia-olsztyn.pl\/\">https:\/\/www.poradnia-olsztyn.pl\/<\/a><\/p>\n\n\n\n<p><strong>Organ prowadz\u0105cy:<\/strong> <strong>POWIAT OSTR\u00d3DZKI<\/strong><br>PPP W MOR\u0104GU, ul. Le\u015bna 6<br>Strona www: <a href=\"http:\/\/pppmorag.com.pl\/\">http:\/\/pppmorag.com.pl\/<\/a><br>PPP W OSTR\u00d3DZIE, ul. Sportowa 1<br>Strona www: <a href=\"https:\/\/poradnia.ostroda.pl\/\">https:\/\/poradnia.ostroda.pl\/<\/a><\/p>\n\n\n\n<p><strong>Organ prowadz\u0105cy:<\/strong> <strong>POWIAT PISKI<\/strong><br>POWIATOWA PPP W PISZU, ul. Warszawska 5<br>Strona www: <a href=\"https:\/\/poradnia.pisz.pl\/\">https:\/\/poradnia.pisz.pl\/<\/a><\/p>\n\n\n\n<p><strong>Organ prowadz\u0105cy:<\/strong> <strong>POWIAT SZCZYCIE\u0143SKI<\/strong><br>PPP W SZCZYTNIE, ul. Jerzego Lanca 10<br>Strona www: <a href=\"https:\/\/ppp.powiatszczycienski.pl\/\">https:\/\/ppp.powiatszczycienski.pl\/<\/a><\/p>\n\n\n\n<p><strong>Organ prowadz\u0105cy:<\/strong> <strong>POWIAT W\u0118GORZEWSKI<\/strong><br>PPP W W\u0118GORZEWIE, ul. Genera\u0142a J\u00f3zefa Bema 16A<br>Strona www: <a href=\"https:\/\/poradniawegorzewo.pl\/\">https:\/\/poradniawegorzewo.pl\/<\/a><\/p>\n","protected":false},"excerpt":{"rendered":"<p>Organ prowadz\u0105cy: POWIAT BARTOSZYCKIPPP W BARTOSZYCACH ul. Limanowskiego 13Strona www: https:\/\/poradniabartoszyce.eu\/ Organ prowadz\u0105cy: POWIAT BRANIEWSKIPPP W BRANIEWIE, ul. Sikorskiego 15AStrona www: http:\/\/pppbraniewo.edu.pl\/ Organ prowadz\u0105cy: POWIAT DZIA\u0141DOWSKIPPP W DZIA\u0141DOWIE, ul. 11 Listopada 16PPP W DZIA\u0141DOWIE FILIA W LIDZBARKU, ul. Garbuzy 20Strona www: http:\/\/poradniadzialdowo.pl\/ Organ prowadz\u0105cy: GMINA MIASTO ELBL\u0104G&nbsp; NA PRAWACH POWIATUPPP NR 1 W ELBL\u0104GU, ul.&hellip; <br \/> <a class=\"read-more\" href=\"https:\/\/perspektywa3p.us.edu.pl\/index.php\/warminsko-mazurskie-wykaz-publicznych-poradni-psychologiczno-pedagogicznych-ppp\/\">Dowiedz si\u0119 wi\u0119cej<\/a><\/p>\n","protected":false},"author":1,"featured_media":0,"parent":0,"menu_order":0,"comment_status":"closed","ping_status":"closed","template":"","meta":{"footnotes":""},"class_list":["post-984","page","type-page","status-publish","hentry"],"_links":{"self":[{"href":"https:\/\/perspektywa3p.us.edu.pl\/index.php\/wp-json\/wp\/v2\/pages\/984","targetHints":{"allow":["GET"]}}],"collection":[{"href":"https:\/\/perspektywa3p.us.edu.pl\/index.php\/wp-json\/wp\/v2\/pages"}],"about":[{"href":"https:\/\/perspektywa3p.us.edu.pl\/index.php\/wp-json\/wp\/v2\/types\/page"}],"author":[{"embeddable":true,"href":"https:\/\/perspektywa3p.us.edu.pl\/index.php\/wp-json\/wp\/v2\/users\/1"}],"replies":[{"embeddable":true,"href":"https:\/\/perspektywa3p.us.edu.pl\/index.php\/wp-json\/wp\/v2\/comments?post=984"}],"version-history":[{"count":1,"href":"https:\/\/perspektywa3p.us.edu.pl\/index.php\/wp-json\/wp\/v2\/pages\/984\/revisions"}],"predecessor-version":[{"id":985,"href":"https:\/\/perspektywa3p.us.edu.pl\/index.php\/wp-json\/wp\/v2\/pages\/984\/revisions\/985"}],"wp:attachment":[{"href":"https:\/\/perspektywa3p.us.edu.pl\/index.php\/wp-json\/wp\/v2\/media?parent=984"}],"curies":[{"name":"wp","href":"https:\/\/api.w.org\/{rel}","templated":true}]}}