{"id":971,"date":"2025-07-28T11:10:19","date_gmt":"2025-07-28T11:10:19","guid":{"rendered":"https:\/\/perspektywa3p.us.edu.pl\/?page_id=971"},"modified":"2025-07-28T11:10:20","modified_gmt":"2025-07-28T11:10:20","slug":"swietokrzyskie-wykaz-publicznych-poradni-psychologiczno-pedagogicznych-ppp","status":"publish","type":"page","link":"https:\/\/perspektywa3p.us.edu.pl\/index.php\/swietokrzyskie-wykaz-publicznych-poradni-psychologiczno-pedagogicznych-ppp\/","title":{"rendered":"\u015awi\u0119tokrzyskie \u2013 wykaz publicznych poradni psychologiczno-pedagogicznych (PPP)"},"content":{"rendered":"\n<p><strong>Organ prowadz\u0105cy:<\/strong> <strong>POWIAT BUSKI<\/strong><br>PPP W BUSKU-ZDROJU, ul. Bohater\u00f3w Warszawy 120<br>Strona www: <a href=\"https:\/\/ppp.busko.pl\/\">https:\/\/ppp.busko.pl\/<\/a><\/p>\n\n\n\n<p><strong>Organ prowadz\u0105cy:<\/strong> <strong>POWIAT J\u0118DRZEJOWSKI<\/strong><br>PPP W J\u0118DRZEJOWIE, ul. W\u0142adys\u0142awa Stanis\u0142awa Reymonta 1<\/p>\n\n\n\n<p><strong>Organ prowadz\u0105cy:<\/strong> <strong>POWIAT KAZIMIERSKI<\/strong><br>PPP W KAZIMIERZY WIELKIEJ, ul. Partyzant\u00f3w 29<br>Strona www: <a href=\"https:\/\/poradnia.kazimierzaw.pl\/\">https:\/\/poradnia.kazimierzaw.pl\/<\/a><\/p>\n\n\n\n<p><strong>Organ prowadz\u0105cy:<\/strong> <strong>KIELCE MIASTO NA PRAWACH POWIATU<\/strong><br>MIEJSKI ZESP\u00d3\u0141 PPP W KIELCACH, ul. Urz\u0119dnicza 16<br>Strona www: <a href=\"https:\/\/mzppp.kielce.eu\/\">https:\/\/mzppp.kielce.eu\/<\/a><\/p>\n\n\n\n<p><strong>Organ prowadz\u0105cy:<\/strong> <strong>POWIAT KIELECKI<\/strong><br>POWIATOWA PPP W BODZENTYNIE, ul. Wolno\u015bci 1A<br>Strona www: <a href=\"https:\/\/pppbodzentyn.pl\/\">https:\/\/pppbodzentyn.pl\/<\/a><br>POWIATOWA PPP W CHMIELNIKU, ul. Furma\u0144ska 1A<br>Strona www: <a href=\"https:\/\/pppchmielnik.pl\/\">https:\/\/pppchmielnik.pl\/<\/a><br>POWIATOWA PPP W PIEKOSZOWIE, ul. Cz\u0119stochowska 110<br>Strona www: <a href=\"http:\/\/www.ppp-piekoszow.pl\/\">http:\/\/www.ppp-piekoszow.pl\/<\/a><\/p>\n\n\n\n<p><strong>Organ prowadz\u0105cy:<\/strong> <strong>POWIAT KONECKI<\/strong><br>PPP W KO\u0143SKICH, ul. Krakowska 38<br>Strona www: <a href=\"https:\/\/pppkonskie.pl\/\">https:\/\/pppkonskie.pl\/<\/a><\/p>\n\n\n\n<p><strong>Organ prowadz\u0105cy:<\/strong> <strong>POWIAT OPATOWSKI<\/strong><br>PPP W OPATOWIE, ul. Stefanii Sempo\u0142owskiej 3<br>Strona www: <a href=\"https:\/\/pppopatow.szkolnastrona.pl\/\">https:\/\/pppopatow.szkolnastrona.pl\/<\/a><br>PPP W O\u017bAROWIE, os. Wzg\u00f3rze 56<br>Strona www: <a href=\"http:\/\/www.poradniaozarowska.pl\/\">http:\/\/www.poradniaozarowska.pl\/<\/a><\/p>\n\n\n\n<p><strong>Organ prowadz\u0105cy:<\/strong> <strong>POWIAT OSTROWIECKI<\/strong><br>PPP W OSTROWCU \u015aWI\u0118TOKRZYSKIM, ul. Stefana \u017beromskiego 5<br>Strona www: <a href=\"https:\/\/pp-p.ostrowiec.pl\/\">https:\/\/pp-p.ostrowiec.pl\/<\/a><\/p>\n\n\n\n<p><strong>Organ prowadz\u0105cy:<\/strong> <strong>POWIAT PI\u0143CZOWSKI<\/strong><br>PPP W PI\u0143CZOWIE, ul. Sp\u00f3\u0142dzielcza 6<\/p>\n\n\n\n<p><strong>Organ prowadz\u0105cy:<\/strong> <strong>POWIAT SANDOMIERSKI<\/strong><br>PPP W SANDOMIERZU, ul. Adama Mickiewicza 34<br>Strona www: <a href=\"https:\/\/ppp.sandomierz.pl\/\">https:\/\/ppp.sandomierz.pl\/<\/a><\/p>\n\n\n\n<p><strong>Organ prowadz\u0105cy:<\/strong> <strong>POWIAT SKAR\u017bYSKI<\/strong><br>PPP W SKAR\u017bYSKU-KAMIENNEJ, pl. Floria\u0144ski 1<br>Strona www: <a href=\"https:\/\/pcreskarzysko.pl\/poradnia\">https:\/\/pcreskarzysko.pl\/poradnia<\/a><\/p>\n\n\n\n<p><strong>Organ prowadz\u0105cy:<\/strong> <strong>POWIAT STARACHOWICKI<\/strong><br>PPP W STARACHOWICACH, ul. Radomska 72<br>Strona www: <a href=\"https:\/\/poradniastarachowice.pl\/\">https:\/\/poradniastarachowice.pl\/<\/a><\/p>\n\n\n\n<p><strong>Organ prowadz\u0105cy:<\/strong> <strong>POWIAT STASZOWSKI<\/strong><br>PUBLICZNA PPP W STASZOWIE, ul. 11 Listopada 1<br>Strona www: <a href=\"https:\/\/www.ppppstaszow.pl\/\">https:\/\/www.ppppstaszow.pl\/<\/a><\/p>\n\n\n\n<p><strong>Organ prowadz\u0105cy:<\/strong> <strong>POWIAT W\u0141OSZCZOWSKI<\/strong><br>PPP WE W\u0141OSZCZOWIE, ul. Jana III Sobieskiego 38<br>Strona www: <a href=\"https:\/\/samorzad.gov.pl\/web\/ppp-wloszczowa\">https:\/\/samorzad.gov.pl\/web\/ppp-wloszczowa<\/a><\/p>\n","protected":false},"excerpt":{"rendered":"<p>Organ prowadz\u0105cy: POWIAT BUSKIPPP W BUSKU-ZDROJU, ul. Bohater\u00f3w Warszawy 120Strona www: https:\/\/ppp.busko.pl\/ Organ prowadz\u0105cy: POWIAT J\u0118DRZEJOWSKIPPP W J\u0118DRZEJOWIE, ul. W\u0142adys\u0142awa Stanis\u0142awa Reymonta 1 Organ prowadz\u0105cy: POWIAT KAZIMIERSKIPPP W KAZIMIERZY WIELKIEJ, ul. Partyzant\u00f3w 29Strona www: https:\/\/poradnia.kazimierzaw.pl\/ Organ prowadz\u0105cy: KIELCE MIASTO NA PRAWACH POWIATUMIEJSKI ZESP\u00d3\u0141 PPP W KIELCACH, ul. Urz\u0119dnicza 16Strona www: https:\/\/mzppp.kielce.eu\/ Organ prowadz\u0105cy: POWIAT KIELECKIPOWIATOWA&hellip; <br \/> <a class=\"read-more\" href=\"https:\/\/perspektywa3p.us.edu.pl\/index.php\/swietokrzyskie-wykaz-publicznych-poradni-psychologiczno-pedagogicznych-ppp\/\">Dowiedz si\u0119 wi\u0119cej<\/a><\/p>\n","protected":false},"author":1,"featured_media":0,"parent":0,"menu_order":0,"comment_status":"closed","ping_status":"closed","template":"","meta":{"footnotes":""},"class_list":["post-971","page","type-page","status-publish","hentry"],"_links":{"self":[{"href":"https:\/\/perspektywa3p.us.edu.pl\/index.php\/wp-json\/wp\/v2\/pages\/971","targetHints":{"allow":["GET"]}}],"collection":[{"href":"https:\/\/perspektywa3p.us.edu.pl\/index.php\/wp-json\/wp\/v2\/pages"}],"about":[{"href":"https:\/\/perspektywa3p.us.edu.pl\/index.php\/wp-json\/wp\/v2\/types\/page"}],"author":[{"embeddable":true,"href":"https:\/\/perspektywa3p.us.edu.pl\/index.php\/wp-json\/wp\/v2\/users\/1"}],"replies":[{"embeddable":true,"href":"https:\/\/perspektywa3p.us.edu.pl\/index.php\/wp-json\/wp\/v2\/comments?post=971"}],"version-history":[{"count":1,"href":"https:\/\/perspektywa3p.us.edu.pl\/index.php\/wp-json\/wp\/v2\/pages\/971\/revisions"}],"predecessor-version":[{"id":972,"href":"https:\/\/perspektywa3p.us.edu.pl\/index.php\/wp-json\/wp\/v2\/pages\/971\/revisions\/972"}],"wp:attachment":[{"href":"https:\/\/perspektywa3p.us.edu.pl\/index.php\/wp-json\/wp\/v2\/media?parent=971"}],"curies":[{"name":"wp","href":"https:\/\/api.w.org\/{rel}","templated":true}]}}