{"id":969,"date":"2025-07-28T11:09:55","date_gmt":"2025-07-28T11:09:55","guid":{"rendered":"https:\/\/perspektywa3p.us.edu.pl\/?page_id=969"},"modified":"2026-03-13T12:03:01","modified_gmt":"2026-03-13T12:03:01","slug":"swietokrzyskie-spotkania-webinary-biezace-informacje","status":"publish","type":"page","link":"https:\/\/perspektywa3p.us.edu.pl\/index.php\/swietokrzyskie-spotkania-webinary-biezace-informacje\/","title":{"rendered":"\u015awi\u0119tokrzyskie \u2013 spotkania\/webinary\/bie\u017c\u0105ce informacje"},"content":{"rendered":"\n<h2 class=\"wp-block-heading\">Wyniki oceny merytorycznej wniosk\u00f3w &#8211; II tura<\/h2>\n\n\n\n<figure class=\"wp-block-table is-style-stripes\"><table><thead><tr><th>Nr wniosku<\/th><th class=\"has-text-align-center\" data-align=\"center\">Wynik oceny merytorycznej \/Ocena \u015brednia<\/th><th class=\"has-text-align-right\" data-align=\"right\">Kwota przyznana<\/th><th class=\"has-text-align-center\" data-align=\"center\">Uwagi<\/th><\/tr><\/thead><tbody><tr><td>20251217\/0935\/0835<\/td><td class=\"has-text-align-center\" data-align=\"center\">104<\/td><td class=\"has-text-align-right\" data-align=\"right\">144 606,05 z\u0142<\/td><td class=\"has-text-align-center\" data-align=\"center\">&nbsp;<\/td><\/tr><tr><td>20251217\/0935\/0836<\/td><td class=\"has-text-align-center\" data-align=\"center\">104<\/td><td class=\"has-text-align-right\" data-align=\"right\">120 000,00 z\u0142<\/td><td class=\"has-text-align-center\" data-align=\"center\">&nbsp;<\/td><\/tr><tr><td>20251113\/1139\/0664<\/td><td class=\"has-text-align-center\" data-align=\"center\">96,5<\/td><td class=\"has-text-align-right\" data-align=\"right\">70 000,00 z\u0142<\/td><td class=\"has-text-align-center\" data-align=\"center\">&nbsp;<\/td><\/tr><tr><td>20260122\/1131\/0906<\/td><td class=\"has-text-align-center\" data-align=\"center\">89<\/td><td class=\"has-text-align-right\" data-align=\"right\">0,00 z\u0142<\/td><td class=\"has-text-align-center\" data-align=\"center\">&nbsp; Lista rezerwowa<\/td><\/tr><tr><td>20251113\/1026\/0653<\/td><td class=\"has-text-align-center\" data-align=\"center\">88<\/td><td class=\"has-text-align-right\" data-align=\"right\">0,00 z\u0142<\/td><td class=\"has-text-align-center\" data-align=\"center\">&nbsp; Lista rezerwowa<\/td><\/tr><tr><td>20251217\/0935\/0834<\/td><td class=\"has-text-align-center\" data-align=\"center\">88<\/td><td class=\"has-text-align-right\" data-align=\"right\">0,00 z\u0142<\/td><td class=\"has-text-align-center\" data-align=\"center\">&nbsp; Lista rezerwowa<\/td><\/tr><\/tbody><\/table><\/figure>\n\n\n\n<h2 class=\"wp-block-heading\">Nab\u00f3r do konkursu grantowego &#8211; II tura <\/h2>\n\n\n\n<p>Informujemy, \u017ce rozpocz\u0119\u0142a si\u0119 <strong>II tura sk\u0142adania wniosk\u00f3w grantowych<\/strong> w systemie GrantU\u015a w projekcie \u201ePerspektywa 3P\u201d dla wojew\u00f3dztwa \u015bwi\u0119tokrzyskiego.<\/p>\n\n\n\n<p><strong>Tura II sk\u0142adania wniosk\u00f3w: od 15 grudnia 2025 r. do 31 stycznia 2026 r. do godziny 14:00<\/strong>.<\/p>\n\n\n\n<p>Link do strony: <a href=\"https:\/\/perspektywa3p.us.edu.pl\/index.php\/grantus\/\">https:\/\/perspektywa3p.us.edu.pl\/index.php\/grantus\/<\/a><\/p>\n\n\n\n<h2 class=\"wp-block-heading\">Wyniki oceny merytorycznej wniosk\u00f3w<\/h2>\n\n\n\n<figure class=\"wp-block-table is-style-stripes\"><table><thead><tr><th>Nr wniosku<\/th><th class=\"has-text-align-center\" data-align=\"center\">Wynik oceny merytorycznej \/Ocena \u015brednia<\/th><th class=\"has-text-align-right\" data-align=\"right\">Kwota przyznana<\/th><\/tr><\/thead><tbody><tr><td>20251027\/1239\/0221<\/td><td class=\"has-text-align-center\" data-align=\"center\">107,5<\/td><td class=\"has-text-align-right\" data-align=\"right\">&nbsp;149&nbsp;775,82&nbsp;z\u0142&nbsp;<\/td><\/tr><tr><td>20251028\/1023\/0249<\/td><td class=\"has-text-align-center\" data-align=\"center\">103,5<\/td><td class=\"has-text-align-right\" data-align=\"right\">&nbsp;120&nbsp;000,00&nbsp;z\u0142&nbsp;<\/td><\/tr><tr><td>20251106\/0907\/0495<\/td><td class=\"has-text-align-center\" data-align=\"center\">103,5<\/td><td class=\"has-text-align-right\" data-align=\"right\">&nbsp;120&nbsp;000,00&nbsp;z\u0142&nbsp;<\/td><\/tr><tr><td>20251027\/0841\/0209<\/td><td class=\"has-text-align-center\" data-align=\"center\">103<\/td><td class=\"has-text-align-right\" data-align=\"right\">&nbsp;70&nbsp;000,00&nbsp;z\u0142&nbsp;<\/td><\/tr><tr><td>20251024\/0645\/0090<\/td><td class=\"has-text-align-center\" data-align=\"center\">94,5<\/td><td class=\"has-text-align-right\" data-align=\"right\">&nbsp;70&nbsp;000,00&nbsp;z\u0142&nbsp;<\/td><\/tr><tr><td>20251105\/0720\/0453<\/td><td class=\"has-text-align-center\" data-align=\"center\">86,5<\/td><td class=\"has-text-align-right\" data-align=\"right\">&nbsp;70&nbsp;000,00&nbsp;z\u0142&nbsp;<\/td><\/tr><tr><td>20251115\/0816\/0761<\/td><td class=\"has-text-align-center\" data-align=\"center\">85,5<\/td><td class=\"has-text-align-right\" data-align=\"right\">&nbsp;70&nbsp;000,00&nbsp;z\u0142&nbsp;<\/td><\/tr><tr><td>20251103\/1158\/0399<\/td><td class=\"has-text-align-center\" data-align=\"center\">83,5<\/td><td class=\"has-text-align-right\" data-align=\"right\">&nbsp;70&nbsp;000,00&nbsp;z\u0142&nbsp;<\/td><\/tr><tr><td>20251024\/1033\/0165<\/td><td class=\"has-text-align-center\" data-align=\"center\">81<\/td><td class=\"has-text-align-right\" data-align=\"right\">&nbsp;70&nbsp;000,00&nbsp;z\u0142&nbsp;<\/td><\/tr><tr><td>20251024\/0627\/0081<\/td><td class=\"has-text-align-center\" data-align=\"center\">80,5<\/td><td class=\"has-text-align-right\" data-align=\"right\">&nbsp;70&nbsp;000,00&nbsp;z\u0142&nbsp;<\/td><\/tr><\/tbody><\/table><\/figure>\n\n\n\n<p>Jednocze\u015bnie informujemy, \u017ce zr\u00f3\u017cnicowanie wysoko\u015bci przyznanych \u015brodk\u00f3w pomi\u0119dzy wojew\u00f3dztwami wynika z przyj\u0119tych procedur konkursowych i kwot alokacji przekazanych przez IP. W cz\u0119\u015bci wojew\u00f3dztw, ze wzgl\u0119du na niewype\u0142nienie wska\u017anika projektu, realizowana jest II tura konkursu grantowego (do 31.01.2026 r.), co umo\u017cliwia dalsze rozdysponowanie \u015brodk\u00f3w. Natomiast w wojew\u00f3dztwach, w kt\u00f3rych wska\u017anik zosta\u0142 ju\u017c osi\u0105gni\u0119ty kwota alokacji przekazana przez IP zosta\u0142a zgodnie z procedur\u0105 podzielona na wnioskuj\u0105ce PPP.<\/p>\n\n\n\n<h2 class=\"wp-block-heading\">Spotkania\/webinary<\/h2>\n\n\n\n<h3 class=\"wp-block-heading\">13.11.2025 r.<\/h3>\n\n\n\n<p><strong>Zapraszamy na webinar dotycz\u0105cy aplikowania o grant<\/strong> w Projekcie &#8222;Perspektywa 3P&#8221;, dla przedstawicieli JST oraz PPP, kt\u00f3ry odb\u0119dzie si\u0119 w \u015brod\u0119 <strong>13 listopada 2025r.<\/strong><\/p>\n\n\n\n<p><em>Do\u0142\u0105cz do spotkania 13.11.2025 (12:00 \u2013 12:45<\/em>)<em>:&nbsp;<\/em>\u2192&nbsp;<em>link niedost\u0119pny &#8211; spotkanie zako\u0144czone&nbsp;<\/em>\u2190<\/p>\n\n\n\n<h3 class=\"wp-block-heading\">30.10.2025 r.<\/h3>\n\n\n\n<p><strong>Zapraszamy na webinar dotycz\u0105cy aplikacji GrantU\u015a<\/strong>, skierowany do Przedstawicieli\/ek organ\u00f3w prowadz\u0105cych publiczne poradnie pedagogiczno-psychologiczne oraz Przedstawicieli\/ek publicznych poradni pedagogiczno-psychologicznych i specjalistycznych, kt\u00f3ry odb\u0119dzie si\u0119 w czwartek, <strong>30 pa\u017adziernika 2025 r.<\/strong><\/p>\n\n\n\n<p><em>Do\u0142\u0105cz do spotkania 30.10.2025 (12:00 \u2013 12:45<\/em>)<em>:&nbsp;<\/em>\u2192&nbsp;<em>link niedost\u0119pny &#8211; spotkanie zako\u0144czone&nbsp;<\/em>\u2190<\/p>\n\n\n\n<h3 class=\"wp-block-heading\">6.10.2025 r.<\/h3>\n\n\n\n<p><strong>Zapraszamy na webinar<\/strong> dotycz\u0105cy om\u00f3wienia zasad grantowych dla Przedstawicieli organ\u00f3w prowadz\u0105cych publiczne poradnie pedagogiczno-psychologiczne oraz przedstawicieli publicznych poradni pedagogiczno-psychologicznych i specjalistycznych, kt\u00f3ry odb\u0119dzie si\u0119 w <strong>poniedzia\u0142ek 06 pa\u017adziernika 2025<\/strong>. Godzina zostanie podana w przes\u0142anym Pa\u0144stwu mailu.<\/p>\n\n\n\n<p><em>Do\u0142\u0105cz do spotkania 6.10.2025:&nbsp;<\/em>\u2192&nbsp;<em>link niedost\u0119pny \u2013 spotkanie zako\u0144czone&nbsp;<\/em>\u2190<\/p>\n\n\n\n<div data-wp-interactive=\"core\/file\" class=\"wp-block-file\"><object data-wp-bind--hidden=\"!state.hasPdfPreview\" hidden class=\"wp-block-file__embed\" data=\"https:\/\/perspektywa3p.us.edu.pl\/wp-content\/uploads\/2025\/11\/Swietokrzyskie_webinar_06.10.2025_z-tekst-alt.pdf\" type=\"application\/pdf\" style=\"width:100%;height:600px\" aria-label=\"Osadzone z Prezentacja z webinaru z dnia 06.10.2025.\"><\/object><a id=\"wp-block-file--media-7669c5d4-caae-4a02-b397-1f10e87846d9\" href=\"https:\/\/perspektywa3p.us.edu.pl\/wp-content\/uploads\/2025\/11\/Swietokrzyskie_webinar_06.10.2025_z-tekst-alt.pdf\">Prezentacja z webinaru z dnia 06.10.2025<\/a><a href=\"https:\/\/perspektywa3p.us.edu.pl\/wp-content\/uploads\/2025\/11\/Swietokrzyskie_webinar_06.10.2025_z-tekst-alt.pdf\" class=\"wp-block-file__button wp-element-button\" download aria-describedby=\"wp-block-file--media-7669c5d4-caae-4a02-b397-1f10e87846d9\">Pobierz<\/a><\/div>\n\n\n\n<h3 class=\"wp-block-heading\">14.05.2025 r.<\/h3>\n\n\n\n<p>W zwi\u0105zku z rozpocz\u0119ciem projektu <em>&#8222;Perspektywa 3P dla wojew\u00f3dztwa \u015bwi\u0119tokrzyskiego&#8221;<\/em> serdecznie zapraszamy Pa\u0144stwa na pierwszy webinar, kt\u00f3ry odb\u0119dzie si\u0119 w <strong>\u015brod\u0119 14 maja 10:30\u201311:15 <\/strong>na platformie Teams.<\/p>\n\n\n\n<p><em style=\"box-sizing: border-box; margin: 0px; padding: 0px; outline: 0px; color: rgb(91, 100, 110); font-family: &quot;Open Sans&quot;, sans-serif; font-size: 16px; font-variant-ligatures: normal; font-variant-caps: normal; font-weight: 400; letter-spacing: normal; orphans: 2; text-align: left; text-indent: 0px; text-transform: none; widows: 2; word-spacing: 0px; -webkit-text-stroke-width: 0px; white-space: normal; background-color: rgb(255, 255, 255); text-decoration-thickness: initial; text-decoration-style: initial; text-decoration-color: initial;\">Do\u0142\u0105cz do spotkania 14.05.2025:&nbsp;<\/em><span style=\"color: rgb(91, 100, 110); font-family: &quot;Open Sans&quot;, sans-serif; font-size: 16px; font-style: normal; font-variant-ligatures: normal; font-variant-caps: normal; font-weight: 400; letter-spacing: normal; orphans: 2; text-align: left; text-indent: 0px; text-transform: none; widows: 2; word-spacing: 0px; -webkit-text-stroke-width: 0px; white-space: normal; background-color: rgb(255, 255, 255); text-decoration-thickness: initial; text-decoration-style: initial; text-decoration-color: initial; display: inline !important; float: none;\">\u2192&nbsp;<\/span><em style=\"box-sizing: border-box; margin: 0px; padding: 0px; outline: 0px; color: rgb(91, 100, 110); font-family: &quot;Open Sans&quot;, sans-serif; font-size: 16px; font-variant-ligatures: normal; font-variant-caps: normal; font-weight: 400; letter-spacing: normal; orphans: 2; text-align: left; text-indent: 0px; text-transform: none; widows: 2; word-spacing: 0px; -webkit-text-stroke-width: 0px; white-space: normal; background-color: rgb(255, 255, 255); text-decoration-thickness: initial; text-decoration-style: initial; text-decoration-color: initial;\">link niedost\u0119pny \u2013 spotkanie zako\u0144czone&nbsp;<\/em><span style=\"color: rgb(91, 100, 110); font-family: &quot;Open Sans&quot;, sans-serif; font-size: 16px; font-style: normal; font-variant-ligatures: normal; font-variant-caps: normal; font-weight: 400; letter-spacing: normal; orphans: 2; text-align: left; text-indent: 0px; text-transform: none; widows: 2; word-spacing: 0px; -webkit-text-stroke-width: 0px; white-space: normal; background-color: rgb(255, 255, 255); text-decoration-thickness: initial; text-decoration-style: initial; text-decoration-color: initial; display: inline !important; float: none;\">\u2190<\/span><\/p>\n\n\n\n<p><\/p>\n","protected":false},"excerpt":{"rendered":"<p>Wyniki oceny merytorycznej wniosk\u00f3w &#8211; II tura Nr wniosku Wynik oceny merytorycznej \/Ocena \u015brednia Kwota przyznana Uwagi 20251217\/0935\/0835 104 144 606,05 z\u0142 &nbsp; 20251217\/0935\/0836 104 120 000,00 z\u0142 &nbsp; 20251113\/1139\/0664 96,5 70 000,00 z\u0142 &nbsp; 20260122\/1131\/0906 89 0,00 z\u0142 &nbsp; Lista rezerwowa 20251113\/1026\/0653 88 0,00 z\u0142 &nbsp; Lista rezerwowa 20251217\/0935\/0834 88 0,00 z\u0142 &nbsp; Lista&hellip; <br \/> <a class=\"read-more\" href=\"https:\/\/perspektywa3p.us.edu.pl\/index.php\/swietokrzyskie-spotkania-webinary-biezace-informacje\/\">Dowiedz si\u0119 wi\u0119cej<\/a><\/p>\n","protected":false},"author":1,"featured_media":0,"parent":0,"menu_order":0,"comment_status":"closed","ping_status":"closed","template":"","meta":{"footnotes":""},"class_list":["post-969","page","type-page","status-publish","hentry"],"_links":{"self":[{"href":"https:\/\/perspektywa3p.us.edu.pl\/index.php\/wp-json\/wp\/v2\/pages\/969","targetHints":{"allow":["GET"]}}],"collection":[{"href":"https:\/\/perspektywa3p.us.edu.pl\/index.php\/wp-json\/wp\/v2\/pages"}],"about":[{"href":"https:\/\/perspektywa3p.us.edu.pl\/index.php\/wp-json\/wp\/v2\/types\/page"}],"author":[{"embeddable":true,"href":"https:\/\/perspektywa3p.us.edu.pl\/index.php\/wp-json\/wp\/v2\/users\/1"}],"replies":[{"embeddable":true,"href":"https:\/\/perspektywa3p.us.edu.pl\/index.php\/wp-json\/wp\/v2\/comments?post=969"}],"version-history":[{"count":16,"href":"https:\/\/perspektywa3p.us.edu.pl\/index.php\/wp-json\/wp\/v2\/pages\/969\/revisions"}],"predecessor-version":[{"id":4228,"href":"https:\/\/perspektywa3p.us.edu.pl\/index.php\/wp-json\/wp\/v2\/pages\/969\/revisions\/4228"}],"wp:attachment":[{"href":"https:\/\/perspektywa3p.us.edu.pl\/index.php\/wp-json\/wp\/v2\/media?parent=969"}],"curies":[{"name":"wp","href":"https:\/\/api.w.org\/{rel}","templated":true}]}}