{"id":957,"date":"2025-07-28T11:07:51","date_gmt":"2025-07-28T11:07:51","guid":{"rendered":"https:\/\/perspektywa3p.us.edu.pl\/?page_id=957"},"modified":"2026-01-16T09:05:54","modified_gmt":"2026-01-16T09:05:54","slug":"slaskie-wykaz-publicznych-poradni-psychologiczno-pedagogicznych-ppp","status":"publish","type":"page","link":"https:\/\/perspektywa3p.us.edu.pl\/index.php\/slaskie-wykaz-publicznych-poradni-psychologiczno-pedagogicznych-ppp\/","title":{"rendered":"\u015al\u0105skie \u2013 wykaz publicznych poradni psychologiczno-pedagogicznych (PPP)"},"content":{"rendered":"\n<p><strong>Organ prowadz\u0105cy:<\/strong> <strong>POWIAT B\u0118DZI\u0143SKI<\/strong><br>POWIATOWA PPP W B\u0118DZINIE, ul. 11 Listopada 5<br>Strona www: <a href=\"http:\/\/ppp.bedzin.pl\/\">http:\/\/ppp.bedzin.pl\/<\/a><\/p>\n\n\n\n<p><strong>Organ prowadz\u0105cy:<\/strong> <strong>POWIAT BIELSKI<\/strong><br>POWIATOWA PPP W CZECHOWICACH-DZIEDZICACH, ul. Jana Kasprowicza 48<br>POWIATOWA PPP W CZECHOWICACH-DZIEDZICACH, FILIA W BIELSKU-BIA\u0141EJ, ul. Piastowska 44<br>Strona www: <a href=\"https:\/\/www.poradnia-czechowice.pl\/\">https:\/\/www.poradnia-czechowice.pl\/<\/a><\/p>\n\n\n\n<p><strong>Organ prowadz\u0105cy:<\/strong> <strong>MIASTO BIELSKO-BIA\u0141A<\/strong><br>ZESP\u00d3\u0141 PPP W BIELSKU-BIA\u0141EJ PPP NR 1, ul. Juliusza S\u0142owackiego 45<br>ZESP\u00d3\u0141 PPP W BIELSKU-BIA\u0141EJ PPP NR 2, ul. Juliusza S\u0142owackiego 45<br>ZESP\u00d3\u0141 PPP W BIELSKU-BIA\u0141EJ SPECJALISTYCZNA PORADNIA DLA DZIECI Z WAD\u0104 WZROKU, S\u0141UCHU I AUTYZMEM, ul. Juliusza S\u0142owackiego 45<br>Strona www: <a href=\"https:\/\/poradnia.bielsko.pl\/\">https:\/\/poradnia.bielsko.pl\/<\/a><\/p>\n\n\n\n<p><strong>Organ prowadz\u0105cy:<\/strong> <strong>POWIAT BIERU\u0143SKO-L\u0118DZI\u0143SKI<\/strong><br>PPP W BIERUNIU, ul. Granitowa 130<br>Strona www: <a href=\"https:\/\/www.poradnia.powiatbl.pl\/\">https:\/\/www.poradnia.powiatbl.pl\/<\/a><\/p>\n\n\n\n<p><strong>Organ prowadz\u0105cy:<\/strong> <strong>BYTOM &#8211; MIASTO NA PRAWACH POWIATU<\/strong><br>PPP, pl. Klasztorny 2<br>Strona www: <a href=\"https:\/\/ppp.bytom.pl\/\">https:\/\/ppp.bytom.pl\/<\/a><\/p>\n\n\n\n<p><strong>Organ prowadz\u0105cy:<\/strong> <strong>MIASTO CHORZ\u00d3W &#8211; MIASTO NA PRAWACH POWIATU<\/strong><br>PPP, ul. Rac\u0142awicka 23<br>Strona www: <a href=\"https:\/\/pppchorzow.pl\/\">https:\/\/pppchorzow.pl\/<\/a><\/p>\n\n\n\n<p><strong>Organ prowadz\u0105cy:<\/strong> <strong>POWIAT CIESZY\u0143SKI<\/strong><br>PPP W CIESZYNIE ZESPO\u0141U PPP W CIESZYNIE, ul. Ignacego Kraszewskiego 13a<br>PPP W SKOCZOWIE ZESPO\u0141U PPP W CIESZYNIE, ul. G\u00f3recka 65a<br>Strona www: <a href=\"https:\/\/zppp.cieszyn.pl\/\">https:\/\/zppp.cieszyn.pl\/<\/a><\/p>\n\n\n\n<p><strong>Organ prowadz\u0105cy:<\/strong> <strong>S\u0141ONECZNA PORADNIA SP\u00d3\u0141KA Z OGRANICZON\u0104 ODPOWIEDZIALNO\u015aCI\u0104<\/strong><br>PUBLICZNA PPP &#8222;S\u0141ONECZNA KRAINA&#8221;, CIESZYN, ul. Bielska 64<br>Strona www: <a href=\"https:\/\/slonecznaporadnia.pl\/\">https:\/\/slonecznaporadnia.pl\/<\/a><\/p>\n\n\n\n<p><strong>Organ prowadz\u0105cy:<\/strong> <strong>GMINA MIASTO CZ\u0118STOCHOWA<\/strong><br>CENTRUM INFORMACJI ZAWODOWEJ &#8211; SPECJALISTYCZNA PPP, ul. mjra Waleriana \u0141ukasi\u0144skiego 40<br>PUBLICZNA PPP P\u00d3\u0141NOC, ul. Ireny Kosmowskiej 5<br>PUBLICZNA PPP PO\u0141UDNIE, ul. mjra Waleriana \u0141ukasi\u0144skiego 40<br>Strona www: <a href=\"https:\/\/zppp.ids.czest.pl\/\">https:\/\/zppp.ids.czest.pl\/<\/a><\/p>\n\n\n\n<p><strong>Organ prowadz\u0105cy:<\/strong> <strong>POWIAT CZ\u0118STOCHOWSKI<\/strong><br>PUBLICZNA PPP W KONIECPOLU, ul. Chrz\u0105stowska 8<br>Strona www: <a href=\"https:\/\/ppppkoniecpol.pl\/\">https:\/\/ppppkoniecpol.pl\/<\/a><br>POWIATOWA PPP W CZ\u0118STOCHOWIE, ul. Tkacka 5<br>Strona www: <a href=\"https:\/\/poradnia.czestochowa.powiat.pl\/\">https:\/\/poradnia.czestochowa.powiat.pl\/<\/a><\/p>\n\n\n\n<p><strong>Organ prowadz\u0105cy:<\/strong> <strong>FUNDACJA &#8222;IN CORPORE\u201d<\/strong><br>PUBLICZNA SPECJALISTYCZNA PPP FUNDACJI IN CORPORE, Cz\u0119stochowa, al. Aleja Pokoju 44<br>PUBLICZNA SPECJALISTYCZNA PPP FUNDACJI IN CORPORE W KATOWICACH, ul. Ba\u017cant\u00f3w 2<br>PUBLICZNA SPECJALISTYCZNA PPP FUNDACJI &#8222;IN CORPORE&#8221; W D\u0104BROWIE G\u00d3RNICZEJ, ul. Kardyna\u0142a Stefana Wyszy\u0144skiego 1<br>Strona www: <a href=\"https:\/\/www.centrumincorpore.pl\/\">https:\/\/www.centrumincorpore.pl\/<\/a><\/p>\n\n\n\n<p><strong>Organ prowadz\u0105cy:<\/strong> <strong>D\u0104BROWA G\u00d3RNICZA &#8211; MIASTO NA PRAWACH POWIATU<\/strong><br>PPP W D\u0104BROWIE G\u00d3RNICZEJ, ul. 3 Maja 22<br>Strona www: <a href=\"https:\/\/poradnia.dabrowa.pl\/\">https:\/\/poradnia.dabrowa.pl\/<\/a><\/p>\n\n\n\n<p><strong>Organ prowadz\u0105cy:<\/strong> <strong>GLIWICE &#8211; MIASTO NA PRAWACH POWIATU<\/strong><br>PPP W GLIWICACH, ul. Aleksandra Gierymskiego 1<br>Strona www: <a href=\"http:\/\/poradnia.gliwice.pl\/\">http:\/\/poradnia.gliwice.pl\/<\/a><\/p>\n\n\n\n<p><strong>Organ prowadz\u0105cy:<\/strong> <strong>POWIAT GLIWICKI<\/strong><br>PPP W KNUROWIE, ul. Kosmonaut\u00f3w 5a<br>Strona www: <a href=\"http:\/\/pppknurow.szkolnastrona.pl\/\">http:\/\/pppknurow.szkolnastrona.pl\/<\/a><br>PPP W PYSKOWICACH, ul. kard. Stefana Wyszy\u0144skiego 37<br>Strona www: <a href=\"https:\/\/www.ppp-pyskowice.pl\/\">https:\/\/www.ppp-pyskowice.pl\/<\/a><\/p>\n\n\n\n<p><strong>Organ prowadz\u0105cy:<\/strong> <strong>JASTRZ\u0118BIE-ZDR\u00d3J &#8211; MIASTO NA PRAWACH POWIATU<\/strong><br>PPP W JASTRZ\u0118BIU-ZDROJU, ul. Wroc\u0142awska 12<br>Strona www: <a href=\"https:\/\/ppp.jastrzebie.pl\/\">https:\/\/ppp.jastrzebie.pl\/<\/a><\/p>\n\n\n\n<p><strong>Organ prowadz\u0105cy:<\/strong> <strong>JJM EDUKACJA SP\u00d3\u0141KA Z OGRANICZON\u0104 ODPOWIEDZIALNO\u015aCI\u0104<\/strong><br>PUBLICZNA SPECJALISTYCZNA PPP &#8222;WCZESNEGO WSPOMAGANIA ROZWOJU DZIECKA&#8221; W JASTRZ\u0118BIU-ZDROJU, ul. 1 Maja 13a<br>Strona www: <a href=\"https:\/\/wczesnapomocdziecku.pl\/\">https:\/\/wczesnapomocdziecku.pl\/<\/a><\/p>\n\n\n\n<p><strong>Organ prowadz\u0105cy:<\/strong> <strong>GMINA MIASTA JAWORZNA<\/strong><br>PPP W JAWORZNIE, ul. Inwalid\u00f3w Wojennych 14<br>Strona www: <a href=\"https:\/\/ppp.jaworzno.edu.pl\/\">https:\/\/ppp.jaworzno.edu.pl\/<\/a><\/p>\n\n\n\n<p><strong>Organ prowadz\u0105cy:<\/strong> <strong>MIASTO KATOWICE<\/strong><br>PPP NR 1, ul. Macieja Rataja 14<br>Strona www: <a href=\"https:\/\/ppp1katowice.pl\/\">https:\/\/ppp1katowice.pl\/<\/a><br>PPP NR 2 IM. KS. DRA S.WILCZEWSKIEGO, ul. Stanis\u0142awa \u0141\u0119towskiego 6a<br>Strona www: <a href=\"https:\/\/ppp2katowice.edupage.org\/\">https:\/\/ppp2katowice.edupage.org\/<\/a><br>PPP NR 3, ul. Szopienicka 58<br>Strona www: <a href=\"https:\/\/ppp3.katowice.pl\/\">https:\/\/ppp3.katowice.pl\/<\/a><br>PPP NR 5, ul. Micha\u0142a Gra\u017cy\u0144skiego 17<br>Strona www: <a href=\"https:\/\/www.ppp5katowice.eu\/\">https:\/\/www.ppp5katowice.eu\/<\/a><br>SPECJALISTYCZNA PPP, ul. Sokolska 26<br>Strona www: <a href=\"https:\/\/sppp.katowice.pl\/\">https:\/\/sppp.katowice.pl\/<\/a><br>SPECJALISTYCZNA PORADNIA RODZINNA, ul. Stefana Okrzei 4<br>Strona www: <a href=\"https:\/\/www.poradniarodzinna.com.pl\/\">https:\/\/www.poradniarodzinna.com.pl\/<\/a><\/p>\n\n\n\n<p><strong>Organ prowadz\u0105cy:<\/strong> <strong>POWIAT K\u0141OBUCKI<\/strong><br>POWIATOWA PPP W K\u0141OBUCKU, ul. ks. Ignacego Skorupki 46A<br>Strona www: <a href=\"https:\/\/pppp.klobuck.szkolnastrona.pl\/\">https:\/\/pppp.klobuck.szkolnastrona.pl\/<\/a><\/p>\n\n\n\n<p><strong>Organ prowadz\u0105cy:<\/strong> <strong>POWIAT LUBLINIECKI<\/strong><br>PUBLICZNA PPP W LUBLI\u0143CU, ul. Sobieskiego 9<br>Strona www: <a href=\"http:\/\/www.pppplubliniec.pl\/\">http:\/\/www.pppplubliniec.pl\/<\/a><\/p>\n\n\n\n<p><strong>Organ prowadz\u0105cy:<\/strong> <strong>POWIAT MIKO\u0141OWSKI<\/strong><br>PPP W MIKO\u0141OWIE, ul. \u017bwirki i Wigury 4<br>Strona www: <a href=\"https:\/\/poradnia.mikolowski.pl\/\">https:\/\/poradnia.mikolowski.pl\/<\/a><\/p>\n\n\n\n<p><strong>Organ prowadz\u0105cy:<\/strong> <strong>MIASTO MYS\u0141OWICE<\/strong><br>PPP W MYS\u0141OWICACH, ul. Wielka Skotnica 84a<br>Strona www: <a href=\"https:\/\/pppmyslowice.pl\/\">https:\/\/pppmyslowice.pl\/<\/a><\/p>\n\n\n\n<p><strong>Organ prowadz\u0105cy:<\/strong> <strong>POWIAT MYSZKOWSKI<\/strong><br>PUBLICZNA PPP W MYSZKOWIE, ul. Partyzant\u00f3w 21<br>Strona www: <a href=\"http:\/\/www.ppppmyszkow.czt.pl\/\">http:\/\/www.ppppmyszkow.czt.pl\/<\/a><\/p>\n\n\n\n<p><strong>Organ prowadz\u0105cy:<\/strong> <strong>GMINA PIEKARY \u015aL\u0104SKIE<\/strong><br>PPP W PIEKARACH \u015aL\u0104SKICH, ul. Marii Curie-Sk\u0142odowskiej 108<br>Strona www: <a href=\"https:\/\/www.poradnia.piekary.pl\/\">https:\/\/www.poradnia.piekary.pl\/<\/a><\/p>\n\n\n\n<p><strong>Organ prowadz\u0105cy:<\/strong> <strong>POWIAT PSZCZY\u0143SKI<\/strong><br>PPP W PSZCZYNIE, ul. L. Zamenhofa 5<br>Strona www: <a href=\"https:\/\/ppped.pl\/\">https:\/\/ppped.pl\/<\/a><\/p>\n\n\n\n<p><strong>Organ prowadz\u0105cy:<\/strong> <strong>POWIAT RACIBORSKI<\/strong><br>PPP W RACIBORZU, ul. Jana 14<br>Strona www: <a href=\"https:\/\/ppp-raciborz.pl\/\">https:\/\/ppp-raciborz.pl\/<\/a><\/p>\n\n\n\n<p><strong>Organ prowadz\u0105cy:<\/strong> <strong>MIASTO RUDA \u015aL\u0104SKA<\/strong><br>PPP W RUDZIE \u015aL\u0104SKIEJ, ul. Boles\u0142awa Chrobrego 6<br>Strona www: <a href=\"https:\/\/ppprudaslaska.pl\/\">https:\/\/ppprudaslaska.pl\/<\/a><\/p>\n\n\n\n<p><strong>Organ prowadz\u0105cy:<\/strong> <strong>POWIAT RYBNICKI<\/strong><br>PPP CZERWIONKA-LESZCZYNY, ul. 3 Maja 31<br>Strona www: <a href=\"https:\/\/www.poradnia-czerwionka.pl\/\">https:\/\/www.poradnia-czerwionka.pl\/<\/a><\/p>\n\n\n\n<p><strong>Organ prowadz\u0105cy:<\/strong> <strong>MIASTO RYBNIK<\/strong><br>PPP W RYBNIKU, ul. Tadeusza Ko\u015bciuszki 55<br>Strona www: <a href=\"https:\/\/ppprybnik.pl\/\">https:\/\/ppprybnik.pl\/<\/a><\/p>\n\n\n\n<p><strong>Organ prowadz\u0105cy:<\/strong> <strong>GMINA SIEMIANOWICE \u015aL\u0104SKIE<\/strong><br>PPP W SIEMIANOWICACH \u015aL\u0104SKICH, ul. Olimpijska 2a<br>Strona www: <a href=\"https:\/\/ppp.siemianowice.pl\/\">https:\/\/ppp.siemianowice.pl\/<\/a><\/p>\n\n\n\n<p><strong>Organ prowadz\u0105cy:<\/strong> <strong>SOSNOWIEC &#8211; MIASTO NA PRAWACH POWIATU<\/strong><br>PPP NR 1 W SOSNOWCU, ul. Marsza\u0142ka J\u00f3zefa Pi\u0142sudskiego 114<br>Strona www: <a href=\"https:\/\/www.poradnia1.sosnowiec.pl\/\">https:\/\/www.poradnia1.sosnowiec.pl\/<\/a><br>PPP NR 2 W SOSNOWCU, ul. Bia\u0142ostocka 17<br>Strona www: <a href=\"http:\/\/poradnia2.sosnowiec.pl\/\">http:\/\/poradnia2.sosnowiec.pl\/<\/a><\/p>\n\n\n\n<p><strong>Organ prowadz\u0105cy:<\/strong> <strong>GMINA \u015aWI\u0118TOCH\u0141OWICE<\/strong><br>PPP W \u015aWI\u0118TOCH\u0141OWICACH, ul. S\u0105dowa 1<br>Strona www: <a href=\"https:\/\/ppp.swietochlowice.pl\/\">https:\/\/ppp.swietochlowice.pl\/<\/a><\/p>\n\n\n\n<p><strong>Organ prowadz\u0105cy:<\/strong> <strong>POWIAT TARNOG\u00d3RSKI<\/strong><br>POWIATOWA PPP W TARNOWSKICH G\u00d3RACH, ul. Henryka Sienkiewicza 16<br>Strona www: <a href=\"https:\/\/poradniatg.pl\/\">https:\/\/poradniatg.pl\/<\/a><\/p>\n\n\n\n<p><strong>Organ prowadz\u0105cy:<\/strong> <strong>GMINA MIASTA TYCHY<\/strong><br>PPP W TYCHACH, ul. Edukacji 102<br>Strona www: <a href=\"https:\/\/www.ppp.oswiata.tychy.pl\/\">https:\/\/www.ppp.oswiata.tychy.pl\/<\/a><\/p>\n\n\n\n<p><strong>Organ prowadz\u0105cy:<\/strong> <strong>POWIAT WODZIS\u0141AWSKI<\/strong><br>PPP W WODZIS\u0141AWIU \u015aL\u0104SKIM, ul. dr. Lucjana Mendego 3<br>Strona www: <a href=\"https:\/\/poradnia.wodzislaw.pl\/\">https:\/\/poradnia.wodzislaw.pl\/<\/a><\/p>\n\n\n\n<p><strong>Organ prowadz\u0105cy:<\/strong> <strong>MIASTO ZABRZE<\/strong><br>PPP W ZABRZU, ul. 3 Maja 93A<br>Strona www: <a href=\"https:\/\/www.pppzabrze.pl\/\">https:\/\/www.pppzabrze.pl\/<\/a><\/p>\n\n\n\n<p><strong>Organ prowadz\u0105cy:<\/strong> <strong>POWIAT ZAWIERCIA\u0143SKI<\/strong><br>PPP NR 2 W ZAWIERCIU, ul. J\u00f3zefa Pi\u0142sudskiego 80<br>Strona www: <a href=\"https:\/\/www.zss-zawiercie.pl\/kategorie\/ppp-nr2\">https:\/\/www.zss-zawiercie.pl\/kategorie\/ppp-nr2<\/a><\/p>\n\n\n\n<p><strong>Organ prowadz\u0105cy:<\/strong> <strong>GMINA \u017bORY<\/strong><br>PPP, ul. Wodzis\u0142awska 1\/207<br>Strona www: <a href=\"https:\/\/www.pppzory.pl\/\">https:\/\/www.pppzory.pl\/<\/a><\/p>\n\n\n\n<p><strong>Organ prowadz\u0105cy:<\/strong> <strong>POWIAT \u017bYWIECKI<\/strong><br>PPP W MIL\u00d3WCE, ul. Dworcowa 17<br>Strona www: <a href=\"https:\/\/poradniamilowka.edu.pl\/\">https:\/\/poradniamilowka.edu.pl\/<\/a><br>PPP W \u017bYWCU, ul. Grunwaldzka 10<br>Strona www: <a href=\"https:\/\/pppzywiec.pl\/\">https:\/\/pppzywiec.pl\/<\/a><\/p>\n","protected":false},"excerpt":{"rendered":"<p>Organ prowadz\u0105cy: POWIAT B\u0118DZI\u0143SKIPOWIATOWA PPP W B\u0118DZINIE, ul. 11 Listopada 5Strona www: http:\/\/ppp.bedzin.pl\/ Organ prowadz\u0105cy: POWIAT BIELSKIPOWIATOWA PPP W CZECHOWICACH-DZIEDZICACH, ul. Jana Kasprowicza 48POWIATOWA PPP W CZECHOWICACH-DZIEDZICACH, FILIA W BIELSKU-BIA\u0141EJ, ul. Piastowska 44Strona www: https:\/\/www.poradnia-czechowice.pl\/ Organ prowadz\u0105cy: MIASTO BIELSKO-BIA\u0141AZESP\u00d3\u0141 PPP W BIELSKU-BIA\u0141EJ PPP NR 1, ul. Juliusza S\u0142owackiego 45ZESP\u00d3\u0141 PPP W BIELSKU-BIA\u0141EJ PPP NR 2,&hellip; <br \/> <a class=\"read-more\" href=\"https:\/\/perspektywa3p.us.edu.pl\/index.php\/slaskie-wykaz-publicznych-poradni-psychologiczno-pedagogicznych-ppp\/\">Dowiedz si\u0119 wi\u0119cej<\/a><\/p>\n","protected":false},"author":1,"featured_media":0,"parent":0,"menu_order":0,"comment_status":"closed","ping_status":"closed","template":"","meta":{"footnotes":""},"class_list":["post-957","page","type-page","status-publish","hentry"],"_links":{"self":[{"href":"https:\/\/perspektywa3p.us.edu.pl\/index.php\/wp-json\/wp\/v2\/pages\/957","targetHints":{"allow":["GET"]}}],"collection":[{"href":"https:\/\/perspektywa3p.us.edu.pl\/index.php\/wp-json\/wp\/v2\/pages"}],"about":[{"href":"https:\/\/perspektywa3p.us.edu.pl\/index.php\/wp-json\/wp\/v2\/types\/page"}],"author":[{"embeddable":true,"href":"https:\/\/perspektywa3p.us.edu.pl\/index.php\/wp-json\/wp\/v2\/users\/1"}],"replies":[{"embeddable":true,"href":"https:\/\/perspektywa3p.us.edu.pl\/index.php\/wp-json\/wp\/v2\/comments?post=957"}],"version-history":[{"count":3,"href":"https:\/\/perspektywa3p.us.edu.pl\/index.php\/wp-json\/wp\/v2\/pages\/957\/revisions"}],"predecessor-version":[{"id":3409,"href":"https:\/\/perspektywa3p.us.edu.pl\/index.php\/wp-json\/wp\/v2\/pages\/957\/revisions\/3409"}],"wp:attachment":[{"href":"https:\/\/perspektywa3p.us.edu.pl\/index.php\/wp-json\/wp\/v2\/media?parent=957"}],"curies":[{"name":"wp","href":"https:\/\/api.w.org\/{rel}","templated":true}]}}