{"id":943,"date":"2025-07-28T11:04:55","date_gmt":"2025-07-28T11:04:55","guid":{"rendered":"https:\/\/perspektywa3p.us.edu.pl\/?page_id=943"},"modified":"2025-07-28T11:04:56","modified_gmt":"2025-07-28T11:04:56","slug":"pomorskie-wykaz-publicznych-poradni-psychologiczno-pedagogicznych-ppp","status":"publish","type":"page","link":"https:\/\/perspektywa3p.us.edu.pl\/index.php\/pomorskie-wykaz-publicznych-poradni-psychologiczno-pedagogicznych-ppp\/","title":{"rendered":"Pomorskie \u2013 wykaz publicznych poradni psychologiczno-pedagogicznych (PPP)"},"content":{"rendered":"\n<p><strong>Organ prowadz\u0105cy:<\/strong> <strong>POWIAT BYTOWSKI<\/strong><br>PPP W BYTOWIE, ul. Gda\u0144ska 59<br>Strona www: <a href=\"http:\/\/www.poradniabytow.pl\/\">http:\/\/www.poradniabytow.pl\/<\/a><br>PPP W MIASTKU, ul. M\u0142odzie\u017cowa 4a<br>Strona www: <a href=\"http:\/\/nowaporadnia.miastko.com.pl\/\">http:\/\/nowaporadnia.miastko.com.pl\/<\/a><\/p>\n\n\n\n<p><strong>Organ prowadz\u0105cy:<\/strong> <strong>POWIAT CHOJNICKI<\/strong><br>PPP W CHOJNICACH, ul. marsz. J\u00f3zefa Pi\u0142sudskiego 30A<br>Strona www: <a href=\"https:\/\/www.ppp-chojnice.pl\/\">https:\/\/www.ppp-chojnice.pl\/<\/a><\/p>\n\n\n\n<p><strong>Organ prowadz\u0105cy:<\/strong> <strong>POWIAT CZ\u0141UCHOWSKI<\/strong><br>PPP W CZ\u0141UCHOWIE, ul. Szczeci\u0144ska 20<br>Strona www: <a href=\"https:\/\/ppp.czluchow.org.pl\/\">https:\/\/ppp.czluchow.org.pl\/<\/a><\/p>\n\n\n\n<p><strong>Organ prowadz\u0105cy:<\/strong> <strong>GMINA MIASTA GDA\u0143SKA<\/strong><br>PPP NR 1 W GDA\u0143SKU, ul. Obywatelska 1<br>Strona www: <a href=\"https:\/\/ppp1.edu.gdansk.pl\/\">https:\/\/ppp1.edu.gdansk.pl\/<\/a><br>PPP NR 3 W GDA\u0143SKU, ul. Wa\u0142owa 21<br>Strona www: <a href=\"https:\/\/ppp3.edu.gdansk.pl\/\">https:\/\/ppp3.edu.gdansk.pl\/<\/a><br>PPP NR 4 W GDA\u0143SKU, ul. Lucyny Krzemienieckiej 1<br>Strona www: <a href=\"https:\/\/ppp4.edu.gdansk.pl\/\">https:\/\/ppp4.edu.gdansk.pl\/<\/a><br>PPP NR 5 W GDA\u0143SKU, ul. Wadowicka 5<br>Strona www: <a href=\"https:\/\/ppp5.edu.gdansk.pl\/\">https:\/\/ppp5.edu.gdansk.pl\/<\/a><br>PPP NR 6 W GDA\u0143SKU, ul. Teofila Lenartowicza 21<br>Strona www: <a href=\"https:\/\/ppp6.edu.gdansk.pl\/\">https:\/\/ppp6.edu.gdansk.pl\/<\/a><br>PPP NR 7 W GDA\u0143SKU, ul. Bia\u0142a 1b<br>Strona www: <a href=\"https:\/\/ppp7.edu.gdansk.pl\/\">https:\/\/ppp7.edu.gdansk.pl\/<\/a><\/p>\n\n\n\n<p><strong>Organ prowadz\u0105cy:<\/strong> <strong>POWIAT GDA\u0143SKI<\/strong><br>PPP W PRUSZCZU GDA\u0143SKIM, ul. Wojska Polskiego 2<br>Strona www: <a href=\"https:\/\/poradniapruszcz.pl\/\">https:\/\/poradniapruszcz.pl\/<\/a><\/p>\n\n\n\n<p><strong>Organ prowadz\u0105cy:<\/strong> <strong>GDYNIA-MIASTO NA PRAWACH POWIATU<\/strong><br>PPP NR 1, ul. Leopolda Staffa 10<br>Strona www: <a href=\"https:\/\/ppp1edugdynia.pl\/\">https:\/\/ppp1edugdynia.pl\/<\/a><br>PPP NR 2, ul. Chylo\u0144ska 227<br>Strona www: <a href=\"https:\/\/www.ppp2edugdynia.pl\/\">https:\/\/www.ppp2edugdynia.pl\/<\/a><br>PPP NR 3, ul. p\u0142k. Stanis\u0142awa D\u0105bka 207<br>Strona www: <a href=\"https:\/\/www.ppp3edugdynia.pl\/\">https:\/\/www.ppp3edugdynia.pl\/<\/a><\/p>\n\n\n\n<p><strong>Organ prowadz\u0105cy:<\/strong> <strong>POWIAT KARTUSKI<\/strong><br>PPP W KARTUZACH, ul. Kolejowa 17<br>Strona www: <a href=\"https:\/\/pppkartuzy.pl\/\">https:\/\/pppkartuzy.pl\/<\/a><\/p>\n\n\n\n<p><strong>Organ prowadz\u0105cy:<\/strong> <strong>POWIAT KO\u015aCIERSKI<\/strong><br>PPP W KO\u015aCIERZYNIE, ul. S\u0142oneczna 1<br>Strona www: <a href=\"https:\/\/pppk.webd.pro\/\">https:\/\/pppk.webd.pro\/<\/a><\/p>\n\n\n\n<p><strong>Organ prowadz\u0105cy:<\/strong> <strong>POWIAT KWIDZY\u0143SKI<\/strong><br>PPP W KWIDZYNIE, ul. Grudzi\u0105dzka 8<br>Strona www: <a href=\"https:\/\/pppkwidzyn.pl\/\">https:\/\/pppkwidzyn.pl\/<\/a><br>PPP W KWIDZYNIE FILIA W PRABUTACH, ul. Reymonta 1<br>Strona www: <a href=\"https:\/\/www.ppp.kwidzyn.4bip.pl\/\">https:\/\/www.ppp.kwidzyn.4bip.pl\/<\/a><\/p>\n\n\n\n<p><strong>Organ prowadz\u0105cy:<\/strong> <strong>POWIAT L\u0118BORSKI<\/strong><br>PPP W L\u0118BORKU, ul. Okrzei 15a<br>Strona www: <a href=\"http:\/\/poradniapp.lebork.pl\/\">http:\/\/poradniapp.lebork.pl\/<\/a><\/p>\n\n\n\n<p><strong>Organ prowadz\u0105cy:<\/strong> <strong>POWIAT MALBORSKI<\/strong><br>PPP w Malborku, ul. Tadeusza Kotarbi\u0144skiego 32<br>Strona www: <a href=\"http:\/\/ppp.malbork.pl\/\">http:\/\/ppp.malbork.pl\/<\/a><\/p>\n\n\n\n<p><strong>Organ prowadz\u0105cy:<\/strong> <strong>POWIAT NOWODWORSKI<\/strong><br>PPP w Nowym Dworze Gda\u0144skim, ul. 3-go Maja 6<br>Strona www: <a href=\"http:\/\/www.pppndg.pl\/\">http:\/\/www.pppndg.pl\/<\/a><\/p>\n\n\n\n<p><strong>Organ prowadz\u0105cy:<\/strong> <strong>POWIAT PUCKI<\/strong><br>PPP W PUCKU, ul. Kolejowa 7<br>Strona www: <a href=\"https:\/\/www.poradniapuck.pl\/\">https:\/\/www.poradniapuck.pl\/<\/a><\/p>\n\n\n\n<p><strong>Organ prowadz\u0105cy:<\/strong> <strong>POWIAT S\u0141UPSKI<\/strong><br>PPP W S\u0141UPSKU, ul. Fabryczna 1<br>Strona www: <a href=\"https:\/\/poradnia.slupsk.pl\/\">https:\/\/poradnia.slupsk.pl\/<\/a><\/p>\n\n\n\n<p><strong>Organ prowadz\u0105cy:<\/strong> <strong>MIASTO S\u0141UPSK<\/strong><br>PPP W S\u0141UPSKU, ul. Gabriela Narutowicza 9<br>Strona www: <a href=\"https:\/\/ppp.slupsk.pl\/\">https:\/\/ppp.slupsk.pl\/<\/a><\/p>\n\n\n\n<p><strong>Organ prowadz\u0105cy:<\/strong> <strong>GMINA MIASTA SOPOTU<\/strong><br>PPP W SOPOCIE, ul. W\u0142adys\u0142awa IV 23\/25<br>Strona www: <a href=\"https:\/\/www.poradniasopot.pl\/\">https:\/\/www.poradniasopot.pl\/<\/a><\/p>\n\n\n\n<p><strong>Organ prowadz\u0105cy:<\/strong> <strong>POWIAT STAROGARDZKI<\/strong><br>PPP W STAROGARDZIE GDA\u0143SKIM, ul. Grunwaldzka 28<br>Strona www: <a href=\"https:\/\/pppstarogard.pl\/\">https:\/\/pppstarogard.pl\/<\/a><\/p>\n\n\n\n<p><strong>Organ prowadz\u0105cy:<\/strong> <strong>POWIAT SZTUMSKI<\/strong><br>PPP W SZTUMIE, ul. Kasprowicza 3<br>Strona www: <a href=\"https:\/\/pppsztum.szkolnastrona.pl\/\">https:\/\/pppsztum.szkolnastrona.pl\/<\/a><\/p>\n\n\n\n<p><strong>Organ prowadz\u0105cy:<\/strong> <strong>POWIAT TCZEWSKI<\/strong><br>PPP W TCZEWIE, ul. Wojska Polskiego 6<br>Strona www: <a href=\"https:\/\/ppptczew.naszaporadnia.com\/\">https:\/\/ppptczew.naszaporadnia.com\/<\/a><\/p>\n\n\n\n<p><strong>Organ prowadz\u0105cy:<\/strong> <strong>POWIAT WEJHEROWSKI<\/strong><br>PPP W WEJHEROWIE, ul. Ofiar Pia\u015bnicy 22<br>PPP W RUMI, ul. Pomorska 3<br>Strona www: <a href=\"https:\/\/poradnia-wejherowo.pl\/\">https:\/\/poradnia-wejherowo.pl\/<\/a><\/p>\n","protected":false},"excerpt":{"rendered":"<p>Organ prowadz\u0105cy: POWIAT BYTOWSKIPPP W BYTOWIE, ul. Gda\u0144ska 59Strona www: http:\/\/www.poradniabytow.pl\/PPP W MIASTKU, ul. M\u0142odzie\u017cowa 4aStrona www: http:\/\/nowaporadnia.miastko.com.pl\/ Organ prowadz\u0105cy: POWIAT CHOJNICKIPPP W CHOJNICACH, ul. marsz. J\u00f3zefa Pi\u0142sudskiego 30AStrona www: https:\/\/www.ppp-chojnice.pl\/ Organ prowadz\u0105cy: POWIAT CZ\u0141UCHOWSKIPPP W CZ\u0141UCHOWIE, ul. Szczeci\u0144ska 20Strona www: https:\/\/ppp.czluchow.org.pl\/ Organ prowadz\u0105cy: GMINA MIASTA GDA\u0143SKAPPP NR 1 W GDA\u0143SKU, ul. Obywatelska 1Strona www:&hellip; <br \/> <a class=\"read-more\" href=\"https:\/\/perspektywa3p.us.edu.pl\/index.php\/pomorskie-wykaz-publicznych-poradni-psychologiczno-pedagogicznych-ppp\/\">Dowiedz si\u0119 wi\u0119cej<\/a><\/p>\n","protected":false},"author":1,"featured_media":0,"parent":0,"menu_order":0,"comment_status":"closed","ping_status":"closed","template":"","meta":{"footnotes":""},"class_list":["post-943","page","type-page","status-publish","hentry"],"_links":{"self":[{"href":"https:\/\/perspektywa3p.us.edu.pl\/index.php\/wp-json\/wp\/v2\/pages\/943","targetHints":{"allow":["GET"]}}],"collection":[{"href":"https:\/\/perspektywa3p.us.edu.pl\/index.php\/wp-json\/wp\/v2\/pages"}],"about":[{"href":"https:\/\/perspektywa3p.us.edu.pl\/index.php\/wp-json\/wp\/v2\/types\/page"}],"author":[{"embeddable":true,"href":"https:\/\/perspektywa3p.us.edu.pl\/index.php\/wp-json\/wp\/v2\/users\/1"}],"replies":[{"embeddable":true,"href":"https:\/\/perspektywa3p.us.edu.pl\/index.php\/wp-json\/wp\/v2\/comments?post=943"}],"version-history":[{"count":1,"href":"https:\/\/perspektywa3p.us.edu.pl\/index.php\/wp-json\/wp\/v2\/pages\/943\/revisions"}],"predecessor-version":[{"id":944,"href":"https:\/\/perspektywa3p.us.edu.pl\/index.php\/wp-json\/wp\/v2\/pages\/943\/revisions\/944"}],"wp:attachment":[{"href":"https:\/\/perspektywa3p.us.edu.pl\/index.php\/wp-json\/wp\/v2\/media?parent=943"}],"curies":[{"name":"wp","href":"https:\/\/api.w.org\/{rel}","templated":true}]}}