{"id":941,"date":"2025-07-28T11:04:30","date_gmt":"2025-07-28T11:04:30","guid":{"rendered":"https:\/\/perspektywa3p.us.edu.pl\/?page_id=941"},"modified":"2026-03-13T12:14:15","modified_gmt":"2026-03-13T12:14:15","slug":"pomorskie-spotkania-webinary-biezace-informacje","status":"publish","type":"page","link":"https:\/\/perspektywa3p.us.edu.pl\/index.php\/pomorskie-spotkania-webinary-biezace-informacje\/","title":{"rendered":"Pomorskie &#8211; spotkania\/webinary\/bie\u017c\u0105ce informacje"},"content":{"rendered":"\n<h2 class=\"wp-block-heading\">Nab\u00f3r do konkursu grantowego &#8211; III tura<\/h2>\n\n\n\n<p>Informujemy, \u017ce rozpocz\u0119\u0142a si\u0119 <strong>III tura sk\u0142adania wniosk\u00f3w grantowych<\/strong> w systemie GrantU\u015a w projekcie \u201ePerspektywa 3P\u201d dla wojew\u00f3dztwa pomorskiego.<\/p>\n\n\n\n<p><strong>Tura III sk\u0142adania wniosk\u00f3w: od 16 marca 2026 r. do 16 kwietnia 2026 r. do godziny 12:00<\/strong>.<\/p>\n\n\n\n<p>Link do strony: <a href=\"https:\/\/perspektywa3p.us.edu.pl\/index.php\/grantus\/\">https:\/\/perspektywa3p.us.edu.pl\/index.php\/grantus\/<\/a><\/p>\n\n\n\n<h2 class=\"wp-block-heading\">Wyniki oceny merytorycznej wniosk\u00f3w &#8211; II tura<\/h2>\n\n\n\n<figure class=\"wp-block-table is-style-stripes\"><table><thead><tr><th>Nr wniosku<\/th><th class=\"has-text-align-center\" data-align=\"center\">Wynik oceny merytorycznej \/Ocena \u015brednia<\/th><th class=\"has-text-align-right\" data-align=\"right\">Kwota przyznana<\/th><\/tr><\/thead><tbody><tr><td>20251104\/1334\/0445<\/td><td class=\"has-text-align-center\" data-align=\"center\">101,5<\/td><td class=\"has-text-align-right\" data-align=\"right\">113 057,00 z\u0142<\/td><\/tr><tr><td>20251105\/0828\/0455<\/td><td class=\"has-text-align-center\" data-align=\"center\">87,5<\/td><td class=\"has-text-align-right\" data-align=\"right\">120 000,00 z\u0142<\/td><\/tr><\/tbody><\/table><\/figure>\n\n\n\n<h2 class=\"wp-block-heading\">Nab\u00f3r do konkursu grantowego &#8211; II tura <\/h2>\n\n\n\n<p>Informujemy, \u017ce rozpocz\u0119\u0142a si\u0119 <strong>II tura sk\u0142adania wniosk\u00f3w grantowych<\/strong> w systemie GrantU\u015a w projekcie \u201ePerspektywa 3P\u201d dla wojew\u00f3dztwa pomorskiego.<\/p>\n\n\n\n<p><strong>Tura II sk\u0142adania wniosk\u00f3w: od 15 grudnia 2025 r. do 31 stycznia 2026 r. do godziny 14:00<\/strong>.<\/p>\n\n\n\n<p>Link do strony: <a href=\"https:\/\/perspektywa3p.us.edu.pl\/index.php\/grantus\/\">https:\/\/perspektywa3p.us.edu.pl\/index.php\/grantus\/<\/a><\/p>\n\n\n\n<h2 class=\"wp-block-heading\">Wyniki oceny merytorycznej wniosk\u00f3w<\/h2>\n\n\n\n<figure class=\"wp-block-table is-style-stripes\"><table><thead><tr><th>Nr wniosku<\/th><th class=\"has-text-align-center\" data-align=\"center\">Wynik oceny merytorycznej \/Ocena \u015brednia<\/th><th class=\"has-text-align-right\" data-align=\"right\">Kwota przyznana<\/th><\/tr><\/thead><tbody><tr><td>20251113\/1234\/0672<\/td><td class=\"has-text-align-center\" data-align=\"center\">97<\/td><td class=\"has-text-align-right\" data-align=\"right\">&nbsp;149&nbsp;484,45&nbsp;z\u0142&nbsp;<\/td><\/tr><tr><td>20251023\/1520\/0043<\/td><td class=\"has-text-align-center\" data-align=\"center\">96<\/td><td class=\"has-text-align-right\" data-align=\"right\">&nbsp;120&nbsp;000,00&nbsp;z\u0142&nbsp;<\/td><\/tr><tr><td>20251028\/1148\/0256<\/td><td class=\"has-text-align-center\" data-align=\"center\">94<\/td><td class=\"has-text-align-right\" data-align=\"right\">&nbsp;120&nbsp;000,00&nbsp;z\u0142&nbsp;<\/td><\/tr><tr><td>20251112\/1749\/0627<\/td><td class=\"has-text-align-center\" data-align=\"center\">93,5<\/td><td class=\"has-text-align-right\" data-align=\"right\">&nbsp;70&nbsp;000,00&nbsp;z\u0142&nbsp;<\/td><\/tr><tr><td>20251023\/1238\/0010<\/td><td class=\"has-text-align-center\" data-align=\"center\">91,5<\/td><td class=\"has-text-align-right\" data-align=\"right\">&nbsp;70&nbsp;000,00&nbsp;z\u0142&nbsp;<\/td><\/tr><tr><td>20251107\/1150\/0536<\/td><td class=\"has-text-align-center\" data-align=\"center\">86,5<\/td><td class=\"has-text-align-right\" data-align=\"right\">&nbsp;70&nbsp;000,00&nbsp;z\u0142&nbsp;<\/td><\/tr><tr><td>20251028\/1617\/0261<\/td><td class=\"has-text-align-center\" data-align=\"center\">86<\/td><td class=\"has-text-align-right\" data-align=\"right\">&nbsp;70&nbsp;000,00&nbsp;z\u0142&nbsp;<\/td><\/tr><tr><td>20251112\/1120\/0613<\/td><td class=\"has-text-align-center\" data-align=\"center\">85,5<\/td><td class=\"has-text-align-right\" data-align=\"right\">&nbsp;70&nbsp;000,00&nbsp;z\u0142&nbsp;<\/td><\/tr><tr><td>20251105\/1328\/0476<\/td><td class=\"has-text-align-center\" data-align=\"center\">84<\/td><td class=\"has-text-align-right\" data-align=\"right\">&nbsp;70&nbsp;000,00&nbsp;z\u0142&nbsp;<\/td><\/tr><tr><td>20251113\/0859\/0640<\/td><td class=\"has-text-align-center\" data-align=\"center\">84<\/td><td class=\"has-text-align-right\" data-align=\"right\">&nbsp;70&nbsp;000,00&nbsp;z\u0142&nbsp;<\/td><\/tr><tr><td>20251113\/0734\/0633<\/td><td class=\"has-text-align-center\" data-align=\"center\">79,5<\/td><td class=\"has-text-align-right\" data-align=\"right\">&nbsp;70&nbsp;000,00&nbsp;z\u0142&nbsp;<\/td><\/tr><tr><td>20251104\/1153\/0437<\/td><td class=\"has-text-align-center\" data-align=\"center\">77<\/td><td class=\"has-text-align-right\" data-align=\"right\">&nbsp;70&nbsp;000,00&nbsp;z\u0142&nbsp;<\/td><\/tr><\/tbody><\/table><\/figure>\n\n\n\n<p>Jednocze\u015bnie informujemy, \u017ce zr\u00f3\u017cnicowanie wysoko\u015bci przyznanych \u015brodk\u00f3w pomi\u0119dzy wojew\u00f3dztwami wynika z przyj\u0119tych procedur konkursowych i kwot alokacji przekazanych przez IP. W cz\u0119\u015bci wojew\u00f3dztw, ze wzgl\u0119du na niewype\u0142nienie wska\u017anika projektu, realizowana jest II tura konkursu grantowego (do 31.01.2026 r.), co umo\u017cliwia dalsze rozdysponowanie \u015brodk\u00f3w. Natomiast w wojew\u00f3dztwach, w kt\u00f3rych wska\u017anik zosta\u0142 ju\u017c osi\u0105gni\u0119ty kwota alokacji przekazana przez IP zosta\u0142a zgodnie z procedur\u0105 podzielona na wnioskuj\u0105ce PPP.<\/p>\n\n\n\n<h2 class=\"wp-block-heading\">Spotkania\/webinary<\/h2>\n\n\n\n<h3 class=\"wp-block-heading\">12.11.2025 r.<\/h3>\n\n\n\n<p><strong>Zapraszamy na webinar dotycz\u0105cy aplikowania o grant<\/strong> w Projekcie &#8222;Perspektywa 3P&#8221;, dla przedstawicieli JST oraz PPP, kt\u00f3ry odb\u0119dzie si\u0119 w \u015brod\u0119 <strong>12 listopada 2025r.<\/strong><\/p>\n\n\n\n<p><em>Do\u0142\u0105cz do spotkania 12.11.2025 (12:00 \u2013 12:45<\/em>)<em>:&nbsp;<\/em>\u2192&nbsp;<em>link niedost\u0119pny &#8211; spotkanie zako\u0144czone&nbsp;<\/em>\u2190<\/p>\n\n\n\n<h3 class=\"wp-block-heading\">3.11.2025 r.<\/h3>\n\n\n\n<p>Pomorski Kurator O\u015bwiaty Grzegorz Kryger wraz z prof. dr hab. Amadeuszem Krause i dr Joann\u0105 Doroszuk zapraszaj\u0105 <strong>03.11.2025 roku<\/strong> na konferencj\u0119 z dyrektorami publicznych poradni psychologiczno-pedagogicznych, w trakcie kt\u00f3rej zostan\u0105 om\u00f3wione za\u0142o\u017cenia projektu \u201ePerspektywa 3P\u201d.<\/p>\n\n\n\n<p>Spotkanie odb\u0119dzie si\u0119 w Sali Rady Wydzia\u0142u S329 na Wydziale Nauk Spo\u0142ecznych Uniwersytetu Gda\u0144skiego, ul. Ba\u017cy\u0144skiego 4 w Gda\u0144sku, rozpocznie si\u0119 o <strong>godzinie 11.00<\/strong> i potrwa oko\u0142o dw\u00f3ch godzin.<\/p>\n\n\n\n<p>Harmonogram spotkania:<\/p>\n\n\n\n<ul class=\"wp-block-list\">\n<li>otwarcie Seminarium przez Pomorskiego Kuratora O\u015bwiaty mgr Grzegorza Krygera<\/li>\n\n\n\n<li>prof. dr hab. Amadeusz Krause&nbsp; &#8211; <em>Zmiany w pedagogice specjalnej<\/em><\/li>\n\n\n\n<li>mgr D. Granoszewska-Babia\u0144ska &#8211; <em>Pomorskie wsparcie edukacji w\u0142\u0105czaj\u0105cej<\/em><\/li>\n\n\n\n<li>dr Joanna Doroszuk \u2013 <em>PPP jako pomost pomi\u0119dzy rodzicami a nauczycielami<\/em><\/li>\n\n\n\n<li>dr hab. prof. U\u015a Edyta Widawska \u2013 <em>Wsparcie Poradni Psychologiczno \u2013 Pedagogicznych<br>w ramach dzia\u0142a\u0144 projektowych<\/em><\/li>\n\n\n\n<li>sesja pyta\u0144 i odpowiedzi na temat dzia\u0142a\u0144 projektowych<\/li>\n<\/ul>\n\n\n\n<div data-wp-interactive=\"core\/file\" class=\"wp-block-file\"><object data-wp-bind--hidden=\"!state.hasPdfPreview\" hidden class=\"wp-block-file__embed\" data=\"https:\/\/perspektywa3p.us.edu.pl\/wp-content\/uploads\/2025\/11\/Edukacja_wlaczajaca_na_Pomorzu.pdf\" type=\"application\/pdf\" style=\"width:100%;height:600px\" aria-label=\"Osadzone z Pomorskie wsparcie edukacji w\u0142\u0105czaj\u0105cej\u00a0w ramach Regionalnego Programu Strategicznego w zakresie edukacji i kapita\u0142u spo\u0142ecznego - Urz\u0105d Marsza\u0142kowski Wojew\u00f3dztwa Pomorskiego.\"><\/object><a id=\"wp-block-file--media-69162207-2314-4cf2-b429-339d20df8553\" href=\"https:\/\/perspektywa3p.us.edu.pl\/wp-content\/uploads\/2025\/11\/Edukacja_wlaczajaca_na_Pomorzu.pdf\">Pomorskie wsparcie edukacji w\u0142\u0105czaj\u0105cej&nbsp;w ramach Regionalnego Programu Strategicznego w zakresie edukacji i kapita\u0142u spo\u0142ecznego &#8211; Urz\u0105d Marsza\u0142kowski Wojew\u00f3dztwa Pomorskiego<\/a><a href=\"https:\/\/perspektywa3p.us.edu.pl\/wp-content\/uploads\/2025\/11\/Edukacja_wlaczajaca_na_Pomorzu.pdf\" class=\"wp-block-file__button wp-element-button\" download aria-describedby=\"wp-block-file--media-69162207-2314-4cf2-b429-339d20df8553\">Pobierz<\/a><\/div>\n\n\n\n<h3 class=\"wp-block-heading\">30.10.2025 r.<\/h3>\n\n\n\n<p><strong>Zapraszamy na webinar dotycz\u0105cy aplikacji GrantU\u015a<\/strong>, skierowany do Przedstawicieli\/ek organ\u00f3w prowadz\u0105cych publiczne poradnie pedagogiczno-psychologiczne oraz Przedstawicieli\/ek publicznych poradni pedagogiczno-psychologicznych i specjalistycznych, kt\u00f3ry odb\u0119dzie si\u0119 w czwartek, <strong>30 pa\u017adziernika 2025 r.<\/strong><\/p>\n\n\n\n<p><em>Do\u0142\u0105cz do spotkania 30.10.2025 (11:00 \u2013 11:45<\/em>)<em>:&nbsp;<\/em>\u2192&nbsp;<em>link niedost\u0119pny &#8211; spotkanie zako\u0144czone&nbsp;<\/em>\u2190<\/p>\n\n\n\n<h3 class=\"wp-block-heading\">6.10.2025 r.<\/h3>\n\n\n\n<p><strong>Zapraszamy na webinar<\/strong> dotycz\u0105cy om\u00f3wienia zasad grantowych dla Przedstawicieli organ\u00f3w prowadz\u0105cych publiczne poradnie pedagogiczno-psychologiczne oraz przedstawicieli publicznych poradni pedagogiczno-psychologicznych i specjalistycznych, kt\u00f3ry odb\u0119dzie si\u0119 w <strong>poniedzia\u0142ek 06 pa\u017adziernika 2025<\/strong>. Godzina zostanie podana w przes\u0142anym Pa\u0144stwu mailu.<\/p>\n\n\n\n<p><em>Do\u0142\u0105cz do spotkania 6.10.2025:&nbsp;<\/em>\u2192&nbsp;<em>link niedost\u0119pny \u2013 spotkanie zako\u0144czone&nbsp;<\/em>\u2190<\/p>\n\n\n\n<div data-wp-interactive=\"core\/file\" class=\"wp-block-file\"><object data-wp-bind--hidden=\"!state.hasPdfPreview\" hidden class=\"wp-block-file__embed\" data=\"https:\/\/perspektywa3p.us.edu.pl\/wp-content\/uploads\/2025\/11\/Pomorskie_webinar_06.10.2025_z-tekst-alt.pdf\" type=\"application\/pdf\" style=\"width:100%;height:600px\" aria-label=\"Osadzone z Prezentacja z webinaru z dnia 06.10.2025.\"><\/object><a id=\"wp-block-file--media-32a99fae-cabb-49dc-a901-a23b4292d0c9\" href=\"https:\/\/perspektywa3p.us.edu.pl\/wp-content\/uploads\/2025\/11\/Pomorskie_webinar_06.10.2025_z-tekst-alt.pdf\">Prezentacja z webinaru z dnia 06.10.2025<\/a><a href=\"https:\/\/perspektywa3p.us.edu.pl\/wp-content\/uploads\/2025\/11\/Pomorskie_webinar_06.10.2025_z-tekst-alt.pdf\" class=\"wp-block-file__button wp-element-button\" download aria-describedby=\"wp-block-file--media-32a99fae-cabb-49dc-a901-a23b4292d0c9\">Pobierz<\/a><\/div>\n\n\n\n<h3 class=\"wp-block-heading\">22.05.2025 r.<\/h3>\n\n\n\n<p>W zwi\u0105zku z rozpocz\u0119ciem projektu <em>&#8222;Perspektywa 3P dla wojew\u00f3dztwa pomorskiego&#8221;<\/em> serdecznie zapraszamy Pa\u0144stwa na pierwszy webinar, kt\u00f3re odb\u0119dzie si\u0119 w <strong>czwartek 22 maja 15:45\u201316:15<\/strong> na platformie Teams.<\/p>\n\n\n\n<p><em style=\"box-sizing: border-box; margin: 0px; padding: 0px; outline: 0px; color: rgb(91, 100, 110); font-family: &quot;Open Sans&quot;, sans-serif; font-size: 16px; font-variant-ligatures: normal; font-variant-caps: normal; font-weight: 400; letter-spacing: normal; orphans: 2; text-align: left; text-indent: 0px; text-transform: none; widows: 2; word-spacing: 0px; -webkit-text-stroke-width: 0px; white-space: normal; background-color: rgb(255, 255, 255); text-decoration-thickness: initial; text-decoration-style: initial; text-decoration-color: initial;\">Do\u0142\u0105cz do spotkania 22.05.2025:&nbsp;<\/em><span style=\"color: rgb(91, 100, 110); font-family: &quot;Open Sans&quot;, sans-serif; font-size: 16px; font-style: normal; font-variant-ligatures: normal; font-variant-caps: normal; font-weight: 400; letter-spacing: normal; orphans: 2; text-align: left; text-indent: 0px; text-transform: none; widows: 2; word-spacing: 0px; -webkit-text-stroke-width: 0px; white-space: normal; background-color: rgb(255, 255, 255); text-decoration-thickness: initial; text-decoration-style: initial; text-decoration-color: initial; display: inline !important; float: none;\">\u2192&nbsp;<\/span><em style=\"box-sizing: border-box; margin: 0px; padding: 0px; outline: 0px; color: rgb(91, 100, 110); font-family: &quot;Open Sans&quot;, sans-serif; font-size: 16px; font-variant-ligatures: normal; font-variant-caps: normal; font-weight: 400; letter-spacing: normal; orphans: 2; text-align: left; text-indent: 0px; text-transform: none; widows: 2; word-spacing: 0px; -webkit-text-stroke-width: 0px; white-space: normal; background-color: rgb(255, 255, 255); text-decoration-thickness: initial; text-decoration-style: initial; text-decoration-color: initial;\">link niedost\u0119pny \u2013 spotkanie zako\u0144czone&nbsp;<\/em><span style=\"color: rgb(91, 100, 110); font-family: &quot;Open Sans&quot;, sans-serif; font-size: 16px; font-style: normal; font-variant-ligatures: normal; font-variant-caps: normal; font-weight: 400; letter-spacing: normal; orphans: 2; text-align: left; text-indent: 0px; text-transform: none; widows: 2; word-spacing: 0px; -webkit-text-stroke-width: 0px; white-space: normal; background-color: rgb(255, 255, 255); text-decoration-thickness: initial; text-decoration-style: initial; text-decoration-color: initial; display: inline !important; float: none;\">\u2190<\/span><\/p>\n\n\n\n<p><\/p>\n","protected":false},"excerpt":{"rendered":"<p>Nab\u00f3r do konkursu grantowego &#8211; III tura Informujemy, \u017ce rozpocz\u0119\u0142a si\u0119 III tura sk\u0142adania wniosk\u00f3w grantowych w systemie GrantU\u015a w projekcie \u201ePerspektywa 3P\u201d dla wojew\u00f3dztwa pomorskiego. Tura III sk\u0142adania wniosk\u00f3w: od 16 marca 2026 r. do 16 kwietnia 2026 r. do godziny 12:00. Link do strony: https:\/\/perspektywa3p.us.edu.pl\/index.php\/grantus\/ Wyniki oceny merytorycznej wniosk\u00f3w &#8211; II tura Nr&hellip; <br \/> <a class=\"read-more\" href=\"https:\/\/perspektywa3p.us.edu.pl\/index.php\/pomorskie-spotkania-webinary-biezace-informacje\/\">Dowiedz si\u0119 wi\u0119cej<\/a><\/p>\n","protected":false},"author":1,"featured_media":0,"parent":0,"menu_order":0,"comment_status":"closed","ping_status":"closed","template":"","meta":{"footnotes":""},"class_list":["post-941","page","type-page","status-publish","hentry"],"_links":{"self":[{"href":"https:\/\/perspektywa3p.us.edu.pl\/index.php\/wp-json\/wp\/v2\/pages\/941","targetHints":{"allow":["GET"]}}],"collection":[{"href":"https:\/\/perspektywa3p.us.edu.pl\/index.php\/wp-json\/wp\/v2\/pages"}],"about":[{"href":"https:\/\/perspektywa3p.us.edu.pl\/index.php\/wp-json\/wp\/v2\/types\/page"}],"author":[{"embeddable":true,"href":"https:\/\/perspektywa3p.us.edu.pl\/index.php\/wp-json\/wp\/v2\/users\/1"}],"replies":[{"embeddable":true,"href":"https:\/\/perspektywa3p.us.edu.pl\/index.php\/wp-json\/wp\/v2\/comments?post=941"}],"version-history":[{"count":30,"href":"https:\/\/perspektywa3p.us.edu.pl\/index.php\/wp-json\/wp\/v2\/pages\/941\/revisions"}],"predecessor-version":[{"id":4231,"href":"https:\/\/perspektywa3p.us.edu.pl\/index.php\/wp-json\/wp\/v2\/pages\/941\/revisions\/4231"}],"wp:attachment":[{"href":"https:\/\/perspektywa3p.us.edu.pl\/index.php\/wp-json\/wp\/v2\/media?parent=941"}],"curies":[{"name":"wp","href":"https:\/\/api.w.org\/{rel}","templated":true}]}}