{"id":930,"date":"2025-07-28T11:01:59","date_gmt":"2025-07-28T11:01:59","guid":{"rendered":"https:\/\/perspektywa3p.us.edu.pl\/?page_id=930"},"modified":"2025-10-30T21:50:30","modified_gmt":"2025-10-30T21:50:30","slug":"podlaskie-wykaz-publicznych-poradni-psychologiczno-pedagogicznych-ppp","status":"publish","type":"page","link":"https:\/\/perspektywa3p.us.edu.pl\/index.php\/podlaskie-wykaz-publicznych-poradni-psychologiczno-pedagogicznych-ppp\/","title":{"rendered":"Podlaskie \u2013 wykaz publicznych poradni psychologiczno-pedagogicznych (PPP)"},"content":{"rendered":"\n<p><strong>Organ prowadz\u0105cy:<\/strong> <strong>POWIAT AUGUSTOWSKI<\/strong><br>PPP W AUGUSTOWIE, ul. M\u0142y\u0144ska 52<\/p>\n\n\n\n<p><strong>Organ prowadz\u0105cy: MIASTO BIA\u0141YSTOK<\/strong><br>PPP NR 1 W BIA\u0141YMSTOKU, ul. Piotrkowska 2<br>Strona www: <a href=\"http:\/\/www.poradnia.bialystok.pl\/\">http:\/\/www.poradnia.bialystok.pl\/<\/a><br>PPP NR 2 W BIA\u0141YMSTOKU, ul. Mazowiecka 35<br>Strona www: <a href=\"http:\/\/www.ppp2.eu\/\">http:\/\/www.ppp2.eu\/<\/a><br>SPECJALISTYCZNA PPP DLA DZIECI I M\u0141ODZIE\u017bY Z ZABURZENIAMI EMOCJONALNYMI W BIA\u0141YMSTOKU, ul. Adama Mickiewicza 31\/2<br>Strona www: <a href=\"https:\/\/sppp.bialystok.pl\/\">https:\/\/sppp.bialystok.pl\/<\/a><\/p>\n\n\n\n<p><strong>Organ prowadz\u0105cy:<\/strong> <strong>POWIAT BIA\u0141OSTOCKI<\/strong><br>PPP W \u0141APACH, ul. Bohater\u00f3w Westerplatte 8<br>Strona www: <a href=\"https:\/\/ppp.lapy.pl\/\">https:\/\/ppp.lapy.pl\/<\/a><br>POWIATOWA PPP W BIA\u0141YMSTOKU, ul. S\u0142onimska 15\/1<br>Strona www: <a href=\"https:\/\/pppp.bialystok.pl\/\">https:\/\/pppp.bialystok.pl\/<\/a><\/p>\n\n\n\n<p><strong>Organ prowadz\u0105cy:<\/strong> <strong>FUNDACJA POLSKA EDUKACJA IM. KOMISJI EDUKACJI NARODOWEJ<\/strong><br>SPECJALISTYCZNA PPP DLA DZIECI I M\u0141ODZIE\u017bY ZE SPECJALNYMI POTRZEBAMI ROZWOJOWYMI I EDUKACYJNYMI, Bia\u0142ystok, ul. Witolda S\u0142awi\u0144skiego 12<br>Strona www: <a href=\"https:\/\/fpe.edu.pl\/poradnia-specjalistyczna\/\">https:\/\/fpe.edu.pl\/poradnia-specjalistyczna\/<\/a><\/p>\n\n\n\n<p><strong>Organ prowadz\u0105cy:<\/strong> <strong>POWIAT BIELSKI<\/strong><br>PPP W BIELSKU PODLASKIM, ul. Widowska 1<br>Strona www: <a href=\"https:\/\/poradnia-bielsk.pl\/\">https:\/\/poradnia-bielsk.pl\/<\/a><\/p>\n\n\n\n<p><strong>Organ prowadz\u0105cy:<\/strong> <strong>POWIAT GRAJEWSKI<\/strong><br>PPP W GRAJEWIE, ul. A. Mickiewicza 3<br>Strona www: <a href=\"https:\/\/ppp.grajewo.com\/\">https:\/\/ppp.grajewo.com\/<\/a><\/p>\n\n\n\n<p><strong>Organ prowadz\u0105cy:<\/strong> <strong>POWIAT HAJNOWSKI<\/strong><br>PPP W HAJN\u00d3WCE, ul. Marsza\u0142ka J\u00f3zefa Pi\u0142sudskiego 10A<br>Strona www: <a href=\"https:\/\/samorzad.gov.pl\/web\/poradnia-pp-hajnowka\">https:\/\/samorzad.gov.pl\/web\/poradnia-pp-hajnowka<\/a><\/p>\n\n\n\n<p><strong>Organ prowadz\u0105cy:<\/strong> <strong>POWIAT KOLNE\u0143SKI<\/strong><br>PPP W KOLNIE, ul. 11 Listopada 1<br>Strona www: <a href=\"https:\/\/pppkolno.com.pl\/\">https:\/\/pppkolno.com.pl\/<\/a><\/p>\n\n\n\n<p><strong>Organ prowadz\u0105cy:<\/strong> <strong>POWIAT \u0141OM\u017bY\u0143SKI<\/strong><br>PPP NR 1 W \u0141OM\u017bY, ul. Szosa Zambrowska 1\/27<br>Strona www: <a href=\"http:\/\/poradniapp1lomza.szkolnastrona.pl\/\">http:\/\/poradniapp1lomza.szkolnastrona.pl\/<\/a><\/p>\n\n\n\n<p><strong>Organ prowadz\u0105cy:<\/strong> <strong>MIASTO \u0141OM\u017bA<\/strong><br>PPP NR 2 W \u0141OM\u017bY, ul. Polna 16<br>Strona www: <a href=\"http:\/\/www.ppp2lomza.pl\/\">http:\/\/www.ppp2lomza.pl\/<\/a><\/p>\n\n\n\n<p><strong>Organ prowadz\u0105cy:<\/strong> <strong>POWIAT MONIECKI<\/strong><br>PPP W MO\u0143KACH, ul. Tysi\u0105clecia 15a<\/p>\n\n\n\n<p><strong>Organ prowadz\u0105cy:<\/strong> <strong>POWIAT SEJNE\u0143SKI<\/strong><br>PPP W SEJNACH, ul. \u0141\u0105kowa 1<br>Strona www: <a href=\"https:\/\/pppsejny.szkolnastrona.pl\/\">https:\/\/pppsejny.szkolnastrona.pl\/<\/a><\/p>\n\n\n\n<p><strong>Organ prowadz\u0105cy:<\/strong> <strong>POWIAT SIEMIATYCKI<\/strong><br>POWIATOWA PPP W SIEMIATYCZACH, ul. Tadeusza Ko\u015bciuszki 43\/a<br>Strona www: <a href=\"https:\/\/poradniasiemiatycze.szkolnastrona.pl\/\">https:\/\/poradniasiemiatycze.szkolnastrona.pl\/<\/a><\/p>\n\n\n\n<p><strong>Organ prowadz\u0105cy:<\/strong> <strong>POWIAT SOK\u00d3LSKI<\/strong><br>PPP W D\u0104BROWIE BIA\u0141OSTOCKIEJ, ul. Tysi\u0105clecia Pa\u0144stwa Polskiego 24A<br>Strona www: <a href=\"http:\/\/www.pppdabrowa.webserwer.pl\/\">http:\/\/www.pppdabrowa.webserwer.pl\/<\/a><br>PPP W SOK\u00d3\u0141CE, os. Os. Zielone 1b<br>Strona www: <a href=\"https:\/\/www.ppp.sokolka.com\/\">https:\/\/www.ppp.sokolka.com\/<\/a><\/p>\n\n\n\n<p><strong>Organ prowadz\u0105cy:<\/strong> <strong>SUWA\u0141KI &#8211; MIASTO NA PRAWACH POWIATU<\/strong><br>PPP W SUWA\u0141KACH, ul. Nowomiejska 10<br>Strona www: <a href=\"https:\/\/poradnia.suwalki.pl\/\">https:\/\/poradnia.suwalki.pl\/<\/a><\/p>\n\n\n\n<p><strong>Organ prowadz\u0105cy:<\/strong> <strong>POWIAT WYSOKOMAZOWIECKI<\/strong><br>PPP W WYSOKIEM MAZOWIECKIEM, ul. Mickiewicza 1B<br>Strona www: <a href=\"https:\/\/www.pppwysmaz.pl\/\">https:\/\/www.pppwysmaz.pl\/<\/a><\/p>\n\n\n\n<p><strong>Organ prowadz\u0105cy:<\/strong> <strong>POWIAT ZAMBROWSKI<\/strong><br>PPP W ZAMBROWIE, ul. Obwodowa 2<br>Strona www: <a href=\"https:\/\/pppzambrow.szkolnastrona.pl\/\">https:\/\/pppzambrow.szkolnastrona.pl\/<\/a><\/p>\n","protected":false},"excerpt":{"rendered":"<p>Organ prowadz\u0105cy: POWIAT AUGUSTOWSKIPPP W AUGUSTOWIE, ul. M\u0142y\u0144ska 52 Organ prowadz\u0105cy: MIASTO BIA\u0141YSTOKPPP NR 1 W BIA\u0141YMSTOKU, ul. Piotrkowska 2Strona www: http:\/\/www.poradnia.bialystok.pl\/PPP NR 2 W BIA\u0141YMSTOKU, ul. Mazowiecka 35Strona www: http:\/\/www.ppp2.eu\/SPECJALISTYCZNA PPP DLA DZIECI I M\u0141ODZIE\u017bY Z ZABURZENIAMI EMOCJONALNYMI W BIA\u0141YMSTOKU, ul. Adama Mickiewicza 31\/2Strona www: https:\/\/sppp.bialystok.pl\/ Organ prowadz\u0105cy: POWIAT BIA\u0141OSTOCKIPPP W \u0141APACH, ul. Bohater\u00f3w&hellip; <br \/> <a class=\"read-more\" href=\"https:\/\/perspektywa3p.us.edu.pl\/index.php\/podlaskie-wykaz-publicznych-poradni-psychologiczno-pedagogicznych-ppp\/\">Dowiedz si\u0119 wi\u0119cej<\/a><\/p>\n","protected":false},"author":1,"featured_media":0,"parent":0,"menu_order":0,"comment_status":"closed","ping_status":"closed","template":"","meta":{"footnotes":""},"class_list":["post-930","page","type-page","status-publish","hentry"],"_links":{"self":[{"href":"https:\/\/perspektywa3p.us.edu.pl\/index.php\/wp-json\/wp\/v2\/pages\/930","targetHints":{"allow":["GET"]}}],"collection":[{"href":"https:\/\/perspektywa3p.us.edu.pl\/index.php\/wp-json\/wp\/v2\/pages"}],"about":[{"href":"https:\/\/perspektywa3p.us.edu.pl\/index.php\/wp-json\/wp\/v2\/types\/page"}],"author":[{"embeddable":true,"href":"https:\/\/perspektywa3p.us.edu.pl\/index.php\/wp-json\/wp\/v2\/users\/1"}],"replies":[{"embeddable":true,"href":"https:\/\/perspektywa3p.us.edu.pl\/index.php\/wp-json\/wp\/v2\/comments?post=930"}],"version-history":[{"count":4,"href":"https:\/\/perspektywa3p.us.edu.pl\/index.php\/wp-json\/wp\/v2\/pages\/930\/revisions"}],"predecessor-version":[{"id":2427,"href":"https:\/\/perspektywa3p.us.edu.pl\/index.php\/wp-json\/wp\/v2\/pages\/930\/revisions\/2427"}],"wp:attachment":[{"href":"https:\/\/perspektywa3p.us.edu.pl\/index.php\/wp-json\/wp\/v2\/media?parent=930"}],"curies":[{"name":"wp","href":"https:\/\/api.w.org\/{rel}","templated":true}]}}