{"id":928,"date":"2025-07-28T11:01:34","date_gmt":"2025-07-28T11:01:34","guid":{"rendered":"https:\/\/perspektywa3p.us.edu.pl\/?page_id=928"},"modified":"2026-01-21T09:39:58","modified_gmt":"2026-01-21T09:39:58","slug":"podlaskie-spotkania-webinary-biezace-informacje","status":"publish","type":"page","link":"https:\/\/perspektywa3p.us.edu.pl\/index.php\/podlaskie-spotkania-webinary-biezace-informacje\/","title":{"rendered":"Podlaskie &#8211; spotkania\/webinary\/bie\u017c\u0105ce informacje"},"content":{"rendered":"\n<h2 class=\"wp-block-heading\">Wyniki oceny merytorycznej wniosk\u00f3w<\/h2>\n\n\n\n<figure class=\"wp-block-table is-style-stripes\"><table><thead><tr><th>Nr wniosku<\/th><th class=\"has-text-align-center\" data-align=\"center\">Wynik oceny merytorycznej \/Ocena \u015brednia<\/th><th class=\"has-text-align-right\" data-align=\"right\">Kwota przyznana<\/th><\/tr><\/thead><tbody><tr><td>20251030\/1034\/0326<\/td><td class=\"has-text-align-center\" data-align=\"center\">110<\/td><td class=\"has-text-align-right\" data-align=\"right\">&nbsp;149&nbsp;893,39&nbsp;z\u0142&nbsp;<\/td><\/tr><tr><td>20251028\/1608\/0260<\/td><td class=\"has-text-align-center\" data-align=\"center\">105,5<\/td><td class=\"has-text-align-right\" data-align=\"right\">&nbsp;120&nbsp;000,00&nbsp;z\u0142&nbsp;<\/td><\/tr><tr><td>20251030\/0927\/0310<\/td><td class=\"has-text-align-center\" data-align=\"center\">104,5<\/td><td class=\"has-text-align-right\" data-align=\"right\">&nbsp;88&nbsp;911,43&nbsp;z\u0142&nbsp;<\/td><\/tr><tr><td>20251112\/1254\/0622<\/td><td class=\"has-text-align-center\" data-align=\"center\">99,5<\/td><td class=\"has-text-align-right\" data-align=\"right\">&nbsp;120&nbsp;000,00&nbsp;z\u0142&nbsp;<\/td><\/tr><tr><td>20251028\/0909\/0243<\/td><td class=\"has-text-align-center\" data-align=\"center\">99<\/td><td class=\"has-text-align-right\" data-align=\"right\">&nbsp;93&nbsp;926,83&nbsp;z\u0142&nbsp;<\/td><\/tr><tr><td>20251105\/1429\/0480<\/td><td class=\"has-text-align-center\" data-align=\"center\">92,5<\/td><td class=\"has-text-align-right\" data-align=\"right\">&nbsp;93&nbsp;926,83&nbsp;z\u0142&nbsp;<\/td><\/tr><tr><td>20251113\/0546\/0630<\/td><td class=\"has-text-align-center\" data-align=\"center\">92,5<\/td><td class=\"has-text-align-right\" data-align=\"right\">&nbsp;93&nbsp;926,83&nbsp;z\u0142&nbsp;<\/td><\/tr><tr><td>20251114\/1127\/0736<\/td><td class=\"has-text-align-center\" data-align=\"center\">90<\/td><td class=\"has-text-align-right\" data-align=\"right\">&nbsp;93&nbsp;926,83&nbsp;z\u0142&nbsp;<\/td><\/tr><tr><td>20251103\/0703\/0362<\/td><td class=\"has-text-align-center\" data-align=\"center\">84,5<\/td><td class=\"has-text-align-right\" data-align=\"right\">&nbsp;93&nbsp;926,83&nbsp;z\u0142&nbsp;<\/td><\/tr><tr><td>20251104\/1110\/0431<\/td><td class=\"has-text-align-center\" data-align=\"center\">80,5<\/td><td class=\"has-text-align-right\" data-align=\"right\">&nbsp;93&nbsp;926,83&nbsp;z\u0142&nbsp;<\/td><\/tr><tr><td>20251027\/0727\/0202<\/td><td class=\"has-text-align-center\" data-align=\"center\">77,5<\/td><td class=\"has-text-align-right\" data-align=\"right\">&nbsp;93&nbsp;926,83&nbsp;z\u0142&nbsp;<\/td><\/tr><tr><td>20251024\/0526\/0069<\/td><td class=\"has-text-align-center\" data-align=\"center\">76<\/td><td class=\"has-text-align-right\" data-align=\"right\">&nbsp;93&nbsp;926,83&nbsp;z\u0142&nbsp;<\/td><\/tr><tr><td>20251030\/1329\/0341<\/td><td class=\"has-text-align-center\" data-align=\"center\">72,5<\/td><td class=\"has-text-align-right\" data-align=\"right\">&nbsp;93&nbsp;926,83&nbsp;z\u0142&nbsp;<\/td><\/tr><tr><td>20251107\/1204\/0540<\/td><td class=\"has-text-align-center\" data-align=\"center\">69<\/td><td class=\"has-text-align-right\" data-align=\"right\">&nbsp;93&nbsp;926,83&nbsp;z\u0142&nbsp;<\/td><\/tr><tr><td>20251024\/0921\/0154<\/td><td class=\"has-text-align-center\" data-align=\"center\">50<\/td><td class=\"has-text-align-right\" data-align=\"right\">&nbsp;93&nbsp;926,83&nbsp;z\u0142&nbsp;<\/td><\/tr><\/tbody><\/table><\/figure>\n\n\n\n<p>Jednocze\u015bnie informujemy, \u017ce zr\u00f3\u017cnicowanie wysoko\u015bci przyznanych \u015brodk\u00f3w pomi\u0119dzy wojew\u00f3dztwami wynika z przyj\u0119tych procedur konkursowych i kwot alokacji przekazanych przez IP. W cz\u0119\u015bci wojew\u00f3dztw, ze wzgl\u0119du na niewype\u0142nienie wska\u017anika projektu, realizowana jest II tura konkursu grantowego (do 31.01.2026 r.), co umo\u017cliwia dalsze rozdysponowanie \u015brodk\u00f3w. Natomiast w wojew\u00f3dztwach, w kt\u00f3rych wska\u017anik zosta\u0142 ju\u017c osi\u0105gni\u0119ty kwota alokacji przekazana przez IP zosta\u0142a zgodnie z procedur\u0105 podzielona na wnioskuj\u0105ce PPP.<\/p>\n\n\n\n<h2 class=\"wp-block-heading\">Spotkania\/webinary<\/h2>\n\n\n\n<h3 class=\"wp-block-heading\">12.11.2025 r.<\/h3>\n\n\n\n<p><strong>Zapraszamy na webinar dotycz\u0105cy aplikowania o grant<\/strong> w Projekcie &#8222;Perspektywa 3P&#8221;, dla przedstawicieli JST oraz PPP, kt\u00f3ry odb\u0119dzie si\u0119 w \u015brod\u0119 <strong>12 listopada 2025r.<\/strong><\/p>\n\n\n\n<p><em>Do\u0142\u0105cz do spotkania 12.11.2025 (10:00 \u2013 10:45<\/em>)<em>:&nbsp;<\/em>\u2192&nbsp;<em>link niedost\u0119pny &#8211; spotkanie zako\u0144czone&nbsp;<\/em>\u2190<\/p>\n\n\n\n<h3 class=\"wp-block-heading\">30.10.2025 r.<\/h3>\n\n\n\n<p><strong>Zapraszamy na webinar dotycz\u0105cy aplikacji GrantU\u015a<\/strong>, skierowany do Przedstawicieli\/ek organ\u00f3w prowadz\u0105cych publiczne poradnie pedagogiczno-psychologiczne oraz Przedstawicieli\/ek publicznych poradni pedagogiczno-psychologicznych i specjalistycznych, kt\u00f3ry odb\u0119dzie si\u0119 w czwartek, <strong>30 pa\u017adziernika 2025 r.<\/strong><\/p>\n\n\n\n<p><em>Do\u0142\u0105cz do spotkania 30.10.2025 (11:00 \u2013 11:45<\/em>)<em>:&nbsp;<\/em>\u2192&nbsp;<em>link niedost\u0119pny &#8211; spotkanie zako\u0144czone&nbsp;<\/em>\u2190<\/p>\n\n\n\n<h3 class=\"wp-block-heading\">6.10.2025 r.<\/h3>\n\n\n\n<p><strong>Zapraszamy na webinar<\/strong> dotycz\u0105cy om\u00f3wienia zasad grantowych dla Przedstawicieli organ\u00f3w prowadz\u0105cych publiczne poradnie pedagogiczno-psychologiczne oraz przedstawicieli publicznych poradni pedagogiczno-psychologicznych i specjalistycznych, kt\u00f3ry odb\u0119dzie si\u0119 w <strong>poniedzia\u0142ek 06 pa\u017adziernika 2025<\/strong>. Godzina zostanie podana w przes\u0142anym Pa\u0144stwu mailu.<\/p>\n\n\n\n<p><em>Do\u0142\u0105cz do spotkania 6.10.2025:&nbsp;<\/em>\u2192&nbsp;<em>link niedost\u0119pny \u2013 spotkanie zako\u0144czone&nbsp;<\/em>\u2190<\/p>\n\n\n\n<div data-wp-interactive=\"core\/file\" class=\"wp-block-file\"><object data-wp-bind--hidden=\"!state.hasPdfPreview\" hidden class=\"wp-block-file__embed\" data=\"https:\/\/perspektywa3p.us.edu.pl\/wp-content\/uploads\/2025\/11\/Podlaskie_webinar_06.10.2025_tekst-alt.pdf\" type=\"application\/pdf\" style=\"width:100%;height:600px\" aria-label=\"Osadzone z Prezentacja z webinaru z dnia 06.10.2025.\"><\/object><a id=\"wp-block-file--media-4ccd0a85-8ef6-4326-8f98-d47212506557\" href=\"https:\/\/perspektywa3p.us.edu.pl\/wp-content\/uploads\/2025\/11\/Podlaskie_webinar_06.10.2025_tekst-alt.pdf\">Prezentacja z webinaru z dnia 06.10.2025<\/a><a href=\"https:\/\/perspektywa3p.us.edu.pl\/wp-content\/uploads\/2025\/11\/Podlaskie_webinar_06.10.2025_tekst-alt.pdf\" class=\"wp-block-file__button wp-element-button\" download aria-describedby=\"wp-block-file--media-4ccd0a85-8ef6-4326-8f98-d47212506557\">Pobierz<\/a><\/div>\n\n\n\n<h3 class=\"wp-block-heading\">16.05.2025 r.<\/h3>\n\n\n\n<p>W zwi\u0105zku z rozpocz\u0119ciem projektu <em>&#8222;Perspektywa 3P dla wojew\u00f3dztwa podlaskiego&#8221;<\/em> serdecznie zapraszamy Pa\u0144stwa na pierwszy webinar, kt\u00f3ry odb\u0119dzie si\u0119 w <strong>pi\u0105tek 16 maja 09:30\u201310:15<\/strong> na platformie Teams.<\/p>\n\n\n\n<p><em style=\"box-sizing: border-box; margin: 0px; padding: 0px; outline: 0px; color: rgb(91, 100, 110); font-family: &quot;Open Sans&quot;, sans-serif; font-size: 16px; font-variant-ligatures: normal; font-variant-caps: normal; font-weight: 400; letter-spacing: normal; orphans: 2; text-align: left; text-indent: 0px; text-transform: none; widows: 2; word-spacing: 0px; -webkit-text-stroke-width: 0px; white-space: normal; background-color: rgb(255, 255, 255); text-decoration-thickness: initial; text-decoration-style: initial; text-decoration-color: initial;\">Do\u0142\u0105cz do spotkania 16.05.2025:&nbsp;<\/em><span style=\"color: rgb(91, 100, 110); font-family: &quot;Open Sans&quot;, sans-serif; font-size: 16px; font-style: normal; font-variant-ligatures: normal; font-variant-caps: normal; font-weight: 400; letter-spacing: normal; orphans: 2; text-align: left; text-indent: 0px; text-transform: none; widows: 2; word-spacing: 0px; -webkit-text-stroke-width: 0px; white-space: normal; background-color: rgb(255, 255, 255); text-decoration-thickness: initial; text-decoration-style: initial; text-decoration-color: initial; display: inline !important; float: none;\">\u2192&nbsp;<\/span><em style=\"box-sizing: border-box; margin: 0px; padding: 0px; outline: 0px; color: rgb(91, 100, 110); font-family: &quot;Open Sans&quot;, sans-serif; font-size: 16px; font-variant-ligatures: normal; font-variant-caps: normal; font-weight: 400; letter-spacing: normal; orphans: 2; text-align: left; text-indent: 0px; text-transform: none; widows: 2; word-spacing: 0px; -webkit-text-stroke-width: 0px; white-space: normal; background-color: rgb(255, 255, 255); text-decoration-thickness: initial; text-decoration-style: initial; text-decoration-color: initial;\">link niedost\u0119pny \u2013 spotkanie zako\u0144czone&nbsp;<\/em><span style=\"color: rgb(91, 100, 110); font-family: &quot;Open Sans&quot;, sans-serif; font-size: 16px; font-style: normal; font-variant-ligatures: normal; font-variant-caps: normal; font-weight: 400; letter-spacing: normal; orphans: 2; text-align: left; text-indent: 0px; text-transform: none; widows: 2; word-spacing: 0px; -webkit-text-stroke-width: 0px; white-space: normal; background-color: rgb(255, 255, 255); text-decoration-thickness: initial; text-decoration-style: initial; text-decoration-color: initial; display: inline !important; float: none;\">\u2190<\/span><\/p>\n","protected":false},"excerpt":{"rendered":"<p>Wyniki oceny merytorycznej wniosk\u00f3w Nr wniosku Wynik oceny merytorycznej \/Ocena \u015brednia Kwota przyznana 20251030\/1034\/0326 110 &nbsp;149&nbsp;893,39&nbsp;z\u0142&nbsp; 20251028\/1608\/0260 105,5 &nbsp;120&nbsp;000,00&nbsp;z\u0142&nbsp; 20251030\/0927\/0310 104,5 &nbsp;88&nbsp;911,43&nbsp;z\u0142&nbsp; 20251112\/1254\/0622 99,5 &nbsp;120&nbsp;000,00&nbsp;z\u0142&nbsp; 20251028\/0909\/0243 99 &nbsp;93&nbsp;926,83&nbsp;z\u0142&nbsp; 20251105\/1429\/0480 92,5 &nbsp;93&nbsp;926,83&nbsp;z\u0142&nbsp; 20251113\/0546\/0630 92,5 &nbsp;93&nbsp;926,83&nbsp;z\u0142&nbsp; 20251114\/1127\/0736 90 &nbsp;93&nbsp;926,83&nbsp;z\u0142&nbsp; 20251103\/0703\/0362 84,5 &nbsp;93&nbsp;926,83&nbsp;z\u0142&nbsp; 20251104\/1110\/0431 80,5 &nbsp;93&nbsp;926,83&nbsp;z\u0142&nbsp; 20251027\/0727\/0202 77,5 &nbsp;93&nbsp;926,83&nbsp;z\u0142&nbsp; 20251024\/0526\/0069 76 &nbsp;93&nbsp;926,83&nbsp;z\u0142&nbsp; 20251030\/1329\/0341 72,5 &nbsp;93&nbsp;926,83&nbsp;z\u0142&nbsp; 20251107\/1204\/0540 69 &nbsp;93&nbsp;926,83&nbsp;z\u0142&nbsp;&hellip; <br \/> <a class=\"read-more\" href=\"https:\/\/perspektywa3p.us.edu.pl\/index.php\/podlaskie-spotkania-webinary-biezace-informacje\/\">Dowiedz si\u0119 wi\u0119cej<\/a><\/p>\n","protected":false},"author":1,"featured_media":0,"parent":0,"menu_order":0,"comment_status":"closed","ping_status":"closed","template":"","meta":{"footnotes":""},"class_list":["post-928","page","type-page","status-publish","hentry"],"_links":{"self":[{"href":"https:\/\/perspektywa3p.us.edu.pl\/index.php\/wp-json\/wp\/v2\/pages\/928","targetHints":{"allow":["GET"]}}],"collection":[{"href":"https:\/\/perspektywa3p.us.edu.pl\/index.php\/wp-json\/wp\/v2\/pages"}],"about":[{"href":"https:\/\/perspektywa3p.us.edu.pl\/index.php\/wp-json\/wp\/v2\/types\/page"}],"author":[{"embeddable":true,"href":"https:\/\/perspektywa3p.us.edu.pl\/index.php\/wp-json\/wp\/v2\/users\/1"}],"replies":[{"embeddable":true,"href":"https:\/\/perspektywa3p.us.edu.pl\/index.php\/wp-json\/wp\/v2\/comments?post=928"}],"version-history":[{"count":15,"href":"https:\/\/perspektywa3p.us.edu.pl\/index.php\/wp-json\/wp\/v2\/pages\/928\/revisions"}],"predecessor-version":[{"id":3462,"href":"https:\/\/perspektywa3p.us.edu.pl\/index.php\/wp-json\/wp\/v2\/pages\/928\/revisions\/3462"}],"wp:attachment":[{"href":"https:\/\/perspektywa3p.us.edu.pl\/index.php\/wp-json\/wp\/v2\/media?parent=928"}],"curies":[{"name":"wp","href":"https:\/\/api.w.org\/{rel}","templated":true}]}}