{"id":926,"date":"2025-07-28T11:00:58","date_gmt":"2025-07-28T11:00:58","guid":{"rendered":"https:\/\/perspektywa3p.us.edu.pl\/?page_id=926"},"modified":"2026-03-13T12:22:28","modified_gmt":"2026-03-13T12:22:28","slug":"podlaskie-o-projekcie","status":"publish","type":"page","link":"https:\/\/perspektywa3p.us.edu.pl\/index.php\/podlaskie-o-projekcie\/","title":{"rendered":"Podlaskie \u2013 dane dotycz\u0105ce projektu i kontakt z zespo\u0142em eksperckim"},"content":{"rendered":"\n<div class=\"wp-block-group is-content-justification-center is-layout-flex wp-container-core-group-is-layout-64b26803 wp-block-group-is-layout-flex\">\n<p class=\"has-text-align-center\">Uczelnia partnerska w wojew\u00f3dztwie podlaskim:<\/p>\n\n\n\n<figure class=\"wp-block-image size-full is-resized\"><img decoding=\"async\" width=\"149\" height=\"149\" src=\"https:\/\/perspektywa3p.us.edu.pl\/wp-content\/uploads\/2025\/04\/Logo-UB.jpg\" alt=\"Logo Uniwersytetu w Bia\u0142ymstoku\" class=\"wp-image-148\" style=\"width:95px;height:auto\"\/><figcaption class=\"wp-element-caption\">Uniwersytet w Bia\u0142ymstoku<\/figcaption><\/figure>\n<\/div>\n\n\n\n<h3 class=\"wp-block-heading has-text-align-center\">O PROJEKCIE<\/h3>\n\n\n\n<figure class=\"wp-block-table is-style-stripes\"><table class=\"has-fixed-layout\"><tbody><tr><td><strong>Nazwa projektu<\/strong>:<\/td><td>Perspektywa 3P dla wojew\u00f3dztwa podlaskiego<\/td><\/tr><tr><td><strong>Numer wniosku<\/strong>:<\/td><td>FERS.01.06-IP.05-0012\/24<\/td><\/tr><tr><td><strong>Program<\/strong>:<\/td><td>Program Fundusze Europejskie dla Rozwoju Spo\u0142ecznego 2021-2027<\/td><\/tr><tr><td><strong>Priorytet<\/strong>:<\/td><td>FERS.01 Umiej\u0119tno\u015bci<\/td><\/tr><tr><td><strong>Dzia\u0142anie<\/strong>:<\/td><td>01.06 Edukacja w\u0142\u0105czaj\u0105ca<\/td><\/tr><tr><td><strong>Nab\u00f3r<\/strong>:<\/td><td>FERS.01.06-IP.05-0012\/24 Kompleksowe wsparcie poradni psychologiczno-pedagogicznych<\/td><\/tr><tr><td><strong>Warto\u015b\u0107 projektu<\/strong>:<\/td><td>2 897 885 PLN<\/td><\/tr><tr><td><strong>Warto\u015b\u0107 dofinansowania dla U\u015a<\/strong>:<\/td><td>2 897 885 PLN<\/td><\/tr><tr><td><strong>Okres realizacji projektu<\/strong>:<\/td><td>01.04.2025 \u2013 31.03.2028<\/td><\/tr><tr><td><strong>Koordynatorka<\/strong>:<\/td><td>dr Sabina Pawlik<\/td><\/tr><tr><td><strong>Jednostka realizuj\u0105ca projekt:<\/strong>&nbsp;<\/td><td>Wydzia\u0142 Nauk Spo\u0142ecznych<\/td><\/tr><tr><td><strong>Kontakt dla woj. podlaskiego:<\/strong><\/td><td><span class=\"wp-rich-text-font-awesome-icon wp-font-awesome-icon\"><svg aria-hidden=\"true\" focusable=\"false\" data-prefix=\"fas\" data-icon=\"mobile-screen\" class=\"svg-inline--fa fa-mobile-screen fa-beat \" role=\"img\" xmlns=\"http:\/\/www.w3.org\/2000\/svg\" viewBox=\"0 0 384 512\"><path fill=\"currentColor\" d=\"M16 64C16 28.7 44.7 0 80 0L304 0c35.3 0 64 28.7 64 64l0 384c0 35.3-28.7 64-64 64L80 512c-35.3 0-64-28.7-64-64L16 64zM144 448c0 8.8 7.2 16 16 16l64 0c8.8 0 16-7.2 16-16s-7.2-16-16-16l-64 0c-8.8 0-16 7.2-16 16zM304 64L80 64l0 320 224 0 0-320z\"><\/path><\/svg><\/span> <strong>789 635 519<\/strong><\/td><\/tr><tr><td><strong>Kontakt do Biura Projektu:<\/strong><\/td><td>e-mail: <a href=\"mailto:perspektywa3p@us.edu.pl\">perspektywa3p@us.edu.pl<\/a> <\/td><\/tr><\/tbody><\/table><\/figure>\n\n\n\n<div class=\"wp-block-columns is-layout-flex wp-container-core-columns-is-layout-9d6595d7 wp-block-columns-is-layout-flex\">\n<div class=\"wp-block-column is-layout-flow wp-block-column-is-layout-flow\" style=\"flex-basis:60%\"><div class=\"map_wrapper\" id=\"map_wrapper_121\">\n<div class=\"map_box\" style=\"max-width:2000px\">\n<div class=\"map_aspect_ratio\" style=\"padding-top:56%\" data-padding-top=\"56%\" data-padding-top-mobile=\"0%\">\n<div class=\"map_container\">\n<div class=\"map_render map_loading\" id=\"map_121\"><\/div>\n<\/div>\n<\/div>\n<\/div>\n<\/div>\n<\/div>\n\n\n\n<div class=\"wp-block-column is-vertically-aligned-center is-layout-flow wp-block-column-is-layout-flow\" style=\"flex-basis:40%\"><div class=\"wp-block-image\">\n<figure class=\"aligncenter size-medium\"><img decoding=\"async\" width=\"300\" height=\"152\" src=\"https:\/\/perspektywa3p.us.edu.pl\/wp-content\/uploads\/2025\/10\/Perspektywa3P-logo-kolor-podlaskie-300x152.png\" alt=\"\" class=\"wp-image-1797\" srcset=\"https:\/\/perspektywa3p.us.edu.pl\/wp-content\/uploads\/2025\/10\/Perspektywa3P-logo-kolor-podlaskie-300x152.png 300w, https:\/\/perspektywa3p.us.edu.pl\/wp-content\/uploads\/2025\/10\/Perspektywa3P-logo-kolor-podlaskie.png 400w\" sizes=\"(max-width: 300px) 100vw, 300px\" \/><\/figure>\n<\/div><\/div>\n<\/div>\n\n\n\n<h3 class=\"wp-block-heading has-text-align-center\">WOJEW\u00d3DZKI ZESP\u00d3\u0141 EKSPERCKI<\/h3>\n\n\n\n<figure class=\"wp-block-table is-style-stripes\"><table class=\"has-fixed-layout\"><tbody><tr><td>Kierownik zespo\u0142u eksperckiego:<\/td><td><strong>prof. dr hab. Zenon Gajdzica<\/strong> (<a href=\"mailto:zenon.gajdzica@us.edu.pl\">zenon.gajdzica@us.edu.pl<\/a>)<\/td><td><\/td><\/tr><tr><td>Ekspert w zakresie oceny funkcjonalnej:<\/td><td><strong>dr Karol Pawlak<\/strong> (<a href=\"mailto:k.pawlak@euromail.pl\">k.pawlak@euromail.pl<\/a>)<\/td><td><em>Konsultacje on-line:<\/em><br>19.02.2026 \u2013 godz. 9<sup>00<\/sup>-10<sup>00<\/sup><br>19.03.2026 \u2013 godz. 9<sup>00<\/sup>-10<sup>00<\/sup><br>16.04.2026 \u2013 godz. 9<sup>00<\/sup>-10<sup>00<\/sup><br>14.05.2026 \u2013 godz. 9<sup>00<\/sup>-10<sup>00<\/sup><br>18.06.2026 \u2013 godz. 9<sup>00<\/sup>-10<sup>00<\/sup><br><strong>Link do spotkania na platformie:<\/strong> <strong><a href=\"https:\/\/us06web.zoom.us\/j\/8212940330?pwd=VVdJK0d4TWdnK2RqUGJhWFBnZ2Vkdz09\" target=\"_blank\" rel=\"noreferrer noopener\">ZOOM<\/a><\/strong><\/td><\/tr><tr><td>Ekspert w zakresie zarz\u0105dzania zmian\u0105:<\/td><td><strong>dr hab. Tomasz Bajkowski, prof. UwB<\/strong> (<a href=\"mailto:t.bajkowski10@gmail.com\" target=\"_blank\" rel=\"noreferrer noopener\">t.bajkowski10@gmail.com<\/a>)<\/td><td><em>Konsultacje on-line:<\/em><br>16.02.2026 \u2013 godz. 8<sup>30<\/sup>-9<sup>30<\/sup><br><strong>Link do spotkania na platformie:<\/strong> <strong><a href=\"https:\/\/teams.microsoft.com\/meet\/34079993421783?p=jfRBlDk75A7dtGSdgB\" target=\"_blank\" rel=\"noreferrer noopener\">TEAMS<\/a><\/strong><br>23.03.2026 \u2013 godz. 8<sup>30<\/sup>-9<sup>30<\/sup><br><strong>Link do spotkania na platformie:<\/strong> <strong><a href=\"https:\/\/teams.microsoft.com\/meet\/3333661192067?p=UbKFC95W7A4d4meidK\" target=\"_blank\" rel=\"noreferrer noopener\">TEAMS<\/a><\/strong><br>20.04.2026 \u2013 godz. 8<sup>30<\/sup>-9<sup>30<\/sup><br><strong>Link do spotkania na platformie:<\/strong> <strong><a href=\"https:\/\/teams.microsoft.com\/meet\/37867514169947?p=D0qaGlViDK272S4uFv\" target=\"_blank\" rel=\"noreferrer noopener\">TEAMS<\/a><\/strong><br>11.05.2026 \u2013 godz. 8<sup>30<\/sup>-9<sup>30<\/sup><br><strong>Link do spotkania na platformie:<\/strong> <strong><a href=\"https:\/\/teams.microsoft.com\/meet\/327107801758?p=oUJHGuhTP933L066In\" target=\"_blank\" rel=\"noreferrer noopener\">TEAMS<\/a><\/strong><br>08.06.2026 \u2013 godz. 8<sup>30<\/sup>-9<sup>30<\/sup><br><strong><strong>Link do spotkania na platformie:<\/strong> <strong><a href=\"https:\/\/teams.microsoft.com\/meet\/33245689423777?p=rsHCsFsIhtzQKNGVAz\" target=\"_blank\" rel=\"noreferrer noopener\">TEAMS<\/a><\/strong><\/strong><\/td><\/tr><tr><td>Ekspertka w zakresie edukacji w\u0142\u0105czaj\u0105cej:<\/td><td><strong>dr Joanna Borowik<\/strong> (<a href=\"mailto:joanna.borowik@uwb.edu.pl\" target=\"_blank\" rel=\"noreferrer noopener\">joanna.borowik@uwb.edu.pl<\/a>)<\/td><td><em>Konsultacje on-line:<\/em><br>25.02.2026 \u2013 godz. 10<sup>00<\/sup>-11<sup>00<\/sup><br>11.03.2026 \u2013 godz. 10<sup>00<\/sup>-11<sup>00<\/sup><br>01.04.2026 \u2013 godz. 10<sup>00<\/sup>-11<sup>00<\/sup><br>27.05.2026 \u2013 godz. 10<sup>00<\/sup>-11<sup>00<\/sup><br>24.06.2026 \u2013 godz. 10<sup>00<\/sup>-11<sup>00<\/sup><br><strong>Link do spotkania na platformie:<\/strong> <strong><a href=\"https:\/\/teams.microsoft.com\/meet\/32983972615991?p=Zo8rtajlntXLdrlStn\" target=\"_blank\" rel=\"noreferrer noopener\">TEAMS<\/a><\/strong><\/td><\/tr><tr><td>Ekspertka w zakresie wsp\u00f3\u0142pracy mi\u0119dzysektorowej:<\/td><td><strong>Agnieszka Pietryka<\/strong> (<a href=\"mailto:piaga@o2.pl\" target=\"_blank\" rel=\"noreferrer noopener\">piaga@o2.pl<\/a>)<\/td><td><em>Konsultacje on-line:<\/em><br>26.02.2026 \u2013 godz. 8<sup>00<\/sup>-9<sup>00<\/sup><br>26.03.2026 \u2013 godz. 8<sup>00<\/sup>-9<sup>00<\/sup><br>30.04.2026 \u2013 godz. 8<sup>00<\/sup>-9<sup>00<\/sup><br>28.05.2026 \u2013 godz. 8<sup>00<\/sup>-9<sup>00<\/sup><br>25.06.2026 \u2013 godz. 8<sup>00<\/sup>-9<sup>00<\/sup><br><strong>Link do spotkania na platformie:<\/strong> <strong><a href=\"http:\/\/meet.google.com\/tkd-yadb-jgm\" target=\"_blank\" rel=\"noreferrer noopener\">GOOGLE MEET<\/a><\/strong><\/td><\/tr><\/tbody><\/table><\/figure>\n\n\n\n<h4 class=\"wp-block-heading\">GRUPA DOCELOWA<\/h4>\n\n\n\n<ul class=\"wp-block-list\">\n<li>publiczne poradnie psychologiczno-pedagogiczne,<\/li>\n\n\n\n<li>pracownicy i wsp\u00f3\u0142pracownicy poradni psychologiczno-pedagogicznych.<\/li>\n<\/ul>\n\n\n\n<h4 class=\"wp-block-heading\">CELE PROJEKTU to:<\/h4>\n\n\n\n<ol class=\"wp-block-list\">\n<li><strong>wdro\u017cenie zmian organizacyjnych w publicznych poradniach psychologiczno-pedagogicznych, na terenie pi\u0119tnastu wojew\u00f3dztw<\/strong>, umo\u017cliwiaj\u0105cych wdro\u017cenie podej\u015bcia opartego na modelu&nbsp; biopsychospo\u0142ecznym, zwi\u0119kszenie&nbsp; efektywno\u015bci wsp\u00f3\u0142pracy poradni z dzia\u0142aj\u0105cymi na terenie powiatu podmiotami z wykorzystaniem Modelu Wsparcia Mi\u0119dzysektorowego, wypracowanego w ramach projektu, realizowanego przez Uniwersytet \u015al\u0105ski w poprzedniej perspektywie finansowej UE oraz zwi\u0119kszania dost\u0119pno\u015bci us\u0142ug poradni, w tym specjalistycznych dla os\u00f3b potrzebuj\u0105cych wsparcia,<\/li>\n\n\n\n<li><strong>uzupe\u0142nienie zasob\u00f3w<\/strong> w zakresie wyposa\u017cenia poradni, niezb\u0119dnych do wdro\u017cenia zmian organizacyjnych.<\/li>\n<\/ol>\n\n\n\n<p>Cele zostan\u0105 osi\u0105gni\u0119te poprzez:<\/p>\n\n\n\n<ol class=\"wp-block-list\">\n<li>organizacj\u0119 szkole\u0144, superwizji, wsparcia eksperckiego skierowanego do pracownik\u00f3w poradni psychologiczno-pedagogicznych z terenu wojew\u00f3dztwa,<\/li>\n\n\n\n<li>przyznanie w drodze konkursu grant\u00f3w&nbsp; poradniom psychologiczno-pedagogicznym.<\/li>\n<\/ol>\n\n\n\n<p>Zgodnie z par 3&nbsp; pkt 8 umowy o dofinansowanie, informujemy o mo\u017cliwo\u015bci zg\u0142aszania do Instytucji Zarz\u0105dzaj\u0105cej lub Instytucji Po\u015brednicz\u0105cej podejrzenia o niezgodno\u015bci Projektu lub dzia\u0142a\u0144 Beneficjenta z Konwencj\u0105 o prawach os\u00f3b niepe\u0142nosprawnych sporz\u0105dzon\u0105 w Nowym Jorku dnia 13 grudnia 2006 r. (Dz. U. z 2012 r. poz. 1169, z p\u00f3\u017an. zm.),<\/p>\n\n\n\n<p>Sygna\u0142y, zg\u0142oszenia lub skargi dotycz\u0105ce wyst\u0105pienia niezgodno\u015bci projekt\u00f3w w ramach Programu z postanowieniami Konwencji o prawach os\u00f3b niepe\u0142nosprawnych, mog\u0105 przekazywa\u0107 osoby fizyczne (uczestnicy projekt\u00f3w lub ich pe\u0142nomocnicy i przedstawiciele), instytucje uczestnicz\u0105ce we wdra\u017caniu funduszy Unii Europejskiej, strona spo\u0142eczna (stowarzyszenia, fundacje), za pomoc\u0105:<\/p>\n\n\n\n<ol class=\"wp-block-list\">\n<li>poczty tradycyjnej &#8211; w formie listownej na adres: Ministerstwo Funduszy i Polityki Regionalnej, ul. Wsp\u00f3lna 2\/4, 00-926 Warszawa lub Ministerstwo Edukacji Narodowej, al. J. Ch. Szucha 25, 00-918 Warszawa,<\/li>\n\n\n\n<li>skrzynki nadawczej e-puap Ministerstwa Funduszy i Polityki Regionalnej lub Ministerstwa Edukacji Narodowe: \/MIR\/SkrytkaESP lub\/gn9u55ai9v\/SkrytkaESP<\/li>\n<\/ol>\n\n\n\n<p><\/p>\n","protected":false},"excerpt":{"rendered":"<p>Uczelnia partnerska w wojew\u00f3dztwie podlaskim: O PROJEKCIE Nazwa projektu: Perspektywa 3P dla wojew\u00f3dztwa podlaskiego Numer wniosku: FERS.01.06-IP.05-0012\/24 Program: Program Fundusze Europejskie dla Rozwoju Spo\u0142ecznego 2021-2027 Priorytet: FERS.01 Umiej\u0119tno\u015bci Dzia\u0142anie: 01.06 Edukacja w\u0142\u0105czaj\u0105ca Nab\u00f3r: FERS.01.06-IP.05-0012\/24 Kompleksowe wsparcie poradni psychologiczno-pedagogicznych Warto\u015b\u0107 projektu: 2 897 885 PLN Warto\u015b\u0107 dofinansowania dla U\u015a: 2 897 885 PLN Okres realizacji projektu:&hellip; <br \/> <a class=\"read-more\" href=\"https:\/\/perspektywa3p.us.edu.pl\/index.php\/podlaskie-o-projekcie\/\">Dowiedz si\u0119 wi\u0119cej<\/a><\/p>\n","protected":false},"author":1,"featured_media":0,"parent":0,"menu_order":0,"comment_status":"closed","ping_status":"closed","template":"","meta":{"footnotes":""},"class_list":["post-926","page","type-page","status-publish","hentry"],"_links":{"self":[{"href":"https:\/\/perspektywa3p.us.edu.pl\/index.php\/wp-json\/wp\/v2\/pages\/926","targetHints":{"allow":["GET"]}}],"collection":[{"href":"https:\/\/perspektywa3p.us.edu.pl\/index.php\/wp-json\/wp\/v2\/pages"}],"about":[{"href":"https:\/\/perspektywa3p.us.edu.pl\/index.php\/wp-json\/wp\/v2\/types\/page"}],"author":[{"embeddable":true,"href":"https:\/\/perspektywa3p.us.edu.pl\/index.php\/wp-json\/wp\/v2\/users\/1"}],"replies":[{"embeddable":true,"href":"https:\/\/perspektywa3p.us.edu.pl\/index.php\/wp-json\/wp\/v2\/comments?post=926"}],"version-history":[{"count":18,"href":"https:\/\/perspektywa3p.us.edu.pl\/index.php\/wp-json\/wp\/v2\/pages\/926\/revisions"}],"predecessor-version":[{"id":4237,"href":"https:\/\/perspektywa3p.us.edu.pl\/index.php\/wp-json\/wp\/v2\/pages\/926\/revisions\/4237"}],"wp:attachment":[{"href":"https:\/\/perspektywa3p.us.edu.pl\/index.php\/wp-json\/wp\/v2\/media?parent=926"}],"curies":[{"name":"wp","href":"https:\/\/api.w.org\/{rel}","templated":true}]}}