{"id":917,"date":"2025-07-28T10:58:54","date_gmt":"2025-07-28T10:58:54","guid":{"rendered":"https:\/\/perspektywa3p.us.edu.pl\/?page_id=917"},"modified":"2025-07-28T10:58:54","modified_gmt":"2025-07-28T10:58:54","slug":"podkarpackie-wykaz-publicznych-poradni-psychologiczno-pedagogicznych-ppp","status":"publish","type":"page","link":"https:\/\/perspektywa3p.us.edu.pl\/index.php\/podkarpackie-wykaz-publicznych-poradni-psychologiczno-pedagogicznych-ppp\/","title":{"rendered":"Podkarpackie \u2013 wykaz publicznych poradni psychologiczno-pedagogicznych (PPP)"},"content":{"rendered":"\n<p><strong>Organ prowadz\u0105cy:<\/strong> <strong>POWIAT BIESZCZADZKI<\/strong><br>PPP W USTRZYKACH DOLNYCH, ul. Pionierska 10<br>Strona www: <a href=\"http:\/\/www.ppp.ustrzyki-dolne.pl\/\">http:\/\/www.ppp.ustrzyki-dolne.pl\/<\/a><\/p>\n\n\n\n<p><strong>Organ prowadz\u0105cy:<\/strong> <strong>POWIAT BRZOZOWSKI<\/strong><br>PPP w Brzozowie, ul. Henryka Sienkiewicza 2<br>Strona www: <a href=\"https:\/\/ppp.powiatbrzozow.pl\/\">https:\/\/ppp.powiatbrzozow.pl\/<\/a><\/p>\n\n\n\n<p><strong>Organ prowadz\u0105cy:<\/strong> <strong>POWIAT D\u0118BICKI<\/strong><br>PPP W D\u0118BICY, ul. Parkowa 28<br>Strona www: <a href=\"https:\/\/poradniadebica.pl\/\">https:\/\/poradniadebica.pl\/<\/a><\/p>\n\n\n\n<p><strong>Organ prowadz\u0105cy:<\/strong> <strong>POWIAT JAROS\u0141AWSKI<\/strong><br>PPP W JAROS\u0141AWIU, ul. J\u00f3zefa Poniatowskiego 63<br>Strona www: <a href=\"https:\/\/poradniapp.org.pl\/\">https:\/\/poradniapp.org.pl\/<\/a><\/p>\n\n\n\n<p><strong>Organ prowadz\u0105cy:<\/strong> <strong>POWIAT JASIELSKI<\/strong><br>PPP W JA\u015aLE, ul. Juliusza S\u0142owackiego 6<br>Strona www: <a href=\"http:\/\/www.pppjaslo.pl\/\">http:\/\/www.pppjaslo.pl\/<\/a><\/p>\n\n\n\n<p><strong>Organ prowadz\u0105cy:<\/strong> <strong>POWIAT KOLBUSZOWSKI<\/strong><br>PPP W KOLBUSZOWEJ, ul. 11-go Listopada 10<br>Strona www: <a href=\"https:\/\/www.poradnia.kolbuszowa.pl\/\">https:\/\/www.poradnia.kolbuszowa.pl\/<\/a><\/p>\n\n\n\n<p><strong>Organ prowadz\u0105cy:<\/strong> <strong>GMINA MIASTO KROSNO<\/strong><br>MIEJSKA PPP W KRO\u015aNIE, ul. Augusta Lewakowskiego 14<br>Strona www: <a href=\"https:\/\/mpppkrosno.pl\/\">https:\/\/mpppkrosno.pl\/<\/a><\/p>\n\n\n\n<p><strong>Organ prowadz\u0105cy:<\/strong> <strong>POWIAT KRO\u015aNIE\u0143SKI<\/strong><br>PPP NR 1 w Kro\u015bnie, ul. Parkowa 2<br>Strona www: <a href=\"https:\/\/ppp1krosno.eu\/\">https:\/\/ppp1krosno.eu\/<\/a><br>PPP W MIEJSCU PIASTOWYM, ul. Dworska 14a<br>Strona www: <a href=\"https:\/\/poradnia.vot.pl\/\">https:\/\/poradnia.vot.pl\/<\/a><\/p>\n\n\n\n<p><strong>Organ prowadz\u0105cy:<\/strong> <strong>POWIAT LESKI<\/strong><br>PPP W LESKU, ul. Wincentego Pola 1<br>Strona www: <a href=\"http:\/\/www.poradnialesko.pl\/pl\">http:\/\/www.poradnialesko.pl\/pl<\/a><\/p>\n\n\n\n<p><strong>Organ prowadz\u0105cy:<\/strong> <strong>POWIAT LE\u017bAJSKI<\/strong><br>PPP W LE\u017bAJSKU, ul. Marii Curie-Sk\u0142odowskiej 8<br>Strona www: <a href=\"https:\/\/ppp.lezajsk.pl\/\">https:\/\/ppp.lezajsk.pl\/<\/a><\/p>\n\n\n\n<p><strong>Organ prowadz\u0105cy:<\/strong> <strong>POWIAT LUBACZOWSKI<\/strong><br>PPP W LUBACZOWIE, ul. Adama Mickiewicza 45<br>Strona www: <a href=\"http:\/\/www.poradnia.powiatlubaczowski.pl\/\">http:\/\/www.poradnia.powiatlubaczowski.pl\/<\/a><\/p>\n\n\n\n<p><strong>Organ prowadz\u0105cy:<\/strong> <strong>POWIAT \u0141A\u0143CUCKI<\/strong><br>PPP W \u0141A\u0143CUCIE, ul. Adama Mickiewicza 3<br>Strona www: <a href=\"http:\/\/www.ppplancut.pl\/\">http:\/\/www.ppplancut.pl\/<\/a><\/p>\n\n\n\n<p><strong>Organ prowadz\u0105cy:<\/strong> <strong>POWIAT MIELECKI<\/strong><br>SPECJALISTYCZNA PPP W MIELCU, ul. S\u0119kowskiego 2B<br>Strona www: <a href=\"https:\/\/www.poradniamielec.pl\/\">https:\/\/www.poradniamielec.pl\/<\/a><\/p>\n\n\n\n<p><strong>Organ prowadz\u0105cy:<\/strong> <strong>POWIAT NI\u017bA\u0143SKI<\/strong><br>PPP w Nisku, ul. Ignacego Paderewskiego 4<br>Strona www: <a href=\"https:\/\/pppnisko.naszaporadnia.com\/\">https:\/\/pppnisko.naszaporadnia.com\/<\/a><\/p>\n\n\n\n<p><strong>Organ prowadz\u0105cy:<\/strong> <strong>Gmina Miejska Przemy\u015bl<\/strong><br>PPP w Przemy\u015blu, ul. Kapitulna 4<br>Strona www: <a href=\"https:\/\/ppp.przemysl.edu.pl\/\">https:\/\/ppp.przemysl.edu.pl\/<\/a><\/p>\n\n\n\n<p><strong>Organ prowadz\u0105cy:<\/strong> <strong>POWIAT PRZEMYSKI<\/strong><br>PPP DLA POWIATU PRZEMYSKIEGO W PRZEMY\u015aL, ul. Walerego Waygarta 1<br>Strona www: <a href=\"http:\/\/www.ppp.powiat.przemysl.pl\/\">http:\/\/www.ppp.powiat.przemysl.pl\/<\/a><\/p>\n\n\n\n<p><strong>Organ prowadz\u0105cy:<\/strong> <strong>POWIAT PRZEWORSKI<\/strong><br>PPP W PRZEWORSKU, ul. Lwowska 16<br>Strona www: <a href=\"https:\/\/poradniap-p.powiatprzeworsk.pl\/\">https:\/\/poradniap-p.powiatprzeworsk.pl\/<\/a><\/p>\n\n\n\n<p><strong>Organ prowadz\u0105cy:<\/strong> <strong>POWIAT ROPCZYCKO-S\u0118DZISZOWSKI<\/strong><br>PPP W ROPCZYCACH, ul. Konopnickiej 3<br>Strona www: <a href=\"https:\/\/www.pppropczyce.com.pl\/\">https:\/\/www.pppropczyce.com.pl\/<\/a><\/p>\n\n\n\n<p><strong>Organ prowadz\u0105cy:<\/strong> <strong>POWIAT RZESZOWSKI<\/strong><br>PPP NR 1 W RZESZOWIE, ul. Lucjana Siemie\u0144skiego 18A<br>Strona www: <a href=\"https:\/\/ppp1.powiat.rzeszowski.pl\/\">https:\/\/ppp1.powiat.rzeszowski.pl\/<\/a><\/p>\n\n\n\n<p><strong>Organ prowadz\u0105cy:<\/strong> <strong>GMINA MIASTO RZESZ\u00d3W<\/strong><br>PPP NR 2, al. Tadeusza Rejtana 3<br>Strona www: <a href=\"https:\/\/www.ppp2.rzeszow.pl\/\">https:\/\/www.ppp2.rzeszow.pl\/<\/a><\/p>\n\n\n\n<p><strong>Organ prowadz\u0105cy:<\/strong> <strong>POWIAT SANOCKI<\/strong><br>PPP W SANOKU, ul. Szopena 5<br>Strona www: <a href=\"http:\/\/sanok.naszaporadnia.com\/\">http:\/\/sanok.naszaporadnia.com\/<\/a><\/p>\n\n\n\n<p><strong>Organ prowadz\u0105cy:<\/strong> <strong>POWIAT STALOWOWOLSKI<\/strong><br>PPP W STALOWEJ WOLI, ul. Hutnicza 12<br>Strona www: <a href=\"https:\/\/ppp.stalowowolski.pl\/\">https:\/\/ppp.stalowowolski.pl\/<\/a><\/p>\n\n\n\n<p><strong>Organ prowadz\u0105cy:<\/strong> <strong>POWIAT STRZY\u017bOWSKI<\/strong><br>PPP W STRZY\u017bOWIE, ul. Parkowa 4<br>Strona www: <a href=\"http:\/\/www.ppp.strzyzowski.pl\/\">http:\/\/www.ppp.strzyzowski.pl\/<\/a><\/p>\n\n\n\n<p><strong>Organ prowadz\u0105cy:<\/strong> <strong>MIASTO TARNOBRZEG<\/strong><br>PPP W TARNOBRZEGU, ul. Tadeusza Ko\u015bciuszki 30<br>Strona www: <a href=\"http:\/\/www.poradnia.tarnobrzeg.pl\/\">http:\/\/www.poradnia.tarnobrzeg.pl\/<\/a><\/p>\n\n\n\n<p><strong>Organ prowadz\u0105cy:<\/strong> <strong>POWIAT TARNOBRZESKI<\/strong><br>PPP W NOWEJ D\u0118BIE, ul. Miko\u0142aja Reja 7<br>Strona www: <a href=\"https:\/\/pppnd.naszaporadnia.com\/\">https:\/\/pppnd.naszaporadnia.com\/<\/a><\/p>\n","protected":false},"excerpt":{"rendered":"<p>Organ prowadz\u0105cy: POWIAT BIESZCZADZKIPPP W USTRZYKACH DOLNYCH, ul. Pionierska 10Strona www: http:\/\/www.ppp.ustrzyki-dolne.pl\/ Organ prowadz\u0105cy: POWIAT BRZOZOWSKIPPP w Brzozowie, ul. Henryka Sienkiewicza 2Strona www: https:\/\/ppp.powiatbrzozow.pl\/ Organ prowadz\u0105cy: POWIAT D\u0118BICKIPPP W D\u0118BICY, ul. Parkowa 28Strona www: https:\/\/poradniadebica.pl\/ Organ prowadz\u0105cy: POWIAT JAROS\u0141AWSKIPPP W JAROS\u0141AWIU, ul. J\u00f3zefa Poniatowskiego 63Strona www: https:\/\/poradniapp.org.pl\/ Organ prowadz\u0105cy: POWIAT JASIELSKIPPP W JA\u015aLE, ul. Juliusza&hellip; <br \/> <a class=\"read-more\" href=\"https:\/\/perspektywa3p.us.edu.pl\/index.php\/podkarpackie-wykaz-publicznych-poradni-psychologiczno-pedagogicznych-ppp\/\">Dowiedz si\u0119 wi\u0119cej<\/a><\/p>\n","protected":false},"author":1,"featured_media":0,"parent":0,"menu_order":0,"comment_status":"closed","ping_status":"closed","template":"","meta":{"footnotes":""},"class_list":["post-917","page","type-page","status-publish","hentry"],"_links":{"self":[{"href":"https:\/\/perspektywa3p.us.edu.pl\/index.php\/wp-json\/wp\/v2\/pages\/917","targetHints":{"allow":["GET"]}}],"collection":[{"href":"https:\/\/perspektywa3p.us.edu.pl\/index.php\/wp-json\/wp\/v2\/pages"}],"about":[{"href":"https:\/\/perspektywa3p.us.edu.pl\/index.php\/wp-json\/wp\/v2\/types\/page"}],"author":[{"embeddable":true,"href":"https:\/\/perspektywa3p.us.edu.pl\/index.php\/wp-json\/wp\/v2\/users\/1"}],"replies":[{"embeddable":true,"href":"https:\/\/perspektywa3p.us.edu.pl\/index.php\/wp-json\/wp\/v2\/comments?post=917"}],"version-history":[{"count":1,"href":"https:\/\/perspektywa3p.us.edu.pl\/index.php\/wp-json\/wp\/v2\/pages\/917\/revisions"}],"predecessor-version":[{"id":918,"href":"https:\/\/perspektywa3p.us.edu.pl\/index.php\/wp-json\/wp\/v2\/pages\/917\/revisions\/918"}],"wp:attachment":[{"href":"https:\/\/perspektywa3p.us.edu.pl\/index.php\/wp-json\/wp\/v2\/media?parent=917"}],"curies":[{"name":"wp","href":"https:\/\/api.w.org\/{rel}","templated":true}]}}