{"id":915,"date":"2025-07-28T10:58:20","date_gmt":"2025-07-28T10:58:20","guid":{"rendered":"https:\/\/perspektywa3p.us.edu.pl\/?page_id=915"},"modified":"2026-01-21T09:39:51","modified_gmt":"2026-01-21T09:39:51","slug":"podkarpackie-spotkania-webinary-biezace-informacje","status":"publish","type":"page","link":"https:\/\/perspektywa3p.us.edu.pl\/index.php\/podkarpackie-spotkania-webinary-biezace-informacje\/","title":{"rendered":"Podkarpackie &#8211; spotkania\/webinary\/bie\u017c\u0105ce informacje"},"content":{"rendered":"\n<h2 class=\"wp-block-heading\">Wyniki oceny merytorycznej wniosk\u00f3w<\/h2>\n\n\n\n<p class=\"has-text-align-center\"><strong><em>PRZYPOMINAMY, \u017ce zgodnie z \u2018Procedur\u0105 konkursu grantowego\u2019 \u00a79. Pkt 6<\/em><\/strong><br><strong><em>Wszyscy Wnioskodawcy, kt\u00f3rzy zg\u0142osili si\u0119 do konkursu grantowego,<\/em><\/strong><br><strong><em>a nie otrzymali grantu zostaj\u0105 automatycznie zakwalifikowani do dzia\u0142a\u0144 szkoleniowych.<\/em><\/strong><\/p>\n\n\n\n<figure class=\"wp-block-table is-style-stripes\"><table class=\"has-fixed-layout\"><thead><tr><th>Nr wniosku<\/th><th class=\"has-text-align-center\" data-align=\"center\">Wynik oceny merytorycznej\/Ocena \u015brednia<\/th><th class=\"has-text-align-right\" data-align=\"right\">Kwota przyznana<\/th><th>Informacje dodatkowe<\/th><\/tr><\/thead><tbody><tr><td>20251024\/0814\/0125<\/td><td class=\"has-text-align-center\" data-align=\"center\">109<\/td><td class=\"has-text-align-right\" data-align=\"right\">&nbsp;136&nbsp;164,00&nbsp;z\u0142&nbsp;<\/td><td><\/td><\/tr><tr><td>20251112\/1217\/0617<\/td><td class=\"has-text-align-center\" data-align=\"center\">102,5<\/td><td class=\"has-text-align-right\" data-align=\"right\">&nbsp;142&nbsp;993,39&nbsp;z\u0142&nbsp;<\/td><td><\/td><\/tr><tr><td>20251024\/0809\/0121<\/td><td class=\"has-text-align-center\" data-align=\"center\">102<\/td><td class=\"has-text-align-right\" data-align=\"right\">120&nbsp;000,00&nbsp;z\u0142&nbsp;<\/td><td><\/td><\/tr><tr><td>20251024\/0805\/0120<\/td><td class=\"has-text-align-center\" data-align=\"center\">102<\/td><td class=\"has-text-align-right\" data-align=\"right\">&nbsp;120&nbsp;000,00&nbsp;z\u0142&nbsp;<\/td><td><\/td><\/tr><tr><td>20251112\/0842\/0601<\/td><td class=\"has-text-align-center\" data-align=\"center\">100,5<\/td><td class=\"has-text-align-right\" data-align=\"right\">&nbsp;120&nbsp;000,00&nbsp;z\u0142&nbsp;<\/td><td><\/td><\/tr><tr><td>20251023\/1840\/0062<\/td><td class=\"has-text-align-center\" data-align=\"center\">98<\/td><td class=\"has-text-align-right\" data-align=\"right\">&nbsp;120&nbsp;000,00&nbsp;z\u0142&nbsp;<\/td><td><\/td><\/tr><tr><td>20251024\/0913\/0149<\/td><td class=\"has-text-align-center\" data-align=\"center\">98<\/td><td class=\"has-text-align-right\" data-align=\"right\">&nbsp;89&nbsp;960,50&nbsp;z\u0142&nbsp;<\/td><td><\/td><\/tr><tr><td>20251114\/1727\/0756<\/td><td class=\"has-text-align-center\" data-align=\"center\">96<\/td><td class=\"has-text-align-right\" data-align=\"right\">&nbsp;70&nbsp;121,00&nbsp;z\u0142&nbsp;<\/td><td><\/td><\/tr><tr><td>20251024\/0635\/0083<\/td><td class=\"has-text-align-center\" data-align=\"center\">95,5<\/td><td class=\"has-text-align-right\" data-align=\"right\">&nbsp;70&nbsp;121,00&nbsp;z\u0142&nbsp;<\/td><td><\/td><\/tr><tr><td>20251027\/1243\/0222<\/td><td class=\"has-text-align-center\" data-align=\"center\">94,5<\/td><td class=\"has-text-align-right\" data-align=\"right\">&nbsp;70&nbsp;121,00&nbsp;z\u0142&nbsp;<\/td><td><\/td><\/tr><tr><td>20251030\/1018\/0322<\/td><td class=\"has-text-align-center\" data-align=\"center\">94,5<\/td><td class=\"has-text-align-right\" data-align=\"right\">&nbsp;70&nbsp;121,00&nbsp;z\u0142&nbsp;<\/td><td><\/td><\/tr><tr><td>20251107\/1345\/0544<\/td><td class=\"has-text-align-center\" data-align=\"center\">93,5<\/td><td class=\"has-text-align-right\" data-align=\"right\">&nbsp;70&nbsp;121,00&nbsp;z\u0142&nbsp;<\/td><td><\/td><\/tr><tr><td>20251109\/1041\/0550<\/td><td class=\"has-text-align-center\" data-align=\"center\">93,5<\/td><td class=\"has-text-align-right\" data-align=\"right\">&nbsp;70&nbsp;121,00&nbsp;z\u0142&nbsp;<\/td><td><\/td><\/tr><tr><td>20251110\/1112\/0566<\/td><td class=\"has-text-align-center\" data-align=\"center\">93,5<\/td><td class=\"has-text-align-right\" data-align=\"right\">&nbsp;70&nbsp;121,00&nbsp;z\u0142&nbsp;<\/td><td><\/td><\/tr><tr><td>20251028\/1124\/0255<\/td><td class=\"has-text-align-center\" data-align=\"center\">92,5<\/td><td class=\"has-text-align-right\" data-align=\"right\">&nbsp;70&nbsp;121,00&nbsp;z\u0142&nbsp;<\/td><td><\/td><\/tr><tr><td>20251116\/2142\/0777<\/td><td class=\"has-text-align-center\" data-align=\"center\">92<\/td><td class=\"has-text-align-right\" data-align=\"right\">&nbsp;70&nbsp;121,00&nbsp;z\u0142&nbsp;<\/td><td><\/td><\/tr><tr><td>20251024\/0602\/0075<\/td><td class=\"has-text-align-center\" data-align=\"center\">91<\/td><td class=\"has-text-align-right\" data-align=\"right\">&nbsp;70&nbsp;121,00&nbsp;z\u0142&nbsp;<\/td><td><\/td><\/tr><tr><td>20251106\/0941\/0504<\/td><td class=\"has-text-align-center\" data-align=\"center\">88,5<\/td><td class=\"has-text-align-right\" data-align=\"right\">&nbsp;70&nbsp;121,00&nbsp;z\u0142&nbsp;<\/td><td><\/td><\/tr><tr><td>20251112\/0827\/0598<\/td><td class=\"has-text-align-center\" data-align=\"center\">88<\/td><td class=\"has-text-align-right\" data-align=\"right\">&nbsp;70&nbsp;121,00&nbsp;z\u0142&nbsp;<\/td><td><\/td><\/tr><tr><td>20251023\/1244\/0016<\/td><td class=\"has-text-align-center\" data-align=\"center\">87,5<\/td><td class=\"has-text-align-right\" data-align=\"right\">&nbsp;70&nbsp;121,00&nbsp;z\u0142&nbsp;<\/td><td><\/td><\/tr><tr><td>20251106\/0956\/0507<\/td><td class=\"has-text-align-center\" data-align=\"center\">86,5<\/td><td class=\"has-text-align-right\" data-align=\"right\">&nbsp;&#8211;&nbsp;z\u0142&nbsp;<\/td><td>lista rezerwowa<\/td><\/tr><tr><td>20251114\/0742\/0709<\/td><td class=\"has-text-align-center\" data-align=\"center\">86,5<\/td><td class=\"has-text-align-right\" data-align=\"right\">&nbsp;&#8211;&nbsp;z\u0142&nbsp;<\/td><td>lista rezerwowa<\/td><\/tr><tr><td>20251028\/0841\/0240<\/td><td class=\"has-text-align-center\" data-align=\"center\">84,5<\/td><td class=\"has-text-align-right\" data-align=\"right\">&nbsp;&#8211;&nbsp;z\u0142&nbsp;<\/td><td>lista rezerwowa<\/td><\/tr><tr><td>20251024\/0624\/0080<\/td><td class=\"has-text-align-center\" data-align=\"center\">83,5<\/td><td class=\"has-text-align-right\" data-align=\"right\">&nbsp;&#8211;&nbsp;z\u0142&nbsp;<\/td><td>lista rezerwowa<\/td><\/tr><tr><td>20251106\/0900\/0493<\/td><td class=\"has-text-align-center\" data-align=\"center\">77<\/td><td class=\"has-text-align-right\" data-align=\"right\">&nbsp;&#8211;&nbsp;z\u0142&nbsp;<\/td><td>lista rezerwowa<\/td><\/tr><\/tbody><\/table><\/figure>\n\n\n\n<p>Jednocze\u015bnie informujemy, \u017ce zr\u00f3\u017cnicowanie wysoko\u015bci przyznanych \u015brodk\u00f3w pomi\u0119dzy wojew\u00f3dztwami wynika z przyj\u0119tych procedur konkursowych i kwot alokacji przekazanych przez IP. W cz\u0119\u015bci wojew\u00f3dztw, ze wzgl\u0119du na niewype\u0142nienie wska\u017anika projektu, realizowana jest II tura konkursu grantowego (do 31.01.2026 r.), co umo\u017cliwia dalsze rozdysponowanie \u015brodk\u00f3w. Natomiast w wojew\u00f3dztwach, w kt\u00f3rych wska\u017anik zosta\u0142 ju\u017c osi\u0105gni\u0119ty kwota alokacji przekazana przez IP zosta\u0142a zgodnie z procedur\u0105 podzielona na wnioskuj\u0105ce PPP.<\/p>\n\n\n\n<h2 class=\"wp-block-heading\">Spotkania\/webinary<\/h2>\n\n\n\n<h3 class=\"wp-block-heading\">12.11.2025 r.<\/h3>\n\n\n\n<p><strong>Zapraszamy na webinar dotycz\u0105cy aplikowania o grant<\/strong> w Projekcie &#8222;Perspektywa 3P&#8221;, dla przedstawicieli JST oraz PPP, kt\u00f3ry odb\u0119dzie si\u0119 w \u015brod\u0119 <strong>12 listopada 2025r.<\/strong><\/p>\n\n\n\n<p><em>Do\u0142\u0105cz do spotkania 12.11.2025 (12:00 \u2013 12:45<\/em>)<em>:&nbsp;<\/em>\u2192&nbsp;<em>link niedost\u0119pny &#8211; spotkanie zako\u0144czone&nbsp;<\/em>\u2190<\/p>\n\n\n\n<h3 class=\"wp-block-heading\">5.11.2025 r.<\/h3>\n\n\n\n<p>Pani Dorota Nowak-Maluchnik Podkarpacki Kurator O\u015bwiaty wraz z Kadr\u0105 Zarz\u0105dzaj\u0105c\u0105 projektem z Uniwersytetu \u015al\u0105skiego dr hab. prof. U\u015a Edyta Widawska (koordynatorka og\u00f3lnopolska) prof. dr hab. Zenon Gajdzica, dr Sabina Pawlik, dr Magdalena Be\u0142za-Gajdzica oraz Kadr\u0105 Zarz\u0105dzaj\u0105c\u0105 projektem z Uniwersytetu Rzeszowskiego (uczelnia partnerska) Prof. dr hab. Jolanta Szempruch Prorektor ds. Nauki i Wsp\u00f3\u0142pracy Mi\u0119dzynarodowej UR serdecznie zapraszaj\u0105 na spotkanie stacjonarne w ramach projektu &#8222;Perspektywa 3P dla wojew\u00f3dztwa podkarpackiego&#8221; w dniu <strong>5 listopada 2025 w godzinach 11.00 -13.00<\/strong><\/p>\n\n\n\n<p>Rejestracja do dnia 3 listopada.<\/p>\n\n\n\n<p>Prosimy o wype\u0142nienie \u2192&nbsp;<em>link niedost\u0119pny &#8211; rejestracja zako\u0144czona&nbsp;<\/em>\u2190<br><br><em>Miejsce:<\/em> Uniwersytet Rzeszowski Kampus Rejtana &#8211; Budynek A0 ul. Pigonia 1, Rzesz\u00f3w Parter (skrzyd\u0142o B1) sala nr 42<br><em>Cel:<\/em> Spotkanie organ\u00f3w prowadz\u0105cych publiczne Poradnie Psychologiczno Pedagogiczne i dyrektor\u00f3w\/ek tych instytucji w celu przygotowania do udzia\u0142u w projekcie &#8222;Perspektywa 3P&#8221;<\/p>\n\n\n\n<h3 class=\"wp-block-heading\">30.10.2025 r.<\/h3>\n\n\n\n<p><strong>Zapraszamy na webinar dotycz\u0105cy aplikacji GrantU\u015a<\/strong>, skierowany do Przedstawicieli\/ek organ\u00f3w prowadz\u0105cych publiczne poradnie pedagogiczno-psychologiczne oraz Przedstawicieli\/ek publicznych poradni pedagogiczno-psychologicznych i specjalistycznych, kt\u00f3ry odb\u0119dzie si\u0119 w czwartek, <strong>30 pa\u017adziernika 2025 r.<\/strong><\/p>\n\n\n\n<p><em>Do\u0142\u0105cz do spotkania 30.10.2025 (11:00 \u2013 11:45<\/em>)<em>:&nbsp;<\/em>\u2192&nbsp;<em>link niedost\u0119pny &#8211; spotkanie zako\u0144czone&nbsp;<\/em>\u2190<\/p>\n\n\n\n<h3 class=\"wp-block-heading\">6.10.2025 r.<\/h3>\n\n\n\n<p><strong>Zapraszamy na webinar<\/strong> dotycz\u0105cy om\u00f3wienia zasad grantowych dla Przedstawicieli organ\u00f3w prowadz\u0105cych publiczne poradnie pedagogiczno-psychologiczne oraz przedstawicieli publicznych poradni pedagogiczno-psychologicznych i specjalistycznych, kt\u00f3ry odb\u0119dzie si\u0119 w <strong>poniedzia\u0142ek 06 pa\u017adziernika 2025<\/strong>. Godzina zostanie podana w przes\u0142anym Pa\u0144stwu mailu.<\/p>\n\n\n\n<p><em>Do\u0142\u0105cz do spotkania 6.10.2025:&nbsp;<\/em>\u2192&nbsp;<em>link niedost\u0119pny \u2013 spotkanie zako\u0144czone&nbsp;<\/em>\u2190<\/p>\n\n\n\n<div data-wp-interactive=\"core\/file\" class=\"wp-block-file\"><object data-wp-bind--hidden=\"!state.hasPdfPreview\" hidden class=\"wp-block-file__embed\" data=\"https:\/\/perspektywa3p.us.edu.pl\/wp-content\/uploads\/2025\/11\/Podkarpackie_webinar_06.10.2025_z-tekst-alt.pdf\" type=\"application\/pdf\" style=\"width:100%;height:600px\" aria-label=\"Osadzone z Prezentacja z webinaru z dnia 06.10.2025.\"><\/object><a id=\"wp-block-file--media-1307dbdb-bc75-427c-aba3-cda82fd4c5d9\" href=\"https:\/\/perspektywa3p.us.edu.pl\/wp-content\/uploads\/2025\/11\/Podkarpackie_webinar_06.10.2025_z-tekst-alt.pdf\">Prezentacja z webinaru z dnia 06.10.2025<\/a><a href=\"https:\/\/perspektywa3p.us.edu.pl\/wp-content\/uploads\/2025\/11\/Podkarpackie_webinar_06.10.2025_z-tekst-alt.pdf\" class=\"wp-block-file__button wp-element-button\" download aria-describedby=\"wp-block-file--media-1307dbdb-bc75-427c-aba3-cda82fd4c5d9\">Pobierz<\/a><\/div>\n\n\n\n<h3 class=\"wp-block-heading\">28.05.2025 r.<\/h3>\n\n\n\n<p>W zwi\u0105zku z rozpocz\u0119ciem projektu <em>&#8222;Perspektywa 3P dla wojew\u00f3dztwa podkarpackiego&#8221;<\/em> serdecznie zapraszamy Pa\u0144stwa na pierwszy webinar, kt\u00f3ry odb\u0119dzie si\u0119 w <strong>\u015brod\u0119 28 maja 09:30\u201310:15<\/strong> na platformie Teams.<\/p>\n\n\n\n<p><em style=\"box-sizing: border-box; margin: 0px; padding: 0px; outline: 0px; color: rgb(91, 100, 110); font-family: &quot;Open Sans&quot;, sans-serif; font-size: 16px; font-variant-ligatures: normal; font-variant-caps: normal; font-weight: 400; letter-spacing: normal; orphans: 2; text-align: left; text-indent: 0px; text-transform: none; widows: 2; word-spacing: 0px; -webkit-text-stroke-width: 0px; white-space: normal; background-color: rgb(255, 255, 255); text-decoration-thickness: initial; text-decoration-style: initial; text-decoration-color: initial;\">Do\u0142\u0105cz do spotkania 28.05.2025:&nbsp;<\/em><span style=\"color: rgb(91, 100, 110); font-family: &quot;Open Sans&quot;, sans-serif; font-size: 16px; font-style: normal; font-variant-ligatures: normal; font-variant-caps: normal; font-weight: 400; letter-spacing: normal; orphans: 2; text-align: left; text-indent: 0px; text-transform: none; widows: 2; word-spacing: 0px; -webkit-text-stroke-width: 0px; white-space: normal; background-color: rgb(255, 255, 255); text-decoration-thickness: initial; text-decoration-style: initial; text-decoration-color: initial; display: inline !important; float: none;\">\u2192&nbsp;<\/span><em style=\"box-sizing: border-box; margin: 0px; padding: 0px; outline: 0px; color: rgb(91, 100, 110); font-family: &quot;Open Sans&quot;, sans-serif; font-size: 16px; font-variant-ligatures: normal; font-variant-caps: normal; font-weight: 400; letter-spacing: normal; orphans: 2; text-align: left; text-indent: 0px; text-transform: none; widows: 2; word-spacing: 0px; -webkit-text-stroke-width: 0px; white-space: normal; background-color: rgb(255, 255, 255); text-decoration-thickness: initial; text-decoration-style: initial; text-decoration-color: initial;\">link niedost\u0119pny \u2013 spotkanie zako\u0144czone&nbsp;<\/em><span style=\"color: rgb(91, 100, 110); font-family: &quot;Open Sans&quot;, sans-serif; font-size: 16px; font-style: normal; font-variant-ligatures: normal; font-variant-caps: normal; font-weight: 400; letter-spacing: normal; orphans: 2; text-align: left; text-indent: 0px; text-transform: none; widows: 2; word-spacing: 0px; -webkit-text-stroke-width: 0px; white-space: normal; background-color: rgb(255, 255, 255); text-decoration-thickness: initial; text-decoration-style: initial; text-decoration-color: initial; display: inline !important; float: none;\">\u2190<\/span><\/p>\n","protected":false},"excerpt":{"rendered":"<p>Wyniki oceny merytorycznej wniosk\u00f3w PRZYPOMINAMY, \u017ce zgodnie z \u2018Procedur\u0105 konkursu grantowego\u2019 \u00a79. Pkt 6Wszyscy Wnioskodawcy, kt\u00f3rzy zg\u0142osili si\u0119 do konkursu grantowego,a nie otrzymali grantu zostaj\u0105 automatycznie zakwalifikowani do dzia\u0142a\u0144 szkoleniowych. Nr wniosku Wynik oceny merytorycznej\/Ocena \u015brednia Kwota przyznana Informacje dodatkowe 20251024\/0814\/0125 109 &nbsp;136&nbsp;164,00&nbsp;z\u0142&nbsp; 20251112\/1217\/0617 102,5 &nbsp;142&nbsp;993,39&nbsp;z\u0142&nbsp; 20251024\/0809\/0121 102 120&nbsp;000,00&nbsp;z\u0142&nbsp; 20251024\/0805\/0120 102 &nbsp;120&nbsp;000,00&nbsp;z\u0142&nbsp; 20251112\/0842\/0601 100,5 &nbsp;120&nbsp;000,00&nbsp;z\u0142&nbsp;&hellip; <br \/> <a class=\"read-more\" href=\"https:\/\/perspektywa3p.us.edu.pl\/index.php\/podkarpackie-spotkania-webinary-biezace-informacje\/\">Dowiedz si\u0119 wi\u0119cej<\/a><\/p>\n","protected":false},"author":1,"featured_media":0,"parent":0,"menu_order":0,"comment_status":"closed","ping_status":"closed","template":"","meta":{"footnotes":""},"class_list":["post-915","page","type-page","status-publish","hentry"],"_links":{"self":[{"href":"https:\/\/perspektywa3p.us.edu.pl\/index.php\/wp-json\/wp\/v2\/pages\/915","targetHints":{"allow":["GET"]}}],"collection":[{"href":"https:\/\/perspektywa3p.us.edu.pl\/index.php\/wp-json\/wp\/v2\/pages"}],"about":[{"href":"https:\/\/perspektywa3p.us.edu.pl\/index.php\/wp-json\/wp\/v2\/types\/page"}],"author":[{"embeddable":true,"href":"https:\/\/perspektywa3p.us.edu.pl\/index.php\/wp-json\/wp\/v2\/users\/1"}],"replies":[{"embeddable":true,"href":"https:\/\/perspektywa3p.us.edu.pl\/index.php\/wp-json\/wp\/v2\/comments?post=915"}],"version-history":[{"count":20,"href":"https:\/\/perspektywa3p.us.edu.pl\/index.php\/wp-json\/wp\/v2\/pages\/915\/revisions"}],"predecessor-version":[{"id":3461,"href":"https:\/\/perspektywa3p.us.edu.pl\/index.php\/wp-json\/wp\/v2\/pages\/915\/revisions\/3461"}],"wp:attachment":[{"href":"https:\/\/perspektywa3p.us.edu.pl\/index.php\/wp-json\/wp\/v2\/media?parent=915"}],"curies":[{"name":"wp","href":"https:\/\/api.w.org\/{rel}","templated":true}]}}