{"id":890,"date":"2025-07-28T10:52:04","date_gmt":"2025-07-28T10:52:04","guid":{"rendered":"https:\/\/perspektywa3p.us.edu.pl\/?page_id=890"},"modified":"2025-11-12T12:35:00","modified_gmt":"2025-11-12T12:35:00","slug":"mazowieckie-wykaz-publicznych-poradni-psychologiczno-pedagogicznych-ppp","status":"publish","type":"page","link":"https:\/\/perspektywa3p.us.edu.pl\/index.php\/mazowieckie-wykaz-publicznych-poradni-psychologiczno-pedagogicznych-ppp\/","title":{"rendered":"Mazowieckie \u2013 wykaz publicznych poradni psychologiczno-pedagogicznych (PPP)"},"content":{"rendered":"\n<p><strong>Organ prowadz\u0105cy:<\/strong> <strong>POWIAT BIA\u0141OBRZESKI<\/strong><br>PPP w Bia\u0142obrzegach, ul. Stefana \u017beromskiego 84<br>Strona www: <a href=\"https:\/\/poradniabialobrzegi.szkolnastrona.pl\/\">https:\/\/poradniabialobrzegi.szkolnastrona.pl\/<\/a><\/p>\n\n\n\n<p><strong>Organ prowadz\u0105cy:<\/strong> <strong>POWIAT CIECHANOWSKI<\/strong><br>PPP W CIECHANOWIE, ul. Wyzwolenia 10A<br>Strona www: <a href=\"https:\/\/ppp.powiat-ciechanow.pl\/\">https:\/\/ppp.powiat-ciechanow.pl\/<\/a><\/p>\n\n\n\n<p><strong>Organ prowadz\u0105cy:<\/strong> <strong>POWIAT GARWOLI\u0143SKI<\/strong><br>PPP W GARWOLINIE, ul. Warszawska 3<br>Strona www: <a href=\"https:\/\/pppgarwolin.pl\/\">https:\/\/pppgarwolin.pl\/<\/a><\/p>\n\n\n\n<p><strong>Organ prowadz\u0105cy:<\/strong> <strong>POWIAT GOSTYNI\u0143SKI<\/strong><br>PPP W GOSTYNINIE, ul. J\u00f3zefa Ozdowskiego 1a<br>Strona www: <a href=\"https:\/\/ppp-gostynin.edu.pl\/\">https:\/\/ppp-gostynin.edu.pl\/<\/a><\/p>\n\n\n\n<p><strong>Organ prowadz\u0105cy:<\/strong> <strong>POWIAT GRODZISKI<\/strong><br>PPP w Grodzisku Mazowieckim, ul. Ba\u0142tycka 30<br>Strona www: <a href=\"https:\/\/pppgrodziskmazowiecki.szkolnastrona.pl\/\">https:\/\/pppgrodziskmazowiecki.szkolnastrona.pl\/<\/a><\/p>\n\n\n\n<p><strong>Organ prowadz\u0105cy:<\/strong> <strong>POWIAT GR\u00d3JECKI<\/strong><br>PPP W GR\u00d3JCU, ul. Polskiej Organizacji Wojskowej 4<br>PPP W WARCE, ul. Gr\u00f3jecka 11<br>Strona www: <a href=\"https:\/\/poradniawarka.pl\/\">https:\/\/poradniawarka.pl\/<\/a><\/p>\n\n\n\n<p><strong>Organ prowadz\u0105cy:<\/strong> <strong>POWIAT KOZIENICKI<\/strong><br>PPP W KOZIENICACH,&nbsp;Al. W\u0142adys\u0142awa Sikorskiego 8a<br>Strona www: <a href=\"https:\/\/pppkozienice.pl\/\">https:\/\/pppkozienice.pl\/<\/a><\/p>\n\n\n\n<p><strong>Organ prowadz\u0105cy:<\/strong> <strong>POWIAT LEGIONOWSKI<\/strong><br>PPP W LEGIONOWIE, ul. Jagiello\u0144ska 69<br>Strona www: <a href=\"http:\/\/www.ppplegionowo.pl\/\">http:\/\/www.ppplegionowo.pl\/<\/a><\/p>\n\n\n\n<p><strong>Organ prowadz\u0105cy:<\/strong> <strong>POWIAT LIPSKI<\/strong><br>PPP W LIPSKU, ul. Witosa 39<br>Strona www: <a href=\"http:\/\/poradniapplipsko.pl\/\">http:\/\/poradniapplipsko.pl\/<\/a><\/p>\n\n\n\n<p><strong>Organ prowadz\u0105cy:<\/strong> <strong>POWIAT \u0141OSICKI<\/strong><br>PPP W \u0141OSICACH, ul. Marsza\u0142ka J\u00f3zefa Pi\u0142sudskiego 6<br>Strona www: <a href=\"https:\/\/poradnia.losice.pl\/\">https:\/\/poradnia.losice.pl\/<\/a><\/p>\n\n\n\n<p><strong>Organ prowadz\u0105cy:<\/strong> <strong>POWIAT MAKOWSKI<\/strong><br>PPP W MAKOWIE MAZOWIECKIM, ul. Du\u0144skiego Czerwonego Krzy\u017ca 3<br>Strona www: <a href=\"https:\/\/www.poradnia-makow.pl\/\">https:\/\/www.poradnia-makow.pl\/<\/a><\/p>\n\n\n\n<p><strong>Organ prowadz\u0105cy:<\/strong> <strong>POWIAT MI\u0143SKI<\/strong><br>PPP W MI\u0143SKU MAZOWIECKIM, ul. Konstytucji 3 Maja 16<br>Strona www: <a href=\"http:\/\/poradniamm.edu.pl\/strona\/\">http:\/\/poradniamm.edu.pl\/strona\/<\/a><br>PPP W SULEJ\u00d3WKU, ul. Idzikowskiego 7b<br>Strona www: <a href=\"https:\/\/poradniapsych.szkolnastrona.pl\/\">https:\/\/poradniapsych.szkolnastrona.pl\/<\/a><\/p>\n\n\n\n<p><strong>Organ prowadz\u0105cy:<\/strong> <strong>POWIAT M\u0141AWSKI<\/strong><br>PPP W M\u0141AWIE, ul. Stanis\u0142awa Wyspia\u0144skiego 9<br>Strona www: <a href=\"https:\/\/www.bip.ppp.powiatmlawski.pl\/\">https:\/\/www.bip.ppp.powiatmlawski.pl\/<\/a><\/p>\n\n\n\n<p><strong>Organ prowadz\u0105cy:<\/strong> <strong>POWIAT NOWODWORSKI<\/strong><br>PPP, ul. Chemik\u00f3w 6<br>PPP W NOWYM DWORZE MAZOWIECKIM FILIA W NASIELSKU, ul. Marsza\u0142ka J\u00f3zefa Pi\u0142sudskiego 6<\/p>\n\n\n\n<p><strong>Organ prowadz\u0105cy:<\/strong> <strong>POWIAT OSTRO\u0141\u0118CKI<\/strong><br>PPP W CZERWINIE, ul. Piastowska 23<br>Strona www: <a href=\"https:\/\/www.poradniawczerwinie.edu.pl\/\">https:\/\/www.poradniawczerwinie.edu.pl\/<\/a><br>PPP W MYSZY\u0143CU, ul. Dzieci Polskich 5<br>Strona www: <a href=\"https:\/\/ppp-myszyniec.pl\/\">https:\/\/ppp-myszyniec.pl\/<\/a><\/p>\n\n\n\n<p><strong>Organ prowadz\u0105cy:<\/strong> <strong>MIASTO OSTRO\u0141\u0118KA<\/strong><br>PPP, ul. O\u015bwiatowa 1<br>Strona www: <a href=\"https:\/\/ppp.ostroleka.pl\/\">https:\/\/ppp.ostroleka.pl\/<\/a><\/p>\n\n\n\n<p><strong>Organ prowadz\u0105cy:<\/strong> <strong>POWIAT OSTROWSKI<\/strong><br>PPP W OSTROWI MAZOWIECKIEJ, ul. Romana Rubinkowskiego 15<br>Strona www: <a href=\"http:\/\/pppom.szkolnastrona.pl\/\">http:\/\/pppom.szkolnastrona.pl\/<\/a><\/p>\n\n\n\n<p><strong>Organ prowadz\u0105cy:<\/strong> <strong>POWIAT OTWOCKI<\/strong><br>POWIATOWA PPP W OTWOCKU, ul. Majowa 17\/19<br>Strona www: <a href=\"https:\/\/www.ppppotwock.pl\/\">https:\/\/www.ppppotwock.pl\/<\/a><\/p>\n\n\n\n<p><strong>Organ prowadz\u0105cy:<\/strong> <strong>POWIAT PIASECZY\u0143SKI<\/strong><br>PPP w Piasecznie, ul. Wojska Polskiego 30<br>Strona www: <a href=\"https:\/\/poradnia.piaseczno.pl\/\">https:\/\/poradnia.piaseczno.pl\/<\/a><\/p>\n\n\n\n<p><strong>Organ prowadz\u0105cy:<\/strong> <strong>GMINA &#8211; MIASTO P\u0141OCK<\/strong><br>PPP NR 1 DLA DZIECI ZE SPECJALNYMI POTRZEBAMI EDUKACYJNYMI, ul. Szymona Kossobudzkiego 7<br>Strona www: <a href=\"http:\/\/www.poradniaplock.pl\/\">http:\/\/www.poradniaplock.pl\/<\/a><br>PPP NR 2, ul. Jana Zygmunta Jakubowskiego 10<br>Strona www: <a href=\"https:\/\/poradniaplock2.pl\/\">https:\/\/poradniaplock2.pl\/<\/a><\/p>\n\n\n\n<p><strong>Organ prowadz\u0105cy:<\/strong> <strong>POWIAT P\u0141OCKI<\/strong><br>POWIATOWA PPP W P\u0141OCKU, ul. Otoli\u0144ska 21<br>Strona www: <a href=\"https:\/\/pppp-plock.pl\/\">https:\/\/pppp-plock.pl\/<\/a><\/p>\n\n\n\n<p><strong>Organ prowadz\u0105cy:<\/strong> <strong>POWIAT P\u0141O\u0143SKI<\/strong><br>PPP W P\u0141O\u0143SKU, ul. Wolno\u015bci 8\/10<br>Strona www: <a href=\"https:\/\/poradniaplonsk.pl\/\">https:\/\/poradniaplonsk.pl\/<\/a><\/p>\n\n\n\n<p><strong>Organ prowadz\u0105cy:<\/strong> <strong>POWIAT PRUSZKOWSKI<\/strong><br>PPP w PRUSZKOWIE, ul. Juliana Gomuli\u0144skiego 2<br>Strona www: <a href=\"https:\/\/pruszkowporadnia.pl\/\">https:\/\/pruszkowporadnia.pl\/<\/a><\/p>\n\n\n\n<p><strong>Organ prowadz\u0105cy:<\/strong> <strong>POWIAT PRZASNYSKI<\/strong><br>PPP w PRZASNYSZU, ul. Berka Joselewicza 6<br>Strona www: <a href=\"https:\/\/pppprzasnysz.szkolnastrona.pl\/\">https:\/\/pppprzasnysz.szkolnastrona.pl\/<\/a><\/p>\n\n\n\n<p><strong>Organ prowadz\u0105cy:<\/strong> <strong>POWIAT PRZYSUSKI<\/strong><br>PPP W PRZYSUSZE, ul. Aleja Jana Paw\u0142a II 10<br>Strona www: <a href=\"https:\/\/ppp.przysucha.pl\/\">https:\/\/ppp.przysucha.pl\/<\/a><\/p>\n\n\n\n<p><strong>Organ prowadz\u0105cy:<\/strong> <strong>POWIAT PU\u0141TUSKI<\/strong><br>PPP W PU\u0141TUSKU, ul. 3 Maja 20<br>Strona www: <a href=\"https:\/\/ppppultusk.pl\/\">https:\/\/ppppultusk.pl\/<\/a><\/p>\n\n\n\n<p><strong>Organ prowadz\u0105cy:<\/strong> <strong>GMINA MIASTA RADOMIA<\/strong><br>PPP NR 1 W RADOMIU, ul. Kolejowa 22<br>Strona www: <a href=\"http:\/\/pppnr1.radom.pl\/\">http:\/\/pppnr1.radom.pl\/<\/a><br>PPP NR 2 W RADOMIU, ul. Kujawska 19<br>Strona www: <a href=\"http:\/\/www.ppp2.radom.pl\/\">http:\/\/www.ppp2.radom.pl\/<\/a><br>PPP NR 3 W RADOMIU, ul. G\u0142\u00f3wna 3<br>Strona www: <a href=\"https:\/\/ppp3.radom.pl\/\">https:\/\/ppp3.radom.pl\/<\/a><br>SPECJALISTYCZNA PUBLICZNA PPP W RADOMIU, ul. Lipska 2<br>Strona www: <a href=\"https:\/\/zssipo.radom.pl\/\">https:\/\/zssipo.radom.pl\/<\/a><\/p>\n\n\n\n<p><strong>Organ prowadz\u0105cy:<\/strong> <strong>POWIAT RADOMSKI<\/strong><br>PPP W RADOMIU, ul. Kolejowa 15<br>SPECJALISTYCZNA PPP W CHWA\u0141OWICACH,&nbsp; 247<br>PPP W I\u0141\u017bY, ul. Maksymiliana Jakubowskiego 5<br>Strona www: <a href=\"https:\/\/pppilza.szkolnastrona.pl\/\">https:\/\/pppilza.szkolnastrona.pl\/<\/a><br>PPP W PIONKACH, ul. Sportowa 2<br>Strona www: <a href=\"https:\/\/ppppionki.szkolnastrona.pl\/\">https:\/\/ppppionki.szkolnastrona.pl\/<\/a><\/p>\n\n\n\n<p><strong>Organ prowadz\u0105cy:<\/strong> <strong>MIASTO SIEDLCE<\/strong><br>PPP W SIEDLCACH, ul. Krystyny Osi\u0144skiej 6<br>Strona www: <a href=\"https:\/\/poradnia.siedlce.pl\/\">https:\/\/poradnia.siedlce.pl\/<\/a><\/p>\n\n\n\n<p><strong>Organ prowadz\u0105cy:<\/strong> <strong>POWIAT SIEDLECKI<\/strong><br>POWIATOWA PPP W STOKU LACKIM, ul. Pa\u0142acowa 1<br>Strona www: <a href=\"https:\/\/www.poradnia.powiatsiedlecki.pl\/\">https:\/\/www.poradnia.powiatsiedlecki.pl\/<\/a><\/p>\n\n\n\n<p><strong>Organ prowadz\u0105cy:<\/strong> <strong>POWIAT SIERPECKI<\/strong><br>PPP W SIERPCU, ul. Armii Krajowej 8b<br>Strona www: <a href=\"http:\/\/www.poradniasierpc.bip.org.pl\/\">http:\/\/www.poradniasierpc.bip.org.pl\/<\/a><\/p>\n\n\n\n<p><strong>Organ prowadz\u0105cy:<\/strong> <strong>POWIAT SOCHACZEWSKI<\/strong><br>PPP W SOCHACZEWIE, ul. Marsza\u0142ka J\u00f3zefa Pi\u0142sudskiego 51<br>Strona www: <a href=\"https:\/\/ppp.powiatsochaczew.pl\/\">https:\/\/ppp.powiatsochaczew.pl\/<\/a><\/p>\n\n\n\n<p><strong>Organ prowadz\u0105cy:<\/strong> <strong>POWIAT SOKO\u0141OWSKI<\/strong><br>PUBLICZNA PPP w Soko\u0142owie Podlaskim, ul. Sk\u0142odowskiej-Curie 24A<br>Strona www: <a href=\"https:\/\/www.ppppsok.pl\/\">https:\/\/www.ppppsok.pl\/<\/a><\/p>\n\n\n\n<p><strong>Organ prowadz\u0105cy:<\/strong> <strong>POWIAT SZYD\u0141OWIECKI<\/strong><br>PPP W SZYD\u0141OWCU, ul. Tadeusza Ko\u015bciuszki 185<br>Strona www: <a href=\"https:\/\/poradniaszydlowiec.pl\/\">https:\/\/poradniaszydlowiec.pl\/<\/a><\/p>\n\n\n\n<p><strong>Organ prowadz\u0105cy:<\/strong> <strong>CENTRUM ROZWOJU I TERAPII DZIECKA I RODZINY SP\u00d3\u0141KA Z OGRANICZON\u0104 ODPOWIEDZIALNO\u015aCI\u0104<\/strong><br>PUBLICZNA PPP CENTRUM ROZWOJU I TERAPII DZIECKA I RODZINY w Warszawie, ul. G\u0142\u0119bocka 9\/TU3<br>Strona www: <a href=\"https:\/\/dzieckowterapii.pl\/\">https:\/\/dzieckowterapii.pl\/<\/a><\/p>\n\n\n\n<p><strong>Organ prowadz\u0105cy:<\/strong> <strong>RADKO JAROS\u0141AW<\/strong><br>PPP &#8222;\u015aWIAT DZIECKA&#8221; WARSZAWA, ul. Rembrandta 3<\/p>\n\n\n\n<p><strong>Organ prowadz\u0105cy:<\/strong> <strong>MIASTO STO\u0141ECZNE WARSZAWA<\/strong><br>PPP NR 1, ul. Z\u0142ota 9<br>Strona www: <a href=\"https:\/\/ppp1.waw.pl\/\">https:\/\/ppp1.waw.pl\/<\/a><br>PPP NR 2, ul. Karolkowa 53\/A<br>Strona www: <a href=\"https:\/\/www.poradnia2.waw.pl\/\">https:\/\/www.poradnia2.waw.pl\/<\/a><br>PPP NR 3, ul. Alojzego Feli\u0144skiego 15<br>Strona www: <a href=\"https:\/\/www.poradnia-nr3.pl\/\">https:\/\/www.poradnia-nr3.pl\/<\/a><br>PPP NR 4, ul. Mi\u0144ska 1\/5<br>Strona www: <a href=\"https:\/\/ppp4.edu.pl\/\">https:\/\/ppp4.edu.pl\/<\/a><br>PPP NR 5, ul. Otwocka 3<br>Strona www: <a href=\"https:\/\/ppp5.pl\/\">https:\/\/ppp5.pl\/<\/a><br>PPP NR 6, ul. Zawiszy 13<br>PPP NR 7, ul. Ludwika Narbutta 65\/71<br>Strona www: <a href=\"https:\/\/ppp7.pl\/\">https:\/\/ppp7.pl\/<\/a><br>PPP NR 8, ul. St\u0119pi\u0144ska 6\/8<br>Strona www: <a href=\"https:\/\/ppp8.pl\/\">https:\/\/ppp8.pl\/<\/a><br>PPP NR 9, ul. Radomska 13\/21<br>Strona www: <a href=\"https:\/\/poradnia9.waw.pl\/\">https:\/\/poradnia9.waw.pl\/<\/a><br>PPP NR 10, ul. Wrzeciono 24<br>Strona www: <a href=\"https:\/\/ppp10.waw.pl\/\">https:\/\/ppp10.waw.pl\/<\/a><br>PPP NR 11, al. Aleje Jerozolimskie 30\/5<br>Strona www: <a href=\"https:\/\/poradnia11.waw.pl\/\">https:\/\/poradnia11.waw.pl\/<\/a><br>PPP NR 12, ul. Dzielna 1a<br>Strona www: <a href=\"https:\/\/www.ppp12.waw.pl\/\">https:\/\/www.ppp12.waw.pl\/<\/a><br>PPP NR 13, ul. \u015bw. Jacka Odrow\u0105\u017ca 23<br>Strona www: <a href=\"https:\/\/ppp13targowek.eduwarszawa.pl\/\">https:\/\/ppp13targowek.eduwarszawa.pl\/<\/a><br>PPP NR 14, ul. Zawiszy 13<br>PPP NR 15, ul. Dzieci Warszawy 42<br>Strona www: <a href=\"https:\/\/poradnia15.pl\/\">https:\/\/poradnia15.pl\/<\/a><br>PPP NR 16, ul. Siennicka 40<br>Strona www: <a href=\"https:\/\/ppp16.waw.pl\/\">https:\/\/ppp16.waw.pl\/<\/a><br>PPP NR 17, ul. \u017bega\u0144ska 1a<br>Strona www: <a href=\"https:\/\/ppp17.eduwarszawa.pl\/\">https:\/\/ppp17.eduwarszawa.pl\/<\/a><br>PPP NR 18, ul. Koncertowa 4<br>Strona www: <a href=\"https:\/\/ppp18.ursynow.warszawa.pl\/\">https:\/\/ppp18.ursynow.warszawa.pl\/<\/a><br>PPP NR 19, ul. Eugeniusza Lokajskiego 3<br>Strona www: <a href=\"https:\/\/ppp19.ursynow.warszawa.pl\/\">https:\/\/ppp19.ursynow.warszawa.pl\/<\/a><br>PPP NR 20, ul. Powsta\u0144c\u00f3w \u015al\u0105skich 17<br>FILIA PPP NR 20, ul. gen. Tadeusza Pe\u0142czy\u0144skiego 26<br>Strona www: <a href=\"https:\/\/www.ppp20.pl\/\">https:\/\/www.ppp20.pl\/<\/a><br>PPP NR 21, ul. Marywilska 44<br>Strona www: <a href=\"https:\/\/pp-p.waw.pl\/\">https:\/\/pp-p.waw.pl\/<\/a><br>PPP NR 22, ul. Malownicza 31<br>Strona www: <a href=\"https:\/\/ppp22.waw.pl\/\">https:\/\/ppp22.waw.pl\/<\/a><br>PPP NR 23, ul. 1 Praskiego Pu\u0142ku WP 8<br>Strona www: <a href=\"https:\/\/ppp23.waw.pl\/\">https:\/\/ppp23.waw.pl\/<\/a><br>PPP NR 24 W WARSZAWIE, AL. RZECZYPOSPOLITEJ 14<br>Strona www: <a href=\"https:\/\/www.poradniawilanow.pl\/\">https:\/\/www.poradniawilanow.pl\/<\/a><br>PORADNIA SPECJALISTYCZNA M\u0141ODZIE\u017bOWY O\u015aRODEK PROFILAKTYKI I PSYCHOTERAPII &#8222;MOP&#8221;, ul. Boryszewska 4<br>Strona www: <a href=\"https:\/\/mop-poradnia.pl\/\">https:\/\/mop-poradnia.pl\/<\/a><br>SPECJALISTYCZNA PORADNIA PROFILAKTYCZNO-TERAPEUTYCZNA DLA DZIECI I M\u0141ODZIE\u017bY &#8222;OPTA&#8221;, ul. Dzielna 7<br>SPECJALISTYCZNA PPP &#8222;TOP&#8221;, ul. Raszy\u0144ska 8\/10<br>Strona www: <a href=\"https:\/\/www.poradnia-top.pl\/\">https:\/\/www.poradnia-top.pl\/<\/a><br>SPECJALISTYCZNA PPP &#8222;UNIWERSYTET DLA RODZIC\u00d3W&#8221;, ul. Karolkowa 53 A<br>Strona www: <a href=\"https:\/\/www.sppp-udr.org\/\">https:\/\/www.sppp-udr.org\/<\/a><\/p>\n\n\n\n<p><strong>Organ prowadz\u0105cy:<\/strong> <strong>Kramek- Machuta Anna<\/strong><br>PSYCHOLANDIA &#8211; PPP, WARSZAWA al. Aleja marsz. J\u00f3zefa Pi\u0142sudskiego 4a\/1<\/p>\n\n\n\n<p><strong>Organ prowadz\u0105cy:<\/strong> <strong>POWIAT WARSZAWSKI ZACHODNI<\/strong><br>PPP W B\u0141ONIU, ul. Pi\u0142sudskiego 10a<br>PPP W DZIEKANOWIE LE\u015aNYM, ul. por. Francisa Akinsa 6<br>PPP W O\u017bAROWIE MAZOWIECKIM, ul. Konotopska 4<br>Strona www: <a href=\"https:\/\/zpppblonie.pl\/\">https:\/\/zpppblonie.pl\/<\/a><\/p>\n\n\n\n<p><strong>Organ prowadz\u0105cy:<\/strong> <strong>POWIAT W\u0118GROWSKI<\/strong><br>PPP W W\u0118GROWIE, ul. marsz. J\u00f3zefa Pi\u0142sudskiego 23<br>Strona www: <a href=\"https:\/\/poradnia.wegrow.pl\/\">https:\/\/poradnia.wegrow.pl\/<\/a><\/p>\n\n\n\n<p><strong>Organ prowadz\u0105cy:<\/strong> <strong>POWIAT WO\u0141OMI\u0143SKI<\/strong><br>PPP W T\u0141USZCZU, ul. Ko\u015bcielna 1a<br>Strona www: <a href=\"https:\/\/ppptluszcz.pl\/\">https:\/\/ppptluszcz.pl\/<\/a><br>PPP W WO\u0141OMINIE, ul. Legion\u00f3w 85<br>Strona www: <a href=\"http:\/\/ppp.wolomin.pl\/\">http:\/\/ppp.wolomin.pl\/<\/a><br>PPP W MARKACH, ul. gen. J\u00f3zefa Zaj\u0105czka 26<br>Strona www: <a href=\"https:\/\/poradniamarki.pl\/\">https:\/\/poradniamarki.pl\/<\/a><br>PPP W Z\u0104BKACH, ul. Ks. Ignacego Skorupki 7a<br>Strona www: <a href=\"https:\/\/ppp-zabki.pl\/\">https:\/\/ppp-zabki.pl\/<\/a><br>PPP W ZIELONCE, ul. In\u017cynierska 1<br>Strona www: <a href=\"https:\/\/www.pppzielonka.pl\/\">https:\/\/www.pppzielonka.pl\/<\/a><\/p>\n\n\n\n<p><strong>Organ prowadz\u0105cy:<\/strong> <strong>KRAJEWSKA OLGA ZUZANNA<\/strong><br>PUBLICZNA PPP W Z\u0104BKACH, ul. Stefana Batorego 62A<br>Strona www: <a href=\"https:\/\/www.pppzielonka.pl\/\">https:\/\/www.pppzielonka.pl\/<\/a><\/p>\n\n\n\n<p><strong>Organ prowadz\u0105cy:<\/strong> <strong>POWIAT WYSZKOWSKI<\/strong><br>PPP W WYSZKOWIE, ul. Tadeusza Ko\u015bciuszki 52<br>Strona www: <a href=\"https:\/\/pppwyszkow.pl\/\">https:\/\/pppwyszkow.pl\/<\/a><\/p>\n\n\n\n<p><strong>Organ prowadz\u0105cy:<\/strong> <strong>POWIAT ZWOLE\u0143SKI<\/strong><br>PPP W ZWOLENIU, ul. Ko\u015bciuszki 39<br>Strona www: <a href=\"http:\/\/www.pppzwolen.pl\/\">http:\/\/www.pppzwolen.pl\/<\/a><\/p>\n\n\n\n<p><strong>Organ prowadz\u0105cy:<\/strong> <strong>POWIAT \u017bUROMI\u0143SKI<\/strong><br>PPP W \u017bUROMINIE, ul. Olszewska 9\/11<br>Strona www: <a href=\"https:\/\/pppzuromin.pl\/\">https:\/\/pppzuromin.pl\/<\/a><\/p>\n\n\n\n<p><strong>Organ prowadz\u0105cy:<\/strong> <strong>POWIAT \u017bYRARDOWSKI<\/strong><br>PPP, ul. Stanis\u0142awa Moniuszki 40<br>Strona www: <a href=\"http:\/\/poradniazyrardow.pl\/\">http:\/\/poradniazyrardow.pl\/<\/a><\/p>\n","protected":false},"excerpt":{"rendered":"<p>Organ prowadz\u0105cy: POWIAT BIA\u0141OBRZESKIPPP w Bia\u0142obrzegach, ul. Stefana \u017beromskiego 84Strona www: https:\/\/poradniabialobrzegi.szkolnastrona.pl\/ Organ prowadz\u0105cy: POWIAT CIECHANOWSKIPPP W CIECHANOWIE, ul. Wyzwolenia 10AStrona www: https:\/\/ppp.powiat-ciechanow.pl\/ Organ prowadz\u0105cy: POWIAT GARWOLI\u0143SKIPPP W GARWOLINIE, ul. Warszawska 3Strona www: https:\/\/pppgarwolin.pl\/ Organ prowadz\u0105cy: POWIAT GOSTYNI\u0143SKIPPP W GOSTYNINIE, ul. J\u00f3zefa Ozdowskiego 1aStrona www: https:\/\/ppp-gostynin.edu.pl\/ Organ prowadz\u0105cy: POWIAT GRODZISKIPPP w Grodzisku Mazowieckim, ul. Ba\u0142tycka&hellip; <br \/> <a class=\"read-more\" href=\"https:\/\/perspektywa3p.us.edu.pl\/index.php\/mazowieckie-wykaz-publicznych-poradni-psychologiczno-pedagogicznych-ppp\/\">Dowiedz si\u0119 wi\u0119cej<\/a><\/p>\n","protected":false},"author":1,"featured_media":0,"parent":0,"menu_order":0,"comment_status":"closed","ping_status":"closed","template":"","meta":{"footnotes":""},"class_list":["post-890","page","type-page","status-publish","hentry"],"_links":{"self":[{"href":"https:\/\/perspektywa3p.us.edu.pl\/index.php\/wp-json\/wp\/v2\/pages\/890","targetHints":{"allow":["GET"]}}],"collection":[{"href":"https:\/\/perspektywa3p.us.edu.pl\/index.php\/wp-json\/wp\/v2\/pages"}],"about":[{"href":"https:\/\/perspektywa3p.us.edu.pl\/index.php\/wp-json\/wp\/v2\/types\/page"}],"author":[{"embeddable":true,"href":"https:\/\/perspektywa3p.us.edu.pl\/index.php\/wp-json\/wp\/v2\/users\/1"}],"replies":[{"embeddable":true,"href":"https:\/\/perspektywa3p.us.edu.pl\/index.php\/wp-json\/wp\/v2\/comments?post=890"}],"version-history":[{"count":4,"href":"https:\/\/perspektywa3p.us.edu.pl\/index.php\/wp-json\/wp\/v2\/pages\/890\/revisions"}],"predecessor-version":[{"id":2733,"href":"https:\/\/perspektywa3p.us.edu.pl\/index.php\/wp-json\/wp\/v2\/pages\/890\/revisions\/2733"}],"wp:attachment":[{"href":"https:\/\/perspektywa3p.us.edu.pl\/index.php\/wp-json\/wp\/v2\/media?parent=890"}],"curies":[{"name":"wp","href":"https:\/\/api.w.org\/{rel}","templated":true}]}}