{"id":888,"date":"2025-07-28T10:51:30","date_gmt":"2025-07-28T10:51:30","guid":{"rendered":"https:\/\/perspektywa3p.us.edu.pl\/?page_id=888"},"modified":"2026-04-17T09:11:39","modified_gmt":"2026-04-17T09:11:39","slug":"mazowieckie-spotkania-webinary-biezace-informacje","status":"publish","type":"page","link":"https:\/\/perspektywa3p.us.edu.pl\/index.php\/mazowieckie-spotkania-webinary-biezace-informacje\/","title":{"rendered":"Mazowieckie &#8211; spotkania\/webinary\/bie\u017c\u0105ce informacje"},"content":{"rendered":"\n<h2 class=\"wp-block-heading\">Nab\u00f3r do konkursu grantowego &#8211; III tura<\/h2>\n\n\n\n<p>Informujemy, \u017ce rozpocz\u0119\u0142a si\u0119 <strong>III tura sk\u0142adania wniosk\u00f3w grantowych<\/strong> w systemie GrantU\u015a w projekcie \u201ePerspektywa 3P\u201d dla wojew\u00f3dztwa mazowieckiego.<\/p>\n\n\n\n<p><strong>Tura III sk\u0142adania wniosk\u00f3w: od 16 marca 2026 r. do 16 kwietnia 2026 r. do godziny 12:00<\/strong>.<\/p>\n\n\n\n<p>Link do strony: <a href=\"https:\/\/perspektywa3p.us.edu.pl\/index.php\/wnioski_grantowe\/\" target=\"_blank\" rel=\"noreferrer noopener\">https:\/\/perspektywa3p.us.edu.pl\/index.php\/wnioski_grantowe\/<\/a><\/p>\n\n\n\n<div class=\"wp-block-group\"><div class=\"wp-block-group__inner-container is-layout-constrained wp-block-group-is-layout-constrained\">\n<h2 class=\"wp-block-heading\">Wyniki oceny merytorycznej wniosk\u00f3w &#8211; II tura<\/h2>\n\n\n\n<figure class=\"wp-block-table is-style-stripes\"><table><thead><tr><th><strong>Nr wniosku<\/strong><\/th><th class=\"has-text-align-center\" data-align=\"center\"><strong>Wynik oceny merytorycznej \/Ocena \u015brednia<\/strong><\/th><th class=\"has-text-align-right\" data-align=\"right\"><strong>Kwota przyznana<\/strong><\/th><\/tr><\/thead><tbody><tr><td>20251103\/1034\/0384<\/td><td class=\"has-text-align-center\" data-align=\"center\">105<\/td><td class=\"has-text-align-right\" data-align=\"right\">134 410,49 z\u0142<\/td><\/tr><tr><td>20251228\/2327\/0844<\/td><td class=\"has-text-align-center\" data-align=\"center\">104,5<\/td><td class=\"has-text-align-right\" data-align=\"right\">120 000,00 z\u0142<\/td><\/tr><tr><td>20260128\/0926\/0929<\/td><td class=\"has-text-align-center\" data-align=\"center\">103<\/td><td class=\"has-text-align-right\" data-align=\"right\">120 000,00 z\u0142<\/td><\/tr><tr><td>20251107\/0701\/0524<\/td><td class=\"has-text-align-center\" data-align=\"center\">102,5<\/td><td class=\"has-text-align-right\" data-align=\"right\">70 000,00 z\u0142<\/td><\/tr><tr><td>20260130\/1016\/0936<\/td><td class=\"has-text-align-center\" data-align=\"center\">101<\/td><td class=\"has-text-align-right\" data-align=\"right\">70 000,00 z\u0142<\/td><\/tr><tr><td>20260112\/1246\/0863<\/td><td class=\"has-text-align-center\" data-align=\"center\">99<\/td><td class=\"has-text-align-right\" data-align=\"right\">70 000,00 z\u0142<\/td><\/tr><tr><td>20251103\/1045\/0388<\/td><td class=\"has-text-align-center\" data-align=\"center\">95<\/td><td class=\"has-text-align-right\" data-align=\"right\">70 000,00 z\u0142<\/td><\/tr><tr><td>20260129\/1309\/0933<\/td><td class=\"has-text-align-center\" data-align=\"center\">92<\/td><td class=\"has-text-align-right\" data-align=\"right\">70 000,00 z\u0142<\/td><\/tr><tr><td>20251216\/2348\/0833<\/td><td class=\"has-text-align-center\" data-align=\"center\">90<\/td><td class=\"has-text-align-right\" data-align=\"right\">70 000,00 z\u0142<\/td><\/tr><\/tbody><\/table><\/figure>\n<\/div><\/div>\n\n\n\n<h2 class=\"wp-block-heading\">Nab\u00f3r do konkursu grantowego &#8211; II tura <\/h2>\n\n\n\n<p>Informujemy, \u017ce rozpocz\u0119\u0142a si\u0119 <strong>II tura sk\u0142adania wniosk\u00f3w grantowych<\/strong> w systemie GrantU\u015a w projekcie \u201ePerspektywa 3P\u201d dla wojew\u00f3dztwa mazowieckiego.<\/p>\n\n\n\n<p><strong>Tura II sk\u0142adania wniosk\u00f3w: od 15 grudnia 2025 r. do 31 stycznia 2026 r. do godziny 14:00<\/strong>.<\/p>\n\n\n\n<p>Link do strony: <a href=\"https:\/\/perspektywa3p.us.edu.pl\/index.php\/grantus\/\">https:\/\/perspektywa3p.us.edu.pl\/index.php\/grantus\/<\/a><\/p>\n\n\n\n<h2 class=\"wp-block-heading\">Wyniki oceny merytorycznej wniosk\u00f3w<\/h2>\n\n\n\n<figure class=\"wp-block-table is-style-stripes\"><table><thead><tr><th><strong>Nr wniosku<\/strong><\/th><th class=\"has-text-align-center\" data-align=\"center\"><strong>Wynik oceny merytorycznej \/Ocena \u015brednia<\/strong><\/th><th class=\"has-text-align-right\" data-align=\"right\"><strong>Kwota przyznana<\/strong><\/th><\/tr><\/thead><tbody><tr><td>20251113\/0942\/0649<\/td><td class=\"has-text-align-center\" data-align=\"center\">112<\/td><td class=\"has-text-align-right\" data-align=\"right\">&nbsp;147&nbsp;464,18&nbsp;z\u0142&nbsp;<\/td><\/tr><tr><td>20251103\/0858\/0373<\/td><td class=\"has-text-align-center\" data-align=\"center\">109,5<\/td><td class=\"has-text-align-right\" data-align=\"right\">&nbsp;149&nbsp;940,00&nbsp;z\u0142&nbsp;<\/td><\/tr><tr><td>20251110\/1008\/0560<\/td><td class=\"has-text-align-center\" data-align=\"center\">109,5<\/td><td class=\"has-text-align-right\" data-align=\"right\">&nbsp;150&nbsp;000,00&nbsp;z\u0142&nbsp;<\/td><\/tr><tr><td>20251106\/0921\/0499<\/td><td class=\"has-text-align-center\" data-align=\"center\">109<\/td><td class=\"has-text-align-right\" data-align=\"right\">&nbsp;149&nbsp;500,00&nbsp;z\u0142&nbsp;<\/td><\/tr><tr><td>20251113\/0905\/0641<\/td><td class=\"has-text-align-center\" data-align=\"center\">109<\/td><td class=\"has-text-align-right\" data-align=\"right\">&nbsp;120&nbsp;000,00&nbsp;z\u0142&nbsp;<\/td><\/tr><tr><td>20251114\/0738\/0708<\/td><td class=\"has-text-align-center\" data-align=\"center\">109<\/td><td class=\"has-text-align-right\" data-align=\"right\">&nbsp;120&nbsp;000,00&nbsp;z\u0142&nbsp;<\/td><\/tr><tr><td>20251103\/1259\/0403<\/td><td class=\"has-text-align-center\" data-align=\"center\">108,5<\/td><td class=\"has-text-align-right\" data-align=\"right\">&nbsp;120&nbsp;000,00&nbsp;z\u0142&nbsp;<\/td><\/tr><tr><td>20251030\/0839\/0303<\/td><td class=\"has-text-align-center\" data-align=\"center\">106,5<\/td><td class=\"has-text-align-right\" data-align=\"right\">&nbsp;120&nbsp;000,00&nbsp;z\u0142&nbsp;<\/td><\/tr><tr><td>20251111\/0854\/0581<\/td><td class=\"has-text-align-center\" data-align=\"center\">106,5<\/td><td class=\"has-text-align-right\" data-align=\"right\">&nbsp;120&nbsp;000,00&nbsp;z\u0142&nbsp;<\/td><\/tr><tr><td>20251113\/1907\/0694<\/td><td class=\"has-text-align-center\" data-align=\"center\">105,5<\/td><td class=\"has-text-align-right\" data-align=\"right\">&nbsp;120&nbsp;000,00&nbsp;z\u0142&nbsp;<\/td><\/tr><tr><td>20251024\/0644\/0089<\/td><td class=\"has-text-align-center\" data-align=\"center\">105<\/td><td class=\"has-text-align-right\" data-align=\"right\">&nbsp;120&nbsp;000,00&nbsp;z\u0142&nbsp;<\/td><\/tr><tr><td>20251114\/0721\/0707<\/td><td class=\"has-text-align-center\" data-align=\"center\">104,5<\/td><td class=\"has-text-align-right\" data-align=\"right\">&nbsp;70&nbsp;000,00&nbsp;z\u0142&nbsp;<\/td><\/tr><tr><td>20251023\/1630\/0050<\/td><td class=\"has-text-align-center\" data-align=\"center\">104<\/td><td class=\"has-text-align-right\" data-align=\"right\">&nbsp;70&nbsp;000,00&nbsp;z\u0142&nbsp;<\/td><\/tr><tr><td>20251103\/1455\/0408<\/td><td class=\"has-text-align-center\" data-align=\"center\">104<\/td><td class=\"has-text-align-right\" data-align=\"right\">&nbsp;70&nbsp;000,00&nbsp;z\u0142&nbsp;<\/td><\/tr><tr><td>20251105\/1922\/0483<\/td><td class=\"has-text-align-center\" data-align=\"center\">104<\/td><td class=\"has-text-align-right\" data-align=\"right\">&nbsp;70&nbsp;000,00&nbsp;z\u0142&nbsp;<\/td><\/tr><tr><td>20251028\/0840\/0238<\/td><td class=\"has-text-align-center\" data-align=\"center\">102,5<\/td><td class=\"has-text-align-right\" data-align=\"right\">&nbsp;70&nbsp;000,00&nbsp;z\u0142&nbsp;<\/td><\/tr><tr><td>20251104\/0744\/0414<\/td><td class=\"has-text-align-center\" data-align=\"center\">102<\/td><td class=\"has-text-align-right\" data-align=\"right\">&nbsp;70&nbsp;000,00&nbsp;z\u0142&nbsp;<\/td><\/tr><tr><td>20251110\/0821\/0556<\/td><td class=\"has-text-align-center\" data-align=\"center\">102<\/td><td class=\"has-text-align-right\" data-align=\"right\">&nbsp;70&nbsp;000,00&nbsp;z\u0142&nbsp;<\/td><\/tr><tr><td>20251110\/1310\/0571<\/td><td class=\"has-text-align-center\" data-align=\"center\">102<\/td><td class=\"has-text-align-right\" data-align=\"right\">&nbsp;70&nbsp;000,00&nbsp;z\u0142&nbsp;<\/td><\/tr><tr><td>20251024\/0842\/0140<\/td><td class=\"has-text-align-center\" data-align=\"center\">100<\/td><td class=\"has-text-align-right\" data-align=\"right\">&nbsp;70&nbsp;000,00&nbsp;z\u0142&nbsp;<\/td><\/tr><tr><td>20251113\/0744\/0634<\/td><td class=\"has-text-align-center\" data-align=\"center\">100<\/td><td class=\"has-text-align-right\" data-align=\"right\">&nbsp;70&nbsp;000,00&nbsp;z\u0142&nbsp;<\/td><\/tr><tr><td>20251102\/1241\/0360<\/td><td class=\"has-text-align-center\" data-align=\"center\">99,5<\/td><td class=\"has-text-align-right\" data-align=\"right\">&nbsp;70&nbsp;000,00&nbsp;z\u0142&nbsp;<\/td><\/tr><tr><td>20251110\/1725\/0577<\/td><td class=\"has-text-align-center\" data-align=\"center\">99,5<\/td><td class=\"has-text-align-right\" data-align=\"right\">&nbsp;70&nbsp;000,00&nbsp;z\u0142&nbsp;<\/td><\/tr><tr><td>20251024\/0628\/0082<\/td><td class=\"has-text-align-center\" data-align=\"center\">98,5<\/td><td class=\"has-text-align-right\" data-align=\"right\">&nbsp;70&nbsp;000,00&nbsp;z\u0142&nbsp;<\/td><\/tr><tr><td>20251024\/0915\/0150<\/td><td class=\"has-text-align-center\" data-align=\"center\">97,5<\/td><td class=\"has-text-align-right\" data-align=\"right\">&nbsp;70&nbsp;000,00&nbsp;z\u0142&nbsp;<\/td><\/tr><tr><td>20251104\/1037\/0430<\/td><td class=\"has-text-align-center\" data-align=\"center\">97,5<\/td><td class=\"has-text-align-right\" data-align=\"right\">&nbsp;70&nbsp;000,00&nbsp;z\u0142&nbsp;<\/td><\/tr><tr><td>20251113\/0745\/0635<\/td><td class=\"has-text-align-center\" data-align=\"center\">97<\/td><td class=\"has-text-align-right\" data-align=\"right\">&nbsp;70&nbsp;000,00&nbsp;z\u0142&nbsp;<\/td><\/tr><tr><td>20251113\/0929\/0645<\/td><td class=\"has-text-align-center\" data-align=\"center\">97<\/td><td class=\"has-text-align-right\" data-align=\"right\">&nbsp;70&nbsp;000,00&nbsp;z\u0142&nbsp;<\/td><\/tr><tr><td>20251024\/1002\/0159<\/td><td class=\"has-text-align-center\" data-align=\"center\">96<\/td><td class=\"has-text-align-right\" data-align=\"right\">&nbsp;70&nbsp;000,00&nbsp;z\u0142&nbsp;<\/td><\/tr><tr><td>20251113\/1158\/0667<\/td><td class=\"has-text-align-center\" data-align=\"center\">95,5<\/td><td class=\"has-text-align-right\" data-align=\"right\">&nbsp;70&nbsp;000,00&nbsp;z\u0142&nbsp;<\/td><\/tr><tr><td>20251023\/1238\/0009<\/td><td class=\"has-text-align-center\" data-align=\"center\">94,5<\/td><td class=\"has-text-align-right\" data-align=\"right\">&nbsp;70&nbsp;000,00&nbsp;z\u0142&nbsp;<\/td><\/tr><tr><td>20251112\/1139\/0614<\/td><td class=\"has-text-align-center\" data-align=\"center\">89<\/td><td class=\"has-text-align-right\" data-align=\"right\">&nbsp;70&nbsp;000,00&nbsp;z\u0142&nbsp;<\/td><\/tr><tr><td>20251024\/0938\/0157<\/td><td class=\"has-text-align-center\" data-align=\"center\">85,5<\/td><td class=\"has-text-align-right\" data-align=\"right\">&nbsp;70&nbsp;000,00&nbsp;z\u0142&nbsp;<\/td><\/tr><tr><td>20251030\/1200\/0332<\/td><td class=\"has-text-align-center\" data-align=\"center\">82<\/td><td class=\"has-text-align-right\" data-align=\"right\">&nbsp;70&nbsp;000,00&nbsp;z\u0142&nbsp;<\/td><\/tr><tr><td>20251115\/1533\/0762<\/td><td class=\"has-text-align-center\" data-align=\"center\">78,5<\/td><td class=\"has-text-align-right\" data-align=\"right\">&nbsp;70&nbsp;000,00&nbsp;z\u0142&nbsp;<\/td><\/tr><tr><td>20251107\/0735\/0525<\/td><td class=\"has-text-align-center\" data-align=\"center\">76,5<\/td><td class=\"has-text-align-right\" data-align=\"right\">&nbsp;70&nbsp;000,00&nbsp;z\u0142&nbsp;<\/td><\/tr><\/tbody><\/table><\/figure>\n\n\n\n<p>Jednocze\u015bnie informujemy, \u017ce zr\u00f3\u017cnicowanie wysoko\u015bci przyznanych \u015brodk\u00f3w pomi\u0119dzy wojew\u00f3dztwami wynika z przyj\u0119tych procedur konkursowych i kwot alokacji przekazanych przez IP. W cz\u0119\u015bci wojew\u00f3dztw, ze wzgl\u0119du na niewype\u0142nienie wska\u017anika projektu, realizowana jest II tura konkursu grantowego (do 31.01.2026 r.), co umo\u017cliwia dalsze rozdysponowanie \u015brodk\u00f3w. Natomiast w wojew\u00f3dztwach, w kt\u00f3rych wska\u017anik zosta\u0142 ju\u017c osi\u0105gni\u0119ty kwota alokacji przekazana przez IP zosta\u0142a zgodnie z procedur\u0105 podzielona na wnioskuj\u0105ce PPP.<\/p>\n\n\n\n<h2 class=\"wp-block-heading\">Spotkania\/webinary<\/h2>\n\n\n\n<h3 class=\"wp-block-heading\">12.11.2025 r.<\/h3>\n\n\n\n<p><strong>Zapraszamy na webinar dotycz\u0105cy aplikowania o grant<\/strong> w Projekcie &#8222;Perspektywa 3P&#8221;, dla przedstawicieli JST oraz PPP, kt\u00f3ry odb\u0119dzie si\u0119 w \u015brod\u0119 <strong>12 listopada 2025r.<\/strong><\/p>\n\n\n\n<p><em>Do\u0142\u0105cz do spotkania 12.11.2025 (10:00 \u2013 10:45<\/em>)<em>:&nbsp;<\/em>\u2192&nbsp;<em>link niedost\u0119pny &#8211; spotkanie zako\u0144czone&nbsp;<\/em>\u2190<\/p>\n\n\n\n<h3 class=\"wp-block-heading\">6.11.2025 r.<\/h3>\n\n\n\n<p>Zapraszamy przedstawicieli publicznych Poradni Psychologiczno-Pedagogicznych i przedstawicieli organ\u00f3w prowadz\u0105cych Poradnie Psychologiczno-Pedagogiczne (PPP) na prawach poradni publicznej z terenu wojew\u00f3dztwa mazowieckiego, na spotkanie stacjonarne, informacyjno &#8211; wdro\u017ceniowe, po\u015bwi\u0119cone przygotowaniu wniosk\u00f3w grantowych do Projektu &#8222;Perspektywa 3P dla wojew\u00f3dztwa mazowieckiego&#8221;.<\/p>\n\n\n\n<p>Spotkanie odb\u0119dzie si\u0119 <strong>6.11.2025r. w godz. 11.00 &#8211; 14.00 <\/strong>w Akademii Pedagogiki Specjalnej im Marii Grzegorzewskiej ul. Szcz\u0119\u015bliwicka 40, Warszawa.&nbsp;<\/p>\n\n\n\n<p>Zg\u0142oszenie udzia\u0142u w spotkaniu: \u2192&nbsp;<em>link niedost\u0119pny &#8211; zg\u0142oszenia zako\u0144czone&nbsp;<\/em>\u2190<\/p>\n\n\n\n<h3 class=\"wp-block-heading\">30.10.2025 r.<\/h3>\n\n\n\n<p><strong>Zapraszamy na webinar dotycz\u0105cy aplikacji GrantU\u015a<\/strong>, skierowany do Przedstawicieli\/ek organ\u00f3w prowadz\u0105cych publiczne poradnie pedagogiczno-psychologiczne oraz Przedstawicieli\/ek publicznych poradni pedagogiczno-psychologicznych i specjalistycznych, kt\u00f3ry odb\u0119dzie si\u0119 w czwartek, <strong>30 pa\u017adziernika 2025 r.<\/strong><\/p>\n\n\n\n<p><em>Do\u0142\u0105cz do spotkania 30.10.2025 (10:00 \u2013 10:45<\/em>)<em>:&nbsp;<\/em>\u2192&nbsp;<em>link niedost\u0119pny &#8211; spotkanie zako\u0144czone&nbsp;<\/em>\u2190<\/p>\n\n\n\n<h3 class=\"wp-block-heading\">6.10.2025 r.<\/h3>\n\n\n\n<p><strong>Zapraszamy na webinar<\/strong> dotycz\u0105cy om\u00f3wienia zasad grantowych dla Przedstawicieli organ\u00f3w prowadz\u0105cych publiczne poradnie pedagogiczno-psychologiczne oraz przedstawicieli publicznych poradni pedagogiczno-psychologicznych i specjalistycznych, kt\u00f3ry odb\u0119dzie si\u0119 w <strong>poniedzia\u0142ek 06 pa\u017adziernika 2025<\/strong>. Godzina zostanie podana w przes\u0142anym Pa\u0144stwu mailu.<\/p>\n\n\n\n<p><em>Do\u0142\u0105cz do spotkania 6.10.2025:&nbsp;<\/em>\u2192&nbsp;<em>link niedost\u0119pny \u2013 spotkanie zako\u0144czone&nbsp;<\/em>\u2190<\/p>\n\n\n\n<div data-wp-interactive=\"core\/file\" class=\"wp-block-file\"><object data-wp-bind--hidden=\"!state.hasPdfPreview\" hidden class=\"wp-block-file__embed\" data=\"https:\/\/perspektywa3p.us.edu.pl\/wp-content\/uploads\/2025\/11\/Mazowieckie_webinar_06.10.2025_tekst-alt.pdf\" type=\"application\/pdf\" style=\"width:100%;height:600px\" aria-label=\"Osadzone z Prezentacja z webinaru z dnia 06.10.2025.\"><\/object><a id=\"wp-block-file--media-ed5cda42-2dd3-44b3-b4bf-a3f9d23ccb76\" href=\"https:\/\/perspektywa3p.us.edu.pl\/wp-content\/uploads\/2025\/11\/Mazowieckie_webinar_06.10.2025_tekst-alt.pdf\">Prezentacja z webinaru z dnia 06.10.2025<\/a><a href=\"https:\/\/perspektywa3p.us.edu.pl\/wp-content\/uploads\/2025\/11\/Mazowieckie_webinar_06.10.2025_tekst-alt.pdf\" class=\"wp-block-file__button wp-element-button\" download aria-describedby=\"wp-block-file--media-ed5cda42-2dd3-44b3-b4bf-a3f9d23ccb76\">Pobierz<\/a><\/div>\n\n\n\n<h3 class=\"wp-block-heading\">19.05.2025 r.<\/h3>\n\n\n\n<p>W zwi\u0105zku z rozpocz\u0119ciem projektu <em>&#8222;Perspektywa 3P dla wojew\u00f3dztwa mazowieckiego&#8221;<\/em> serdecznie zapraszamy Pa\u0144stwa na pierwszy webinar, kt\u00f3ry odb\u0119dzie si\u0119 w <strong>poniedzia\u0142ek 19 maja 09:30\u201310:15 <\/strong>na platformie Teams.<\/p>\n\n\n\n<p><em style=\"box-sizing: border-box; margin: 0px; padding: 0px; outline: 0px; color: rgb(91, 100, 110); font-family: &quot;Open Sans&quot;, sans-serif; font-size: 16px; font-variant-ligatures: normal; font-variant-caps: normal; font-weight: 400; letter-spacing: normal; orphans: 2; text-align: left; text-indent: 0px; text-transform: none; widows: 2; word-spacing: 0px; -webkit-text-stroke-width: 0px; white-space: normal; background-color: rgb(255, 255, 255); text-decoration-thickness: initial; text-decoration-style: initial; text-decoration-color: initial;\">Do\u0142\u0105cz do spotkania 19.05.2025:&nbsp;<\/em><span style=\"color: rgb(91, 100, 110); font-family: &quot;Open Sans&quot;, sans-serif; font-size: 16px; font-style: normal; font-variant-ligatures: normal; font-variant-caps: normal; font-weight: 400; letter-spacing: normal; orphans: 2; text-align: left; text-indent: 0px; text-transform: none; widows: 2; word-spacing: 0px; -webkit-text-stroke-width: 0px; white-space: normal; background-color: rgb(255, 255, 255); text-decoration-thickness: initial; text-decoration-style: initial; text-decoration-color: initial; display: inline !important; float: none;\">\u2192&nbsp;<\/span><em style=\"box-sizing: border-box; margin: 0px; padding: 0px; outline: 0px; color: rgb(91, 100, 110); font-family: &quot;Open Sans&quot;, sans-serif; font-size: 16px; font-variant-ligatures: normal; font-variant-caps: normal; font-weight: 400; letter-spacing: normal; orphans: 2; text-align: left; text-indent: 0px; text-transform: none; widows: 2; word-spacing: 0px; -webkit-text-stroke-width: 0px; white-space: normal; background-color: rgb(255, 255, 255); text-decoration-thickness: initial; text-decoration-style: initial; text-decoration-color: initial;\">link niedost\u0119pny \u2013 spotkanie zako\u0144czone&nbsp;<\/em><span style=\"color: rgb(91, 100, 110); font-family: &quot;Open Sans&quot;, sans-serif; font-size: 16px; font-style: normal; font-variant-ligatures: normal; font-variant-caps: normal; font-weight: 400; letter-spacing: normal; orphans: 2; text-align: left; text-indent: 0px; text-transform: none; widows: 2; word-spacing: 0px; -webkit-text-stroke-width: 0px; white-space: normal; background-color: rgb(255, 255, 255); text-decoration-thickness: initial; text-decoration-style: initial; text-decoration-color: initial; display: inline !important; float: none;\">\u2190<\/span><\/p>\n","protected":false},"excerpt":{"rendered":"<p>Nab\u00f3r do konkursu grantowego &#8211; III tura Informujemy, \u017ce rozpocz\u0119\u0142a si\u0119 III tura sk\u0142adania wniosk\u00f3w grantowych w systemie GrantU\u015a w projekcie \u201ePerspektywa 3P\u201d dla wojew\u00f3dztwa mazowieckiego. Tura III sk\u0142adania wniosk\u00f3w: od 16 marca 2026 r. do 16 kwietnia 2026 r. do godziny 12:00. Link do strony: https:\/\/perspektywa3p.us.edu.pl\/index.php\/wnioski_grantowe\/ Wyniki oceny merytorycznej wniosk\u00f3w &#8211; II tura Nr&hellip; <br \/> <a class=\"read-more\" href=\"https:\/\/perspektywa3p.us.edu.pl\/index.php\/mazowieckie-spotkania-webinary-biezace-informacje\/\">Dowiedz si\u0119 wi\u0119cej<\/a><\/p>\n","protected":false},"author":1,"featured_media":0,"parent":0,"menu_order":0,"comment_status":"closed","ping_status":"closed","template":"","meta":{"footnotes":""},"class_list":["post-888","page","type-page","status-publish","hentry"],"_links":{"self":[{"href":"https:\/\/perspektywa3p.us.edu.pl\/index.php\/wp-json\/wp\/v2\/pages\/888","targetHints":{"allow":["GET"]}}],"collection":[{"href":"https:\/\/perspektywa3p.us.edu.pl\/index.php\/wp-json\/wp\/v2\/pages"}],"about":[{"href":"https:\/\/perspektywa3p.us.edu.pl\/index.php\/wp-json\/wp\/v2\/types\/page"}],"author":[{"embeddable":true,"href":"https:\/\/perspektywa3p.us.edu.pl\/index.php\/wp-json\/wp\/v2\/users\/1"}],"replies":[{"embeddable":true,"href":"https:\/\/perspektywa3p.us.edu.pl\/index.php\/wp-json\/wp\/v2\/comments?post=888"}],"version-history":[{"count":22,"href":"https:\/\/perspektywa3p.us.edu.pl\/index.php\/wp-json\/wp\/v2\/pages\/888\/revisions"}],"predecessor-version":[{"id":4619,"href":"https:\/\/perspektywa3p.us.edu.pl\/index.php\/wp-json\/wp\/v2\/pages\/888\/revisions\/4619"}],"wp:attachment":[{"href":"https:\/\/perspektywa3p.us.edu.pl\/index.php\/wp-json\/wp\/v2\/media?parent=888"}],"curies":[{"name":"wp","href":"https:\/\/api.w.org\/{rel}","templated":true}]}}