{"id":877,"date":"2025-07-28T10:48:38","date_gmt":"2025-07-28T10:48:38","guid":{"rendered":"https:\/\/perspektywa3p.us.edu.pl\/?page_id=877"},"modified":"2025-07-28T10:48:39","modified_gmt":"2025-07-28T10:48:39","slug":"malopolskie-wykaz-publicznych-poradni-psychologiczno-pedagogicznych-ppp","status":"publish","type":"page","link":"https:\/\/perspektywa3p.us.edu.pl\/index.php\/malopolskie-wykaz-publicznych-poradni-psychologiczno-pedagogicznych-ppp\/","title":{"rendered":"Ma\u0142opolskie \u2013 wykaz publicznych poradni psychologiczno-pedagogicznych (PPP)"},"content":{"rendered":"\n<p><strong>Organ prowadz\u0105cy:<\/strong> <strong>POWIAT BOCHE\u0143SKI<\/strong><br>PPP IM. STEFANA SZUMANA W BOCHNI, ul. gen. Henryka D\u0105browskiego 1B<br>Strona www: <a href=\"https:\/\/pppbochnia.pl\/\">https:\/\/pppbochnia.pl\/<\/a><\/p>\n\n\n\n<p><strong>Organ prowadz\u0105cy:<\/strong> <strong>POWIAT BRZESKI<\/strong><br>PPP W BRZESKU, ul. Piastowska 2b<br>Strona www: <a href=\"https:\/\/pppbrzesko.pl\/\">https:\/\/pppbrzesko.pl\/<\/a><\/p>\n\n\n\n<p><strong>Organ prowadz\u0105cy:<\/strong> <strong>POWIAT CHRZANOWSKI<\/strong><br>PPP W CHRZANOWIE, ul. marsz. F. Focha 3<br>Strona www: <a href=\"https:\/\/ppp.powiat-chrzanowski.pl\/\">https:\/\/ppp.powiat-chrzanowski.pl\/<\/a><\/p>\n\n\n\n<p><strong>Organ prowadz\u0105cy:<\/strong> <strong>POWIAT D\u0104BROWSKI<\/strong><br>PPP W D\u0104BROWIE TARNOWSKIEJ, ul. Szpitalna 1<br>Strona www: <a href=\"https:\/\/poradnia-dt.pl\/\">https:\/\/poradnia-dt.pl\/<\/a><\/p>\n\n\n\n<p><strong>Organ prowadz\u0105cy:<\/strong> <strong>POWIAT GORLICKI<\/strong><br>PPP W GORLICACH, ul. Niepodleg\u0142o\u015bci 5A<br>PPP W GORLICACH FILIA W BIECZU, ul. Parkowa 1<br>Strona www: <a href=\"https:\/\/poradnia-gorlice.pl\/\">https:\/\/poradnia-gorlice.pl\/<\/a><\/p>\n\n\n\n<p><strong>Organ prowadz\u0105cy:<\/strong> <strong>GMINA KRZESZOWICE<\/strong><br>PPP W KRZESZOWICACH, ul. D\u0142uga 22<br>Strona www: <a href=\"http:\/\/poradniakrzeszowice.szkolnastrona.pl\/\">http:\/\/poradniakrzeszowice.szkolnastrona.pl\/<\/a><\/p>\n\n\n\n<p><strong>Organ prowadz\u0105cy:<\/strong> <strong>GMINA SKAWINA<\/strong><br>SPECJALISTYCZNA PPP W SKAWINIE, ul. Tadeusza Ko\u015bciuszki 10<br>Strona www: <a href=\"https:\/\/poradniaskawina.pl\/\">https:\/\/poradniaskawina.pl\/<\/a><\/p>\n\n\n\n<p><strong>Organ prowadz\u0105cy:<\/strong> <strong>POWIAT KRAKOWSKI<\/strong><br>SPECJALISTYCZNA PPP POWIATU KRAKOWSKIEGO, ul. Fatimska 41a<br>SPECJALISTYCZNA PPP POWIATU KRAKOWSKIEGO &#8211; FILIA W S\u0141OMNIKACH, ul. Tadeusza Ko\u015bciuszki 26<br>SPECJALISTYCZNA PPP POWIATU KRAKOWSKIEGO &#8211; FILIA W SKALE, ul. Bohater\u00f3w Wrze\u015bnia 42<br>Strona www: <a href=\"https:\/\/sppppk.pl\/\">https:\/\/sppppk.pl\/<\/a><\/p>\n\n\n\n<p><strong>Organ prowadz\u0105cy:<\/strong> <strong>GMINA ZABIERZ\u00d3W<\/strong><br>PPP W ZABIERZOWIE, ul. Cmentarna 2<br>Strona www: <a href=\"https:\/\/poradnia.zabierzow.org.pl\/\">https:\/\/poradnia.zabierzow.org.pl\/<\/a><\/p>\n\n\n\n<p><strong>Organ prowadz\u0105cy:<\/strong> <strong>MIASTO<\/strong> <strong>KRAK\u00d3W<\/strong><br>PPP NR 1 W KRAKOWIE, ul. Adama Chmielowskiego 1<br>Strona www: <a href=\"http:\/\/www.poradnia.oswiata.org.pl\/\">http:\/\/www.poradnia.oswiata.org.pl\/<\/a><br>PPP NR 2 W KRAKOWIE, ul. Siewna 23d<br>Strona www: <a href=\"https:\/\/poradnia2krakow.pl\/\">https:\/\/poradnia2krakow.pl\/<\/a><br>PPP NR 3 W KRAKOWIE, ul. Konfederacka 18<br>Strona www: <a href=\"https:\/\/www.poradnia3.krakow.pl\/\">https:\/\/www.poradnia3.krakow.pl\/<\/a><br>PPP NR 4 IM. JANUSZA KORCZAKA W KRAKOWIE, os. Osiedle Kalinowe 18<br>Strona www: <a href=\"https:\/\/poradnia4.krakow.pl\/\">https:\/\/poradnia4.krakow.pl\/<\/a><br>SPECJALISTYCZNA PORADNIA WCZESNEJ POMOCY PSYCHOLOGICZNO-PEDAGOGICZNEJ W KRAKOWIE, os. Osiedle Willowe 35<br>Strona www: <a href=\"https:\/\/www.owpp.pl\/\">https:\/\/www.owpp.pl\/<\/a><br>SPECJALISTYCZNA PPP PN. &#8222;KRAKOWSKI O\u015aRODEK KARIERY&#8221; W KRAKOWIE, ul. Wac\u0142awa Pop\u0142awskiego 17<br>Strona www: <a href=\"https:\/\/poradniakrakow.com.pl\/\">https:\/\/poradniakrakow.com.pl\/<\/a><br>SPECJALISTYCZNA PPP DLA DZIECI Z NIEPOWODZENIAMI EDUKACYJNYMI W KRAKOWIE, ul. \u015bw. Gertrudy 2<br>Strona www: <a href=\"https:\/\/www.poradnia-psychologiczna.com\/\">https:\/\/www.poradnia-psychologiczna.com\/<\/a><br>SPECJALISTYCZNA PPP &#8222;KRAKOWSKI O\u015aRODEK TERAPII&#8221;, ul. Helcl\u00f3w 23a<br>Strona www: <a href=\"http:\/\/kot.krakow.pl\/\">http:\/\/kot.krakow.pl\/<\/a><\/p>\n\n\n\n<p><strong>Organ prowadz\u0105cy:<\/strong> <strong>POWIAT LIMANOWSKI<\/strong><br>ZESP\u00d3\u0141 PLAC\u00d3WEK O\u015aWIATOWYCH W LIMANOWEJ &#8211; PPP, ul. Zygmunta Augusta 8<br>Strona www: <a href=\"https:\/\/ppp.zpo.limanowa.pl\/\">https:\/\/ppp.zpo.limanowa.pl\/<\/a><\/p>\n\n\n\n<p><strong>Organ prowadz\u0105cy:<\/strong> <strong>POWIAT MIECHOWSKI<\/strong><br>PPP W MIECHOWIE, ul. Henryka Sienkiewicza 20<br>Strona www: <a href=\"https:\/\/poradnia-miechow.com\/\">https:\/\/poradnia-miechow.com\/<\/a><\/p>\n\n\n\n<p><strong>Organ prowadz\u0105cy:<\/strong> <strong>GMINA DOBCZYCE<\/strong><br>PPP W DOBCZYCACH, ul. Szkolna 20b<br>Strona www: <a href=\"http:\/\/pppdobczyce.pl\/\">http:\/\/pppdobczyce.pl\/<\/a><\/p>\n\n\n\n<p><strong>Organ prowadz\u0105cy:<\/strong> <strong>POWIAT MY\u015aLENICKI<\/strong><br>PPP W MY\u015aLENICACH, ul. Juliusza S\u0142owackiego 36<br>Strona www: <a href=\"https:\/\/poradniamyslenice.pl\/\">https:\/\/poradniamyslenice.pl\/<\/a><\/p>\n\n\n\n<p><strong>Organ prowadz\u0105cy:<\/strong> <strong>POWIAT NOWOS\u0104DECKI<\/strong><br>POWIATOWA PPP W NOWYM S\u0104CZU, ul. Ludwika Wary\u0144skiego 1<br>POWIATOWA PPP W NOWYM S\u0104CZU FILIA W GRYBOWIE, ul. Armii Krajowej 19<br>POWIATOWA PPP W NOWYM S\u0104CZU FILIA W KRYNICY ZDROJU, ul. Nadbrze\u017cna 3<br>POWIATOWA PPP W NOWYM S\u0104CZU FILIA W STARYM S\u0104CZU, ul. Partyzant\u00f3w 15<br>Strona www: <a href=\"https:\/\/ppppns.pl\/\">https:\/\/ppppns.pl\/<\/a><\/p>\n\n\n\n<p><strong>Organ prowadz\u0105cy:<\/strong> <strong>POWIAT NOWOTARSKI<\/strong><br>PPP W NOWYM TARGU, ul. Kr\u00f3lowej Jadwigi 1<br>Strona www: <a href=\"https:\/\/poradnia-nt.nowotarski.edu.pl\/\">https:\/\/poradnia-nt.nowotarski.edu.pl\/<\/a><br>PPP W RABCE-ZDROJU, ul. S\u0142owackiego 2<br>Strona www: <a href=\"https:\/\/ppprabka.nowotarski.edu.pl\/\">https:\/\/ppprabka.nowotarski.edu.pl\/<\/a><\/p>\n\n\n\n<p><strong>Organ prowadz\u0105cy:<\/strong> <strong>NOWY S\u0104CZ &#8211; MIASTO NA PRAWACH POWIATU<\/strong><br>PPP W NOWYM S\u0104CZU, ul. W\u0142adys\u0142awa Broniewskiego 5<br>Strona www: <a href=\"https:\/\/poradnia-nowysacz.pl\/\">https:\/\/poradnia-nowysacz.pl\/<\/a><\/p>\n\n\n\n<p><strong>Organ prowadz\u0105cy:<\/strong> <strong>POWIAT OLKUSKI<\/strong><br>PPP W OLKUSZU, ul. Legion\u00f3w Polskich 3<br>FILIA PPP W OLKUSZU Z SIEDZIB\u0104 W WOLBROMIU, ul. \u0141ukasi\u0144skiego 6<br>Strona www: <a href=\"https:\/\/pppolkusz.pl\/\">https:\/\/pppolkusz.pl\/<\/a><\/p>\n\n\n\n<p><strong>Organ prowadz\u0105cy:<\/strong> <strong>POWIAT O\u015aWI\u0118CIMSKI<\/strong><br>PPP W O\u015aWI\u0118CIMIU, ul. gen. J\u00f3zefa Bema 4<br>Strona www: <a href=\"https:\/\/poradnia-oswiecim.pl\/\">https:\/\/poradnia-oswiecim.pl\/<\/a><br>PPP W BRZESZCZACH, ul. Nosala 7<br>Strona www: <a href=\"http:\/\/www.poradniap.pl\/\">http:\/\/www.poradniap.pl\/<\/a><br>PPP W K\u0118TACH, ul. \u017bwirki i Wigury 27a<br>Strona www: <a href=\"http:\/\/poradniakety.pl\/\">http:\/\/poradniakety.pl\/<\/a><\/p>\n\n\n\n<p><strong>Organ prowadz\u0105cy:<\/strong> <strong>POWIAT PROSZOWICKI<\/strong><br>PPP W PROSZOWICACH, ul. Kolejowa 10<br>Strona www: <a href=\"http:\/\/ppp.proszowice.sam3.pl\/\">http:\/\/ppp.proszowice.sam3.pl\/<\/a><\/p>\n\n\n\n<p><strong>Organ prowadz\u0105cy:<\/strong> <strong>POWIAT SUSKI<\/strong><br>PPP W MAKOWIE PODHALA\u0143SKIM, ul. Rynek 8<br>Strona www: <a href=\"https:\/\/ppp-powiatsuski.pl\/\">https:\/\/ppp-powiatsuski.pl\/<\/a><\/p>\n\n\n\n<p><strong>Organ prowadz\u0105cy:<\/strong> <strong>POWIAT TARNOWSKI<\/strong><br>POWIATOWA PPP W TARNOWIE, ul. Krzyska 17A<br>POWIATOWA PPP W TARNOWIE FILIA W TUCHOWIE, ul. Zielona 20<br>POWIATOWA PPP W TARNOWIE FILIA W WOJNICZU, ul. Jagiello\u0144ska 17<br>POWIATOWA PPP W TARNOWIE FILIA W \u017bABNIE, ul. Aleja Pi\u0142sudskiego 31<br>Strona www: <a href=\"http:\/\/www.pppptarnow.pl\/\">http:\/\/www.pppptarnow.pl\/<\/a><\/p>\n\n\n\n<p><strong>Organ prowadz\u0105cy:<\/strong> <strong>GMINA MIASTA TARNOWA<\/strong><br>PPP, ul. Chyszowska 3<br>Strona www: <a href=\"https:\/\/www.ppptarnow.pl\/\">https:\/\/www.ppptarnow.pl\/<\/a><br>SPECJALISTYCZNA PORADNIA PROFILAKTYCZNO-TERAPEUTYCZNA W TARNOWIE, ul. J\u00f3zefa Szujskiego 25<br>Strona www: <a href=\"https:\/\/www.sppt.tarnow.pl\/\">https:\/\/www.sppt.tarnow.pl\/<\/a><\/p>\n\n\n\n<p><strong>Organ prowadz\u0105cy:<\/strong> <strong>POWIAT TATRZA\u0143SKI<\/strong><br>PPP W ZAKOPANEM, ul. Heleny Modrzejewskiej 5<br>Strona www: <a href=\"https:\/\/pppzakopane.szkolnastrona.pl\/\">https:\/\/pppzakopane.szkolnastrona.pl\/<\/a><\/p>\n\n\n\n<p><strong>Organ prowadz\u0105cy:<\/strong> <strong>POWIAT WADOWICKI<\/strong><br>PPP W ANDRYCHOWIE, ul. Metalowc\u00f3w 10<br>Strona www: <a href=\"https:\/\/www.pppandrychow.pl\/\">https:\/\/www.pppandrychow.pl\/<\/a><br>PPP W WADOWICACH, ul. Emilii i Karola Wojty\u0142\u00f3w 16<br>Strona www: <a href=\"https:\/\/pppwadowice.iap.pl\/\">https:\/\/pppwadowice.iap.pl\/<\/a><\/p>\n\n\n\n<p><strong>Organ prowadz\u0105cy:<\/strong> <strong>POWIAT WIELICKI<\/strong><br>POWIATOWA PPP W WIELICZCE, ul. Niepo\u0142omska 26c<br>Strona www: <a href=\"https:\/\/poradnia-wieliczka.pl\/\">https:\/\/poradnia-wieliczka.pl\/<\/a><\/p>\n","protected":false},"excerpt":{"rendered":"<p>Organ prowadz\u0105cy: POWIAT BOCHE\u0143SKIPPP IM. STEFANA SZUMANA W BOCHNI, ul. gen. Henryka D\u0105browskiego 1BStrona www: https:\/\/pppbochnia.pl\/ Organ prowadz\u0105cy: POWIAT BRZESKIPPP W BRZESKU, ul. Piastowska 2bStrona www: https:\/\/pppbrzesko.pl\/ Organ prowadz\u0105cy: POWIAT CHRZANOWSKIPPP W CHRZANOWIE, ul. marsz. F. Focha 3Strona www: https:\/\/ppp.powiat-chrzanowski.pl\/ Organ prowadz\u0105cy: POWIAT D\u0104BROWSKIPPP W D\u0104BROWIE TARNOWSKIEJ, ul. Szpitalna 1Strona www: https:\/\/poradnia-dt.pl\/ Organ prowadz\u0105cy: POWIAT&hellip; <br \/> <a class=\"read-more\" href=\"https:\/\/perspektywa3p.us.edu.pl\/index.php\/malopolskie-wykaz-publicznych-poradni-psychologiczno-pedagogicznych-ppp\/\">Dowiedz si\u0119 wi\u0119cej<\/a><\/p>\n","protected":false},"author":1,"featured_media":0,"parent":0,"menu_order":0,"comment_status":"closed","ping_status":"closed","template":"","meta":{"footnotes":""},"class_list":["post-877","page","type-page","status-publish","hentry"],"_links":{"self":[{"href":"https:\/\/perspektywa3p.us.edu.pl\/index.php\/wp-json\/wp\/v2\/pages\/877","targetHints":{"allow":["GET"]}}],"collection":[{"href":"https:\/\/perspektywa3p.us.edu.pl\/index.php\/wp-json\/wp\/v2\/pages"}],"about":[{"href":"https:\/\/perspektywa3p.us.edu.pl\/index.php\/wp-json\/wp\/v2\/types\/page"}],"author":[{"embeddable":true,"href":"https:\/\/perspektywa3p.us.edu.pl\/index.php\/wp-json\/wp\/v2\/users\/1"}],"replies":[{"embeddable":true,"href":"https:\/\/perspektywa3p.us.edu.pl\/index.php\/wp-json\/wp\/v2\/comments?post=877"}],"version-history":[{"count":1,"href":"https:\/\/perspektywa3p.us.edu.pl\/index.php\/wp-json\/wp\/v2\/pages\/877\/revisions"}],"predecessor-version":[{"id":878,"href":"https:\/\/perspektywa3p.us.edu.pl\/index.php\/wp-json\/wp\/v2\/pages\/877\/revisions\/878"}],"wp:attachment":[{"href":"https:\/\/perspektywa3p.us.edu.pl\/index.php\/wp-json\/wp\/v2\/media?parent=877"}],"curies":[{"name":"wp","href":"https:\/\/api.w.org\/{rel}","templated":true}]}}