{"id":874,"date":"2025-07-28T10:47:46","date_gmt":"2025-07-28T10:47:46","guid":{"rendered":"https:\/\/perspektywa3p.us.edu.pl\/?page_id=874"},"modified":"2026-02-02T11:22:32","modified_gmt":"2026-02-02T11:22:32","slug":"malopolskie-spotkania-webinary-biezace-informacje","status":"publish","type":"page","link":"https:\/\/perspektywa3p.us.edu.pl\/index.php\/malopolskie-spotkania-webinary-biezace-informacje\/","title":{"rendered":"Ma\u0142opolskie &#8211; spotkania\/webinary\/bie\u017c\u0105ce informacje"},"content":{"rendered":"\n<h2 class=\"wp-block-heading\">Wyniki oceny merytorycznej wniosk\u00f3w<\/h2>\n\n\n\n<figure class=\"wp-block-table is-style-stripes\"><table><thead><tr><th><strong>Nr wniosku<\/strong><\/th><th class=\"has-text-align-center\" data-align=\"center\"><strong>Wynik oceny merytorycznej \/Ocena \u015brednia<\/strong><\/th><th class=\"has-text-align-right\" data-align=\"right\"><strong>Kwota przyznana<\/strong><\/th><\/tr><\/thead><tbody><tr><td>20251023\/1838\/0060<\/td><td class=\"has-text-align-center\" data-align=\"center\">112,5<\/td><td class=\"has-text-align-right\" data-align=\"right\">&nbsp;149&nbsp;996,96&nbsp;z\u0142&nbsp;<\/td><\/tr><tr><td>20251031\/1140\/0353<\/td><td class=\"has-text-align-center\" data-align=\"center\">112,5<\/td><td class=\"has-text-align-right\" data-align=\"right\">&nbsp;150&nbsp;000,00&nbsp;z\u0142&nbsp;<\/td><\/tr><tr><td>20251107\/0622\/0522<\/td><td class=\"has-text-align-center\" data-align=\"center\">110<\/td><td class=\"has-text-align-right\" data-align=\"right\">&nbsp;149&nbsp;877,36&nbsp;z\u0142&nbsp;<\/td><\/tr><tr><td>20251105\/0914\/0459<\/td><td class=\"has-text-align-center\" data-align=\"center\">109,5<\/td><td class=\"has-text-align-right\" data-align=\"right\">&nbsp;149&nbsp;969,87&nbsp;z\u0142&nbsp;<\/td><\/tr><tr><td>20251106\/1420\/0517<\/td><td class=\"has-text-align-center\" data-align=\"center\">107<\/td><td class=\"has-text-align-right\" data-align=\"right\">&nbsp;120&nbsp;000,00&nbsp;z\u0142&nbsp;<\/td><\/tr><tr><td>20251024\/1248\/0181<\/td><td class=\"has-text-align-center\" data-align=\"center\">106<\/td><td class=\"has-text-align-right\" data-align=\"right\">&nbsp;109&nbsp;773,42&nbsp;z\u0142&nbsp;<\/td><\/tr><tr><td>20251023\/1356\/0035<\/td><td class=\"has-text-align-center\" data-align=\"center\">104,5<\/td><td class=\"has-text-align-right\" data-align=\"right\">&nbsp;119&nbsp;380,25&nbsp;z\u0142&nbsp;<\/td><\/tr><tr><td>20251024\/0753\/0115<\/td><td class=\"has-text-align-center\" data-align=\"center\">104,5<\/td><td class=\"has-text-align-right\" data-align=\"right\">&nbsp;120&nbsp;000,00&nbsp;z\u0142&nbsp;<\/td><\/tr><tr><td>20251028\/0906\/0242<\/td><td class=\"has-text-align-center\" data-align=\"center\">104,5<\/td><td class=\"has-text-align-right\" data-align=\"right\">&nbsp;110&nbsp;490,00&nbsp;z\u0142&nbsp;<\/td><\/tr><tr><td>20251107\/1025\/0531<\/td><td class=\"has-text-align-center\" data-align=\"center\">104<\/td><td class=\"has-text-align-right\" data-align=\"right\">&nbsp;120&nbsp;000,00&nbsp;z\u0142&nbsp;<\/td><\/tr><tr><td>20251103\/1032\/0383<\/td><td class=\"has-text-align-center\" data-align=\"center\">103,5<\/td><td class=\"has-text-align-right\" data-align=\"right\">&nbsp;120&nbsp;000,00&nbsp;z\u0142&nbsp;<\/td><\/tr><tr><td>20251024\/0751\/0113<\/td><td class=\"has-text-align-center\" data-align=\"center\">103<\/td><td class=\"has-text-align-right\" data-align=\"right\">&nbsp;119&nbsp;000,00&nbsp;z\u0142&nbsp;<\/td><\/tr><tr><td>20251112\/1112\/0612<\/td><td class=\"has-text-align-center\" data-align=\"center\">99,5<\/td><td class=\"has-text-align-right\" data-align=\"right\">&nbsp;119&nbsp;000,00&nbsp;z\u0142&nbsp;<\/td><\/tr><tr><td>20251111\/1750\/0589<\/td><td class=\"has-text-align-center\" data-align=\"center\">99<\/td><td class=\"has-text-align-right\" data-align=\"right\">&nbsp;119&nbsp;000,00&nbsp;z\u0142&nbsp;<\/td><\/tr><tr><td>20251024\/0734\/0111<\/td><td class=\"has-text-align-center\" data-align=\"center\">99<\/td><td class=\"has-text-align-right\" data-align=\"right\">&nbsp;119&nbsp;000,00&nbsp;z\u0142&nbsp;<\/td><\/tr><tr><td>20251024\/0716\/0104<\/td><td class=\"has-text-align-center\" data-align=\"center\">97,5<\/td><td class=\"has-text-align-right\" data-align=\"right\">&nbsp;119&nbsp;000,00&nbsp;z\u0142&nbsp;<\/td><\/tr><tr><td>20251106\/1507\/0518<\/td><td class=\"has-text-align-center\" data-align=\"center\">97<\/td><td class=\"has-text-align-right\" data-align=\"right\">&nbsp;119&nbsp;000,00&nbsp;z\u0142&nbsp;<\/td><\/tr><tr><td>20251028\/1059\/0252<\/td><td class=\"has-text-align-center\" data-align=\"center\">95,5<\/td><td class=\"has-text-align-right\" data-align=\"right\">&nbsp;93&nbsp;141,72&nbsp;z\u0142&nbsp;<\/td><\/tr><tr><td>20251103\/1852\/0410<\/td><td class=\"has-text-align-center\" data-align=\"center\">95<\/td><td class=\"has-text-align-right\" data-align=\"right\">&nbsp;119&nbsp;000,00&nbsp;z\u0142&nbsp;<\/td><\/tr><tr><td>20251105\/1706\/0482<\/td><td class=\"has-text-align-center\" data-align=\"center\">95<\/td><td class=\"has-text-align-right\" data-align=\"right\">119\u00a0000,00\u00a0z\u0142\u00a0<\/td><\/tr><tr><td>20251113\/1646\/0692<\/td><td class=\"has-text-align-center\" data-align=\"center\">92,5<\/td><td class=\"has-text-align-right\" data-align=\"right\">&nbsp;119&nbsp;000,00&nbsp;z\u0142&nbsp;<\/td><\/tr><tr><td>20251114\/1447\/0753<\/td><td class=\"has-text-align-center\" data-align=\"center\">92<\/td><td class=\"has-text-align-right\" data-align=\"right\">&nbsp;98&nbsp;279,97&nbsp;z\u0142&nbsp;<\/td><\/tr><tr><td>20251112\/1054\/0608<\/td><td class=\"has-text-align-center\" data-align=\"center\">90,5<\/td><td class=\"has-text-align-right\" data-align=\"right\">119\u00a0000,00\u00a0z\u0142 <\/td><\/tr><tr><td>20251117\/0957\/0788<\/td><td class=\"has-text-align-center\" data-align=\"center\">90,5<\/td><td class=\"has-text-align-right\" data-align=\"right\">\u00a0119\u00a0000,00\u00a0z\u0142\u00a0<\/td><\/tr><tr><td>20251103\/1115\/0394<\/td><td class=\"has-text-align-center\" data-align=\"center\">90<\/td><td class=\"has-text-align-right\" data-align=\"right\">119\u00a0000,00\u00a0z\u0142\u00a0<\/td><\/tr><tr><td>20251023\/2023\/0067<\/td><td class=\"has-text-align-center\" data-align=\"center\">89,5<\/td><td class=\"has-text-align-right\" data-align=\"right\">119\u00a0000,00\u00a0z\u0142\u00a0<\/td><\/tr><tr><td>20251027\/0804\/0205<\/td><td class=\"has-text-align-center\" data-align=\"center\">89<\/td><td class=\"has-text-align-right\" data-align=\"right\">&nbsp;119&nbsp;000,00&nbsp;z\u0142&nbsp;<\/td><\/tr><tr><td>20251112\/1103\/0610<\/td><td class=\"has-text-align-center\" data-align=\"center\">87<\/td><td class=\"has-text-align-right\" data-align=\"right\">&nbsp;119&nbsp;000,00&nbsp;z\u0142&nbsp;<\/td><\/tr><tr><td>20251114\/0917\/0720<\/td><td class=\"has-text-align-center\" data-align=\"center\">86,5<\/td><td class=\"has-text-align-right\" data-align=\"right\">\u00a0119\u00a0000,00\u00a0z\u0142\u00a0<\/td><\/tr><tr><td>20251112\/1208\/0615<\/td><td class=\"has-text-align-center\" data-align=\"center\">86<\/td><td class=\"has-text-align-right\" data-align=\"right\">\u00a0119\u00a0000,00\u00a0z\u0142 <\/td><\/tr><tr><td>20251031\/0813\/0347<\/td><td class=\"has-text-align-center\" data-align=\"center\">86<\/td><td class=\"has-text-align-right\" data-align=\"right\">&nbsp;119&nbsp;000,00&nbsp;z\u0142&nbsp;<\/td><\/tr><tr><td>20251104\/0842\/0422<\/td><td class=\"has-text-align-center\" data-align=\"center\">84,5<\/td><td class=\"has-text-align-right\" data-align=\"right\">&nbsp;119&nbsp;000,00&nbsp;z\u0142&nbsp;<\/td><\/tr><tr><td>20251105\/1053\/0466<\/td><td class=\"has-text-align-center\" data-align=\"center\">80,5<\/td><td class=\"has-text-align-right\" data-align=\"right\">&nbsp;119&nbsp;000,00&nbsp;z\u0142&nbsp;<\/td><\/tr><tr><td>20251114\/0952\/0723<\/td><td class=\"has-text-align-center\" data-align=\"center\">80<\/td><td class=\"has-text-align-right\" data-align=\"right\">&nbsp;119&nbsp;000,00&nbsp;z\u0142&nbsp;<\/td><\/tr><tr><td>20251029\/0804\/0268<\/td><td class=\"has-text-align-center\" data-align=\"center\">68,5<\/td><td class=\"has-text-align-right\" data-align=\"right\">&nbsp;73&nbsp;128,30&nbsp;z\u0142&nbsp;<\/td><\/tr><tr><td>20251114\/1010\/0727<\/td><td class=\"has-text-align-center\" data-align=\"center\">39<\/td><td class=\"has-text-align-right\" data-align=\"right\">&nbsp;35&nbsp;749,00&nbsp;z\u0142&nbsp;<\/td><\/tr><\/tbody><\/table><\/figure>\n\n\n\n<p>Jednocze\u015bnie informujemy, \u017ce zr\u00f3\u017cnicowanie wysoko\u015bci przyznanych \u015brodk\u00f3w pomi\u0119dzy wojew\u00f3dztwami wynika z przyj\u0119tych procedur konkursowych i kwot alokacji przekazanych przez IP. W cz\u0119\u015bci wojew\u00f3dztw, ze wzgl\u0119du na niewype\u0142nienie wska\u017anika projektu, realizowana jest II tura konkursu grantowego (do 31.01.2026 r.), co umo\u017cliwia dalsze rozdysponowanie \u015brodk\u00f3w. Natomiast w wojew\u00f3dztwach, w kt\u00f3rych wska\u017anik zosta\u0142 ju\u017c osi\u0105gni\u0119ty kwota alokacji przekazana przez IP zosta\u0142a zgodnie z procedur\u0105 podzielona na wnioskuj\u0105ce PPP.<\/p>\n\n\n\n<h2 class=\"wp-block-heading\">Spotkania\/webinary<\/h2>\n\n\n\n<h3 class=\"wp-block-heading\">12.11.2025 r.<\/h3>\n\n\n\n<p><strong>Zapraszamy na webinar dotycz\u0105cy aplikowania o grant<\/strong> w Projekcie &#8222;Perspektywa 3P&#8221;, dla przedstawicieli JST oraz PPP, kt\u00f3ry odb\u0119dzie si\u0119 w \u015brod\u0119 <strong>12 listopada 2025r.<\/strong><\/p>\n\n\n\n<p><em>Do\u0142\u0105cz do spotkania 12.11.2025 (10:00 \u2013 10:45<\/em>)<em>:&nbsp;<\/em>\u2192&nbsp;<em>link niedost\u0119pny &#8211; spotkanie zako\u0144czone&nbsp;<\/em>\u2190<\/p>\n\n\n\n<h3 class=\"wp-block-heading\">30.10.2025<\/h3>\n\n\n\n<p><strong>Zapraszamy na webinar dotycz\u0105cy aplikacji GrantU\u015a<\/strong>, skierowany do Przedstawicieli\/ek organ\u00f3w prowadz\u0105cych publiczne poradnie pedagogiczno-psychologiczne oraz Przedstawicieli\/ek publicznych poradni pedagogiczno-psychologicznych i specjalistycznych, kt\u00f3ry odb\u0119dzie si\u0119 w czwartek, <strong>30 pa\u017adziernika 2025 r.<\/strong><\/p>\n\n\n\n<p><em>Do\u0142\u0105cz do spotkania 30.10.2025 (12:00 \u2013 12:45<\/em>)<em>:&nbsp;<\/em>\u2192&nbsp;<em>link niedost\u0119pny &#8211; spotkanie zako\u0144czone&nbsp;<\/em>\u2190<\/p>\n\n\n\n<h3 class=\"wp-block-heading\">6.10.2025 r.<\/h3>\n\n\n\n<p><strong>Zapraszamy na webinar<\/strong> dotycz\u0105cy om\u00f3wienia zasad grantowych dla Przedstawicieli organ\u00f3w prowadz\u0105cych publiczne poradnie pedagogiczno-psychologiczne oraz przedstawicieli publicznych poradni pedagogiczno-psychologicznych i specjalistycznych, kt\u00f3ry odb\u0119dzie si\u0119 w <strong>poniedzia\u0142ek 06 pa\u017adziernika 2025<\/strong>. Godzina zostanie podana w przes\u0142anym Pa\u0144stwu mailu.<\/p>\n\n\n\n<p><em>Do\u0142\u0105cz do spotkania 6.10.2025:&nbsp;<\/em>\u2192&nbsp;<em>link niedost\u0119pny \u2013 spotkanie zako\u0144czone&nbsp;<\/em>\u2190<\/p>\n\n\n\n<div data-wp-interactive=\"core\/file\" class=\"wp-block-file\"><object data-wp-bind--hidden=\"!state.hasPdfPreview\" hidden class=\"wp-block-file__embed\" data=\"https:\/\/perspektywa3p.us.edu.pl\/wp-content\/uploads\/2025\/11\/Malopolskie_webinar_06.10.2025_z-tekst-alt.pdf\" type=\"application\/pdf\" style=\"width:100%;height:600px\" aria-label=\"Osadzone z Prezentacja z webinaru z dnia 06.10.2025.\"><\/object><a id=\"wp-block-file--media-df0d5ee2-743a-4111-90d3-e769643b387c\" href=\"https:\/\/perspektywa3p.us.edu.pl\/wp-content\/uploads\/2025\/11\/Malopolskie_webinar_06.10.2025_z-tekst-alt.pdf\">Prezentacja z webinaru z dnia 06.10.2025<\/a><a href=\"https:\/\/perspektywa3p.us.edu.pl\/wp-content\/uploads\/2025\/11\/Malopolskie_webinar_06.10.2025_z-tekst-alt.pdf\" class=\"wp-block-file__button wp-element-button\" download aria-describedby=\"wp-block-file--media-df0d5ee2-743a-4111-90d3-e769643b387c\">Pobierz<\/a><\/div>\n\n\n\n<h3 class=\"wp-block-heading\">16.05.2025 r.<\/h3>\n\n\n\n<p>W zwi\u0105zku z rozpocz\u0119ciem projektu <em>&#8222;Perspektywa 3P dla wojew\u00f3dztwa ma\u0142opolskiego&#8221;<\/em> serdecznie zapraszamy Pa\u0144stwa na pierwszy webinar, kt\u00f3ry odb\u0119dzie si\u0119 w <strong>pi\u0105tek 16 maja 11:30\u201312:15<\/strong> na platformie Teams.<\/p>\n\n\n\n<p><em style=\"box-sizing: border-box; margin: 0px; padding: 0px; outline: 0px; color: rgb(91, 100, 110); font-family: &quot;Open Sans&quot;, sans-serif; font-size: 16px; font-variant-ligatures: normal; font-variant-caps: normal; font-weight: 400; letter-spacing: normal; orphans: 2; text-align: left; text-indent: 0px; text-transform: none; widows: 2; word-spacing: 0px; -webkit-text-stroke-width: 0px; white-space: normal; background-color: rgb(255, 255, 255); text-decoration-thickness: initial; text-decoration-style: initial; text-decoration-color: initial;\">Do\u0142\u0105cz do spotkania 16.05.2025:&nbsp;<\/em><span style=\"color: rgb(91, 100, 110); font-family: &quot;Open Sans&quot;, sans-serif; font-size: 16px; font-style: normal; font-variant-ligatures: normal; font-variant-caps: normal; font-weight: 400; letter-spacing: normal; orphans: 2; text-align: left; text-indent: 0px; text-transform: none; widows: 2; word-spacing: 0px; -webkit-text-stroke-width: 0px; white-space: normal; background-color: rgb(255, 255, 255); text-decoration-thickness: initial; text-decoration-style: initial; text-decoration-color: initial; display: inline !important; float: none;\">\u2192&nbsp;<\/span><em style=\"box-sizing: border-box; margin: 0px; padding: 0px; outline: 0px; color: rgb(91, 100, 110); font-family: &quot;Open Sans&quot;, sans-serif; font-size: 16px; font-variant-ligatures: normal; font-variant-caps: normal; font-weight: 400; letter-spacing: normal; orphans: 2; text-align: left; text-indent: 0px; text-transform: none; widows: 2; word-spacing: 0px; -webkit-text-stroke-width: 0px; white-space: normal; background-color: rgb(255, 255, 255); text-decoration-thickness: initial; text-decoration-style: initial; text-decoration-color: initial;\">link niedost\u0119pny \u2013 spotkanie zako\u0144czone&nbsp;<\/em><span style=\"color: rgb(91, 100, 110); font-family: &quot;Open Sans&quot;, sans-serif; font-size: 16px; font-style: normal; font-variant-ligatures: normal; font-variant-caps: normal; font-weight: 400; letter-spacing: normal; orphans: 2; text-align: left; text-indent: 0px; text-transform: none; widows: 2; word-spacing: 0px; -webkit-text-stroke-width: 0px; white-space: normal; background-color: rgb(255, 255, 255); text-decoration-thickness: initial; text-decoration-style: initial; text-decoration-color: initial; display: inline !important; float: none;\">\u2190<\/span><\/p>\n\n\n\n<p><\/p>\n","protected":false},"excerpt":{"rendered":"<p>Wyniki oceny merytorycznej wniosk\u00f3w Nr wniosku Wynik oceny merytorycznej \/Ocena \u015brednia Kwota przyznana 20251023\/1838\/0060 112,5 &nbsp;149&nbsp;996,96&nbsp;z\u0142&nbsp; 20251031\/1140\/0353 112,5 &nbsp;150&nbsp;000,00&nbsp;z\u0142&nbsp; 20251107\/0622\/0522 110 &nbsp;149&nbsp;877,36&nbsp;z\u0142&nbsp; 20251105\/0914\/0459 109,5 &nbsp;149&nbsp;969,87&nbsp;z\u0142&nbsp; 20251106\/1420\/0517 107 &nbsp;120&nbsp;000,00&nbsp;z\u0142&nbsp; 20251024\/1248\/0181 106 &nbsp;109&nbsp;773,42&nbsp;z\u0142&nbsp; 20251023\/1356\/0035 104,5 &nbsp;119&nbsp;380,25&nbsp;z\u0142&nbsp; 20251024\/0753\/0115 104,5 &nbsp;120&nbsp;000,00&nbsp;z\u0142&nbsp; 20251028\/0906\/0242 104,5 &nbsp;110&nbsp;490,00&nbsp;z\u0142&nbsp; 20251107\/1025\/0531 104 &nbsp;120&nbsp;000,00&nbsp;z\u0142&nbsp; 20251103\/1032\/0383 103,5 &nbsp;120&nbsp;000,00&nbsp;z\u0142&nbsp; 20251024\/0751\/0113 103 &nbsp;119&nbsp;000,00&nbsp;z\u0142&nbsp; 20251112\/1112\/0612 99,5 &nbsp;119&nbsp;000,00&nbsp;z\u0142&nbsp; 20251111\/1750\/0589 99 &nbsp;119&nbsp;000,00&nbsp;z\u0142&nbsp;&hellip; <br \/> <a class=\"read-more\" href=\"https:\/\/perspektywa3p.us.edu.pl\/index.php\/malopolskie-spotkania-webinary-biezace-informacje\/\">Dowiedz si\u0119 wi\u0119cej<\/a><\/p>\n","protected":false},"author":1,"featured_media":0,"parent":0,"menu_order":0,"comment_status":"closed","ping_status":"closed","template":"","meta":{"footnotes":""},"class_list":["post-874","page","type-page","status-publish","hentry"],"_links":{"self":[{"href":"https:\/\/perspektywa3p.us.edu.pl\/index.php\/wp-json\/wp\/v2\/pages\/874","targetHints":{"allow":["GET"]}}],"collection":[{"href":"https:\/\/perspektywa3p.us.edu.pl\/index.php\/wp-json\/wp\/v2\/pages"}],"about":[{"href":"https:\/\/perspektywa3p.us.edu.pl\/index.php\/wp-json\/wp\/v2\/types\/page"}],"author":[{"embeddable":true,"href":"https:\/\/perspektywa3p.us.edu.pl\/index.php\/wp-json\/wp\/v2\/users\/1"}],"replies":[{"embeddable":true,"href":"https:\/\/perspektywa3p.us.edu.pl\/index.php\/wp-json\/wp\/v2\/comments?post=874"}],"version-history":[{"count":20,"href":"https:\/\/perspektywa3p.us.edu.pl\/index.php\/wp-json\/wp\/v2\/pages\/874\/revisions"}],"predecessor-version":[{"id":3640,"href":"https:\/\/perspektywa3p.us.edu.pl\/index.php\/wp-json\/wp\/v2\/pages\/874\/revisions\/3640"}],"wp:attachment":[{"href":"https:\/\/perspektywa3p.us.edu.pl\/index.php\/wp-json\/wp\/v2\/media?parent=874"}],"curies":[{"name":"wp","href":"https:\/\/api.w.org\/{rel}","templated":true}]}}