{"id":861,"date":"2025-07-28T10:44:47","date_gmt":"2025-07-28T10:44:47","guid":{"rendered":"https:\/\/perspektywa3p.us.edu.pl\/?page_id=861"},"modified":"2025-07-28T10:44:48","modified_gmt":"2025-07-28T10:44:48","slug":"lodzkie-wykaz-publicznych-poradni-psychologiczno-pedagogicznych-ppp","status":"publish","type":"page","link":"https:\/\/perspektywa3p.us.edu.pl\/index.php\/lodzkie-wykaz-publicznych-poradni-psychologiczno-pedagogicznych-ppp\/","title":{"rendered":"\u0141\u00f3dzkie \u2013 wykaz publicznych poradni psychologiczno-pedagogicznych (PPP)"},"content":{"rendered":"\n<p><strong>Organ prowadz\u0105cy:<\/strong> <strong>POWIAT BE\u0141CHATOWSKI<\/strong><br>PPP W BE\u0141CHATOWIE, ul. Czapliniecka 96<br>Strona www: <a href=\"https:\/\/pppbelchatow.pl\/\">https:\/\/pppbelchatow.pl\/<\/a><\/p>\n\n\n\n<p><strong>Organ prowadz\u0105cy:<\/strong> <strong>POWIAT BRZEZI\u0143SKI<\/strong><br>PPP W BRZEZINACH, ul. Konstytucji 3 Maja 5<br>Strona www: <a href=\"https:\/\/www.pppbrzeziny.pl\/\">https:\/\/www.pppbrzeziny.pl\/<\/a><\/p>\n\n\n\n<p><strong>Organ prowadz\u0105cy:<\/strong> <strong>POWIAT KUTNOWSKI<\/strong><br>PPP W KUTNIE, ul. Ko\u015bciuszki 52<br>Strona www: <a href=\"https:\/\/pppkutno.pl\/\">https:\/\/pppkutno.pl\/<\/a><\/p>\n\n\n\n<p><strong>Organ prowadz\u0105cy:<\/strong> <strong>POWIAT \u0141ASKI<\/strong><br>PPP W \u0141ASKU, ul. 9 Maja 33<br>Strona www: <a href=\"https:\/\/ppplask.bip.wikom.pl\/\">https:\/\/ppplask.bip.wikom.pl\/<\/a><\/p>\n\n\n\n<p><strong>Organ prowadz\u0105cy:<\/strong> <strong>POWIAT \u0141\u0118CZYCKI<\/strong><br>POWIATOWA PPP W \u0141\u0118CZYCY, ul. Kaliska 13<br>Strona www: <a href=\"https:\/\/poradnialeczyca.pl\/\">https:\/\/poradnialeczyca.pl\/<\/a><\/p>\n\n\n\n<p><strong>Organ prowadz\u0105cy:<\/strong> <strong>POWIAT \u0141OWICKI<\/strong><br>PPP W \u0141OWICZU, ul. Armii Krajowej 6<br>Strona www: <a href=\"https:\/\/poradnia.lowicz.pl\/\">https:\/\/poradnia.lowicz.pl\/<\/a><\/p>\n\n\n\n<p><strong>Organ prowadz\u0105cy:<\/strong> <strong>POWIAT \u0141\u00d3DZKI WSCHODNI<\/strong><br>PPP W KOLUSZKACH, ul. Korczaka 5<br>Strona www: <a href=\"https:\/\/ppp-koluszki.pl\/\">https:\/\/ppp-koluszki.pl\/<\/a><\/p>\n\n\n\n<p><strong>Organ prowadz\u0105cy:<\/strong> <strong>EDUKACJA DLA PRZYSZ\u0141O\u015aCI<\/strong><br>FAMILIJNA PPP NR 5 W \u0141ODZI, ul. Gdy\u0144ska 3<\/p>\n\n\n\n<p><strong>Organ prowadz\u0105cy:<\/strong> <strong>\u0141\u00d3D\u0179-MIASTO NA PRAWACH POWIATU<\/strong><br>PPP NR 1, ul. Hipoteczna 3\/5<br>Strona www: <a href=\"https:\/\/ppp1lodz.edu.pl\/\">https:\/\/ppp1lodz.edu.pl\/<\/a><br>PPP NR 2, ul. Motylowa 3<br>Strona www: <a href=\"https:\/\/ppp2.edu.lodz.pl\/\">https:\/\/ppp2.edu.lodz.pl\/<\/a><br>PPP NR 3, ul. Dowborczyk\u00f3w 5<br>Strona www: <a href=\"https:\/\/www.ppp3lodz.com\/\">https:\/\/www.ppp3lodz.com\/<\/a><br>PPP NR 4, al. marsz. J\u00f3zefa Pi\u0142sudskiego 101<br>Strona www: <a href=\"https:\/\/ppp4lodz.pl\/\">https:\/\/ppp4lodz.pl\/<\/a><br>PPP NR 5, ul. Miko\u0142aja Kopernika 40<br>Strona www: <a href=\"https:\/\/ppp5-lodz.pl\/\">https:\/\/ppp5-lodz.pl\/<\/a><br>PPP NR 6, ul. Rzgowska 25<br>Strona www: <a href=\"https:\/\/ppp6lodz.pl\/\">https:\/\/ppp6lodz.pl\/<\/a><br>SPECJALISTYCZNA PORADNIA WSPIERANIA ROZWOJU I TERAPII, ul. Hipoteczna 3\/5<br>Strona www: <a href=\"https:\/\/spwrit.pl\/\">https:\/\/spwrit.pl\/<\/a><br>SPECJALISTYCZNA PPP DLA M\u0141ODZIE\u017bY, al. Ks. Kardyna\u0142a Stefana Wyszy\u0144skiego 86<br>Strona www: <a href=\"https:\/\/pppdm.edu.lodz.pl\/\">https:\/\/pppdm.edu.lodz.pl\/<\/a><br>SPECJALISTYCZNA PPP DORADZTWA ZAWODOWEGO I DLA DZIECI Z WADAMI ROZWOJOWYMI, al. Ks. Kardyna\u0142a Stefana Wyszy\u0144skiego 86<br>Strona www: <a href=\"https:\/\/doradztwo-lodz.pl\/\">https:\/\/doradztwo-lodz.pl\/<\/a><\/p>\n\n\n\n<p><strong>Organ prowadz\u0105cy:<\/strong> <strong>POWIAT OPOCZY\u0143SKI<\/strong><br>PPP W OPOCZNIE FILIA W DRZEWICY, ul. Stanis\u0142awa Staszica 5<br>PPP W OPOCZNIE, ul. Armii Krajowej 2<br>Strona www: <a href=\"https:\/\/pppopoczno.pl\">https:\/\/pppopoczno.pl<\/a><\/p>\n\n\n\n<p><strong>Organ prowadz\u0105cy:<\/strong> <strong>POWIAT PABIANICKI<\/strong><br>PPP W KONSTANTYNOWIE \u0141\u00d3DZKIM, ul. Jana Paw\u0142a II 44<br>Strona www: <a href=\"http:\/\/pppkonstantynow.pl\/\">http:\/\/pppkonstantynow.pl\/<\/a><br>PPP W PABIANICACH, ul. Bracka 10\/12<br>Strona www: <a href=\"https:\/\/ppppabianice.eu\/\">https:\/\/ppppabianice.eu\/<\/a><\/p>\n\n\n\n<p><strong>Organ prowadz\u0105cy:<\/strong> <strong>POWIAT PAJ\u0118CZA\u0143SKI<\/strong><br>POWIATOWA PPP W PAJ\u0118CZNIE FILIA W DZIA\u0141OSZYNIE, ul. Grota-Roweckiego 7<br>POWIATOWA PPP W PAJ\u0118CZNIE, ul. Wi\u015bniowa 34<br>Strona www: <a href=\"https:\/\/pppp.pajeczno.pl\/\">https:\/\/pppp.pajeczno.pl\/<\/a><\/p>\n\n\n\n<p><strong>Organ prowadz\u0105cy:<\/strong> <strong>MIASTO PIOTRK\u00d3W TRYBUNALSKI<\/strong><br>PPP W PIOTRKOWIE TRYBUNALSKIM, ul. Romana Dmowskiego 47<br>Strona www: <a href=\"https:\/\/poradnia.piotrkow.pl\/\">https:\/\/poradnia.piotrkow.pl\/<\/a><\/p>\n\n\n\n<p><strong>Organ prowadz\u0105cy:<\/strong> <strong>POWIAT PIOTRKOWSKI<\/strong><br>POWIATOWA PPP W PIOTRKOWIE TRYBUNALSKIM, ul. Henryka Sienkiewicza 16a<br>Strona www: <a href=\"https:\/\/poradniapiotrkow.bip.wikom.pl\/\">https:\/\/poradniapiotrkow.bip.wikom.pl\/<\/a><\/p>\n\n\n\n<p><strong>Organ prowadz\u0105cy:<\/strong> <strong>POWIAT PODD\u0118BICKI<\/strong><br>PPP W PODD\u0118BICACH, ul. Narutowicza 13<br>Strona www: <a href=\"https:\/\/ppppoddebice.pl\/\">https:\/\/ppppoddebice.pl\/<\/a><\/p>\n\n\n\n<p><strong>Organ prowadz\u0105cy:<\/strong> <strong>POWIAT RADOMSZCZA\u0143SKI<\/strong><br>PPP W RADOMSKU, ul. Piastowska 21<br>Strona www: <a href=\"http:\/\/ppp.radomsko.pl\/\">http:\/\/ppp.radomsko.pl\/<\/a><\/p>\n\n\n\n<p><strong>Organ prowadz\u0105cy:<\/strong> <strong>KOZ\u0141OWSKI JAN<\/strong><br>PUBLICZNA SPECJALISTYCZNA PPP &#8222;WCZESNEGO WSPOMAGANIA ROZWOJU DZIECKA&#8221; W RADOMSKU, ul. Prymasa Wyszy\u0144skiego 3\/3<\/p>\n\n\n\n<p><strong>Organ prowadz\u0105cy:<\/strong> <strong>POWIAT RAWSKI<\/strong><br>PPP W RAWIE MAZOWIECKIEJ, ul. Niepodleg\u0142o\u015bci 8<br>Strona www: <a href=\"https:\/\/poradniarawa.pl\/\">https:\/\/poradniarawa.pl\/<\/a><\/p>\n\n\n\n<p><strong>Organ prowadz\u0105cy:<\/strong> <strong>POWIAT SIERADZKI<\/strong><br>PPP W SIERADZU, pl. Plac Wojew\u00f3dzki 3<br>Strona www: <a href=\"https:\/\/www.ppp-sieradz.pl\/\">https:\/\/www.ppp-sieradz.pl\/<\/a><br>PPP W WARCIE, ul. 3 Maja 29<br>Strona www: <a href=\"https:\/\/pppwarta.pl\/\">https:\/\/pppwarta.pl\/<\/a><\/p>\n\n\n\n<p><strong>Organ prowadz\u0105cy:<\/strong> <strong>SKIERNIEWICE &#8211; MIASTO NA PRAWACH POWIATU<\/strong><br>PPP W SKIERNIEWICACH, ul. dr. Stanis\u0142awa Rybickiego 6<br>Strona www: <a href=\"https:\/\/poradnia-skierniewice.pl\/\">https:\/\/poradnia-skierniewice.pl\/<\/a><\/p>\n\n\n\n<p><strong>Organ prowadz\u0105cy:<\/strong> <strong>POWIAT SKIERNIEWICKI<\/strong><br>POWIATOWA PPP W SKIERNIEWICACH, ul. Konstytucji 3 Maja 6<br>Strona www: <a href=\"https:\/\/ppppskierniewice.pl\/\">https:\/\/ppppskierniewice.pl\/<\/a><\/p>\n\n\n\n<p><strong>Organ prowadz\u0105cy:<\/strong> <strong>POWIAT TOMASZOWSKI<\/strong><br>PPP W TOMASZOWIE MAZOWIECKIM, ul. Majowa 1\/13<br>Strona www: <a href=\"https:\/\/ppptm.pl\/\">https:\/\/ppptm.pl\/<\/a><\/p>\n\n\n\n<p><strong>Organ prowadz\u0105cy:<\/strong> <strong>POWIAT WIELU\u0143SKI<\/strong><br>PPP, Wielu\u0144, ul. \u015al\u0105ska 23a<br>Strona www: <a href=\"https:\/\/poradnia.wielun.pl\/index.php\/pl\/\">https:\/\/poradnia.wielun.pl\/index.php\/pl\/<\/a><\/p>\n\n\n\n<p><strong>Organ prowadz\u0105cy:<\/strong> <strong>POWIAT WIERUSZOWSKI<\/strong><br>PPP W WIERUSZOWIE, ul. Szkolna 1-3<br>Strona www: <a href=\"https:\/\/bip-poradnia.powiat-wieruszowski.pl\/\">https:\/\/bip-poradnia.powiat-wieruszowski.pl\/<\/a><\/p>\n\n\n\n<p><strong>Organ prowadz\u0105cy:<\/strong> <strong>POWIAT ZDU\u0143SKOWOLSKI<\/strong><br>PPP W ZDU\u0143SKIEJ WOLI, ul. Stefana \u017beromskiego 3a<br>Strona www: <a href=\"https:\/\/www.pppzdwola.pl\/\">https:\/\/www.pppzdwola.pl\/<\/a><\/p>\n\n\n\n<p><strong>Organ prowadz\u0105cy:<\/strong> <strong>GMINA ALEKSANDR\u00d3W \u0141\u00d3DZKI<\/strong><br>PPP W ALEKSANDROWIE \u0141\u00d3DZKIM, ul. Piotrkowska 4\/6<br>Strona www: <a href=\"https:\/\/pppaleksandrow.pl\/\">https:\/\/pppaleksandrow.pl\/<\/a><\/p>\n\n\n\n<p><strong>Organ prowadz\u0105cy:<\/strong> <strong>POWIAT ZGIERSKI<\/strong><br>PPP W G\u0141OWNIE, ul. Tadeusza Ko\u015bciuszki 10<br>Strona www: <a href=\"https:\/\/poradniapp-glowno.pl\/\">https:\/\/poradniapp-glowno.pl\/<\/a><br>PPP W OZORKOWIE, ul. gen. Romualda Traugutta 1<br>Strona www: <a href=\"https:\/\/www.poradniaozorkow.pl\/\">https:\/\/www.poradniaozorkow.pl\/<\/a><br>PPP W ZGIERZU, ul. D\u0142uga 89\/91<br>Strona www: <a href=\"https:\/\/www.poradnia.powiat.zgierz.pl\/\">https:\/\/www.poradnia.powiat.zgierz.pl\/<\/a><\/p>\n","protected":false},"excerpt":{"rendered":"<p>Organ prowadz\u0105cy: POWIAT BE\u0141CHATOWSKIPPP W BE\u0141CHATOWIE, ul. Czapliniecka 96Strona www: https:\/\/pppbelchatow.pl\/ Organ prowadz\u0105cy: POWIAT BRZEZI\u0143SKIPPP W BRZEZINACH, ul. Konstytucji 3 Maja 5Strona www: https:\/\/www.pppbrzeziny.pl\/ Organ prowadz\u0105cy: POWIAT KUTNOWSKIPPP W KUTNIE, ul. Ko\u015bciuszki 52Strona www: https:\/\/pppkutno.pl\/ Organ prowadz\u0105cy: POWIAT \u0141ASKIPPP W \u0141ASKU, ul. 9 Maja 33Strona www: https:\/\/ppplask.bip.wikom.pl\/ Organ prowadz\u0105cy: POWIAT \u0141\u0118CZYCKIPOWIATOWA PPP W \u0141\u0118CZYCY, ul.&hellip; <br \/> <a class=\"read-more\" href=\"https:\/\/perspektywa3p.us.edu.pl\/index.php\/lodzkie-wykaz-publicznych-poradni-psychologiczno-pedagogicznych-ppp\/\">Dowiedz si\u0119 wi\u0119cej<\/a><\/p>\n","protected":false},"author":1,"featured_media":0,"parent":0,"menu_order":0,"comment_status":"closed","ping_status":"closed","template":"","meta":{"footnotes":""},"class_list":["post-861","page","type-page","status-publish","hentry"],"_links":{"self":[{"href":"https:\/\/perspektywa3p.us.edu.pl\/index.php\/wp-json\/wp\/v2\/pages\/861","targetHints":{"allow":["GET"]}}],"collection":[{"href":"https:\/\/perspektywa3p.us.edu.pl\/index.php\/wp-json\/wp\/v2\/pages"}],"about":[{"href":"https:\/\/perspektywa3p.us.edu.pl\/index.php\/wp-json\/wp\/v2\/types\/page"}],"author":[{"embeddable":true,"href":"https:\/\/perspektywa3p.us.edu.pl\/index.php\/wp-json\/wp\/v2\/users\/1"}],"replies":[{"embeddable":true,"href":"https:\/\/perspektywa3p.us.edu.pl\/index.php\/wp-json\/wp\/v2\/comments?post=861"}],"version-history":[{"count":1,"href":"https:\/\/perspektywa3p.us.edu.pl\/index.php\/wp-json\/wp\/v2\/pages\/861\/revisions"}],"predecessor-version":[{"id":862,"href":"https:\/\/perspektywa3p.us.edu.pl\/index.php\/wp-json\/wp\/v2\/pages\/861\/revisions\/862"}],"wp:attachment":[{"href":"https:\/\/perspektywa3p.us.edu.pl\/index.php\/wp-json\/wp\/v2\/media?parent=861"}],"curies":[{"name":"wp","href":"https:\/\/api.w.org\/{rel}","templated":true}]}}