{"id":859,"date":"2025-07-28T10:44:16","date_gmt":"2025-07-28T10:44:16","guid":{"rendered":"https:\/\/perspektywa3p.us.edu.pl\/?page_id=859"},"modified":"2026-01-21T09:39:23","modified_gmt":"2026-01-21T09:39:23","slug":"lodzkie-spotkania-webinary-biezace-informacje","status":"publish","type":"page","link":"https:\/\/perspektywa3p.us.edu.pl\/index.php\/lodzkie-spotkania-webinary-biezace-informacje\/","title":{"rendered":"\u0141\u00f3dzkie &#8211; spotkania\/webinary\/bie\u017c\u0105ce informacje"},"content":{"rendered":"\n<h2 class=\"wp-block-heading\">Wyniki oceny merytorycznej wniosk\u00f3w<\/h2>\n\n\n\n<p class=\"has-text-align-center\"><strong><em>PRZYPOMINAMY, \u017ce zgodnie z \u2018Procedur\u0105 konkursu grantowego\u2019 \u00a79. Pkt 6<\/em><\/strong><br><strong><em>Wszyscy Wnioskodawcy, kt\u00f3rzy zg\u0142osili si\u0119 do konkursu grantowego,<\/em><\/strong><br><strong><em>a nie otrzymali grantu zostaj\u0105 automatycznie zakwalifikowani do dzia\u0142a\u0144 szkoleniowych.<\/em><\/strong><\/p>\n\n\n\n<figure class=\"wp-block-table is-style-stripes\"><table><thead><tr><th>Nr wniosku<\/th><th class=\"has-text-align-center\" data-align=\"center\">Wynik oceny merytorycznej\/Ocena \u015brednia<\/th><th class=\"has-text-align-right\" data-align=\"right\">Kwota przyznana<\/th><th>Informacje dodatkowe<\/th><\/tr><\/thead><tbody><tr><td>20251105\/0946\/0463<\/td><td class=\"has-text-align-center\" data-align=\"center\">111<\/td><td class=\"has-text-align-right\" data-align=\"right\">&nbsp;145 055,00 z\u0142<\/td><td><\/td><\/tr><tr><td>20251028\/0920\/0244<\/td><td class=\"has-text-align-center\" data-align=\"center\">110,5<\/td><td class=\"has-text-align-right\" data-align=\"right\">&nbsp;149 620,00 z\u0142<\/td><td><\/td><\/tr><tr><td>20251024\/1050\/0171<\/td><td class=\"has-text-align-center\" data-align=\"center\">110<\/td><td class=\"has-text-align-right\" data-align=\"right\">&nbsp;145 954,62 z\u0142<\/td><td><\/td><\/tr><tr><td>20251023\/1408\/0036<\/td><td class=\"has-text-align-center\" data-align=\"center\">108,5<\/td><td class=\"has-text-align-right\" data-align=\"right\">&nbsp;150 000,00 z\u0142<\/td><td><\/td><\/tr><tr><td>20251113\/0935\/0647<\/td><td class=\"has-text-align-center\" data-align=\"center\">108<\/td><td class=\"has-text-align-right\" data-align=\"right\">&nbsp;120 000,00 z\u0142<\/td><td><\/td><\/tr><tr><td>20251023\/1530\/0046<\/td><td class=\"has-text-align-center\" data-align=\"center\">107<\/td><td class=\"has-text-align-right\" data-align=\"right\">&nbsp;120 000,00 z\u0142<\/td><td><\/td><\/tr><tr><td>20251023\/1303\/0024<\/td><td class=\"has-text-align-center\" data-align=\"center\">104,5<\/td><td class=\"has-text-align-right\" data-align=\"right\">&nbsp;120 000,00 z\u0142<\/td><td><\/td><\/tr><tr><td>20251024\/0731\/0109<\/td><td class=\"has-text-align-center\" data-align=\"center\">104,5<\/td><td class=\"has-text-align-right\" data-align=\"right\">&nbsp;120 000,00 z\u0142<\/td><td><\/td><\/tr><tr><td>20251103\/0951\/0377<\/td><td class=\"has-text-align-center\" data-align=\"center\">102,5<\/td><td class=\"has-text-align-right\" data-align=\"right\">&nbsp;119 020,00 z\u0142<\/td><td><\/td><\/tr><tr><td>20251106\/1108\/0510<\/td><td class=\"has-text-align-center\" data-align=\"center\">102,5<\/td><td class=\"has-text-align-right\" data-align=\"right\">&nbsp;120 000,00 z\u0142<\/td><td><\/td><\/tr><tr><td>20251105\/1113\/0468<\/td><td class=\"has-text-align-center\" data-align=\"center\">102<\/td><td class=\"has-text-align-right\" data-align=\"right\">&nbsp;120 000,00 z\u0142<\/td><td><\/td><\/tr><tr><td>20251103\/1431\/0407<\/td><td class=\"has-text-align-center\" data-align=\"center\">101,5<\/td><td class=\"has-text-align-right\" data-align=\"right\">&nbsp;70 294,00 z\u0142<\/td><td><\/td><\/tr><tr><td>20251110\/1038\/0561<\/td><td class=\"has-text-align-center\" data-align=\"center\">101,5<\/td><td class=\"has-text-align-right\" data-align=\"right\">&nbsp;70 294,00 z\u0142<\/td><td><\/td><\/tr><tr><td>20251028\/0947\/0246<\/td><td class=\"has-text-align-center\" data-align=\"center\">101<\/td><td class=\"has-text-align-right\" data-align=\"right\">&nbsp;70 294,00 z\u0142<\/td><td><\/td><\/tr><tr><td>20251030\/1627\/0344<\/td><td class=\"has-text-align-center\" data-align=\"center\">101<\/td><td class=\"has-text-align-right\" data-align=\"right\">&nbsp;70 294,00 z\u0142<\/td><td><\/td><\/tr><tr><td>20251023\/1831\/0057<\/td><td class=\"has-text-align-center\" data-align=\"center\">101<\/td><td class=\"has-text-align-right\" data-align=\"right\">&nbsp;70 294,00 z\u0142<\/td><td><\/td><\/tr><tr><td>20251103\/1030\/0381<\/td><td class=\"has-text-align-center\" data-align=\"center\">100,5<\/td><td class=\"has-text-align-right\" data-align=\"right\">&nbsp;70 294,00 z\u0142<\/td><td><\/td><\/tr><tr><td>20251028\/0746\/0233<\/td><td class=\"has-text-align-center\" data-align=\"center\">100,5<\/td><td class=\"has-text-align-right\" data-align=\"right\">&nbsp;70 294,00 z\u0142<\/td><td><\/td><\/tr><tr><td>20251028\/0828\/0236&nbsp;<\/td><td class=\"has-text-align-center\" data-align=\"center\">100,5<\/td><td class=\"has-text-align-right\" data-align=\"right\">70 294,00 z\u0142<\/td><td><\/td><\/tr><tr><td>20251105\/0829\/0456<\/td><td class=\"has-text-align-center\" data-align=\"center\">99<\/td><td class=\"has-text-align-right\" data-align=\"right\">&nbsp;70 294,00 z\u0142<\/td><td><\/td><\/tr><tr><td>20251107\/1151\/0537<\/td><td class=\"has-text-align-center\" data-align=\"center\">98<\/td><td class=\"has-text-align-right\" data-align=\"right\">&nbsp;70 294,00 z\u0142<\/td><td><\/td><\/tr><tr><td>20251030\/1151\/0331<\/td><td class=\"has-text-align-center\" data-align=\"center\">98<\/td><td class=\"has-text-align-right\" data-align=\"right\">&nbsp;70 294,00 z\u0142<\/td><td><\/td><\/tr><tr><td>20251026\/1107\/0189<\/td><td class=\"has-text-align-center\" data-align=\"center\">97,5<\/td><td class=\"has-text-align-right\" data-align=\"right\">&nbsp;70 294,00 z\u0142<\/td><td><\/td><\/tr><tr><td>20251111\/1520\/0587<\/td><td class=\"has-text-align-center\" data-align=\"center\">96<\/td><td class=\"has-text-align-right\" data-align=\"right\">&nbsp;70 294,00 z\u0142<\/td><td><\/td><\/tr><tr><td>20251024\/1026\/0164<\/td><td class=\"has-text-align-center\" data-align=\"center\">95,5<\/td><td class=\"has-text-align-right\" data-align=\"right\">&nbsp;70 294,00 z\u0142<\/td><td><\/td><\/tr><tr><td>20251104\/0857\/0423<\/td><td class=\"has-text-align-center\" data-align=\"center\">95<\/td><td class=\"has-text-align-right\" data-align=\"right\">&nbsp;70 294,00 z\u0142<\/td><td><\/td><\/tr><tr><td>20251023\/1659\/0053<\/td><td class=\"has-text-align-center\" data-align=\"center\">92,5<\/td><td class=\"has-text-align-right\" data-align=\"right\">&nbsp;70 294,00 z\u0142<\/td><td><\/td><\/tr><tr><td>20251023\/1708\/0054<\/td><td class=\"has-text-align-center\" data-align=\"center\">92,5<\/td><td class=\"has-text-align-right\" data-align=\"right\">&nbsp;70 294,00 z\u0142<\/td><td><\/td><\/tr><tr><td>20251024\/0552\/0072<\/td><td class=\"has-text-align-center\" data-align=\"center\">92,5<\/td><td class=\"has-text-align-right\" data-align=\"right\">&nbsp;70 294,00 z\u0142<\/td><td><\/td><\/tr><tr><td>20251023\/1425\/0038<\/td><td class=\"has-text-align-center\" data-align=\"center\">92<\/td><td class=\"has-text-align-right\" data-align=\"right\">&nbsp;70 294,00 z\u0142<\/td><td><\/td><\/tr><tr><td>20251103\/0803\/0370<\/td><td class=\"has-text-align-center\" data-align=\"center\">92<\/td><td class=\"has-text-align-right\" data-align=\"right\">&nbsp;70 294,00 z\u0142<\/td><td><\/td><\/tr><tr><td>20251030\/1241\/0339<\/td><td class=\"has-text-align-center\" data-align=\"center\">91,5<\/td><td class=\"has-text-align-right\" data-align=\"right\">&nbsp;70 294,00 z\u0142<\/td><td><\/td><\/tr><tr><td>20251112\/0923\/0603<\/td><td class=\"has-text-align-center\" data-align=\"center\">87<\/td><td class=\"has-text-align-right\" data-align=\"right\">&nbsp;70 294,00 z\u0142<\/td><td><\/td><\/tr><tr><td>20251027\/0803\/0204<\/td><td class=\"has-text-align-center\" data-align=\"center\">86,5<\/td><td class=\"has-text-align-right\" data-align=\"right\">&nbsp;70 294,00 z\u0142<\/td><td><\/td><\/tr><tr><td>20251027\/1950\/0231<\/td><td class=\"has-text-align-center\" data-align=\"center\">82,5<\/td><td class=\"has-text-align-right\" data-align=\"right\">&nbsp;70 294,00 z\u0142<\/td><td><\/td><\/tr><tr><td>20251030\/0910\/0306<\/td><td class=\"has-text-align-center\" data-align=\"center\">77,5<\/td><td class=\"has-text-align-right\" data-align=\"right\">&nbsp;70 294,00 z\u0142<\/td><td><\/td><\/tr><tr><td>20251031\/1252\/0356<\/td><td class=\"has-text-align-center\" data-align=\"center\">77,5<\/td><td class=\"has-text-align-right\" data-align=\"right\">&nbsp;&#8211; z\u0142<\/td><td>Lista rezerwowa<\/td><\/tr><\/tbody><\/table><\/figure>\n\n\n\n<p>Jednocze\u015bnie informujemy, \u017ce zr\u00f3\u017cnicowanie wysoko\u015bci przyznanych \u015brodk\u00f3w pomi\u0119dzy wojew\u00f3dztwami wynika z przyj\u0119tych procedur konkursowych i kwot alokacji przekazanych przez IP. W cz\u0119\u015bci wojew\u00f3dztw, ze wzgl\u0119du na niewype\u0142nienie wska\u017anika projektu, realizowana jest II tura konkursu grantowego (do 31.01.2026 r.), co umo\u017cliwia dalsze rozdysponowanie \u015brodk\u00f3w. Natomiast w wojew\u00f3dztwach, w kt\u00f3rych wska\u017anik zosta\u0142 ju\u017c osi\u0105gni\u0119ty kwota alokacji przekazana przez IP zosta\u0142a zgodnie z procedur\u0105 podzielona na wnioskuj\u0105ce PPP.<\/p>\n\n\n\n<h2 class=\"wp-block-heading\">Spotkania\/webinary<\/h2>\n\n\n\n<h3 class=\"wp-block-heading\">12.11.2025 r.<\/h3>\n\n\n\n<p><strong>Zapraszamy na webinar dotycz\u0105cy aplikowania o grant<\/strong> w Projekcie &#8222;Perspektywa 3P&#8221;, dla przedstawicieli JST oraz PPP, kt\u00f3ry odb\u0119dzie si\u0119 w \u015brod\u0119 <strong>12 listopada 2025r.<\/strong><\/p>\n\n\n\n<p><em>Do\u0142\u0105cz do spotkania 12.11.2025 (9:00 \u2013 9:45<\/em>)<em>:&nbsp;<\/em>\u2192&nbsp;<em>link niedost\u0119pny &#8211; spotkanie zako\u0144czone&nbsp;<\/em>\u2190<\/p>\n\n\n\n<h3 class=\"wp-block-heading\">30.10.2025 r.<\/h3>\n\n\n\n<p><strong>Zapraszamy na webinar dotycz\u0105cy aplikacji GrantU\u015a<\/strong>, skierowany do Przedstawicieli\/ek organ\u00f3w prowadz\u0105cych publiczne poradnie pedagogiczno-psychologiczne oraz Przedstawicieli\/ek publicznych poradni pedagogiczno-psychologicznych i specjalistycznych, kt\u00f3ry odb\u0119dzie si\u0119 w czwartek, <strong>30 pa\u017adziernika 2025 r.<\/strong><\/p>\n\n\n\n<p><em>Do\u0142\u0105cz do spotkania 30.10.2025 (10:00 \u2013 10:45<\/em>)<em>:&nbsp;<\/em>\u2192&nbsp;<em>link niedost\u0119pny &#8211; spotkanie zako\u0144czone&nbsp;<\/em>\u2190<\/p>\n\n\n\n<h3 class=\"wp-block-heading\">21.10.2025 r.<\/h3>\n\n\n\n<p>\u0141\u00f3dzki Kurator O\u015bwiaty Janusz Brzozowski wraz z prof. dr hab. Bogus\u0142awem \u015aliwerskim i dr hab. Dorota Podg\u00f3rska-Jachnik, prof. U\u0141 zapraszaj\u0105 w dniu <strong>21.10.2025 r.<\/strong> na konferencj\u0119 z dyrektorami publicznych poradni psychologiczno-pedagogicznych, w trakcie kt\u00f3rej zostan\u0105 om\u00f3wione za\u0142o\u017cenia projektu \u201ePerspektywa 3P\u201d.<\/p>\n\n\n\n<p>Spotkanie odb\u0119dzie si\u0119 w Specjalnym O\u015brodku Szkolno-Wychowawczym nr 6 im. mjr. Hieronima Baranowskiego w \u0141odzi przy ulicy ul. Dziewanny 24, spotkanie rozpocznie si\u0119 <strong>o godzinie 12:00<\/strong> i potrwa oko\u0142o dw\u00f3ch godzin.<\/p>\n\n\n\n<p>Program spotkania:<\/p>\n\n\n\n<ul class=\"wp-block-list\">\n<li>prof. dr hab. Bogus\u0142aw \u015aliwerski (Uniwersytet \u0141\u00f3dzki), ekspert w projekcie, kt\u00f3ry przedstawi\u0142 refleksje dotycz\u0105ce istoty zmian w edukacji,<\/li>\n\n\n\n<li>dr Sabina Pawlik (Uniwersytet \u015al\u0105ski w Katowicach), koordynatorka projektu w wojew\u00f3dztwie \u0142\u00f3dzkim, prezentuj\u0105c g\u0142\u00f3wne za\u0142o\u017cenia i cele inicjatywy,<\/li>\n\n\n\n<li>dr hab. Dorota Podg\u00f3rska-Jachnik, prof. U\u0141 oraz dr hab. prof. UAM Beata Jachimczak, kt\u00f3re om\u00f3wi\u0142y modele wsp\u00f3\u0142pracy mi\u0119dzysektorowej i sposoby budowania skoordynowanego wsparcia dla przedszkoli i szk\u00f3\u0142.<\/li>\n<\/ul>\n\n\n\n<h3 class=\"wp-block-heading\">6.10.2025 r.<\/h3>\n\n\n\n<p><strong>Zapraszamy na webinar<\/strong> dotycz\u0105cy om\u00f3wienia zasad grantowych dla Przedstawicieli organ\u00f3w prowadz\u0105cych publiczne poradnie pedagogiczno-psychologiczne oraz przedstawicieli publicznych poradni pedagogiczno-psychologicznych i specjalistycznych, kt\u00f3ry odb\u0119dzie si\u0119 w <strong>poniedzia\u0142ek 06 pa\u017adziernika 2025<\/strong>. Godzina zostanie podana w przes\u0142anym Pa\u0144stwu mailu.<\/p>\n\n\n\n<p><em>Do\u0142\u0105cz do spotkania 6.10.2025:&nbsp;<\/em>\u2192&nbsp;<em>link niedost\u0119pny \u2013 spotkanie zako\u0144czone&nbsp;<\/em>\u2190<\/p>\n\n\n\n<div data-wp-interactive=\"core\/file\" class=\"wp-block-file\"><object data-wp-bind--hidden=\"!state.hasPdfPreview\" hidden class=\"wp-block-file__embed\" data=\"https:\/\/perspektywa3p.us.edu.pl\/wp-content\/uploads\/2025\/11\/Lodzkie_webinar_06.10.2025_z-tekst-alt.pdf\" type=\"application\/pdf\" style=\"width:100%;height:600px\" aria-label=\"Osadzone z Prezentacja z webinaru z dnia 06.10.2025.\"><\/object><a id=\"wp-block-file--media-b4f4dfbd-7e9c-4f22-b857-f76b085bdb36\" href=\"https:\/\/perspektywa3p.us.edu.pl\/wp-content\/uploads\/2025\/11\/Lodzkie_webinar_06.10.2025_z-tekst-alt.pdf\">Prezentacja z webinaru z dnia 06.10.2025<\/a><a href=\"https:\/\/perspektywa3p.us.edu.pl\/wp-content\/uploads\/2025\/11\/Lodzkie_webinar_06.10.2025_z-tekst-alt.pdf\" class=\"wp-block-file__button wp-element-button\" download aria-describedby=\"wp-block-file--media-b4f4dfbd-7e9c-4f22-b857-f76b085bdb36\">Pobierz<\/a><\/div>\n\n\n\n<h3 class=\"wp-block-heading\">14.05.2025 r.<\/h3>\n\n\n\n<p>W zwi\u0105zku z rozpocz\u0119ciem projektu <em>&#8222;Perspektywa 3P dla wojew\u00f3dztwa \u0142\u00f3dzkiego&#8221;<\/em> serdecznie zapraszamy Pa\u0144stwa na pierwszy webinar, kt\u00f3ry odb\u0119dzie si\u0119 w <strong>\u015brod\u0119 14 maja 9.30\u201310:15 <\/strong>na platformie Teams.<\/p>\n\n\n\n<p><em>Do\u0142\u0105cz do spotkania 14.05.2025:&nbsp;<\/em>\u2192&nbsp;<em>link niedost\u0119pny \u2013 spotkanie zako\u0144czone&nbsp;<\/em>\u2190<\/p>\n","protected":false},"excerpt":{"rendered":"<p>Wyniki oceny merytorycznej wniosk\u00f3w PRZYPOMINAMY, \u017ce zgodnie z \u2018Procedur\u0105 konkursu grantowego\u2019 \u00a79. Pkt 6Wszyscy Wnioskodawcy, kt\u00f3rzy zg\u0142osili si\u0119 do konkursu grantowego,a nie otrzymali grantu zostaj\u0105 automatycznie zakwalifikowani do dzia\u0142a\u0144 szkoleniowych. Nr wniosku Wynik oceny merytorycznej\/Ocena \u015brednia Kwota przyznana Informacje dodatkowe 20251105\/0946\/0463 111 &nbsp;145 055,00 z\u0142 20251028\/0920\/0244 110,5 &nbsp;149 620,00 z\u0142 20251024\/1050\/0171 110 &nbsp;145 954,62 z\u0142&hellip; <br \/> <a class=\"read-more\" href=\"https:\/\/perspektywa3p.us.edu.pl\/index.php\/lodzkie-spotkania-webinary-biezace-informacje\/\">Dowiedz si\u0119 wi\u0119cej<\/a><\/p>\n","protected":false},"author":1,"featured_media":0,"parent":0,"menu_order":0,"comment_status":"closed","ping_status":"closed","template":"","meta":{"footnotes":""},"class_list":["post-859","page","type-page","status-publish","hentry"],"_links":{"self":[{"href":"https:\/\/perspektywa3p.us.edu.pl\/index.php\/wp-json\/wp\/v2\/pages\/859","targetHints":{"allow":["GET"]}}],"collection":[{"href":"https:\/\/perspektywa3p.us.edu.pl\/index.php\/wp-json\/wp\/v2\/pages"}],"about":[{"href":"https:\/\/perspektywa3p.us.edu.pl\/index.php\/wp-json\/wp\/v2\/types\/page"}],"author":[{"embeddable":true,"href":"https:\/\/perspektywa3p.us.edu.pl\/index.php\/wp-json\/wp\/v2\/users\/1"}],"replies":[{"embeddable":true,"href":"https:\/\/perspektywa3p.us.edu.pl\/index.php\/wp-json\/wp\/v2\/comments?post=859"}],"version-history":[{"count":19,"href":"https:\/\/perspektywa3p.us.edu.pl\/index.php\/wp-json\/wp\/v2\/pages\/859\/revisions"}],"predecessor-version":[{"id":3457,"href":"https:\/\/perspektywa3p.us.edu.pl\/index.php\/wp-json\/wp\/v2\/pages\/859\/revisions\/3457"}],"wp:attachment":[{"href":"https:\/\/perspektywa3p.us.edu.pl\/index.php\/wp-json\/wp\/v2\/media?parent=859"}],"curies":[{"name":"wp","href":"https:\/\/api.w.org\/{rel}","templated":true}]}}