{"id":855,"date":"2025-07-28T10:43:19","date_gmt":"2025-07-28T10:43:19","guid":{"rendered":"https:\/\/perspektywa3p.us.edu.pl\/?page_id=855"},"modified":"2025-07-28T10:43:20","modified_gmt":"2025-07-28T10:43:20","slug":"lodzkie-list-intencyjny-men","status":"publish","type":"page","link":"https:\/\/perspektywa3p.us.edu.pl\/index.php\/lodzkie-list-intencyjny-men\/","title":{"rendered":"\u0141\u00f3dzkie \u2013 list intencyjny MEN"},"content":{"rendered":"\n<div data-wp-interactive=\"core\/file\" class=\"wp-block-file\"><object data-wp-bind--hidden=\"!state.hasPdfPreview\" hidden class=\"wp-block-file__embed\" data=\"https:\/\/perspektywa3p.us.edu.pl\/wp-content\/uploads\/2025\/05\/List-intencyjny-Perspektywa-3P-dla-wojewodztwa-lodzkiego.pdf\" type=\"application\/pdf\" style=\"width:100%;height:1040px\" aria-label=\"Osadzone z List intencyjny -   Perspektywa 3P dla wojew\u00f3dztwa \u0142\u00f3dzkiego.\"><\/object><a id=\"wp-block-file--media-1dcdf818-13dd-4f0c-bb62-e403700b0816\" href=\"https:\/\/perspektywa3p.us.edu.pl\/wp-content\/uploads\/2025\/05\/List-intencyjny-Perspektywa-3P-dla-wojewodztwa-lodzkiego.pdf\">List intencyjny &#8211;   Perspektywa 3P dla wojew\u00f3dztwa \u0142\u00f3dzkiego<\/a><\/div>\n","protected":false},"excerpt":{"rendered":"","protected":false},"author":1,"featured_media":0,"parent":0,"menu_order":0,"comment_status":"closed","ping_status":"closed","template":"","meta":{"footnotes":""},"class_list":["post-855","page","type-page","status-publish","hentry"],"_links":{"self":[{"href":"https:\/\/perspektywa3p.us.edu.pl\/index.php\/wp-json\/wp\/v2\/pages\/855","targetHints":{"allow":["GET"]}}],"collection":[{"href":"https:\/\/perspektywa3p.us.edu.pl\/index.php\/wp-json\/wp\/v2\/pages"}],"about":[{"href":"https:\/\/perspektywa3p.us.edu.pl\/index.php\/wp-json\/wp\/v2\/types\/page"}],"author":[{"embeddable":true,"href":"https:\/\/perspektywa3p.us.edu.pl\/index.php\/wp-json\/wp\/v2\/users\/1"}],"replies":[{"embeddable":true,"href":"https:\/\/perspektywa3p.us.edu.pl\/index.php\/wp-json\/wp\/v2\/comments?post=855"}],"version-history":[{"count":1,"href":"https:\/\/perspektywa3p.us.edu.pl\/index.php\/wp-json\/wp\/v2\/pages\/855\/revisions"}],"predecessor-version":[{"id":856,"href":"https:\/\/perspektywa3p.us.edu.pl\/index.php\/wp-json\/wp\/v2\/pages\/855\/revisions\/856"}],"wp:attachment":[{"href":"https:\/\/perspektywa3p.us.edu.pl\/index.php\/wp-json\/wp\/v2\/media?parent=855"}],"curies":[{"name":"wp","href":"https:\/\/api.w.org\/{rel}","templated":true}]}}