{"id":846,"date":"2025-07-28T10:39:21","date_gmt":"2025-07-28T10:39:21","guid":{"rendered":"https:\/\/perspektywa3p.us.edu.pl\/?page_id=846"},"modified":"2025-07-28T10:39:21","modified_gmt":"2025-07-28T10:39:21","slug":"lubuskie-wykaz-publicznych-poradni-psychologiczno-pedagogicznych-ppp","status":"publish","type":"page","link":"https:\/\/perspektywa3p.us.edu.pl\/index.php\/lubuskie-wykaz-publicznych-poradni-psychologiczno-pedagogicznych-ppp\/","title":{"rendered":"Lubuskie \u2013 wykaz publicznych poradni psychologiczno-pedagogicznych (PPP)"},"content":{"rendered":"\n<p><strong>Organ prowadz\u0105cy:<\/strong> <strong>POWIAT GORZOWSKI<\/strong><br>PPP W KOSTRZYNIE NAD ODR\u0104, os. Osiedle Le\u015bne 5<br>Strona www: <a href=\"https:\/\/www.ppp2.powiatgorzowski.pl\/\">https:\/\/www.ppp2.powiatgorzowski.pl\/<\/a><br>PPP NR 1 W GORZOWIE WLKP., ul. J\u00f3zefa Pankiewicza 5-7<br>Strona www: <a href=\"https:\/\/ppp1gorzow.pl\/\">https:\/\/ppp1gorzow.pl\/<\/a><\/p>\n\n\n\n<p><strong>Organ prowadz\u0105cy:<\/strong> <strong>MIASTO GORZ\u00d3W WIELKOPOLSKI<\/strong><br>ZESP\u00d3\u0141 PPP W GORZOWIE WLKP., ul. Czere\u015bniowa 4i<br>Strona www: <a href=\"http:\/\/www.zppp-gorzow.pl\/\">http:\/\/www.zppp-gorzow.pl\/<\/a><\/p>\n\n\n\n<p><strong>Organ prowadz\u0105cy:<\/strong> <strong>POWIAT KRO\u015aNIE\u0143SKI<\/strong><br>PPP W GUBINIE, ul. Genera\u0142a Pu\u0142askiego 1<br>Strona www: <a href=\"https:\/\/www.pppgubin.edu.pl\/\">https:\/\/www.pppgubin.edu.pl\/<\/a><br>PPP W KRO\u015aNIE ODRZA\u0143SKIM, ul. Piast\u00f3w 10B<br>Strona www: <a href=\"https:\/\/ppp.powiatkrosnienski.pl\/\">https:\/\/ppp.powiatkrosnienski.pl\/<\/a><\/p>\n\n\n\n<p><strong>Organ prowadz\u0105cy:<\/strong> <strong>POWIAT MI\u0118DZYRZECKI<\/strong><br>PPP W MI\u0118DZYRZECZU, os. Osiedle Centrum 16<br>Strona www: <a href=\"https:\/\/www.ppp-miedzyrzecz.pl\/\">https:\/\/www.ppp-miedzyrzecz.pl\/<\/a><br>PPP W SKWIERZYNIE, ul. Mickiewicza 1<br>Strona www: <a href=\"http:\/\/www.ppp-skwierzyna.pl\/\">http:\/\/www.ppp-skwierzyna.pl\/<\/a><\/p>\n\n\n\n<p><strong>Organ prowadz\u0105cy:<\/strong> <strong>POWIAT NOWOSOLSKI<\/strong><br>PPP, Nowa S\u00f3l, ul. marsz. J\u00f3zefa Pi\u0142sudskiego 65<br>Strona www: <a href=\"https:\/\/www.pppns.pl\/\">https:\/\/www.pppns.pl\/<\/a><\/p>\n\n\n\n<p><strong>Organ prowadz\u0105cy:<\/strong> <strong>POWIAT S\u0141UBICKI<\/strong><br>PPP W S\u0141UBICACH, ul. Sienkiewicza 28<br>Strona www: <a href=\"https:\/\/ppp.powiatslubicki.pl\/\">https:\/\/ppp.powiatslubicki.pl\/<\/a><\/p>\n\n\n\n<p><strong>Organ prowadz\u0105cy:<\/strong> <strong>POWIAT STRZELECKO-DREZDENECKI<\/strong><br>PPP W DREZDENKU, ul. Ko\u015bciuszki 31<br>Strona www: <a href=\"https:\/\/pppdrezdenko.pl\/\">https:\/\/pppdrezdenko.pl\/<\/a><br>PPP W STRZELCACH KRAJE\u0143SKICH, ul. Okr\u0119\u017cna 14<br>Strona www: <a href=\"https:\/\/www.pppstrzelce.pl\/\">https:\/\/www.pppstrzelce.pl\/<\/a><\/p>\n\n\n\n<p><strong>Organ prowadz\u0105cy:<\/strong> <strong>POWIAT SUL\u0118CI\u0143SKI<\/strong><br>PPP, Sul\u0119cin, ul. Emilii Plater 3<br>Strona www: <a href=\"https:\/\/bip.poradniasulecin.pl\/\">https:\/\/bip.poradniasulecin.pl\/<\/a><\/p>\n\n\n\n<p><strong>Organ prowadz\u0105cy:<\/strong> <strong>POWIAT \u015aWIEBODZI\u0143SKI<\/strong><br>PPP, \u015awiebodzin, ul. \u017bak\u00f3w 3<br>Strona www: <a href=\"https:\/\/www.poradniapp.swiebodzin.pl\/\">https:\/\/www.poradniapp.swiebodzin.pl\/<\/a><\/p>\n\n\n\n<p><strong>Organ prowadz\u0105cy:<\/strong> <strong>POWIAT WSCHOWSKI<\/strong><br>PPP WE WSCHOWIE FILIA W S\u0141AWIE, ul. Ogrodowa 1<br>PPP WE WSCHOWIE, ul. Zacisze 1<br>Strona www: <a href=\"https:\/\/ppp.wschowa.info\/\">https:\/\/ppp.wschowa.info\/<\/a><\/p>\n\n\n\n<p><strong>Organ prowadz\u0105cy:<\/strong> <strong>MIASTO ZIELONA G\u00d3RA<\/strong><br>PPP W ZIELONEJ G\u00d3RZE, ul. Drzewna 13<br>Strona www: <a href=\"https:\/\/ppp.zgora.pl\/\">https:\/\/ppp.zgora.pl\/<\/a><\/p>\n\n\n\n<p><strong>Organ prowadz\u0105cy:<\/strong> <strong>POWIAT ZIELONOG\u00d3RSKI<\/strong><br>PPP W SULECHOWIE, ul. Kruszyna 1<br>Strona www: <a href=\"https:\/\/pppsulechow.edupage.org\/\">https:\/\/pppsulechow.edupage.org\/<\/a><\/p>\n\n\n\n<p><strong>Organ prowadz\u0105cy:<\/strong> <strong>POWIAT \u017bAGA\u0143SKI<\/strong><br>PPP, Szprotawa, ul. Sobieskiego 69<br>Strona www: <a href=\"https:\/\/pppszprotawa.szkolnastrona.pl\/\">https:\/\/pppszprotawa.szkolnastrona.pl\/<\/a><br>PPP W \u017bAGANIU, ul. \u015al\u0105ska 1<br>Strona www: <a href=\"https:\/\/poradnia.zagan.pl\/\">https:\/\/poradnia.zagan.pl\/<\/a><\/p>\n\n\n\n<p><strong>Organ prowadz\u0105cy:<\/strong> <strong>POWIAT \u017bARSKI<\/strong><br>ZESP\u00d3\u0141 PPP POWIATU \u017bARSKIEGO, \u017bary, ul. Wroc\u0142awska 5<br>Strona www: <a href=\"https:\/\/www.pppzary.pl\/\">https:\/\/www.pppzary.pl\/<\/a><\/p>\n","protected":false},"excerpt":{"rendered":"<p>Organ prowadz\u0105cy: POWIAT GORZOWSKIPPP W KOSTRZYNIE NAD ODR\u0104, os. Osiedle Le\u015bne 5Strona www: https:\/\/www.ppp2.powiatgorzowski.pl\/PPP NR 1 W GORZOWIE WLKP., ul. J\u00f3zefa Pankiewicza 5-7Strona www: https:\/\/ppp1gorzow.pl\/ Organ prowadz\u0105cy: MIASTO GORZ\u00d3W WIELKOPOLSKIZESP\u00d3\u0141 PPP W GORZOWIE WLKP., ul. Czere\u015bniowa 4iStrona www: http:\/\/www.zppp-gorzow.pl\/ Organ prowadz\u0105cy: POWIAT KRO\u015aNIE\u0143SKIPPP W GUBINIE, ul. Genera\u0142a Pu\u0142askiego 1Strona www: https:\/\/www.pppgubin.edu.pl\/PPP W KRO\u015aNIE ODRZA\u0143SKIM, ul.&hellip; <br \/> <a class=\"read-more\" href=\"https:\/\/perspektywa3p.us.edu.pl\/index.php\/lubuskie-wykaz-publicznych-poradni-psychologiczno-pedagogicznych-ppp\/\">Dowiedz si\u0119 wi\u0119cej<\/a><\/p>\n","protected":false},"author":1,"featured_media":0,"parent":0,"menu_order":0,"comment_status":"closed","ping_status":"closed","template":"","meta":{"footnotes":""},"class_list":["post-846","page","type-page","status-publish","hentry"],"_links":{"self":[{"href":"https:\/\/perspektywa3p.us.edu.pl\/index.php\/wp-json\/wp\/v2\/pages\/846","targetHints":{"allow":["GET"]}}],"collection":[{"href":"https:\/\/perspektywa3p.us.edu.pl\/index.php\/wp-json\/wp\/v2\/pages"}],"about":[{"href":"https:\/\/perspektywa3p.us.edu.pl\/index.php\/wp-json\/wp\/v2\/types\/page"}],"author":[{"embeddable":true,"href":"https:\/\/perspektywa3p.us.edu.pl\/index.php\/wp-json\/wp\/v2\/users\/1"}],"replies":[{"embeddable":true,"href":"https:\/\/perspektywa3p.us.edu.pl\/index.php\/wp-json\/wp\/v2\/comments?post=846"}],"version-history":[{"count":1,"href":"https:\/\/perspektywa3p.us.edu.pl\/index.php\/wp-json\/wp\/v2\/pages\/846\/revisions"}],"predecessor-version":[{"id":847,"href":"https:\/\/perspektywa3p.us.edu.pl\/index.php\/wp-json\/wp\/v2\/pages\/846\/revisions\/847"}],"wp:attachment":[{"href":"https:\/\/perspektywa3p.us.edu.pl\/index.php\/wp-json\/wp\/v2\/media?parent=846"}],"curies":[{"name":"wp","href":"https:\/\/api.w.org\/{rel}","templated":true}]}}