{"id":843,"date":"2025-07-28T10:38:51","date_gmt":"2025-07-28T10:38:51","guid":{"rendered":"https:\/\/perspektywa3p.us.edu.pl\/?page_id=843"},"modified":"2026-02-02T11:28:52","modified_gmt":"2026-02-02T11:28:52","slug":"lubuskie-spotkania-webinary-biezace-informacje","status":"publish","type":"page","link":"https:\/\/perspektywa3p.us.edu.pl\/index.php\/lubuskie-spotkania-webinary-biezace-informacje\/","title":{"rendered":"Lubuskie \u2013 spotkania\/webinary\/bie\u017c\u0105ce informacje"},"content":{"rendered":"\n<h2 class=\"wp-block-heading\">Wyniki oceny merytorycznej wniosk\u00f3w<\/h2>\n\n\n\n<figure class=\"wp-block-table is-style-stripes\"><table><thead><tr><th><strong>Nr wniosku<\/strong><\/th><th class=\"has-text-align-center\" data-align=\"center\"><strong>Wynik oceny merytorycznej \/Ocena \u015brednia<\/strong><\/th><th class=\"has-text-align-right\" data-align=\"right\"><strong>Kwota przyznana<\/strong><\/th><\/tr><\/thead><tbody><tr><td>20251023\/1304\/0025<\/td><td class=\"has-text-align-center\" data-align=\"center\">107,5<\/td><td class=\"has-text-align-right\" data-align=\"right\">148\u00a0460,00 z\u0142<\/td><\/tr><tr><td>20251023\/1500\/0040<\/td><td class=\"has-text-align-center\" data-align=\"center\">103,5<\/td><td class=\"has-text-align-right\" data-align=\"right\">149\u00a0927,00\u00a0z\u0142<\/td><\/tr><tr><td>20251023\/1507\/0041<\/td><td class=\"has-text-align-center\" data-align=\"center\">102,5<\/td><td class=\"has-text-align-right\" data-align=\"right\">103\u00a0890,00\u00a0z\u0142<\/td><\/tr><tr><td>20251023\/1649\/0051<\/td><td class=\"has-text-align-center\" data-align=\"center\">99,5<\/td><td class=\"has-text-align-right\" data-align=\"right\">120&nbsp;000,00&nbsp;z\u0142<\/td><\/tr><tr><td>20251024\/0621\/0079<\/td><td class=\"has-text-align-center\" data-align=\"center\">99<\/td><td class=\"has-text-align-right\" data-align=\"right\">120&nbsp;000,00&nbsp;z\u0142<\/td><\/tr><tr><td>20251024\/0828\/0129<\/td><td class=\"has-text-align-center\" data-align=\"center\">98<\/td><td class=\"has-text-align-right\" data-align=\"right\">120&nbsp;000,00&nbsp;z\u0142<\/td><\/tr><tr><td>20251024\/0828\/0130<\/td><td class=\"has-text-align-center\" data-align=\"center\">97,5<\/td><td class=\"has-text-align-right\" data-align=\"right\">76&nbsp;461,00&nbsp;z\u0142<\/td><\/tr><tr><td>20251024\/0845\/0141<\/td><td class=\"has-text-align-center\" data-align=\"center\">97<\/td><td class=\"has-text-align-right\" data-align=\"right\">76&nbsp;461,00&nbsp;z\u0142<\/td><\/tr><tr><td>20251024\/0853\/0144<\/td><td class=\"has-text-align-center\" data-align=\"center\">95,5<\/td><td class=\"has-text-align-right\" data-align=\"right\">76&nbsp;461,00&nbsp;z\u0142<\/td><\/tr><tr><td>20251027\/0715\/0196<\/td><td class=\"has-text-align-center\" data-align=\"center\">95,5<\/td><td class=\"has-text-align-right\" data-align=\"right\">76&nbsp;461,00&nbsp;z\u0142<\/td><\/tr><tr><td>20251103\/1029\/0380<\/td><td class=\"has-text-align-center\" data-align=\"center\">95<\/td><td class=\"has-text-align-right\" data-align=\"right\">76&nbsp;461,00&nbsp;z\u0142<\/td><\/tr><tr><td>20251103\/1042\/0387<\/td><td class=\"has-text-align-center\" data-align=\"center\">95<\/td><td class=\"has-text-align-right\" data-align=\"right\">76&nbsp;461,00&nbsp;z\u0142<\/td><\/tr><tr><td>20251104\/0959\/0428<\/td><td class=\"has-text-align-center\" data-align=\"center\">93<\/td><td class=\"has-text-align-right\" data-align=\"right\">76&nbsp;461,00&nbsp;z\u0142<\/td><\/tr><tr><td>20251104\/1135\/0434<\/td><td class=\"has-text-align-center\" data-align=\"center\">92,5<\/td><td class=\"has-text-align-right\" data-align=\"right\">76&nbsp;461,00&nbsp;z\u0142<\/td><\/tr><tr><td>20251105\/0915\/0461<\/td><td class=\"has-text-align-center\" data-align=\"center\">92<\/td><td class=\"has-text-align-right\" data-align=\"right\">76&nbsp;461,00&nbsp;z\u0142<\/td><\/tr><tr><td>20251105\/1226\/0473<\/td><td class=\"has-text-align-center\" data-align=\"center\">90,5<\/td><td class=\"has-text-align-right\" data-align=\"right\">&#8211;\u00a0z\u0142<\/td><\/tr><tr><td>20251103\/1129\/0395<\/td><td class=\"has-text-align-center\" data-align=\"center\">90<\/td><td class=\"has-text-align-right\" data-align=\"right\">&#8211;\u00a0z\u0142<\/td><\/tr><tr><td>20251106\/0714\/0486<\/td><td class=\"has-text-align-center\" data-align=\"center\">90<\/td><td class=\"has-text-align-right\" data-align=\"right\">&#8211;\u00a0z\u0142<\/td><\/tr><tr><td>20251107\/1050\/0534<\/td><td class=\"has-text-align-center\" data-align=\"center\">86<\/td><td class=\"has-text-align-right\" data-align=\"right\">&#8211;\u00a0z\u0142<\/td><\/tr><tr><td>20251112\/1447\/0625<\/td><td class=\"has-text-align-center\" data-align=\"center\">86<\/td><td class=\"has-text-align-right\" data-align=\"right\">&#8211;\u00a0z\u0142<\/td><\/tr><\/tbody><\/table><\/figure>\n\n\n\n<p>Jednocze\u015bnie informujemy, \u017ce zr\u00f3\u017cnicowanie wysoko\u015bci przyznanych \u015brodk\u00f3w pomi\u0119dzy wojew\u00f3dztwami wynika z przyj\u0119tych procedur konkursowych i kwot alokacji przekazanych przez IP. W cz\u0119\u015bci wojew\u00f3dztw, ze wzgl\u0119du na niewype\u0142nienie wska\u017anika projektu, realizowana jest II tura konkursu grantowego (do 31.01.2026 r.), co umo\u017cliwia dalsze rozdysponowanie \u015brodk\u00f3w. Natomiast w wojew\u00f3dztwach, w kt\u00f3rych wska\u017anik zosta\u0142 ju\u017c osi\u0105gni\u0119ty kwota alokacji przekazana przez IP zosta\u0142a zgodnie z procedur\u0105 podzielona na wnioskuj\u0105ce PPP.<\/p>\n\n\n\n<h2 class=\"wp-block-heading\">Spotkania\/webinary<\/h2>\n\n\n\n<h3 class=\"wp-block-heading\">12.11.2025 r.<\/h3>\n\n\n\n<p><strong>Zapraszamy na webinar dotycz\u0105cy aplikowania o grant<\/strong> w Projekcie &#8222;Perspektywa 3P&#8221;, dla przedstawicieli JST oraz PPP, kt\u00f3ry odb\u0119dzie si\u0119 w \u015brod\u0119 <strong>12 listopada 2025r.<\/strong><\/p>\n\n\n\n<p><em>Do\u0142\u0105cz do spotkania 12.11.2025 (11:00 \u2013 11:45<\/em>)<em>:&nbsp;<\/em>\u2192&nbsp;<em>link niedost\u0119pny &#8211; spotkanie zako\u0144czone&nbsp;<\/em>\u2190<\/p>\n\n\n\n<h3 class=\"wp-block-heading\">30.10.2025 r.<\/h3>\n\n\n\n<p><strong>Zapraszamy na webinar dotycz\u0105cy aplikacji GrantU\u015a<\/strong>, skierowany do Przedstawicieli\/ek organ\u00f3w prowadz\u0105cych publiczne poradnie pedagogiczno-psychologiczne oraz Przedstawicieli\/ek publicznych poradni pedagogiczno-psychologicznych i specjalistycznych, kt\u00f3ry odb\u0119dzie si\u0119 w czwartek, <strong>30 pa\u017adziernika 2025 r.<\/strong><\/p>\n\n\n\n<p><em>Do\u0142\u0105cz do spotkania 30.10.2025 (13:00 \u2013 13:45<\/em>)<em>:&nbsp;<\/em>\u2192&nbsp;<em>link niedost\u0119pny &#8211; spotkanie zako\u0144czone&nbsp;<\/em>\u2190<\/p>\n\n\n\n<h3 class=\"wp-block-heading\">6.10.2025 r.<\/h3>\n\n\n\n<p><strong>Zapraszamy na webinar<\/strong> dotycz\u0105cy om\u00f3wienia zasad grantowych dla Przedstawicieli organ\u00f3w prowadz\u0105cych publiczne poradnie pedagogiczno-psychologiczne oraz przedstawicieli publicznych poradni pedagogiczno-psychologicznych i specjalistycznych, kt\u00f3ry odb\u0119dzie si\u0119 w <strong>poniedzia\u0142ek 06 pa\u017adziernika 2025<\/strong>. Godzina zostanie podana w przes\u0142anym Pa\u0144stwu mailu.<\/p>\n\n\n\n<p><em>Do\u0142\u0105cz do spotkania 6.10.2025:&nbsp;<\/em>\u2192&nbsp;<em>link niedost\u0119pny \u2013 spotkanie zako\u0144czone&nbsp;<\/em>\u2190<\/p>\n\n\n\n<div data-wp-interactive=\"core\/file\" class=\"wp-block-file\"><object data-wp-bind--hidden=\"!state.hasPdfPreview\" hidden class=\"wp-block-file__embed\" data=\"https:\/\/perspektywa3p.us.edu.pl\/wp-content\/uploads\/2025\/11\/Lubuskie_webinar_06.10.2025_z-tekst-alt.pdf\" type=\"application\/pdf\" style=\"width:100%;height:600px\" aria-label=\"Osadzone z Prezentacja z webinaru z dnia 06.10.2025.\"><\/object><a id=\"wp-block-file--media-69f561dd-ccd0-4849-bfd4-6ee0a0c66979\" href=\"https:\/\/perspektywa3p.us.edu.pl\/wp-content\/uploads\/2025\/11\/Lubuskie_webinar_06.10.2025_z-tekst-alt.pdf\">Prezentacja z webinaru z dnia 06.10.2025<\/a><a href=\"https:\/\/perspektywa3p.us.edu.pl\/wp-content\/uploads\/2025\/11\/Lubuskie_webinar_06.10.2025_z-tekst-alt.pdf\" class=\"wp-block-file__button wp-element-button\" download aria-describedby=\"wp-block-file--media-69f561dd-ccd0-4849-bfd4-6ee0a0c66979\">Pobierz<\/a><\/div>\n\n\n\n<h3 class=\"wp-block-heading\">19.05.2025 r.<\/h3>\n\n\n\n<p>W zwi\u0105zku z rozpocz\u0119ciem projektu <em>&#8222;Perspektywa 3P dla wojew\u00f3dztwa lubuskiego&#8221;<\/em> serdecznie zapraszamy Pa\u0144stwa na pierwszy webinar, kt\u00f3ry odb\u0119dzie si\u0119 w <strong>poniedzia\u0142ek 19 maja 11:30\u201312:15<\/strong> na platformie Teams.<\/p>\n\n\n\n<p><em>Do\u0142\u0105cz do spotkania 19.05.2025:&nbsp;<\/em>\u2192&nbsp;<em>link niedost\u0119pny \u2013 spotkanie zako\u0144czone&nbsp;<\/em>\u2190<\/p>\n","protected":false},"excerpt":{"rendered":"<p>Wyniki oceny merytorycznej wniosk\u00f3w Nr wniosku Wynik oceny merytorycznej \/Ocena \u015brednia Kwota przyznana 20251023\/1304\/0025 107,5 148\u00a0460,00 z\u0142 20251023\/1500\/0040 103,5 149\u00a0927,00\u00a0z\u0142 20251023\/1507\/0041 102,5 103\u00a0890,00\u00a0z\u0142 20251023\/1649\/0051 99,5 120&nbsp;000,00&nbsp;z\u0142 20251024\/0621\/0079 99 120&nbsp;000,00&nbsp;z\u0142 20251024\/0828\/0129 98 120&nbsp;000,00&nbsp;z\u0142 20251024\/0828\/0130 97,5 76&nbsp;461,00&nbsp;z\u0142 20251024\/0845\/0141 97 76&nbsp;461,00&nbsp;z\u0142 20251024\/0853\/0144 95,5 76&nbsp;461,00&nbsp;z\u0142 20251027\/0715\/0196 95,5 76&nbsp;461,00&nbsp;z\u0142 20251103\/1029\/0380 95 76&nbsp;461,00&nbsp;z\u0142 20251103\/1042\/0387 95 76&nbsp;461,00&nbsp;z\u0142 20251104\/0959\/0428 93 76&nbsp;461,00&nbsp;z\u0142 20251104\/1135\/0434 92,5&hellip; <br \/> <a class=\"read-more\" href=\"https:\/\/perspektywa3p.us.edu.pl\/index.php\/lubuskie-spotkania-webinary-biezace-informacje\/\">Dowiedz si\u0119 wi\u0119cej<\/a><\/p>\n","protected":false},"author":1,"featured_media":0,"parent":0,"menu_order":0,"comment_status":"closed","ping_status":"closed","template":"","meta":{"footnotes":""},"class_list":["post-843","page","type-page","status-publish","hentry"],"_links":{"self":[{"href":"https:\/\/perspektywa3p.us.edu.pl\/index.php\/wp-json\/wp\/v2\/pages\/843","targetHints":{"allow":["GET"]}}],"collection":[{"href":"https:\/\/perspektywa3p.us.edu.pl\/index.php\/wp-json\/wp\/v2\/pages"}],"about":[{"href":"https:\/\/perspektywa3p.us.edu.pl\/index.php\/wp-json\/wp\/v2\/types\/page"}],"author":[{"embeddable":true,"href":"https:\/\/perspektywa3p.us.edu.pl\/index.php\/wp-json\/wp\/v2\/users\/1"}],"replies":[{"embeddable":true,"href":"https:\/\/perspektywa3p.us.edu.pl\/index.php\/wp-json\/wp\/v2\/comments?post=843"}],"version-history":[{"count":18,"href":"https:\/\/perspektywa3p.us.edu.pl\/index.php\/wp-json\/wp\/v2\/pages\/843\/revisions"}],"predecessor-version":[{"id":3642,"href":"https:\/\/perspektywa3p.us.edu.pl\/index.php\/wp-json\/wp\/v2\/pages\/843\/revisions\/3642"}],"wp:attachment":[{"href":"https:\/\/perspektywa3p.us.edu.pl\/index.php\/wp-json\/wp\/v2\/media?parent=843"}],"curies":[{"name":"wp","href":"https:\/\/api.w.org\/{rel}","templated":true}]}}