{"id":830,"date":"2025-07-28T10:32:27","date_gmt":"2025-07-28T10:32:27","guid":{"rendered":"https:\/\/perspektywa3p.us.edu.pl\/?page_id=830"},"modified":"2026-01-21T09:38:58","modified_gmt":"2026-01-21T09:38:58","slug":"lubelskie-spotkania-webinary-biezace-informacje","status":"publish","type":"page","link":"https:\/\/perspektywa3p.us.edu.pl\/index.php\/lubelskie-spotkania-webinary-biezace-informacje\/","title":{"rendered":"Lubelskie \u2013 spotkania\/webinary\/bie\u017c\u0105ce informacje"},"content":{"rendered":"\n<h2 class=\"wp-block-heading\">Wyniki oceny merytorycznej wniosk\u00f3w<\/h2>\n\n\n\n<figure class=\"wp-block-table is-style-stripes\"><table><thead><tr><th><strong>Nr wniosku<\/strong><\/th><th class=\"has-text-align-center\" data-align=\"center\"><strong>Wynik oceny merytorycznej \/Ocena \u015brednia<\/strong><\/th><th class=\"has-text-align-right\" data-align=\"right\"><strong>Kwota przyznana<\/strong><\/th><\/tr><\/thead><tbody><tr><td>20251024\/0608\/0077<\/td><td class=\"has-text-align-center\" data-align=\"center\">111,5<\/td><td class=\"has-text-align-right\" data-align=\"right\">&nbsp;&nbsp;&nbsp;&nbsp;&nbsp;&nbsp;150&nbsp;000,00&nbsp;z\u0142&nbsp;<\/td><\/tr><tr><td>20251023\/1717\/0055<\/td><td class=\"has-text-align-center\" data-align=\"center\">109,5<\/td><td class=\"has-text-align-right\" data-align=\"right\">&nbsp;&nbsp;&nbsp;&nbsp;&nbsp;&nbsp;149&nbsp;985,65&nbsp;z\u0142&nbsp;<\/td><\/tr><tr><td>20251105\/1141\/0471<\/td><td class=\"has-text-align-center\" data-align=\"center\">109<\/td><td class=\"has-text-align-right\" data-align=\"right\">&nbsp;&nbsp;&nbsp;&nbsp;&nbsp;&nbsp;150&nbsp;000,00&nbsp;z\u0142&nbsp;<\/td><\/tr><tr><td>20251027\/1349\/0225<\/td><td class=\"has-text-align-center\" data-align=\"center\">108,5<\/td><td class=\"has-text-align-right\" data-align=\"right\">&nbsp;&nbsp;&nbsp;&nbsp;&nbsp;&nbsp;120&nbsp;000,00&nbsp;z\u0142&nbsp;<\/td><\/tr><tr><td>20251024\/0716\/0103<\/td><td class=\"has-text-align-center\" data-align=\"center\">108<\/td><td class=\"has-text-align-right\" data-align=\"right\">&nbsp;&nbsp;&nbsp;&nbsp;&nbsp;&nbsp;120&nbsp;000,00&nbsp;z\u0142&nbsp;<\/td><\/tr><tr><td>20251024\/0728\/0107<\/td><td class=\"has-text-align-center\" data-align=\"center\">107,5<\/td><td class=\"has-text-align-right\" data-align=\"right\">&nbsp;&nbsp;&nbsp;&nbsp;&nbsp;&nbsp;120&nbsp;000,00&nbsp;z\u0142&nbsp;<\/td><\/tr><tr><td>20251115\/1757\/0763<\/td><td class=\"has-text-align-center\" data-align=\"center\">107<\/td><td class=\"has-text-align-right\" data-align=\"right\">&nbsp;&nbsp;&nbsp;&nbsp;&nbsp;&nbsp;120&nbsp;000,00&nbsp;z\u0142&nbsp;<\/td><\/tr><tr><td>20251023\/1452\/0039<\/td><td class=\"has-text-align-center\" data-align=\"center\">106,5<\/td><td class=\"has-text-align-right\" data-align=\"right\">&nbsp;&nbsp;&nbsp;&nbsp;&nbsp;&nbsp;120&nbsp;000,00&nbsp;z\u0142&nbsp;<\/td><\/tr><tr><td>20251109\/1814\/0554<\/td><td class=\"has-text-align-center\" data-align=\"center\">106,5<\/td><td class=\"has-text-align-right\" data-align=\"right\">&nbsp;&nbsp;&nbsp;&nbsp;&nbsp;&nbsp;120&nbsp;000,00&nbsp;z\u0142&nbsp;<\/td><\/tr><tr><td>20251027\/1313\/0224<\/td><td class=\"has-text-align-center\" data-align=\"center\">105,5<\/td><td class=\"has-text-align-right\" data-align=\"right\">&nbsp;&nbsp;&nbsp;&nbsp;&nbsp;&nbsp;119&nbsp;000,00&nbsp;z\u0142&nbsp;<\/td><\/tr><tr><td>20251029\/1926\/0288<\/td><td class=\"has-text-align-center\" data-align=\"center\">105<\/td><td class=\"has-text-align-right\" data-align=\"right\">&nbsp;&nbsp;&nbsp;&nbsp;&nbsp;&nbsp;119&nbsp;000,00&nbsp;z\u0142&nbsp;<\/td><\/tr><tr><td>20251029\/1934\/0289<\/td><td class=\"has-text-align-center\" data-align=\"center\">104<\/td><td class=\"has-text-align-right\" data-align=\"right\">&nbsp;&nbsp;&nbsp;&nbsp;&nbsp;&nbsp;119&nbsp;000,00&nbsp;z\u0142&nbsp;<\/td><\/tr><tr><td>20251024\/0752\/0114<\/td><td class=\"has-text-align-center\" data-align=\"center\">103,5<\/td><td class=\"has-text-align-right\" data-align=\"right\">&nbsp;&nbsp;&nbsp;&nbsp;&nbsp;&nbsp;119&nbsp;000,00&nbsp;z\u0142&nbsp;<\/td><\/tr><tr><td>20251029\/2341\/0295<\/td><td class=\"has-text-align-center\" data-align=\"center\">103<\/td><td class=\"has-text-align-right\" data-align=\"right\">&nbsp;&nbsp;&nbsp;&nbsp;&nbsp;&nbsp;119&nbsp;000,00&nbsp;z\u0142&nbsp;<\/td><\/tr><tr><td>20251111\/0943\/0583<\/td><td class=\"has-text-align-center\" data-align=\"center\">102<\/td><td class=\"has-text-align-right\" data-align=\"right\">&nbsp;&nbsp;&nbsp;&nbsp;&nbsp;&nbsp;119&nbsp;000,00&nbsp;z\u0142&nbsp;<\/td><\/tr><tr><td>20251028\/0841\/0239<\/td><td class=\"has-text-align-center\" data-align=\"center\">100,5<\/td><td class=\"has-text-align-right\" data-align=\"right\">&nbsp;&nbsp;&nbsp;&nbsp;&nbsp;&nbsp;119&nbsp;000,00&nbsp;z\u0142&nbsp;<\/td><\/tr><tr><td>20251024\/0916\/0153<\/td><td class=\"has-text-align-center\" data-align=\"center\">99,5<\/td><td class=\"has-text-align-right\" data-align=\"right\">&nbsp;&nbsp;&nbsp;&nbsp;&nbsp;&nbsp;119&nbsp;000,00&nbsp;z\u0142&nbsp;<\/td><\/tr><tr><td>20251030\/0737\/0297<\/td><td class=\"has-text-align-center\" data-align=\"center\">99,5<\/td><td class=\"has-text-align-right\" data-align=\"right\">&nbsp;&nbsp;&nbsp;&nbsp;&nbsp;&nbsp;119&nbsp;000,00&nbsp;z\u0142&nbsp;<\/td><\/tr><tr><td>20251024\/0944\/0158<\/td><td class=\"has-text-align-center\" data-align=\"center\">98,5<\/td><td class=\"has-text-align-right\" data-align=\"right\">&nbsp;&nbsp;&nbsp;&nbsp;&nbsp;&nbsp;119&nbsp;000,00&nbsp;z\u0142&nbsp;<\/td><\/tr><tr><td>20251023\/1250\/0019<\/td><td class=\"has-text-align-center\" data-align=\"center\">95,5<\/td><td class=\"has-text-align-right\" data-align=\"right\">&nbsp;&nbsp;&nbsp;&nbsp;&nbsp;&nbsp;119&nbsp;000,00&nbsp;z\u0142&nbsp;<\/td><\/tr><tr><td>20251023\/1650\/0052<\/td><td class=\"has-text-align-center\" data-align=\"center\">94,5<\/td><td class=\"has-text-align-right\" data-align=\"right\">&nbsp;&nbsp;&nbsp;&nbsp;&nbsp;&nbsp;119&nbsp;000,00&nbsp;z\u0142&nbsp;<\/td><\/tr><tr><td>20251110\/1716\/0575<\/td><td class=\"has-text-align-center\" data-align=\"center\">92,5<\/td><td class=\"has-text-align-right\" data-align=\"right\">&nbsp;&nbsp;&nbsp;&nbsp;&nbsp;&nbsp;119&nbsp;000,00&nbsp;z\u0142&nbsp;<\/td><\/tr><tr><td>20251106\/1551\/0520<\/td><td class=\"has-text-align-center\" data-align=\"center\">92<\/td><td class=\"has-text-align-right\" data-align=\"right\">&nbsp;&nbsp;&nbsp;&nbsp;&nbsp;&nbsp;119&nbsp;000,00&nbsp;z\u0142&nbsp;<\/td><\/tr><tr><td>20251023\/1544\/0047<\/td><td class=\"has-text-align-center\" data-align=\"center\">89<\/td><td class=\"has-text-align-right\" data-align=\"right\">&nbsp;&nbsp;&nbsp;&nbsp;&nbsp;&nbsp;119&nbsp;000,00&nbsp;z\u0142&nbsp;<\/td><\/tr><tr><td>20251103\/1102\/0390<\/td><td class=\"has-text-align-center\" data-align=\"center\">89<\/td><td class=\"has-text-align-right\" data-align=\"right\">&nbsp;&nbsp;&nbsp;&nbsp;&nbsp;&nbsp;119&nbsp;000,00&nbsp;z\u0142&nbsp;<\/td><\/tr><tr><td>20251106\/1711\/0521<\/td><td class=\"has-text-align-center\" data-align=\"center\">89<\/td><td class=\"has-text-align-right\" data-align=\"right\">&nbsp;&nbsp;&nbsp;&nbsp;&nbsp;&nbsp;119&nbsp;000,00&nbsp;z\u0142&nbsp;<\/td><\/tr><tr><td>20251023\/1234\/0005<\/td><td class=\"has-text-align-center\" data-align=\"center\">87,5<\/td><td class=\"has-text-align-right\" data-align=\"right\">&nbsp;&nbsp;&nbsp;&nbsp;&nbsp;&nbsp;119&nbsp;000,00&nbsp;z\u0142&nbsp;<\/td><\/tr><tr><td>20251024\/0812\/0123<\/td><td class=\"has-text-align-center\" data-align=\"center\">79,5<\/td><td class=\"has-text-align-right\" data-align=\"right\">&nbsp;&nbsp;&nbsp;&nbsp;&nbsp;&nbsp;119&nbsp;000,00&nbsp;z\u0142&nbsp;<\/td><\/tr><tr><td>20251028\/0932\/0245<\/td><td class=\"has-text-align-center\" data-align=\"center\">70<\/td><td class=\"has-text-align-right\" data-align=\"right\">&nbsp;&nbsp;&nbsp;&nbsp;&nbsp;&nbsp;&nbsp;&nbsp;&nbsp;59&nbsp;983,60&nbsp;z\u0142&nbsp;<\/td><\/tr><\/tbody><\/table><\/figure>\n\n\n\n<p>Jednocze\u015bnie informujemy, \u017ce zr\u00f3\u017cnicowanie wysoko\u015bci przyznanych \u015brodk\u00f3w pomi\u0119dzy wojew\u00f3dztwami wynika z przyj\u0119tych procedur konkursowych i kwot alokacji przekazanych przez IP. W cz\u0119\u015bci wojew\u00f3dztw, ze wzgl\u0119du na niewype\u0142nienie wska\u017anika projektu, realizowana jest II tura konkursu grantowego (do 31.01.2026 r.), co umo\u017cliwia dalsze rozdysponowanie \u015brodk\u00f3w. Natomiast w wojew\u00f3dztwach, w kt\u00f3rych wska\u017anik zosta\u0142 ju\u017c osi\u0105gni\u0119ty kwota alokacji przekazana przez IP zosta\u0142a zgodnie z procedur\u0105 podzielona na wnioskuj\u0105ce PPP.<\/p>\n\n\n\n<h2 class=\"wp-block-heading\">Spotkania\/webinary<\/h2>\n\n\n\n<h3 class=\"wp-block-heading\">12.11.2025 r.<\/h3>\n\n\n\n<p><strong>Zapraszamy na webinar dotycz\u0105cy aplikowania o grant<\/strong> w Projekcie &#8222;Perspektywa 3P&#8221;, dla przedstawicieli JST oraz PPP, kt\u00f3ry odb\u0119dzie si\u0119 w \u015brod\u0119 <strong>12 listopada 2025r.<\/strong><\/p>\n\n\n\n<p><em>Do\u0142\u0105cz do spotkania 12.11.2025 (11:00 \u2013 11:45<\/em>)<em>:&nbsp;<\/em>\u2192&nbsp;<em>link niedost\u0119pny &#8211; spotkanie zako\u0144czone&nbsp;<\/em>\u2190<\/p>\n\n\n\n<h3 class=\"wp-block-heading\">7.11.2025 r.<\/h3>\n\n\n\n<p>Pan Tomasz Szab\u0142owski Lubelski Kurator O\u015bwiaty wraz z kadr\u0105 realizuj\u0105c\u0105 projekt: &#8222;Perspektywa 3P dla wojew\u00f3dztwa lubelskiego&#8221; dr hab. Anna Prokopiak, prof. UMCS ekspert w zakresie zarz\u0105dzania zmian\u0105 na terenie wojew\u00f3dztwa lubelskiego serdecznie zapraszaj\u0105 na spotkanie stacjonarne w dniu <strong>7 listopada 2025 r. w godzinach 10.00-12.00.<\/strong><br><em>Miejsce: <\/em>Kuratorium O\u015bwiaty w Lublinie, ul. 3 Maja 6, 20-078 Lublin<br><em>Cel: <\/em><\/p>\n\n\n\n<ul class=\"wp-block-list\">\n<li>Spotkanie organ\u00f3w prowadz\u0105cych publiczne Poradnie Psychologiczno Pedagogiczne i dyrektor\u00f3w\/k tych instytucji w celu przygotowania do udzia\u0142u w projekcie Perspektywa 3P<\/li>\n\n\n\n<li>Zapoznanie z propozycjami najnowszych zmian i uzgodnie\u0144 mi\u0119dzyresortowych w zakresie nowego rozporz\u0105dzenia ws. orzecze\u0144 i opinii wydawanych w publicznych poradniach psychologiczno-pedagogicznych<\/li>\n<\/ul>\n\n\n\n<p><strong>Plan spotkania<\/strong><br>godzina 10.00 \u2013 rejestracja uczestnik\u00f3w spotkania<br>godzina 10.10 \u2013 12.00<\/p>\n\n\n\n<ol class=\"wp-block-list\">\n<li>Powitanie Go\u015bci<\/li>\n\n\n\n<li>Wyst\u0105pienie Pana Tomasza Szab\u0142owskiego Lubelskiego Kuratora O\u015bwiaty<\/li>\n\n\n\n<li>Wyst\u0105pienie dr hab. Anny Prokopiak, prof. UMCS, eksperta w zakresie zarz\u0105dzania zmian\u0105<br><em>\u201ePerspektywa 3P\u201d dla wojew\u00f3dztwa lubelskiego &#8211; innowacyjny projekt, kt\u00f3ry koncentruje si\u0119 na kompleksowym wsparciu publicznych poradni psychologiczno-pedagogicznych (PPP)<\/em><\/li>\n\n\n\n<li>Wyst\u0105pienie Katarzyny Nowakowskiej z O\u015brodka Rozwoju Edukacji. <br><em>Zmiany i uzgodnie\u0144 mi\u0119dzyresortowych w zakresie nowego rozporz\u0105dzenia ws. orzecze\u0144 i opinii wydawanych w publicznych poradniach psychologiczno-pedagogicznych<\/em><\/li>\n\n\n\n<li>Sesja pyta\u0144 i odpowiedzi<\/li>\n\n\n\n<li>Rozmowy w kuluarach<\/li>\n<\/ol>\n\n\n\n<ol start=\"2\" class=\"wp-block-list\">\n<li><\/li>\n<\/ol>\n\n\n\n<h3 class=\"wp-block-heading\">30.10.2025 r.<\/h3>\n\n\n\n<p><strong>Zapraszamy na webinar dotycz\u0105cy aplikacji GrantU\u015a<\/strong>, skierowany do Przedstawicieli\/ek organ\u00f3w prowadz\u0105cych publiczne poradnie pedagogiczno-psychologiczne oraz Przedstawicieli\/ek publicznych poradni pedagogiczno-psychologicznych i specjalistycznych, kt\u00f3ry odb\u0119dzie si\u0119 w czwartek, <strong>30 pa\u017adziernika 2025 r.<\/strong><\/p>\n\n\n\n<p><em>Do\u0142\u0105cz do spotkania 30.10.2025 (11:00 \u2013 11:45<\/em>)<em>:&nbsp;<\/em>\u2192&nbsp;<em>link niedost\u0119pny &#8211; spotkanie zako\u0144czone&nbsp;<\/em>\u2190<\/p>\n\n\n\n<h3 class=\"wp-block-heading\">6.10.2025 r.<\/h3>\n\n\n\n<p><strong>Zapraszamy na webinar<\/strong> dotycz\u0105cy om\u00f3wienia zasad grantowych dla Przedstawicieli organ\u00f3w prowadz\u0105cych publiczne poradnie pedagogiczno-psychologiczne oraz przedstawicieli publicznych poradni pedagogiczno-psychologicznych i specjalistycznych, kt\u00f3ry odb\u0119dzie si\u0119 w <strong>poniedzia\u0142ek 06 pa\u017adziernika 2025<\/strong>. Godzina zostanie podana w przes\u0142anym Pa\u0144stwu mailu.<\/p>\n\n\n\n<p><em>Do\u0142\u0105cz do spotkania 6.10.2025:&nbsp;<\/em>\u2192&nbsp;<em>link niedost\u0119pny \u2013 spotkanie zako\u0144czone&nbsp;<\/em>\u2190<\/p>\n\n\n\n<div data-wp-interactive=\"core\/file\" class=\"wp-block-file\"><object data-wp-bind--hidden=\"!state.hasPdfPreview\" hidden class=\"wp-block-file__embed\" data=\"https:\/\/perspektywa3p.us.edu.pl\/wp-content\/uploads\/2025\/11\/Lubelskie_webinar_06.10.2025_z-tekst-alt.pdf\" type=\"application\/pdf\" style=\"width:100%;height:600px\" aria-label=\"Osadzone z Prezentacja z webinaru z dnia 06.10.2025.\"><\/object><a id=\"wp-block-file--media-10762bb3-2b6d-4b1c-b0d9-8ad27670568e\" href=\"https:\/\/perspektywa3p.us.edu.pl\/wp-content\/uploads\/2025\/11\/Lubelskie_webinar_06.10.2025_z-tekst-alt.pdf\">Prezentacja z webinaru z dnia 06.10.2025<\/a><a href=\"https:\/\/perspektywa3p.us.edu.pl\/wp-content\/uploads\/2025\/11\/Lubelskie_webinar_06.10.2025_z-tekst-alt.pdf\" class=\"wp-block-file__button wp-element-button\" download aria-describedby=\"wp-block-file--media-10762bb3-2b6d-4b1c-b0d9-8ad27670568e\">Pobierz<\/a><\/div>\n\n\n\n<h3 class=\"wp-block-heading\">16.05.2025 r.<\/h3>\n\n\n\n<p>W zwi\u0105zku z rozpocz\u0119ciem projektu <em>&#8222;Perspektywa 3P dla wojew\u00f3dztwa lubelskiego&#8221;<\/em> serdecznie zapraszamy Pa\u0144stwa na pierwszy webinar, kt\u00f3ry odb\u0119dzie si\u0119 w <strong>pi\u0105tek 16 maja 10:30 \u2013 11:15<\/strong> na platformie Teams.<\/p>\n\n\n\n<p><em>Do\u0142\u0105cz do spotkania 16.05.2025:&nbsp;<\/em>\u2192&nbsp;<em>link niedost\u0119pny \u2013 spotkanie zako\u0144czone&nbsp;<\/em>\u2190<\/p>\n\n\n\n<p><\/p>\n","protected":false},"excerpt":{"rendered":"<p>Wyniki oceny merytorycznej wniosk\u00f3w Nr wniosku Wynik oceny merytorycznej \/Ocena \u015brednia Kwota przyznana 20251024\/0608\/0077 111,5 &nbsp;&nbsp;&nbsp;&nbsp;&nbsp;&nbsp;150&nbsp;000,00&nbsp;z\u0142&nbsp; 20251023\/1717\/0055 109,5 &nbsp;&nbsp;&nbsp;&nbsp;&nbsp;&nbsp;149&nbsp;985,65&nbsp;z\u0142&nbsp; 20251105\/1141\/0471 109 &nbsp;&nbsp;&nbsp;&nbsp;&nbsp;&nbsp;150&nbsp;000,00&nbsp;z\u0142&nbsp; 20251027\/1349\/0225 108,5 &nbsp;&nbsp;&nbsp;&nbsp;&nbsp;&nbsp;120&nbsp;000,00&nbsp;z\u0142&nbsp; 20251024\/0716\/0103 108 &nbsp;&nbsp;&nbsp;&nbsp;&nbsp;&nbsp;120&nbsp;000,00&nbsp;z\u0142&nbsp; 20251024\/0728\/0107 107,5 &nbsp;&nbsp;&nbsp;&nbsp;&nbsp;&nbsp;120&nbsp;000,00&nbsp;z\u0142&nbsp; 20251115\/1757\/0763 107 &nbsp;&nbsp;&nbsp;&nbsp;&nbsp;&nbsp;120&nbsp;000,00&nbsp;z\u0142&nbsp; 20251023\/1452\/0039 106,5 &nbsp;&nbsp;&nbsp;&nbsp;&nbsp;&nbsp;120&nbsp;000,00&nbsp;z\u0142&nbsp; 20251109\/1814\/0554 106,5 &nbsp;&nbsp;&nbsp;&nbsp;&nbsp;&nbsp;120&nbsp;000,00&nbsp;z\u0142&nbsp; 20251027\/1313\/0224 105,5 &nbsp;&nbsp;&nbsp;&nbsp;&nbsp;&nbsp;119&nbsp;000,00&nbsp;z\u0142&nbsp; 20251029\/1926\/0288 105 &nbsp;&nbsp;&nbsp;&nbsp;&nbsp;&nbsp;119&nbsp;000,00&nbsp;z\u0142&nbsp; 20251029\/1934\/0289 104 &nbsp;&nbsp;&nbsp;&nbsp;&nbsp;&nbsp;119&nbsp;000,00&nbsp;z\u0142&nbsp; 20251024\/0752\/0114 103,5 &nbsp;&nbsp;&nbsp;&nbsp;&nbsp;&nbsp;119&nbsp;000,00&nbsp;z\u0142&nbsp; 20251029\/2341\/0295 103 &nbsp;&nbsp;&nbsp;&nbsp;&nbsp;&nbsp;119&nbsp;000,00&nbsp;z\u0142&nbsp;&hellip; <br \/> <a class=\"read-more\" href=\"https:\/\/perspektywa3p.us.edu.pl\/index.php\/lubelskie-spotkania-webinary-biezace-informacje\/\">Dowiedz si\u0119 wi\u0119cej<\/a><\/p>\n","protected":false},"author":1,"featured_media":0,"parent":0,"menu_order":0,"comment_status":"closed","ping_status":"closed","template":"","meta":{"footnotes":""},"class_list":["post-830","page","type-page","status-publish","hentry"],"_links":{"self":[{"href":"https:\/\/perspektywa3p.us.edu.pl\/index.php\/wp-json\/wp\/v2\/pages\/830","targetHints":{"allow":["GET"]}}],"collection":[{"href":"https:\/\/perspektywa3p.us.edu.pl\/index.php\/wp-json\/wp\/v2\/pages"}],"about":[{"href":"https:\/\/perspektywa3p.us.edu.pl\/index.php\/wp-json\/wp\/v2\/types\/page"}],"author":[{"embeddable":true,"href":"https:\/\/perspektywa3p.us.edu.pl\/index.php\/wp-json\/wp\/v2\/users\/1"}],"replies":[{"embeddable":true,"href":"https:\/\/perspektywa3p.us.edu.pl\/index.php\/wp-json\/wp\/v2\/comments?post=830"}],"version-history":[{"count":22,"href":"https:\/\/perspektywa3p.us.edu.pl\/index.php\/wp-json\/wp\/v2\/pages\/830\/revisions"}],"predecessor-version":[{"id":3455,"href":"https:\/\/perspektywa3p.us.edu.pl\/index.php\/wp-json\/wp\/v2\/pages\/830\/revisions\/3455"}],"wp:attachment":[{"href":"https:\/\/perspektywa3p.us.edu.pl\/index.php\/wp-json\/wp\/v2\/media?parent=830"}],"curies":[{"name":"wp","href":"https:\/\/api.w.org\/{rel}","templated":true}]}}