{"id":788,"date":"2025-07-25T09:05:26","date_gmt":"2025-07-25T09:05:26","guid":{"rendered":"https:\/\/perspektywa3p.us.edu.pl\/?page_id=788"},"modified":"2025-07-25T09:05:26","modified_gmt":"2025-07-25T09:05:26","slug":"klauzule-informacyjne","status":"publish","type":"page","link":"https:\/\/perspektywa3p.us.edu.pl\/index.php\/klauzule-informacyjne\/","title":{"rendered":"Klauzule informacyjne"},"content":{"rendered":"\n<div data-wp-interactive=\"core\/file\" class=\"wp-block-file\"><object data-wp-bind--hidden=\"!state.hasPdfPreview\" hidden class=\"wp-block-file__embed\" data=\"https:\/\/perspektywa3p.us.edu.pl\/wp-content\/uploads\/2025\/07\/Klauzula-informacyjna-RODO-Uniwersytetu-Slaskiego-w-Katowicach-dla-uczestnikow-projektu.pdf\" type=\"application\/pdf\" style=\"width:100%;height:600px\" aria-label=\"Osadzone z Klauzula informacyjna RODO Uniwersytetu \u015al\u0105skiego w Katowicach dla uczestnik\u00f3w projektu.\"><\/object><a id=\"wp-block-file--media-862b4b43-0676-4350-aa77-d597f07e9a9c\" href=\"https:\/\/perspektywa3p.us.edu.pl\/wp-content\/uploads\/2025\/07\/Klauzula-informacyjna-RODO-Uniwersytetu-Slaskiego-w-Katowicach-dla-uczestnikow-projektu.pdf\">Klauzula informacyjna RODO Uniwersytetu \u015al\u0105skiego w Katowicach dla uczestnik\u00f3w projektu<\/a><a href=\"https:\/\/perspektywa3p.us.edu.pl\/wp-content\/uploads\/2025\/07\/Klauzula-informacyjna-RODO-Uniwersytetu-Slaskiego-w-Katowicach-dla-uczestnikow-projektu.pdf\" class=\"wp-block-file__button wp-element-button\" download aria-describedby=\"wp-block-file--media-862b4b43-0676-4350-aa77-d597f07e9a9c\">Pobierz<\/a><\/div>\n\n\n\n<div data-wp-interactive=\"core\/file\" class=\"wp-block-file\"><object data-wp-bind--hidden=\"!state.hasPdfPreview\" hidden class=\"wp-block-file__embed\" data=\"https:\/\/perspektywa3p.us.edu.pl\/wp-content\/uploads\/2025\/07\/Klauzula-informacyjna-Uniwersytet-Rzeszowski.pdf\" type=\"application\/pdf\" style=\"width:100%;height:600px\" aria-label=\"Osadzone z Klauzula informacyjna Uniwersytet Rzeszowski.\"><\/object><a id=\"wp-block-file--media-ed03c5c7-9b4f-46bb-abe4-83bedc9337dd\" href=\"https:\/\/perspektywa3p.us.edu.pl\/wp-content\/uploads\/2025\/07\/Klauzula-informacyjna-Uniwersytet-Rzeszowski.pdf\">Klauzula informacyjna Uniwersytet Rzeszowski<\/a><a href=\"https:\/\/perspektywa3p.us.edu.pl\/wp-content\/uploads\/2025\/07\/Klauzula-informacyjna-Uniwersytet-Rzeszowski.pdf\" class=\"wp-block-file__button wp-element-button\" download aria-describedby=\"wp-block-file--media-ed03c5c7-9b4f-46bb-abe4-83bedc9337dd\">Pobierz<\/a><\/div>\n\n\n\n<div data-wp-interactive=\"core\/file\" class=\"wp-block-file\"><object data-wp-bind--hidden=\"!state.hasPdfPreview\" hidden class=\"wp-block-file__embed\" data=\"https:\/\/perspektywa3p.us.edu.pl\/wp-content\/uploads\/2025\/07\/Klauzula-informacyjna-Uniwersytet-w-Bialymstoku.pdf\" type=\"application\/pdf\" style=\"width:100%;height:600px\" aria-label=\"Osadzone z Klauzula informacyjna Uniwersytet w Bia\u0142ymstoku.\"><\/object><a id=\"wp-block-file--media-9a8da443-4784-45db-9972-5bfe1947f0c9\" href=\"https:\/\/perspektywa3p.us.edu.pl\/wp-content\/uploads\/2025\/07\/Klauzula-informacyjna-Uniwersytet-w-Bialymstoku.pdf\">Klauzula informacyjna Uniwersytet w Bia\u0142ymstoku<\/a><a href=\"https:\/\/perspektywa3p.us.edu.pl\/wp-content\/uploads\/2025\/07\/Klauzula-informacyjna-Uniwersytet-w-Bialymstoku.pdf\" class=\"wp-block-file__button wp-element-button\" download aria-describedby=\"wp-block-file--media-9a8da443-4784-45db-9972-5bfe1947f0c9\">Pobierz<\/a><\/div>\n\n\n\n<div data-wp-interactive=\"core\/file\" class=\"wp-block-file\"><object data-wp-bind--hidden=\"!state.hasPdfPreview\" hidden class=\"wp-block-file__embed\" data=\"https:\/\/perspektywa3p.us.edu.pl\/wp-content\/uploads\/2025\/07\/Klauzula-informacyjna-Akademia-Pedagogiki-Specjalnej.pdf\" type=\"application\/pdf\" style=\"width:100%;height:600px\" aria-label=\"Osadzone z Klauzula informacyjna Akademia Pedagogiki Specjalnej.\"><\/object><a id=\"wp-block-file--media-d27e78fe-5ccc-4064-a3db-df561666cf9e\" href=\"https:\/\/perspektywa3p.us.edu.pl\/wp-content\/uploads\/2025\/07\/Klauzula-informacyjna-Akademia-Pedagogiki-Specjalnej.pdf\">Klauzula informacyjna Akademia Pedagogiki Specjalnej<\/a><a href=\"https:\/\/perspektywa3p.us.edu.pl\/wp-content\/uploads\/2025\/07\/Klauzula-informacyjna-Akademia-Pedagogiki-Specjalnej.pdf\" class=\"wp-block-file__button wp-element-button\" download aria-describedby=\"wp-block-file--media-d27e78fe-5ccc-4064-a3db-df561666cf9e\">Pobierz<\/a><\/div>\n\n\n\n<div data-wp-interactive=\"core\/file\" class=\"wp-block-file\"><object data-wp-bind--hidden=\"!state.hasPdfPreview\" hidden class=\"wp-block-file__embed\" data=\"https:\/\/perspektywa3p.us.edu.pl\/wp-content\/uploads\/2025\/07\/Klauzula-informacyjna-Instytucji-Posredniczacej.pdf\" type=\"application\/pdf\" style=\"width:100%;height:600px\" aria-label=\"Osadzone z Klauzula informacyjna Instytucji Po\u015brednicz\u0105cej.\"><\/object><a id=\"wp-block-file--media-6c0dac6d-e270-429c-a681-b061e2a4aa4a\" href=\"https:\/\/perspektywa3p.us.edu.pl\/wp-content\/uploads\/2025\/07\/Klauzula-informacyjna-Instytucji-Posredniczacej.pdf\">Klauzula informacyjna Instytucji Po\u015brednicz\u0105cej<\/a><a href=\"https:\/\/perspektywa3p.us.edu.pl\/wp-content\/uploads\/2025\/07\/Klauzula-informacyjna-Instytucji-Posredniczacej.pdf\" class=\"wp-block-file__button wp-element-button\" download aria-describedby=\"wp-block-file--media-6c0dac6d-e270-429c-a681-b061e2a4aa4a\">Pobierz<\/a><\/div>\n\n\n\n<div data-wp-interactive=\"core\/file\" class=\"wp-block-file\"><object data-wp-bind--hidden=\"!state.hasPdfPreview\" hidden class=\"wp-block-file__embed\" data=\"https:\/\/perspektywa3p.us.edu.pl\/wp-content\/uploads\/2025\/07\/Klauzula-informacyjna-ministra-wlasciwego-do-spraw-rozwoju-regionalnego.pdf\" type=\"application\/pdf\" style=\"width:100%;height:600px\" aria-label=\"Osadzone z Klauzula informacyjna ministra w\u0142a\u015bciwego do spraw rozwoju regionalnego.\"><\/object><a id=\"wp-block-file--media-9aeedff9-217d-4b6b-b5cb-22147f64ac85\" href=\"https:\/\/perspektywa3p.us.edu.pl\/wp-content\/uploads\/2025\/07\/Klauzula-informacyjna-ministra-wlasciwego-do-spraw-rozwoju-regionalnego.pdf\">Klauzula informacyjna ministra w\u0142a\u015bciwego do spraw rozwoju regionalnego<\/a><a href=\"https:\/\/perspektywa3p.us.edu.pl\/wp-content\/uploads\/2025\/07\/Klauzula-informacyjna-ministra-wlasciwego-do-spraw-rozwoju-regionalnego.pdf\" class=\"wp-block-file__button wp-element-button\" download aria-describedby=\"wp-block-file--media-9aeedff9-217d-4b6b-b5cb-22147f64ac85\">Pobierz<\/a><\/div>\n","protected":false},"excerpt":{"rendered":"","protected":false},"author":1,"featured_media":0,"parent":0,"menu_order":0,"comment_status":"closed","ping_status":"closed","template":"","meta":{"footnotes":""},"class_list":["post-788","page","type-page","status-publish","hentry"],"_links":{"self":[{"href":"https:\/\/perspektywa3p.us.edu.pl\/index.php\/wp-json\/wp\/v2\/pages\/788","targetHints":{"allow":["GET"]}}],"collection":[{"href":"https:\/\/perspektywa3p.us.edu.pl\/index.php\/wp-json\/wp\/v2\/pages"}],"about":[{"href":"https:\/\/perspektywa3p.us.edu.pl\/index.php\/wp-json\/wp\/v2\/types\/page"}],"author":[{"embeddable":true,"href":"https:\/\/perspektywa3p.us.edu.pl\/index.php\/wp-json\/wp\/v2\/users\/1"}],"replies":[{"embeddable":true,"href":"https:\/\/perspektywa3p.us.edu.pl\/index.php\/wp-json\/wp\/v2\/comments?post=788"}],"version-history":[{"count":1,"href":"https:\/\/perspektywa3p.us.edu.pl\/index.php\/wp-json\/wp\/v2\/pages\/788\/revisions"}],"predecessor-version":[{"id":795,"href":"https:\/\/perspektywa3p.us.edu.pl\/index.php\/wp-json\/wp\/v2\/pages\/788\/revisions\/795"}],"wp:attachment":[{"href":"https:\/\/perspektywa3p.us.edu.pl\/index.php\/wp-json\/wp\/v2\/media?parent=788"}],"curies":[{"name":"wp","href":"https:\/\/api.w.org\/{rel}","templated":true}]}}