{"id":760,"date":"2025-07-23T10:35:59","date_gmt":"2025-07-23T10:35:59","guid":{"rendered":"https:\/\/perspektywa3p.us.edu.pl\/?page_id=760"},"modified":"2026-04-02T17:45:08","modified_gmt":"2026-04-02T17:45:08","slug":"kujawsko-pomorskie-wykaz-publicznych-poradni-psychologiczno-pedagogicznych-ppp","status":"publish","type":"page","link":"https:\/\/perspektywa3p.us.edu.pl\/index.php\/kujawsko-pomorskie-wykaz-publicznych-poradni-psychologiczno-pedagogicznych-ppp\/","title":{"rendered":"Kujawsko-pomorskie &#8211; wykaz publicznych poradni psychologiczno-pedagogicznych (PPP)"},"content":{"rendered":"\n<p><strong>Organ prowadz\u0105cy:<\/strong>\u00a0<strong>POWIAT ALEKSANDROWSKI<\/strong><br><img decoding=\"async\" width=\"20\" height=\"22\" class=\"wp-image-4503\" style=\"width: 20px;\" src=\"https:\/\/perspektywa3p.us.edu.pl\/wp-content\/uploads\/2026\/04\/ZnakPPP.png\" alt=\"\">PPP W ALEKSANDROWIE KUJAWSKIM, ul. gen. W\u0142adys\u0142awa Sikorskiego 3<br>Strona www:\u00a0<a href=\"https:\/\/aleksandrowkuj.naszaporadnia.com\/\">https:\/\/aleksandrowkuj.naszaporadnia.com\/<\/a><\/p>\n\n\n\n<p><strong>Organ prowadz\u0105cy:<\/strong>&nbsp;<strong>POWIAT BRODNICKI<\/strong><br>PPP W BRODNICY, ul. J. Kochanowskiego 2<br>Strona www:&nbsp;<a href=\"https:\/\/pppbrodnica.pl\/\">https:\/\/pppbrodnica.pl\/<\/a><\/p>\n\n\n\n<p><strong>Organ prowadz\u0105cy:<\/strong>&nbsp;<strong>POWIAT BYDGOSKI<\/strong><br>POWIATOWA PPP W KORONOWIE, ul. Szosa Kotomierska 3<br>POWIATOWA PPP W KORONOWIE \u2013 FILIA W BYDGOSZCZY, ul. Karpacka 54<br>Strona www:&nbsp;<a href=\"https:\/\/poradniakoronowo.pl\/\">https:\/\/poradniakoronowo.pl\/<\/a><\/p>\n\n\n\n<p><strong>Organ prowadz\u0105cy:<\/strong>&nbsp;<strong>MIASTO BYDGOSZCZ<\/strong><br>PPP NR 1, ul. Jana III Sobieskiego 10<br>Strona www:&nbsp;<a href=\"https:\/\/ppp1.edu.bydgoszcz.pl\/\">https:\/\/ppp1.edu.bydgoszcz.pl\/<\/a><br>PPP NR 2 W BYDGOSZCZY, ul. Gaw\u0119dy 5<br>Strona www:&nbsp;<a href=\"http:\/\/www.poradnia.bydgoszcz.pl\/\">http:\/\/www.poradnia.bydgoszcz.pl\/<\/a><\/p>\n\n\n\n<p><strong>Organ prowadz\u0105cy:<\/strong>&nbsp;<strong>POWIAT CHE\u0141MI\u0143SKI<\/strong><br>PPP W CHE\u0141MNIE, ul. Dominika\u0144ska 35<br>Strona www:&nbsp;<a href=\"https:\/\/ppp-chelmno.pl\/\">https:\/\/ppp-chelmno.pl\/<\/a><\/p>\n\n\n\n<p><strong>Organ prowadz\u0105cy:<\/strong>&nbsp;<strong>POWIAT GOLUBSKO-DOBRZY\u0143SKI<\/strong><br>PPP W GOLUBIU-DOBRZYNIU, ul. Stefana \u017beromskiego 11<\/p>\n\n\n\n<p><strong>Organ prowadz\u0105cy:<\/strong>&nbsp;<strong>GMINA-MIASTO GRUDZI\u0104DZ<\/strong><br>PPP, ul. Janusza Korczaka 23a<br>Strona www:&nbsp;<a href=\"https:\/\/ppp.grudziadz.pl\/\">https:\/\/ppp.grudziadz.pl\/<\/a><\/p>\n\n\n\n<p><strong>Organ prowadz\u0105cy:<\/strong>&nbsp;<strong>Majorke Iwona<\/strong><br>PUBLICZNA PPP NR 1, Grudzi\u0105dz, ul. Ludwika Wary\u0144skiego 102<br>Strona www:&nbsp;<a href=\"https:\/\/www.pppp.grudziadz.com\/\">https:\/\/www.pppp.grudziadz.com\/<\/a><\/p>\n\n\n\n<p><strong>Organ prowadz\u0105cy:<\/strong>&nbsp;<strong>POWIAT INOWROC\u0141AWSKI<\/strong><br>PPP W INOWROC\u0141AWIU, al. Ratuszowa 38<br>PPP W INOWROC\u0141AWIU \u2013 FILIA W KRUSZWICY, ul. Rybacka 20<br>Strona www:&nbsp;<a href=\"https:\/\/pppinowroclaw.pl\/\">https:\/\/pppinowroclaw.pl\/<\/a><\/p>\n\n\n\n<p><strong>Organ prowadz\u0105cy:<\/strong>&nbsp;<strong>POWIAT LIPNOWSKI<\/strong><br>PPP W LIPNIE, pl. Plac 11 Listopada 9<br>Strona www:&nbsp;<a href=\"http:\/\/poradnialipno.pl\/\">http:\/\/poradnialipno.pl\/<\/a><\/p>\n\n\n\n<p><strong>Organ prowadz\u0105cy:<\/strong>&nbsp;<strong>POWIAT MOGILE\u0143SKI<\/strong><br>PPP W MOGILNIE, ul. Benedykty\u0144ska 3<\/p>\n\n\n\n<p><strong>Organ prowadz\u0105cy:<\/strong>&nbsp;<strong>POWIAT NAKIELSKI<\/strong><br>POWIATOWA PPP W NAKLE NAD NOTECI\u0104, ul. gen. Henryka D\u0105browskiego 46<br>POWIATOWA PPP W NAKLE NAD NOTECI\u0104 \u2013 FILIA W SZUBINIE, ul. Kcy\u0144ska 34a<br>Strona www:&nbsp;<a href=\"https:\/\/ppppnaklo.pl\/\">https:\/\/ppppnaklo.pl\/<\/a><\/p>\n\n\n\n<p><strong>Organ prowadz\u0105cy:<\/strong>&nbsp;<strong>POWIAT RADZIEJOWSKI<\/strong><br>PPP, Radziej\u00f3w, ul. Ko\u015bciuszki 58<br>Strona www:&nbsp;<a href=\"https:\/\/pppradziejow.naszaporadnia.com\/\">https:\/\/pppradziejow.naszaporadnia.com\/<\/a><\/p>\n\n\n\n<p><strong>Organ prowadz\u0105cy:<\/strong>&nbsp;<strong>POWIAT RYPI\u0143SKI<\/strong><br>PPP W RYPINIE, ul. M\u0142awska 54A<br>Strona www:&nbsp;<a href=\"http:\/\/www.ppprypin.glt.pl\/\">http:\/\/www.ppprypin.glt.pl\/<\/a><\/p>\n\n\n\n<p><strong>Organ prowadz\u0105cy:<\/strong>&nbsp;<strong>POWIAT S\u0118POLE\u0143SKI<\/strong><br>PPP, S\u0119p\u00f3lno Kraje\u0144skie, ul. Wojska Polskiego 20<br>Strona www:&nbsp;<a href=\"https:\/\/poradnia-sepolno.pl\/\">https:\/\/poradnia-sepolno.pl\/<\/a><\/p>\n\n\n\n<p><strong>Organ prowadz\u0105cy:<\/strong>&nbsp;<strong>POWIAT \u015aWIECKI<\/strong><br>PPP, \u015awiecie, ul. Klasztorna 2<br>Strona www:&nbsp;<a href=\"https:\/\/ppp-swiecie.pl\/\">https:\/\/ppp-swiecie.pl\/<\/a><\/p>\n\n\n\n<p><strong>Organ prowadz\u0105cy:<\/strong>&nbsp;<strong>TORU\u0143-MIASTO NA PRAWACH POWIATU<\/strong><br>PPP TORU\u0143, ul. Kosynier\u00f3w Ko\u015bciuszkowskich 6<br>Strona www:&nbsp;<a href=\"https:\/\/ppp.torun.pl\/\">https:\/\/ppp.torun.pl\/<\/a><\/p>\n\n\n\n<p><strong>Organ prowadz\u0105cy:<\/strong>&nbsp;<strong>POWIAT TORU\u0143SKI<\/strong><br>PPP W CHE\u0141M\u017bY, ul. \u015bw. Jana 18<br>FILIA W DOBRZEJEWICACH PPP W CHE\u0141M\u017bY,&nbsp; 1<br>Strona www:&nbsp;<a href=\"https:\/\/poradnia-chelmza.pl\/\">https:\/\/poradnia-chelmza.pl\/<\/a><\/p>\n\n\n\n<p><strong>Organ prowadz\u0105cy:<\/strong>&nbsp;<strong>GMINA \u0141YSOMICE<\/strong><br>PPP W \u0141YSOMICACH, ul. Warszawska 10<br>Strona www:&nbsp;<a href=\"https:\/\/www.poradnia.lysomice.pl\/\">https:\/\/www.poradnia.lysomice.pl\/<\/a><\/p>\n\n\n\n<p><strong>Organ prowadz\u0105cy:<\/strong>&nbsp;<strong>POWIAT TUCHOLSKI<\/strong><br>PPP W TUCHOLI, ul. Piastowska 30<br>Strona www:&nbsp;<a href=\"https:\/\/poradnia.tuchola.pl\/\">https:\/\/poradnia.tuchola.pl\/<\/a><\/p>\n\n\n\n<p><strong>Organ prowadz\u0105cy:<\/strong>&nbsp;<strong>POWIAT W\u0104BRZESKI<\/strong><br>PPP W W\u0104BRZE\u0179NIE, ul. Wolno\u015bci 35<br>Strona www:&nbsp;<a href=\"https:\/\/poradnia-wab.szkolnastrona.pl\/\">https:\/\/poradnia-wab.szkolnastrona.pl\/<\/a><\/p>\n\n\n\n<p><strong>Organ prowadz\u0105cy:<\/strong>&nbsp;<strong>GMINA MIASTO W\u0141OC\u0141AWEK<\/strong><br>PPP, ul. Wojska Polskiego 27<br>Strona www:&nbsp;<a href=\"https:\/\/ppp.wloclawek.eu\/\">https:\/\/ppp.wloclawek.eu\/<\/a><\/p>\n\n\n\n<p><strong>Organ prowadz\u0105cy:<\/strong>&nbsp;<strong>POWIAT W\u0141OC\u0141AWSKI<\/strong><br>PPP W LUBIENIU KUJAWSKIM, ul. Wojska Polskiego 18<br>Strona www:&nbsp;<a href=\"https:\/\/ppplubienkujawski.szkolnastrona.pl\/\">https:\/\/ppplubienkujawski.szkolnastrona.pl\/<\/a><br>PPP W LUBRA\u0143CU, pl. dr. Mariana Szulca 4<br>Strona www:&nbsp;<a href=\"https:\/\/poradnialubraniec.szkolnastrona.pl\/\">https:\/\/poradnialubraniec.szkolnastrona.pl\/<\/a><\/p>\n\n\n\n<p><strong>Organ prowadz\u0105cy:<\/strong>&nbsp;<strong>POWIAT \u017bNI\u0143SKI<\/strong><br>PPP W \u017bNINIE, ul. Browarowa 14<br>Strona www:&nbsp;<a href=\"https:\/\/poradniaznin.pl\/\">https:\/\/poradniaznin.pl\/<\/a><\/p>\n","protected":false},"excerpt":{"rendered":"<p>Organ prowadz\u0105cy:\u00a0POWIAT ALEKSANDROWSKIPPP W ALEKSANDROWIE KUJAWSKIM, ul. gen. W\u0142adys\u0142awa Sikorskiego 3Strona www:\u00a0https:\/\/aleksandrowkuj.naszaporadnia.com\/ Organ prowadz\u0105cy:&nbsp;POWIAT BRODNICKIPPP W BRODNICY, ul. J. Kochanowskiego 2Strona www:&nbsp;https:\/\/pppbrodnica.pl\/ Organ prowadz\u0105cy:&nbsp;POWIAT BYDGOSKIPOWIATOWA PPP W KORONOWIE, ul. Szosa Kotomierska 3POWIATOWA PPP W KORONOWIE \u2013 FILIA W BYDGOSZCZY, ul. Karpacka 54Strona www:&nbsp;https:\/\/poradniakoronowo.pl\/ Organ prowadz\u0105cy:&nbsp;MIASTO BYDGOSZCZPPP NR 1, ul. Jana III Sobieskiego 10Strona www:&nbsp;https:\/\/ppp1.edu.bydgoszcz.pl\/PPP NR&hellip; <br \/> <a class=\"read-more\" href=\"https:\/\/perspektywa3p.us.edu.pl\/index.php\/kujawsko-pomorskie-wykaz-publicznych-poradni-psychologiczno-pedagogicznych-ppp\/\">Dowiedz si\u0119 wi\u0119cej<\/a><\/p>\n","protected":false},"author":1,"featured_media":0,"parent":0,"menu_order":0,"comment_status":"closed","ping_status":"closed","template":"","meta":{"footnotes":""},"class_list":["post-760","page","type-page","status-publish","hentry"],"_links":{"self":[{"href":"https:\/\/perspektywa3p.us.edu.pl\/index.php\/wp-json\/wp\/v2\/pages\/760","targetHints":{"allow":["GET"]}}],"collection":[{"href":"https:\/\/perspektywa3p.us.edu.pl\/index.php\/wp-json\/wp\/v2\/pages"}],"about":[{"href":"https:\/\/perspektywa3p.us.edu.pl\/index.php\/wp-json\/wp\/v2\/types\/page"}],"author":[{"embeddable":true,"href":"https:\/\/perspektywa3p.us.edu.pl\/index.php\/wp-json\/wp\/v2\/users\/1"}],"replies":[{"embeddable":true,"href":"https:\/\/perspektywa3p.us.edu.pl\/index.php\/wp-json\/wp\/v2\/comments?post=760"}],"version-history":[{"count":16,"href":"https:\/\/perspektywa3p.us.edu.pl\/index.php\/wp-json\/wp\/v2\/pages\/760\/revisions"}],"predecessor-version":[{"id":4505,"href":"https:\/\/perspektywa3p.us.edu.pl\/index.php\/wp-json\/wp\/v2\/pages\/760\/revisions\/4505"}],"wp:attachment":[{"href":"https:\/\/perspektywa3p.us.edu.pl\/index.php\/wp-json\/wp\/v2\/media?parent=760"}],"curies":[{"name":"wp","href":"https:\/\/api.w.org\/{rel}","templated":true}]}}