{"id":755,"date":"2025-07-23T10:33:16","date_gmt":"2025-07-23T10:33:16","guid":{"rendered":"https:\/\/perspektywa3p.us.edu.pl\/?page_id=755"},"modified":"2026-03-13T11:56:37","modified_gmt":"2026-03-13T11:56:37","slug":"kujawsko-pomorskie-spotkania-webinary-biezace-informacje","status":"publish","type":"page","link":"https:\/\/perspektywa3p.us.edu.pl\/index.php\/kujawsko-pomorskie-spotkania-webinary-biezace-informacje\/","title":{"rendered":"Kujawsko-pomorskie &#8211; spotkania\/webinary\/bie\u017c\u0105ce informacje"},"content":{"rendered":"\n<div class=\"wp-block-group\"><div class=\"wp-block-group__inner-container is-layout-constrained wp-block-group-is-layout-constrained\">\n<h2 class=\"wp-block-heading\">Wyniki oceny merytorycznej wniosk\u00f3w &#8211; II tura<\/h2>\n\n\n\n<figure class=\"wp-block-table is-style-stripes\"><table><thead><tr><th><strong>Nr wniosku<\/strong><\/th><th class=\"has-text-align-center\" data-align=\"center\"><strong>Wynik oceny merytorycznej \/Ocena \u015brednia<\/strong><\/th><th class=\"has-text-align-right\" data-align=\"right\"><strong>Kwota przyznana<\/strong><\/th><\/tr><\/thead><tbody><tr><td>20251113\/1041\/0655<\/td><td class=\"has-text-align-center\" data-align=\"center\">105,5<\/td><td class=\"has-text-align-right\" data-align=\"right\">149 547,04 z\u0142<\/td><\/tr><tr><td>20260119\/0944\/0887<\/td><td class=\"has-text-align-center\" data-align=\"center\">99<\/td><td class=\"has-text-align-right\" data-align=\"right\">120 000,00 z\u0142<\/td><\/tr><tr><td>20260113\/1626\/0869<\/td><td class=\"has-text-align-center\" data-align=\"center\">89,5<\/td><td class=\"has-text-align-right\" data-align=\"right\">119 000,00 z\u0142<\/td><\/tr><\/tbody><\/table><\/figure>\n<\/div><\/div>\n\n\n\n<h2 class=\"wp-block-heading\">Nab\u00f3r do konkursu grantowego &#8211; II tura <\/h2>\n\n\n\n<p>Informujemy, \u017ce rozpocz\u0119\u0142a si\u0119 <strong>II tura sk\u0142adania wniosk\u00f3w grantowych<\/strong> w systemie GrantU\u015a w projekcie \u201ePerspektywa 3P\u201d dla wojew\u00f3dztwa kujawsko-pomorskiego.<\/p>\n\n\n\n<p><strong>Tura II sk\u0142adania wniosk\u00f3w: od 15 grudnia 2025 r. do 31 stycznia 2026 r. do godziny 14:00<\/strong>.<\/p>\n\n\n\n<p>Link do strony: <a href=\"https:\/\/perspektywa3p.us.edu.pl\/index.php\/grantus\/\">https:\/\/perspektywa3p.us.edu.pl\/index.php\/grantus\/<\/a><\/p>\n\n\n\n<h2 class=\"wp-block-heading\">Wyniki oceny merytorycznej wniosk\u00f3w<\/h2>\n\n\n\n<p class=\"has-text-align-center\"><strong><em>PRZYPOMINAMY, \u017ce zgodnie z \u2018Procedur\u0105 konkursu grantowego\u2019 \u00a79. Pkt 6 <\/em><\/strong><br><strong><em>Wszyscy Wnioskodawcy, kt\u00f3rzy zg\u0142osili si\u0119 do konkursu grantowego, <\/em><\/strong><br><strong><em>a nie otrzymali grantu zostaj\u0105 automatycznie zakwalifikowani do dzia\u0142a\u0144 szkoleniowych.<\/em><\/strong><\/p>\n\n\n\n<figure class=\"wp-block-table is-style-stripes\"><table><thead><tr><th><strong>Nr wniosku<\/strong><\/th><th class=\"has-text-align-center\" data-align=\"center\"><strong>Wynik oceny merytorycznej \/Ocena \u015brednia<\/strong><\/th><th class=\"has-text-align-right\" data-align=\"right\"><strong>Kwota przyznana<\/strong><\/th><\/tr><\/thead><tbody><tr><td>20251104\/0746\/0415<\/td><td class=\"has-text-align-center\" data-align=\"center\">108,5<\/td><td class=\"has-text-align-right\" data-align=\"right\">145&nbsp;686,00&nbsp;z\u0142<\/td><\/tr><tr><td>20251107\/1001\/0530<\/td><td class=\"has-text-align-center\" data-align=\"center\">107<\/td><td class=\"has-text-align-right\" data-align=\"right\">149&nbsp;868,33&nbsp;z\u0142<\/td><\/tr><tr><td>20251029\/1224\/0278<\/td><td class=\"has-text-align-center\" data-align=\"center\">106,5<\/td><td class=\"has-text-align-right\" data-align=\"right\">120&nbsp;000,00&nbsp;z\u0142<\/td><\/tr><tr><td>20251030\/1014\/0321<\/td><td class=\"has-text-align-center\" data-align=\"center\">106,5<\/td><td class=\"has-text-align-right\" data-align=\"right\">120&nbsp;000,00&nbsp;z\u0142<\/td><\/tr><tr><td>20251104\/1138\/0435<\/td><td class=\"has-text-align-center\" data-align=\"center\">106<\/td><td class=\"has-text-align-right\" data-align=\"right\">120&nbsp;000,00&nbsp;z\u0142<\/td><\/tr><tr><td>20251024\/0730\/0108<\/td><td class=\"has-text-align-center\" data-align=\"center\">105,5<\/td><td class=\"has-text-align-right\" data-align=\"right\">116&nbsp;067,82&nbsp;z\u0142<\/td><\/tr><tr><td>20251105\/0922\/0462<\/td><td class=\"has-text-align-center\" data-align=\"center\">104,5<\/td><td class=\"has-text-align-right\" data-align=\"right\">120&nbsp;000,00&nbsp;z\u0142<\/td><\/tr><tr><td>20251112\/1225\/0620<\/td><td class=\"has-text-align-center\" data-align=\"center\">104,5<\/td><td class=\"has-text-align-right\" data-align=\"right\">120&nbsp;000,00&nbsp;z\u0142<\/td><\/tr><tr><td>20251025\/0650\/0186<\/td><td class=\"has-text-align-center\" data-align=\"center\">103,5<\/td><td class=\"has-text-align-right\" data-align=\"right\">70&nbsp;000,00&nbsp;z\u0142<\/td><\/tr><tr><td>20251031\/0846\/0348<\/td><td class=\"has-text-align-center\" data-align=\"center\">103,5<\/td><td class=\"has-text-align-right\" data-align=\"right\">70&nbsp;000,00&nbsp;z\u0142<\/td><\/tr><tr><td>20251104\/0732\/0413<\/td><td class=\"has-text-align-center\" data-align=\"center\">103,5<\/td><td class=\"has-text-align-right\" data-align=\"right\">70&nbsp;000,00&nbsp;z\u0142<\/td><\/tr><tr><td>20251113\/0847\/0639<\/td><td class=\"has-text-align-center\" data-align=\"center\">103,5<\/td><td class=\"has-text-align-right\" data-align=\"right\">70&nbsp;000,00&nbsp;z\u0142<\/td><\/tr><tr><td>20251104\/1217\/0439<\/td><td class=\"has-text-align-center\" data-align=\"center\">103<\/td><td class=\"has-text-align-right\" data-align=\"right\">70&nbsp;000,00&nbsp;z\u0142<\/td><\/tr><tr><td>20251107\/0913\/0528<\/td><td class=\"has-text-align-center\" data-align=\"center\">101,5<\/td><td class=\"has-text-align-right\" data-align=\"right\">70&nbsp;000,00&nbsp;z\u0142<\/td><\/tr><tr><td>20251110\/1005\/0559<\/td><td class=\"has-text-align-center\" data-align=\"center\">101,5<\/td><td class=\"has-text-align-right\" data-align=\"right\">70&nbsp;000,00&nbsp;z\u0142<\/td><\/tr><tr><td>20251023\/1337\/0030<\/td><td class=\"has-text-align-center\" data-align=\"center\">97<\/td><td class=\"has-text-align-right\" data-align=\"right\">70&nbsp;000,00&nbsp;z\u0142<\/td><\/tr><tr><td>20251103\/1149\/0398<\/td><td class=\"has-text-align-center\" data-align=\"center\">94,5<\/td><td class=\"has-text-align-right\" data-align=\"right\">70&nbsp;000,00&nbsp;z\u0142<\/td><\/tr><tr><td>20251103\/1219\/0402<\/td><td class=\"has-text-align-center\" data-align=\"center\">81<\/td><td class=\"has-text-align-right\" data-align=\"right\">70&nbsp;000,00&nbsp;z\u0142<\/td><\/tr><\/tbody><\/table><\/figure>\n\n\n\n<p>Jednocze\u015bnie informujemy, \u017ce zr\u00f3\u017cnicowanie wysoko\u015bci przyznanych \u015brodk\u00f3w pomi\u0119dzy wojew\u00f3dztwami wynika z przyj\u0119tych procedur konkursowych i kwot alokacji przekazanych przez IP. W cz\u0119\u015bci wojew\u00f3dztw, ze wzgl\u0119du na niewype\u0142nienie wska\u017anika projektu, realizowana jest II tura konkursu grantowego (do 31.01.2026 r.), co umo\u017cliwia dalsze rozdysponowanie \u015brodk\u00f3w. Natomiast w wojew\u00f3dztwach, w kt\u00f3rych wska\u017anik zosta\u0142 ju\u017c osi\u0105gni\u0119ty kwota alokacji przekazana przez IP zosta\u0142a zgodnie z procedur\u0105 podzielona na wnioskuj\u0105ce PPP.<\/p>\n\n\n\n<h2 class=\"wp-block-heading\">Spotkania\/webinary<\/h2>\n\n\n\n<h3 class=\"wp-block-heading\">12.11.2025 r.<\/h3>\n\n\n\n<p><strong>Zapraszamy na webinar dotycz\u0105cy aplikowania o grant<\/strong> w Projekcie &#8222;Perspektywa 3P&#8221;, dla przedstawicieli JST oraz PPP, kt\u00f3ry odb\u0119dzie si\u0119 w \u015brod\u0119 <strong>12 listopada 2025 r.<\/strong><\/p>\n\n\n\n<p><em>Do\u0142\u0105cz do spotkania 12.11.2025 (9:00 \u2013 9:45<\/em>)<em>:&nbsp;<\/em>\u2192&nbsp;<em>link niedost\u0119pny &#8211; spotkanie zako\u0144czone&nbsp;<\/em>\u2190<\/p>\n\n\n\n<h3 class=\"wp-block-heading\">30.10.2025 r.<\/h3>\n\n\n\n<p><strong>Zapraszamy na webinar dotycz\u0105cy aplikacji GrantU\u015a<\/strong>, skierowany do Przedstawicieli\/ek organ\u00f3w prowadz\u0105cych publiczne poradnie pedagogiczno-psychologiczne oraz Przedstawicieli\/ek publicznych poradni pedagogiczno-psychologicznych i specjalistycznych, kt\u00f3ry odb\u0119dzie si\u0119 w czwartek, <strong>30 pa\u017adziernika 2025 r.<\/strong><\/p>\n\n\n\n<p><em>Do\u0142\u0105cz do spotkania 30.10.2025 (10:00 \u2013 10:45<\/em>)<em>:&nbsp;<\/em>\u2192&nbsp;<em>link niedost\u0119pny &#8211; spotkanie zako\u0144czone&nbsp;<\/em>\u2190<\/p>\n\n\n\n<h3 class=\"wp-block-heading\">6.10.2025 r.<\/h3>\n\n\n\n<p><strong>Zapraszamy na webinar<\/strong> dotycz\u0105cy om\u00f3wienia zasad grantowych dla Przedstawicieli organ\u00f3w prowadz\u0105cych publiczne poradnie pedagogiczno-psychologiczne oraz przedstawicieli publicznych poradni pedagogiczno-psychologicznych i specjalistycznych, kt\u00f3ry odb\u0119dzie si\u0119 w <strong>poniedzia\u0142ek 06 pa\u017adziernika 2025<\/strong>. Godzina zostanie podana w przes\u0142anym Pa\u0144stwu mailu.<\/p>\n\n\n\n<p><em>Do\u0142\u0105cz do spotkania 6.10.2025:&nbsp;<\/em>\u2192&nbsp;<em>link niedost\u0119pny &#8211; spotkanie zako\u0144czone&nbsp;<\/em>\u2190<\/p>\n\n\n\n<div data-wp-interactive=\"core\/file\" class=\"wp-block-file\"><object data-wp-bind--hidden=\"!state.hasPdfPreview\" hidden class=\"wp-block-file__embed\" data=\"https:\/\/perspektywa3p.us.edu.pl\/wp-content\/uploads\/2025\/11\/Kujawsko-pomorskie_webinar_06.10.2025_z-tekst-alt.pdf\" type=\"application\/pdf\" style=\"width:100%;height:600px\" aria-label=\"Osadzone z Prezentacja z webinaru z dnia 06.10.2025.\"><\/object><a id=\"wp-block-file--media-9dfe03a2-62ba-4d33-ab76-ceaf0c86e985\" href=\"https:\/\/perspektywa3p.us.edu.pl\/wp-content\/uploads\/2025\/11\/Kujawsko-pomorskie_webinar_06.10.2025_z-tekst-alt.pdf\">Prezentacja z webinaru z dnia 06.10.2025<\/a><a href=\"https:\/\/perspektywa3p.us.edu.pl\/wp-content\/uploads\/2025\/11\/Kujawsko-pomorskie_webinar_06.10.2025_z-tekst-alt.pdf\" class=\"wp-block-file__button wp-element-button\" download aria-describedby=\"wp-block-file--media-9dfe03a2-62ba-4d33-ab76-ceaf0c86e985\">Pobierz<\/a><\/div>\n\n\n\n<h3 class=\"wp-block-heading\">28.05.2025 r.<\/h3>\n\n\n\n<p>W zwi\u0105zku z rozpocz\u0119ciem projektu&nbsp;<em>\u201ePerspektywa 3P dla wojew\u00f3dztwa kujawsko-pomorskiego\u201d<\/em>&nbsp;serdecznie zapraszamy Pa\u0144stwa na pierwszy webinar, kt\u00f3ry odb\u0119dzie si\u0119 w \u015brod\u0119&nbsp;<strong>28 maja 2025<\/strong>&nbsp;<strong>12.30-13.15<\/strong>&nbsp;na platformie Teams.<\/p>\n\n\n\n<p><em>Do\u0142\u0105cz do spotkania 28.05.2025:&nbsp;<\/em>\u2192&nbsp;<em>link niedost\u0119pny &#8211; spotkanie zako\u0144czone&nbsp;<\/em>\u2190<\/p>\n\n\n\n<p><\/p>\n","protected":false},"excerpt":{"rendered":"<p>Wyniki oceny merytorycznej wniosk\u00f3w &#8211; II tura Nr wniosku Wynik oceny merytorycznej \/Ocena \u015brednia Kwota przyznana 20251113\/1041\/0655 105,5 149 547,04 z\u0142 20260119\/0944\/0887 99 120 000,00 z\u0142 20260113\/1626\/0869 89,5 119 000,00 z\u0142 Nab\u00f3r do konkursu grantowego &#8211; II tura Informujemy, \u017ce rozpocz\u0119\u0142a si\u0119 II tura sk\u0142adania wniosk\u00f3w grantowych w systemie GrantU\u015a w projekcie \u201ePerspektywa 3P\u201d dla&hellip; <br \/> <a class=\"read-more\" href=\"https:\/\/perspektywa3p.us.edu.pl\/index.php\/kujawsko-pomorskie-spotkania-webinary-biezace-informacje\/\">Dowiedz si\u0119 wi\u0119cej<\/a><\/p>\n","protected":false},"author":1,"featured_media":0,"parent":0,"menu_order":0,"comment_status":"closed","ping_status":"closed","template":"","meta":{"footnotes":""},"class_list":["post-755","page","type-page","status-publish","hentry"],"_links":{"self":[{"href":"https:\/\/perspektywa3p.us.edu.pl\/index.php\/wp-json\/wp\/v2\/pages\/755","targetHints":{"allow":["GET"]}}],"collection":[{"href":"https:\/\/perspektywa3p.us.edu.pl\/index.php\/wp-json\/wp\/v2\/pages"}],"about":[{"href":"https:\/\/perspektywa3p.us.edu.pl\/index.php\/wp-json\/wp\/v2\/types\/page"}],"author":[{"embeddable":true,"href":"https:\/\/perspektywa3p.us.edu.pl\/index.php\/wp-json\/wp\/v2\/users\/1"}],"replies":[{"embeddable":true,"href":"https:\/\/perspektywa3p.us.edu.pl\/index.php\/wp-json\/wp\/v2\/comments?post=755"}],"version-history":[{"count":50,"href":"https:\/\/perspektywa3p.us.edu.pl\/index.php\/wp-json\/wp\/v2\/pages\/755\/revisions"}],"predecessor-version":[{"id":4223,"href":"https:\/\/perspektywa3p.us.edu.pl\/index.php\/wp-json\/wp\/v2\/pages\/755\/revisions\/4223"}],"wp:attachment":[{"href":"https:\/\/perspektywa3p.us.edu.pl\/index.php\/wp-json\/wp\/v2\/media?parent=755"}],"curies":[{"name":"wp","href":"https:\/\/api.w.org\/{rel}","templated":true}]}}