{"id":669,"date":"2025-06-27T12:11:33","date_gmt":"2025-06-27T12:11:33","guid":{"rendered":"https:\/\/perspektywa3p.us.edu.pl\/?page_id=669"},"modified":"2026-01-26T20:07:04","modified_gmt":"2026-01-26T20:07:04","slug":"publikacje","status":"publish","type":"page","link":"https:\/\/perspektywa3p.us.edu.pl\/index.php\/publikacje\/","title":{"rendered":"Publikacje"},"content":{"rendered":"\n<div data-wp-interactive=\"core\/file\" class=\"wp-block-file\"><object data-wp-bind--hidden=\"!state.hasPdfPreview\" hidden class=\"wp-block-file__embed\" data=\"https:\/\/perspektywa3p.us.edu.pl\/wp-content\/uploads\/2025\/10\/Standardy_diagnozy_psychologicznej_w_edukacji.pdf\" type=\"application\/pdf\" style=\"width:100%;height:600px\" aria-label=\"Osadzone z Standardy diagnozy psychologicznej w edukacji.\"><\/object><a id=\"wp-block-file--media-1370cc3f-dd2e-4888-a996-4ca72612571a\" href=\"https:\/\/perspektywa3p.us.edu.pl\/wp-content\/uploads\/2025\/10\/Standardy_diagnozy_psychologicznej_w_edukacji.pdf\">Standardy diagnozy psychologicznej w edukacji<\/a><a href=\"https:\/\/perspektywa3p.us.edu.pl\/wp-content\/uploads\/2025\/10\/Standardy_diagnozy_psychologicznej_w_edukacji.pdf\" class=\"wp-block-file__button wp-element-button\" download aria-describedby=\"wp-block-file--media-1370cc3f-dd2e-4888-a996-4ca72612571a\">Pobierz<\/a><\/div>\n\n\n\n<div data-wp-interactive=\"core\/file\" class=\"wp-block-file\"><object data-wp-bind--hidden=\"!state.hasPdfPreview\" hidden class=\"wp-block-file__embed\" data=\"https:\/\/perspektywa3p.us.edu.pl\/wp-content\/uploads\/2025\/06\/dzialania-kluczowe-dla-podnoszenia-osiagniec.pdf\" type=\"application\/pdf\" style=\"width:100%;height:600px\" aria-label=\"Osadzone z Dzia\u0142ania kluczowe dla podnoszenia osi\u0105gni\u0119\u0107.\"><\/object><a id=\"wp-block-file--media-08e367cd-0ee6-4b2c-beb0-bd93656b1b4f\" href=\"https:\/\/perspektywa3p.us.edu.pl\/wp-content\/uploads\/2025\/06\/dzialania-kluczowe-dla-podnoszenia-osiagniec.pdf\">Dzia\u0142ania kluczowe dla podnoszenia osi\u0105gni\u0119\u0107<\/a><a href=\"https:\/\/perspektywa3p.us.edu.pl\/wp-content\/uploads\/2025\/06\/dzialania-kluczowe-dla-podnoszenia-osiagniec.pdf\" class=\"wp-block-file__button wp-element-button\" download aria-describedby=\"wp-block-file--media-08e367cd-0ee6-4b2c-beb0-bd93656b1b4f\">Pobierz<\/a><\/div>\n\n\n\n<div data-wp-interactive=\"core\/file\" class=\"wp-block-file\"><object data-wp-bind--hidden=\"!state.hasPdfPreview\" hidden class=\"wp-block-file__embed\" data=\"https:\/\/perspektywa3p.us.edu.pl\/wp-content\/uploads\/2025\/06\/edukacja-wlaczajaca-a-pomoc-psychologiczno-pedagogiczna.pdf\" type=\"application\/pdf\" style=\"width:100%;height:600px\" aria-label=\"Osadzone z Edukacja w\u0142\u0105czaj\u0105ca a pomoc psychologiczno-pedagogiczna.\"><\/object><a id=\"wp-block-file--media-74e97c15-cdc6-445d-ae80-922fc47a6a39\" href=\"https:\/\/perspektywa3p.us.edu.pl\/wp-content\/uploads\/2025\/06\/edukacja-wlaczajaca-a-pomoc-psychologiczno-pedagogiczna.pdf\">Edukacja w\u0142\u0105czaj\u0105ca a pomoc psychologiczno-pedagogiczna<\/a><a href=\"https:\/\/perspektywa3p.us.edu.pl\/wp-content\/uploads\/2025\/06\/edukacja-wlaczajaca-a-pomoc-psychologiczno-pedagogiczna.pdf\" class=\"wp-block-file__button wp-element-button\" download aria-describedby=\"wp-block-file--media-74e97c15-cdc6-445d-ae80-922fc47a6a39\">Pobierz<\/a><\/div>\n\n\n\n<div data-wp-interactive=\"core\/file\" class=\"wp-block-file\"><object data-wp-bind--hidden=\"!state.hasPdfPreview\" hidden class=\"wp-block-file__embed\" data=\"https:\/\/perspektywa3p.us.edu.pl\/wp-content\/uploads\/2025\/09\/Edukacja-wlaczajaca-w-perspektywie-i-zadaniach-samorzadu-terytorialnego-3.pdf\" type=\"application\/pdf\" style=\"width:100%;height:600px\" aria-label=\"Osadzone z Edukacja w\u0142\u0105czaj\u0105ca w perspektywie i zadaniach samorz\u0105du terytorialnego.\"><\/object><a id=\"wp-block-file--media-cb5fa8ee-123c-49d3-9d28-10694a9f3444\" href=\"https:\/\/perspektywa3p.us.edu.pl\/wp-content\/uploads\/2025\/09\/Edukacja-wlaczajaca-w-perspektywie-i-zadaniach-samorzadu-terytorialnego-3.pdf\">Edukacja w\u0142\u0105czaj\u0105ca w perspektywie i zadaniach samorz\u0105du terytorialnego<\/a><a href=\"https:\/\/perspektywa3p.us.edu.pl\/wp-content\/uploads\/2025\/09\/Edukacja-wlaczajaca-w-perspektywie-i-zadaniach-samorzadu-terytorialnego-3.pdf\" class=\"wp-block-file__button wp-element-button\" download aria-describedby=\"wp-block-file--media-cb5fa8ee-123c-49d3-9d28-10694a9f3444\">Pobierz<\/a><\/div>\n\n\n\n<div data-wp-interactive=\"core\/file\" class=\"wp-block-file\"><object data-wp-bind--hidden=\"!state.hasPdfPreview\" hidden class=\"wp-block-file__embed\" data=\"https:\/\/perspektywa3p.us.edu.pl\/wp-content\/uploads\/2025\/06\/Edukacja-wlaczajaca-Chrzanowska-Szumski.pdf\" type=\"application\/pdf\" style=\"width:100%;height:600px\" aria-label=\"Osadzone z Edukacja w\u0142\u0105czaj\u0105ca w przedszkolu i szkole.\"><\/object><a id=\"wp-block-file--media-f551f6e7-9093-4986-8d7a-164cf4ccfa2a\" href=\"https:\/\/perspektywa3p.us.edu.pl\/wp-content\/uploads\/2025\/06\/Edukacja-wlaczajaca-Chrzanowska-Szumski.pdf\">Edukacja w\u0142\u0105czaj\u0105ca w przedszkolu i szkole<\/a><a href=\"https:\/\/perspektywa3p.us.edu.pl\/wp-content\/uploads\/2025\/06\/Edukacja-wlaczajaca-Chrzanowska-Szumski.pdf\" class=\"wp-block-file__button wp-element-button\" download aria-describedby=\"wp-block-file--media-f551f6e7-9093-4986-8d7a-164cf4ccfa2a\">Pobierz<\/a><\/div>\n\n\n\n<div data-wp-interactive=\"core\/file\" class=\"wp-block-file\"><object data-wp-bind--hidden=\"!state.hasPdfPreview\" hidden class=\"wp-block-file__embed\" data=\"https:\/\/perspektywa3p.us.edu.pl\/wp-content\/uploads\/2025\/06\/edukacja-wlaczajaca-szanse-i-wyzwania.pdf\" type=\"application\/pdf\" style=\"width:100%;height:600px\" aria-label=\"Osadzone z Edukacja w\u0142\u0105czaj\u0105ca w szkole - szanse i wyzwania.\"><\/object><a id=\"wp-block-file--media-c46d64e0-640d-4fc6-b899-04827de1b312\" href=\"https:\/\/perspektywa3p.us.edu.pl\/wp-content\/uploads\/2025\/06\/edukacja-wlaczajaca-szanse-i-wyzwania.pdf\">Edukacja w\u0142\u0105czaj\u0105ca w szkole &#8211; szanse i wyzwania<\/a><a href=\"https:\/\/perspektywa3p.us.edu.pl\/wp-content\/uploads\/2025\/06\/edukacja-wlaczajaca-szanse-i-wyzwania.pdf\" class=\"wp-block-file__button wp-element-button\" download aria-describedby=\"wp-block-file--media-c46d64e0-640d-4fc6-b899-04827de1b312\">Pobierz<\/a><\/div>\n\n\n\n<div data-wp-interactive=\"core\/file\" class=\"wp-block-file\"><object data-wp-bind--hidden=\"!state.hasPdfPreview\" hidden class=\"wp-block-file__embed\" data=\"https:\/\/perspektywa3p.us.edu.pl\/wp-content\/uploads\/2025\/06\/Dostepna-Szkola.pdf\" type=\"application\/pdf\" style=\"width:100%;height:600px\" aria-label=\"Osadzone z Model dost\u0119pnej szko\u0142y.\"><\/object><a id=\"wp-block-file--media-24ff595c-cb90-45b3-8db7-c694775a37e2\" href=\"https:\/\/perspektywa3p.us.edu.pl\/wp-content\/uploads\/2025\/06\/Dostepna-Szkola.pdf\">Model dost\u0119pnej szko\u0142y<\/a><a href=\"https:\/\/perspektywa3p.us.edu.pl\/wp-content\/uploads\/2025\/06\/Dostepna-Szkola.pdf\" class=\"wp-block-file__button wp-element-button\" download aria-describedby=\"wp-block-file--media-24ff595c-cb90-45b3-8db7-c694775a37e2\">Pobierz<\/a><\/div>\n\n\n\n<div data-wp-interactive=\"core\/file\" class=\"wp-block-file\"><object data-wp-bind--hidden=\"!state.hasPdfPreview\" hidden class=\"wp-block-file__embed\" data=\"https:\/\/perspektywa3p.us.edu.pl\/wp-content\/uploads\/2025\/06\/INclusion-Index-pol.pdf\" type=\"application\/pdf\" style=\"width:100%;height:600px\" aria-label=\"Osadzone z Przewodnik po edukacji w\u0142\u0105czaj\u0105cej.\"><\/object><a id=\"wp-block-file--media-a6de5ed4-5f6d-41d0-9b96-dd97f60789b1\" href=\"https:\/\/perspektywa3p.us.edu.pl\/wp-content\/uploads\/2025\/06\/INclusion-Index-pol.pdf\">Przewodnik po edukacji w\u0142\u0105czaj\u0105cej<\/a><a href=\"https:\/\/perspektywa3p.us.edu.pl\/wp-content\/uploads\/2025\/06\/INclusion-Index-pol.pdf\" class=\"wp-block-file__button wp-element-button\" download aria-describedby=\"wp-block-file--media-a6de5ed4-5f6d-41d0-9b96-dd97f60789b1\">Pobierz<\/a><\/div>\n\n\n\n<div data-wp-interactive=\"core\/file\" class=\"wp-block-file\"><object data-wp-bind--hidden=\"!state.hasPdfPreview\" hidden class=\"wp-block-file__embed\" data=\"https:\/\/perspektywa3p.us.edu.pl\/wp-content\/uploads\/2025\/07\/Raport-koncowy-Monitorowanie-i-ewaluacja-Specjalistycznych-Centrow-Wspierajacych.pdf\" type=\"application\/pdf\" style=\"width:100%;height:600px\" aria-label=\"Osadzone z Raport ko\u0144cowy - Monitorowanie i ewaluacja Specjalistycznych Centr\u00f3w Wspieraj\u0105cych.\"><\/object><a id=\"wp-block-file--media-c9110014-16fe-4342-bb44-fb5466f18666\" href=\"https:\/\/perspektywa3p.us.edu.pl\/wp-content\/uploads\/2025\/07\/Raport-koncowy-Monitorowanie-i-ewaluacja-Specjalistycznych-Centrow-Wspierajacych.pdf\">Raport ko\u0144cowy &#8211; Monitorowanie i ewaluacja Specjalistycznych Centr\u00f3w Wspieraj\u0105cych<\/a><a href=\"https:\/\/perspektywa3p.us.edu.pl\/wp-content\/uploads\/2025\/07\/Raport-koncowy-Monitorowanie-i-ewaluacja-Specjalistycznych-Centrow-Wspierajacych.pdf\" class=\"wp-block-file__button wp-element-button\" download aria-describedby=\"wp-block-file--media-c9110014-16fe-4342-bb44-fb5466f18666\">Pobierz<\/a><\/div>\n\n\n\n<div data-wp-interactive=\"core\/file\" class=\"wp-block-file\"><object data-wp-bind--hidden=\"!state.hasPdfPreview\" hidden class=\"wp-block-file__embed\" data=\"https:\/\/perspektywa3p.us.edu.pl\/wp-content\/uploads\/2025\/09\/Standardy_oceny_funkcjonalnej_Podrecznik-metodyczny.pdf\" type=\"application\/pdf\" style=\"width:100%;height:600px\" aria-label=\"Osadzone z Standardy oceny funkcjonalnej - podr\u0119cznik metodyczny.\"><\/object><a id=\"wp-block-file--media-f3c0f354-7e35-4626-91b7-eb60834fd7bd\" href=\"https:\/\/perspektywa3p.us.edu.pl\/wp-content\/uploads\/2025\/09\/Standardy_oceny_funkcjonalnej_Podrecznik-metodyczny.pdf\">Standardy oceny funkcjonalnej &#8211; podr\u0119cznik metodyczny<\/a><a href=\"https:\/\/perspektywa3p.us.edu.pl\/wp-content\/uploads\/2025\/09\/Standardy_oceny_funkcjonalnej_Podrecznik-metodyczny.pdf\" class=\"wp-block-file__button wp-element-button\" download aria-describedby=\"wp-block-file--media-f3c0f354-7e35-4626-91b7-eb60834fd7bd\">Pobierz<\/a><\/div>\n\n\n\n<div data-wp-interactive=\"core\/file\" class=\"wp-block-file\"><object data-wp-bind--hidden=\"!state.hasPdfPreview\" hidden class=\"wp-block-file__embed\" data=\"https:\/\/perspektywa3p.us.edu.pl\/wp-content\/uploads\/2025\/09\/Standardy-oceny-funkcjonalnej-w-placowkach-oswiatowych.pdf\" type=\"application\/pdf\" style=\"width:100%;height:600px\" aria-label=\"Osadzone z Standardy oceny funkcjonalnej w plac\u00f3wkach o\u015bwiatowych.\"><\/object><a id=\"wp-block-file--media-d9758023-8ee7-4e24-8ecc-f88f61b82dd3\" href=\"https:\/\/perspektywa3p.us.edu.pl\/wp-content\/uploads\/2025\/09\/Standardy-oceny-funkcjonalnej-w-placowkach-oswiatowych.pdf\">Standardy oceny funkcjonalnej w plac\u00f3wkach o\u015bwiatowych<\/a><a href=\"https:\/\/perspektywa3p.us.edu.pl\/wp-content\/uploads\/2025\/09\/Standardy-oceny-funkcjonalnej-w-placowkach-oswiatowych.pdf\" class=\"wp-block-file__button wp-element-button\" download aria-describedby=\"wp-block-file--media-d9758023-8ee7-4e24-8ecc-f88f61b82dd3\">Pobierz<\/a><\/div>\n\n\n\n<div data-wp-interactive=\"core\/file\" class=\"wp-block-file\"><object data-wp-bind--hidden=\"!state.hasPdfPreview\" hidden class=\"wp-block-file__embed\" data=\"https:\/\/perspektywa3p.us.edu.pl\/wp-content\/uploads\/2025\/06\/Wczesne-Wspomaganie-Rozwoju-Dzieci-i-Wsparcia-Rodziny.pdf\" type=\"application\/pdf\" style=\"width:100%;height:600px\" aria-label=\"Osadzone z Wczesne Wspomaganie Rozwoju Dzieci i Wsparcia Rodziny.\"><\/object><a id=\"wp-block-file--media-e4b9c27b-b540-4c4a-8731-9c3b295a69db\" href=\"https:\/\/perspektywa3p.us.edu.pl\/wp-content\/uploads\/2025\/06\/Wczesne-Wspomaganie-Rozwoju-Dzieci-i-Wsparcia-Rodziny.pdf\">Wczesne Wspomaganie Rozwoju Dzieci i Wsparcia Rodziny<\/a><a href=\"https:\/\/perspektywa3p.us.edu.pl\/wp-content\/uploads\/2025\/06\/Wczesne-Wspomaganie-Rozwoju-Dzieci-i-Wsparcia-Rodziny.pdf\" class=\"wp-block-file__button wp-element-button\" download aria-describedby=\"wp-block-file--media-e4b9c27b-b540-4c4a-8731-9c3b295a69db\">Pobierz<\/a><\/div>\n\n\n\n<div data-wp-interactive=\"core\/file\" class=\"wp-block-file\"><object data-wp-bind--hidden=\"!state.hasPdfPreview\" hidden class=\"wp-block-file__embed\" data=\"https:\/\/perspektywa3p.us.edu.pl\/wp-content\/uploads\/2026\/01\/1144_22-NiR-nr-1_2022_Zaborniak_do-internetu.pdf\" type=\"application\/pdf\" style=\"width:100%;height:600px\" aria-label=\"Osadzone z Mo\u017cliwo\u015bci zastosowania kwestionariusza samooceny komunikacji \u2013 nastolatek (SAC-A) w profilaktyce zaburze\u0144 s\u0142uchu i wsparciu uczni\u00f3w ze specjalnymi potrzebami edukacyjnymi.\"><\/object><a id=\"wp-block-file--media-89d5f2ed-1b5c-47f0-95a7-42f589bf4c42\" href=\"https:\/\/perspektywa3p.us.edu.pl\/wp-content\/uploads\/2026\/01\/1144_22-NiR-nr-1_2022_Zaborniak_do-internetu.pdf\">Mo\u017cliwo\u015bci zastosowania kwestionariusza samooceny komunikacji \u2013 nastolatek (SAC-A) w profilaktyce zaburze\u0144 s\u0142uchu i wsparciu uczni\u00f3w ze specjalnymi potrzebami edukacyjnymi<\/a><a href=\"https:\/\/perspektywa3p.us.edu.pl\/wp-content\/uploads\/2026\/01\/1144_22-NiR-nr-1_2022_Zaborniak_do-internetu.pdf\" class=\"wp-block-file__button wp-element-button\" download aria-describedby=\"wp-block-file--media-89d5f2ed-1b5c-47f0-95a7-42f589bf4c42\">Pobierz<\/a><\/div>\n\n\n\n<div data-wp-interactive=\"core\/file\" class=\"wp-block-file\"><object data-wp-bind--hidden=\"!state.hasPdfPreview\" hidden class=\"wp-block-file__embed\" data=\"https:\/\/perspektywa3p.us.edu.pl\/wp-content\/uploads\/2026\/01\/SAC-A-modyfikacja-I-MZS.pdf\" type=\"application\/pdf\" style=\"width:100%;height:600px\" aria-label=\"Osadzone z Samoocena komunikacji - nastolatek (SAC-A).\"><\/object><a id=\"wp-block-file--media-e42eb183-c02e-4523-bb4e-1e123ce6b530\" href=\"https:\/\/perspektywa3p.us.edu.pl\/wp-content\/uploads\/2026\/01\/SAC-A-modyfikacja-I-MZS.pdf\">Samoocena komunikacji &#8211; nastolatek (SAC-A)<\/a><a href=\"https:\/\/perspektywa3p.us.edu.pl\/wp-content\/uploads\/2026\/01\/SAC-A-modyfikacja-I-MZS.pdf\" class=\"wp-block-file__button wp-element-button\" download aria-describedby=\"wp-block-file--media-e42eb183-c02e-4523-bb4e-1e123ce6b530\">Pobierz<\/a><\/div>\n\n\n\n<div data-wp-interactive=\"core\/file\" class=\"wp-block-file\"><object data-wp-bind--hidden=\"!state.hasPdfPreview\" hidden class=\"wp-block-file__embed\" data=\"https:\/\/perspektywa3p.us.edu.pl\/wp-content\/uploads\/2026\/01\/SOAC-A-modyfikacja-I-MZS.pdf\" type=\"application\/pdf\" style=\"width:100%;height:600px\" aria-label=\"Osadzone z Ocena komunikacji z punktu widzenia drugiej osoby - nastolatek (SOAC-A).\"><\/object><a id=\"wp-block-file--media-8650bcc4-74ca-4428-a6b2-a82f6418a2ec\" href=\"https:\/\/perspektywa3p.us.edu.pl\/wp-content\/uploads\/2026\/01\/SOAC-A-modyfikacja-I-MZS.pdf\">Ocena komunikacji z punktu widzenia drugiej osoby &#8211; nastolatek (SOAC-A)<\/a><a href=\"https:\/\/perspektywa3p.us.edu.pl\/wp-content\/uploads\/2026\/01\/SOAC-A-modyfikacja-I-MZS.pdf\" class=\"wp-block-file__button wp-element-button\" download aria-describedby=\"wp-block-file--media-8650bcc4-74ca-4428-a6b2-a82f6418a2ec\">Pobierz<\/a><\/div>\n","protected":false},"excerpt":{"rendered":"","protected":false},"author":1,"featured_media":0,"parent":0,"menu_order":0,"comment_status":"closed","ping_status":"closed","template":"","meta":{"footnotes":""},"class_list":["post-669","page","type-page","status-publish","hentry"],"_links":{"self":[{"href":"https:\/\/perspektywa3p.us.edu.pl\/index.php\/wp-json\/wp\/v2\/pages\/669","targetHints":{"allow":["GET"]}}],"collection":[{"href":"https:\/\/perspektywa3p.us.edu.pl\/index.php\/wp-json\/wp\/v2\/pages"}],"about":[{"href":"https:\/\/perspektywa3p.us.edu.pl\/index.php\/wp-json\/wp\/v2\/types\/page"}],"author":[{"embeddable":true,"href":"https:\/\/perspektywa3p.us.edu.pl\/index.php\/wp-json\/wp\/v2\/users\/1"}],"replies":[{"embeddable":true,"href":"https:\/\/perspektywa3p.us.edu.pl\/index.php\/wp-json\/wp\/v2\/comments?post=669"}],"version-history":[{"count":7,"href":"https:\/\/perspektywa3p.us.edu.pl\/index.php\/wp-json\/wp\/v2\/pages\/669\/revisions"}],"predecessor-version":[{"id":3602,"href":"https:\/\/perspektywa3p.us.edu.pl\/index.php\/wp-json\/wp\/v2\/pages\/669\/revisions\/3602"}],"wp:attachment":[{"href":"https:\/\/perspektywa3p.us.edu.pl\/index.php\/wp-json\/wp\/v2\/media?parent=669"}],"curies":[{"name":"wp","href":"https:\/\/api.w.org\/{rel}","templated":true}]}}