{"id":662,"date":"2025-06-27T12:09:23","date_gmt":"2025-06-27T12:09:23","guid":{"rendered":"https:\/\/perspektywa3p.us.edu.pl\/?page_id=662"},"modified":"2025-10-30T09:01:57","modified_gmt":"2025-10-30T09:01:57","slug":"narzedzia","status":"publish","type":"page","link":"https:\/\/perspektywa3p.us.edu.pl\/index.php\/narzedzia\/","title":{"rendered":"Narz\u0119dzia"},"content":{"rendered":"\n<p><strong>Dost\u0119p do bezp\u0142atnych narz\u0119dzi na stronie Ministerstwa Edukacji Narodowe<\/strong>j: &nbsp; <a href=\"https:\/\/wsparcie.gov.pl\/\" target=\"_blank\" rel=\"noreferrer noopener\">https:\/\/wsparcie.gov.pl\/<\/a><\/p>\n\n\n\n<div class=\"wp-block-file\"><a id=\"wp-block-file--media-1370cc3f-dd2e-4888-a996-4ca72612571a\" href=\"https:\/\/perspektywa3p.us.edu.pl\/wp-content\/uploads\/2025\/10\/Standardy_diagnozy_psychologicznej_w_edukacji.pdf\">Standardy diagnozy psychologicznej w edukacji dla psycholog\u00f3w pracuj\u0105cych w poradniach psychologiczno-pedagogicznych i szko\u0142ach<\/a><a href=\"https:\/\/perspektywa3p.us.edu.pl\/wp-content\/uploads\/2025\/10\/Standardy_diagnozy_psychologicznej_w_edukacji.pdf\" class=\"wp-block-file__button wp-element-button\" download aria-describedby=\"wp-block-file--media-1370cc3f-dd2e-4888-a996-4ca72612571a\">Pobierz<\/a><\/div>\n\n\n\n<p>Standardy wypracowane przez zesp\u00f3\u0142 ekspert\u00f3w przy Rzeczniku Praw Dziecka. W wymienionym dokumencie szczeg\u00f3lnie istotne s\u0105 w kontek\u015bcie wyboru narz\u0119dzi nast\u0119puj\u0105ce punkty: 2.9 \u2013 2.12 oraz 4.1 \u2013 4.4.<\/p>\n\n\n\n<div class=\"wp-block-file\"><a id=\"wp-block-file--media-6bf82ce3-5dcd-466d-b898-5aca7cc4b45c\" href=\"https:\/\/perspektywa3p.us.edu.pl\/wp-content\/uploads\/2025\/09\/Rekomendowane-narzedzia-do-oceny-funkcjonalej.pdf\"><strong>Rekomendowane narz\u0119dzia do oceny funkcjonowania psychospo\u0142ecznego dzieci\/uczni\u00f3w w przebiegu oceny funkcjonalnej<\/strong><\/a><a href=\"https:\/\/perspektywa3p.us.edu.pl\/wp-content\/uploads\/2025\/09\/Rekomendowane-narzedzia-do-oceny-funkcjonalej.pdf\" class=\"wp-block-file__button wp-element-button\" download aria-describedby=\"wp-block-file--media-6bf82ce3-5dcd-466d-b898-5aca7cc4b45c\">Pobierz<\/a><\/div>\n\n\n\n<p>Na podstawie publikacji: <em>Otr\u0119bski, W., Maria\u0144czyk, K., Amilkiewicz-Marek, A., Bie\u0144kowska, K. I., Domaga\u0142a-Zy\u015bk, E., Kostrubiec-Wojtachnio, B., \u2026 &amp; Pisula, E. (2022). Standardy przebiegu oceny funkcjonalnej oraz planowania wsparcia edukacyjno-specjalistycznego.<\/em><\/p>\n\n\n\n<div class=\"wp-block-file\"><a id=\"wp-block-file--media-6ce03f18-8e03-4cf8-a78a-bf0c602939df\" href=\"https:\/\/perspektywa3p.us.edu.pl\/wp-content\/uploads\/2025\/06\/arkusz-diagnostyczny-m.-pleskot.pdf\">Arkusz diagnostyczny \u2013 M.Pleskot (Arkusz diagnostyczny dla dziecka z grupy ryzyka dysleksji oraz ustalanie dzia\u0142a\u0144 wspomagaj\u0105cych ucznia)<\/a><a href=\"https:\/\/perspektywa3p.us.edu.pl\/wp-content\/uploads\/2025\/06\/arkusz-diagnostyczny-m.-pleskot.pdf\" class=\"wp-block-file__button wp-element-button\" download aria-describedby=\"wp-block-file--media-6ce03f18-8e03-4cf8-a78a-bf0c602939df\">Pobierz<\/a><\/div>\n\n\n\n<p><a href=\"https:\/\/ibe.edu.pl\/pl\/kapp-opis-projektu\">KAPP<\/a> &#8211; Kompleksowa Analiza Proces\u00f3w Poznawczych&nbsp; (Bateria test\u00f3w dla dzieci i m\u0142odzie\u017cy w wieku od 3 do 25 roku \u2013 uwzgl\u0119dniaj\u0105ca r\u00f3wnie\u017c specjalne\/indywidualne potrzeby edukacyjne&nbsp; dzieci i m\u0142odzie\u017cy z zaburzeniami rozwojowymi, ponadprzeci\u0119tnym potencja\u0142em oraz do\u015bwiadczeniem migracji)<\/p>\n\n\n\n<div class=\"wp-block-file\"><a id=\"wp-block-file--media-c263663a-63c0-4ade-a824-8d3b98e9a055\" href=\"https:\/\/perspektywa3p.us.edu.pl\/wp-content\/uploads\/2025\/06\/E-BOOK-Ocena-funkcjonalna.pdf\">KSZOF &#8211; Kwestionariusz Szkolnej Oceny Funkcjonalnej (narz\u0119dzie przeznaczone do diagnozy uczni\u00f3w uczni\u00f3w w klasach I-III, IV-VI, VII-VIII oraz szko\u0142y ponadpodstawowej)<\/a><a href=\"https:\/\/perspektywa3p.us.edu.pl\/wp-content\/uploads\/2025\/06\/E-BOOK-Ocena-funkcjonalna.pdf\" class=\"wp-block-file__button wp-element-button\" download aria-describedby=\"wp-block-file--media-c263663a-63c0-4ade-a824-8d3b98e9a055\">Pobierz<\/a><\/div>\n\n\n\n<div class=\"wp-block-file\"><a id=\"wp-block-file--media-3ccf0c7a-7a38-40f1-9195-8e7221676d1b\" href=\"https:\/\/perspektywa3p.us.edu.pl\/wp-content\/uploads\/2025\/06\/skala_gotowosci_pieciolatkow_popr_30.05.2012.pdf\">Skala Gotowo\u015bci Edukacyjnej Pi\u0119ciolatk\u00f3w<\/a><a href=\"https:\/\/perspektywa3p.us.edu.pl\/wp-content\/uploads\/2025\/06\/skala_gotowosci_pieciolatkow_popr_30.05.2012.pdf\" class=\"wp-block-file__button wp-element-button\" download aria-describedby=\"wp-block-file--media-3ccf0c7a-7a38-40f1-9195-8e7221676d1b\">Pobierz<\/a><\/div>\n\n\n\n<p><a href=\"https:\/\/ore.edu.pl\/2018\/10\/troska\/\">TROS-KA <\/a>&#8211; Badanie sfery emocjonalno-spo\u0142ecznej dzieci i m\u0142odzie\u017cy (Bateria test\u00f3w dla uczni\u00f3w od 9 do 13 roku \u017cycia,&nbsp;w tym dla uczni\u00f3w zagro\u017conych niedostosowaniem spo\u0142ecznym)<\/p>\n\n\n\n<p><a href=\"https:\/\/ore.edu.pl\/2024\/10\/diagnoza-i-wspomaganie-w-rozwoju-dzieci-uzdolnionych-test-uzdolnie-wielorakich-i-materiay-dydaktyczne\/\">TUW <\/a>&#8211; Testy uzdolnie\u0144 wielorakich (Bateria test\u00f3w dla uczni\u00f3w szko\u0142y podstawowej, w tym jeden test dedykowany do zastosowania przez poradnie psychologiczno-pedagogiczne)<\/p>\n\n\n\n<p><\/p>\n","protected":false},"excerpt":{"rendered":"<p>Dost\u0119p do bezp\u0142atnych narz\u0119dzi na stronie Ministerstwa Edukacji Narodowej: &nbsp; https:\/\/wsparcie.gov.pl\/ Standardy wypracowane przez zesp\u00f3\u0142 ekspert\u00f3w przy Rzeczniku Praw Dziecka. W wymienionym dokumencie szczeg\u00f3lnie istotne s\u0105 w kontek\u015bcie wyboru narz\u0119dzi nast\u0119puj\u0105ce punkty: 2.9 \u2013 2.12 oraz 4.1 \u2013 4.4. Na podstawie publikacji: Otr\u0119bski, W., Maria\u0144czyk, K., Amilkiewicz-Marek, A., Bie\u0144kowska, K. I., Domaga\u0142a-Zy\u015bk, E., Kostrubiec-Wojtachnio, B.,&hellip; <br \/> <a class=\"read-more\" href=\"https:\/\/perspektywa3p.us.edu.pl\/index.php\/narzedzia\/\">Dowiedz si\u0119 wi\u0119cej<\/a><\/p>\n","protected":false},"author":1,"featured_media":0,"parent":0,"menu_order":0,"comment_status":"closed","ping_status":"closed","template":"","meta":{"footnotes":""},"class_list":["post-662","page","type-page","status-publish","hentry"],"_links":{"self":[{"href":"https:\/\/perspektywa3p.us.edu.pl\/index.php\/wp-json\/wp\/v2\/pages\/662","targetHints":{"allow":["GET"]}}],"collection":[{"href":"https:\/\/perspektywa3p.us.edu.pl\/index.php\/wp-json\/wp\/v2\/pages"}],"about":[{"href":"https:\/\/perspektywa3p.us.edu.pl\/index.php\/wp-json\/wp\/v2\/types\/page"}],"author":[{"embeddable":true,"href":"https:\/\/perspektywa3p.us.edu.pl\/index.php\/wp-json\/wp\/v2\/users\/1"}],"replies":[{"embeddable":true,"href":"https:\/\/perspektywa3p.us.edu.pl\/index.php\/wp-json\/wp\/v2\/comments?post=662"}],"version-history":[{"count":13,"href":"https:\/\/perspektywa3p.us.edu.pl\/index.php\/wp-json\/wp\/v2\/pages\/662\/revisions"}],"predecessor-version":[{"id":2376,"href":"https:\/\/perspektywa3p.us.edu.pl\/index.php\/wp-json\/wp\/v2\/pages\/662\/revisions\/2376"}],"wp:attachment":[{"href":"https:\/\/perspektywa3p.us.edu.pl\/index.php\/wp-json\/wp\/v2\/media?parent=662"}],"curies":[{"name":"wp","href":"https:\/\/api.w.org\/{rel}","templated":true}]}}