{"id":6,"date":"2025-04-09T08:41:48","date_gmt":"2025-04-09T08:41:48","guid":{"rendered":"https:\/\/perspektywa3p.us.edu.pl\/?page_id=6"},"modified":"2026-02-05T18:16:49","modified_gmt":"2026-02-05T18:16:49","slug":"o-projekcie","status":"publish","type":"page","link":"https:\/\/perspektywa3p.us.edu.pl\/","title":{"rendered":"O projektach"},"content":{"rendered":"\n<h2 class=\"wp-block-heading\">Perspektywa 3P <\/h2>\n\n\n\n<p>O projektach realizowanych na podstawie 15 um\u00f3w zawartych z Ministerstwem Edukacji Narodowej, dotycz\u0105cych realizacji projekt\u00f3w grantowych w 15 wojew\u00f3dztwach. <strong>\u201ePerspektywa 3P\u201d<\/strong>&nbsp;to 15 innowacyjnych projekt\u00f3w realizowanych przez&nbsp;<strong>Uniwersytet \u015al\u0105ski w Katowicach<\/strong>, kt\u00f3re skoncentrowane s\u0105 na kompleksowym wsparciu publicznych poradni psychologiczno-pedagogicznych (PPP). Odpowiadaj\u0105 one na rosn\u0105ce potrzeby dzieci, uczni\u00f3w i ich rodzin, a tak\u017ce instytucji wspieraj\u0105cych \u2013 w tym szk\u00f3\u0142, samorz\u0105d\u00f3w i jednostek ochrony zdrowia psychicznego.<\/p>\n\n\n\n<h3 class=\"wp-block-heading\">Cele projekt\u00f3w<\/h3>\n\n\n\n<p>G\u0142\u00f3wnymi celami projekt\u00f3w s\u0105:<\/p>\n\n\n\n<ol class=\"wp-block-list\">\n<li>Wsparcie publicznych poradni psychologiczno-pedagogicznych w zmianie modelu ich dzia\u0142ania na bardziej dost\u0119pny, zintegrowany i oparty na wsp\u00f3\u0142pracy mi\u0119dzysektorowej.<\/li>\n\n\n\n<li>Uzupe\u0142nienie zasob\u00f3w w zakresie wyposa\u017cenia PPP, niezb\u0119dnych do osi\u0105gni\u0119cia wy\u017cej wymienionego celu.<\/li>\n\n\n\n<li>Rozw\u00f3j kompetencji os\u00f3b pracuj\u0105cych w PPP, ukierunkowany na wiedz\u0119 i umiej\u0119tno\u015bci w zakresie: oceny funkcjonalnej, umiej\u0119tno\u015bci wykorzystania narz\u0119dzi diagnostycznych, zarz\u0105dzania zmian\u0105 i procesami oraz projektowania wsparcia w oparciu o Model Wsparcia Mi\u0119dzysektorowego (MWM).<\/li>\n<\/ol>\n\n\n\n<h3 class=\"wp-block-heading\">Dla kogo s\u0105 projekty?<\/h3>\n\n\n\n<p>Projekty skierowane s\u0105 przede wszystkim do dyrektor\u00f3w i pracownik\u00f3w publicznych poradni psychologiczno-pedagogicznych oraz przedstawicieli organ\u00f3w prowadz\u0105cych PPP.<\/p>\n\n\n\n<h3 class=\"wp-block-heading\">Co robimy w ramach projekt\u00f3w?<\/h3>\n\n\n\n<p>Projekty \u201ePerspektywa 3P\u201d to nie tylko diagnoza i analiza \u2013 to&nbsp;<strong>realne, praktyczne dzia\u0142ania<\/strong>, kt\u00f3re prowadz\u0105 do zmiany systemowej w funkcjonowaniu poradni psychologiczno-pedagogicznych.<\/p>\n\n\n\n<ul class=\"wp-block-list\">\n<li><strong>Konkurs grantowy dla PPP<\/strong><\/li>\n<\/ul>\n\n\n\n<p>Publiczne poradnie mog\u0105 ubiega\u0107 si\u0119 o \u015brodki na realizacj\u0119 dzia\u0142a\u0144 rozwojowych \u2013 np. wdra\u017canie oceny funkcjonalnej, zmiany organizacyjne, narz\u0119dzia wsp\u00f3\u0142pracy mi\u0119dzyinstytucjonalnej. Ka\u017cda poradnia otrzyma wsparcie w przygotowaniu wniosku.<\/p>\n\n\n\n<ul class=\"wp-block-list\">\n<li><strong>Szkolenia i rozw\u00f3j kompetencji<\/strong><\/li>\n<\/ul>\n\n\n\n<p>Projekty przewiduj\u0105 szkolenia dla pracownik\u00f3w PPP (5 os\u00f3b z ka\u017cdej PPP) z&nbsp;<strong>nast\u0119puj\u0105cych blok\u00f3w tematycznych<\/strong>:<\/p>\n\n\n\n<ul class=\"wp-block-list\">\n<li>wsp\u00f3\u0142praca mi\u0119dzysektorowa (8h &#8211; szkolenie on-line)<\/li>\n\n\n\n<li>ocena funkcjonalna (32h &#8211; szkolenia on-line)<\/li>\n\n\n\n<li>zarz\u0105dzanie zmian\u0105 i zarz\u0105dzanie procesami (8h &#8211; szkolenie stacjonarne)<\/li>\n\n\n\n<li>narz\u0119dzia diagnostyczne (16h &#8211; szkolenie on-line)<\/li>\n<\/ul>\n\n\n\n<p>Dodatkowo dost\u0119pna b\u0119dzie platforma Moodle z materia\u0142ami edukacyjnymi.<\/p>\n\n\n\n<ul class=\"wp-block-list\">\n<li><strong>Pog\u0142\u0119biona analiza potrzeb i zasob\u00f3w PPP oraz wynik\u00f3w wprowadzonych zmian<\/strong><\/li>\n<\/ul>\n\n\n\n<p><\/p>\n\n\n\n<ul class=\"wp-block-list\">\n<li><strong>Superwizje i wsparcie wdro\u017ceniowe<\/strong><\/li>\n<\/ul>\n\n\n\n<p>Poradnie obj\u0119te grantami b\u0119d\u0105 mog\u0142y korzysta\u0107 ze wsparcia merytorycznego i superwizji indywidualnych oraz grupowych \u2013 prowadzonych przez ekspert\u00f3w wdro\u017ceniowych.<\/p>\n\n\n\n<ul class=\"wp-block-list\">\n<li><strong>Wdra\u017canie Modelu Wsparcia Mi\u0119dzysektorowego<\/strong><\/li>\n<\/ul>\n\n\n\n<p>Projekty zak\u0142adaj\u0105 wprowadzenie gotowego, przetestowanego modelu wsp\u00f3\u0142pracy PPP z:<\/p>\n\n\n\n<ul class=\"wp-block-list\">\n<li>przedszkolami i szko\u0142ami,<\/li>\n\n\n\n<li>ochron\u0105 zdrowia psychicznego,<\/li>\n\n\n\n<li>OPS, PCPR, NGO, s\u0105dami.<\/li>\n<\/ul>\n\n\n\n<p>Projekty zmierzaj\u0105 do stworzenia&nbsp;<strong>sp\u00f3jnej \u015bcie\u017cki pomocy dziecku i rodzinie<\/strong>, kt\u00f3ra nie ko\u0144czy si\u0119 na etapie diagnozy, ale prowadzi do skutecznego wsparcia.<\/p>\n\n\n\n<h3 class=\"wp-block-heading\">Upowszechnienie rezultat\u00f3w<\/h3>\n\n\n\n<p>W ko\u0144cowej fazie projekt\u00f3w opracowane zostan\u0105:<\/p>\n\n\n\n<ul class=\"wp-block-list\">\n<li>rekomendacje systemowe,<\/li>\n\n\n\n<li>dobre praktyki i narz\u0119dzia dla poradni w ca\u0142ej Polsce,<\/li>\n\n\n\n<li>publikacje i konferencje podsumowuj\u0105ce.<\/li>\n<\/ul>\n\n\n\n<h3 class=\"wp-block-heading\">Podstawy finansowania<\/h3>\n\n\n\n<p>Projekty realizowane s\u0105 w ramach programu Fundusze Europejskie dla Rozwoju Spo\u0142ecznego; Priorytet FERS.01 Umiej\u0119tno\u015bci; Dzia\u0142anie 01.06 Edukacja w\u0142\u0105czaj\u0105ca<\/p>\n\n\n\n<h3 class=\"wp-block-heading\">Partnerzy w projektach:<\/h3>\n\n\n\n<div class=\"wp-block-columns are-vertically-aligned-center is-layout-flex wp-container-core-columns-is-layout-9d6595d7 wp-block-columns-is-layout-flex\">\n<div class=\"wp-block-column is-vertically-aligned-center is-layout-flow wp-block-column-is-layout-flow\" style=\"flex-basis:70%\">\n<p class=\"has-text-align-center\">Uczelnia partnerska w projekcie &#8222;Perspektywa 3P&#8221; w wojew\u00f3dztwie mazowieckim:<\/p>\n<\/div>\n\n\n\n<div class=\"wp-block-column is-vertically-aligned-center is-layout-flow wp-block-column-is-layout-flow\" style=\"flex-basis:30%\"><div class=\"wp-block-image\">\n<figure class=\"aligncenter size-full is-resized\"><img decoding=\"async\" width=\"459\" height=\"102\" src=\"https:\/\/perspektywa3p.us.edu.pl\/wp-content\/uploads\/2025\/04\/Logo-APS-1.jpg\" alt=\"Logotyp - Akademia Pedagogiki Specjalnej im. Marii Grzegorzewskiej\" class=\"wp-image-155\" style=\"width:300px\" srcset=\"https:\/\/perspektywa3p.us.edu.pl\/wp-content\/uploads\/2025\/04\/Logo-APS-1.jpg 459w, https:\/\/perspektywa3p.us.edu.pl\/wp-content\/uploads\/2025\/04\/Logo-APS-1-300x67.jpg 300w, https:\/\/perspektywa3p.us.edu.pl\/wp-content\/uploads\/2025\/04\/Logo-APS-1-230x51.jpg 230w, https:\/\/perspektywa3p.us.edu.pl\/wp-content\/uploads\/2025\/04\/Logo-APS-1-350x78.jpg 350w\" sizes=\"(max-width: 459px) 100vw, 459px\" \/><\/figure>\n<\/div><\/div>\n<\/div>\n\n\n\n<div class=\"wp-block-columns are-vertically-aligned-center is-layout-flex wp-container-core-columns-is-layout-9d6595d7 wp-block-columns-is-layout-flex\">\n<div class=\"wp-block-column is-vertically-aligned-center is-layout-flow wp-block-column-is-layout-flow\" style=\"flex-basis:70%\">\n<p class=\"has-text-align-center\">Uczelnia partnerska w projekcie &#8222;Perspektywa 3P&#8221; w wojew\u00f3dztwie podkarpackim:<\/p>\n<\/div>\n\n\n\n<div class=\"wp-block-column is-vertically-aligned-center is-layout-flow wp-block-column-is-layout-flow\" style=\"flex-basis:30%\"><div class=\"wp-block-image\">\n<figure class=\"aligncenter size-full is-resized\"><img fetchpriority=\"high\" decoding=\"async\" width=\"450\" height=\"113\" src=\"https:\/\/perspektywa3p.us.edu.pl\/wp-content\/uploads\/2025\/04\/Logo-UR.jpg\" alt=\"Logotyp - Uniwersytet Rzeszowski\" class=\"wp-image-145\" style=\"width:300px\" srcset=\"https:\/\/perspektywa3p.us.edu.pl\/wp-content\/uploads\/2025\/04\/Logo-UR.jpg 450w, https:\/\/perspektywa3p.us.edu.pl\/wp-content\/uploads\/2025\/04\/Logo-UR-300x75.jpg 300w, https:\/\/perspektywa3p.us.edu.pl\/wp-content\/uploads\/2025\/04\/Logo-UR-230x58.jpg 230w, https:\/\/perspektywa3p.us.edu.pl\/wp-content\/uploads\/2025\/04\/Logo-UR-350x88.jpg 350w\" sizes=\"(max-width: 450px) 100vw, 450px\" \/><\/figure>\n<\/div><\/div>\n<\/div>\n\n\n\n<div class=\"wp-block-columns are-vertically-aligned-center is-layout-flex wp-container-core-columns-is-layout-9d6595d7 wp-block-columns-is-layout-flex\">\n<div class=\"wp-block-column is-vertically-aligned-center is-layout-flow wp-block-column-is-layout-flow\" style=\"flex-basis:70%\">\n<p class=\"has-text-align-center\">Uczelnia partnerska w projekcie &#8222;Perspektywa 3P&#8221; w wojew\u00f3dztwie podlaskim:<\/p>\n<\/div>\n\n\n\n<div class=\"wp-block-column is-vertically-aligned-center is-layout-flow wp-block-column-is-layout-flow\" style=\"flex-basis:30%\"><div class=\"wp-block-image\">\n<figure class=\"aligncenter size-full is-resized\"><img decoding=\"async\" width=\"149\" height=\"149\" src=\"https:\/\/perspektywa3p.us.edu.pl\/wp-content\/uploads\/2025\/04\/Logo-UB.jpg\" alt=\"Logotyp - Uniwersytet w Bia\u0142ymstoku\" class=\"wp-image-148\" style=\"width:120px\"\/><\/figure>\n<\/div><\/div>\n<\/div>\n","protected":false},"excerpt":{"rendered":"<p>Perspektywa 3P O projektach realizowanych na podstawie 15 um\u00f3w zawartych z Ministerstwem Edukacji Narodowej, dotycz\u0105cych realizacji projekt\u00f3w grantowych w 15 wojew\u00f3dztwach. \u201ePerspektywa 3P\u201d&nbsp;to 15 innowacyjnych projekt\u00f3w realizowanych przez&nbsp;Uniwersytet \u015al\u0105ski w Katowicach, kt\u00f3re skoncentrowane s\u0105 na kompleksowym wsparciu publicznych poradni psychologiczno-pedagogicznych (PPP). Odpowiadaj\u0105 one na rosn\u0105ce potrzeby dzieci, uczni\u00f3w i ich rodzin, a tak\u017ce instytucji wspieraj\u0105cych&hellip; <br \/> <a class=\"read-more\" href=\"https:\/\/perspektywa3p.us.edu.pl\/\">Dowiedz si\u0119 wi\u0119cej<\/a><\/p>\n","protected":false},"author":1,"featured_media":0,"parent":0,"menu_order":0,"comment_status":"closed","ping_status":"closed","template":"","meta":{"footnotes":""},"class_list":["post-6","page","type-page","status-publish","hentry"],"_links":{"self":[{"href":"https:\/\/perspektywa3p.us.edu.pl\/index.php\/wp-json\/wp\/v2\/pages\/6","targetHints":{"allow":["GET"]}}],"collection":[{"href":"https:\/\/perspektywa3p.us.edu.pl\/index.php\/wp-json\/wp\/v2\/pages"}],"about":[{"href":"https:\/\/perspektywa3p.us.edu.pl\/index.php\/wp-json\/wp\/v2\/types\/page"}],"author":[{"embeddable":true,"href":"https:\/\/perspektywa3p.us.edu.pl\/index.php\/wp-json\/wp\/v2\/users\/1"}],"replies":[{"embeddable":true,"href":"https:\/\/perspektywa3p.us.edu.pl\/index.php\/wp-json\/wp\/v2\/comments?post=6"}],"version-history":[{"count":28,"href":"https:\/\/perspektywa3p.us.edu.pl\/index.php\/wp-json\/wp\/v2\/pages\/6\/revisions"}],"predecessor-version":[{"id":3702,"href":"https:\/\/perspektywa3p.us.edu.pl\/index.php\/wp-json\/wp\/v2\/pages\/6\/revisions\/3702"}],"wp:attachment":[{"href":"https:\/\/perspektywa3p.us.edu.pl\/index.php\/wp-json\/wp\/v2\/media?parent=6"}],"curies":[{"name":"wp","href":"https:\/\/api.w.org\/{rel}","templated":true}]}}