{"id":587,"date":"2025-06-10T12:47:39","date_gmt":"2025-06-10T12:47:39","guid":{"rendered":"https:\/\/perspektywa3p.us.edu.pl\/?page_id=587"},"modified":"2026-01-26T20:10:23","modified_gmt":"2026-01-26T20:10:23","slug":"biblioteczka","status":"publish","type":"page","link":"https:\/\/perspektywa3p.us.edu.pl\/index.php\/biblioteczka\/","title":{"rendered":"Materia\u0142y z projekt\u00f3w"},"content":{"rendered":"\n<h4 class=\"wp-block-heading\">Projekt: &#8222;Budowa skoordynowanego systemu pomocy specjalistycznej opartego na Specjalistycznych Centrach Wspieraj\u0105cych Edukacj\u0119 W\u0142\u0105czaj\u0105c\u0105&#8221;<\/h4>\n\n\n\n<ul class=\"wp-block-list\">\n<li><a href=\"https:\/\/ore.edu.pl\/2025\/04\/scwew-w-pigulce\/\" target=\"_blank\" rel=\"noreferrer noopener\">Strona g\u0142\u00f3wna projektu<\/a><\/li>\n\n\n\n<li><a href=\"https:\/\/perspektywa3p.us.edu.pl\/wp-content\/uploads\/2025\/07\/Wspolpraca-SCWEW-z-partnerami-zewnetrznymi.pdf\" target=\"_blank\" rel=\"noreferrer noopener\">Wsp\u00f3\u0142praca SCWEW z partnerami<\/a><\/li>\n<\/ul>\n\n\n\n<h4 class=\"wp-block-heading\">Projekt: &#8222;Model wsparcia mi\u0119dzysektorowego (MWM)&#8221;<\/h4>\n\n\n\n<ul class=\"wp-block-list\">\n<li><a href=\"https:\/\/mwm.us.edu.pl\" target=\"_blank\" rel=\"noreferrer noopener\">Strona g\u0142\u00f3wna projektu<\/a><\/li>\n\n\n\n<li><a href=\"https:\/\/mwm.us.edu.pl\/index.php\/dla-wszystkich\/\" target=\"_blank\" rel=\"noreferrer noopener\">Model wsparcia mi\u0119dzysektorowego (MWM) &#8211; publikacje<\/a><\/li>\n<\/ul>\n\n\n\n<h4 class=\"wp-block-heading\">Projekt: &#8222;Przygotowanie kompleksowego wsparcia poradni psychologiczno-pedagogicznych&#8221;<\/h4>\n\n\n\n<ul class=\"wp-block-list\">\n<li><a href=\"https:\/\/fersdlaporadni.sgh.waw.pl\/\" target=\"_blank\" rel=\"noreferrer noopener\">Strona g\u0142\u00f3wna projektu<\/a><\/li>\n\n\n\n<li><a href=\"https:\/\/fersdlaporadni.sgh.waw.pl\/sites\/fersdlaporadni.sgh.waw.pl\/files\/2025-02\/Koncepcja%20rozwoju%20poradnictwa_final.pdf\" target=\"_blank\" rel=\"noreferrer noopener\">Koncepcja rozwoju poradnictwa psychologiczno-pedagogicznego<\/a><\/li>\n<\/ul>\n\n\n\n<h4 class=\"wp-block-heading\">Projekt: &#8222;Szko\u0142a dost\u0119pna dla wszystkich (Accessible School for All)&#8221;<\/h4>\n\n\n\n<ul class=\"wp-block-list\">\n<li><a href=\"https:\/\/ibe.edu.pl\/pl\/szkola-dostepna-dla-wszystkich-opis-projektu\" target=\"_blank\" rel=\"noreferrer noopener\">Strona g\u0142\u00f3wna projektu<\/a><\/li>\n\n\n\n<li><a href=\"https:\/\/www.ibe.edu.pl\/files\/BIBLIOTEKA\/Szkola-dostepna\/szkola-dostepna-dla-wszystkich-z-perspektywy-dyrektora.pdf\" target=\"_blank\" rel=\"noreferrer noopener\">Jak pom\u00f3c uczniowi b\u0119d\u0105cemu w kryzysie psychicznym? Wsp\u00f3\u0142praca mi\u0119dzysektorowa w sektorze o\u015bwiaty w kontek\u015bcie zdrowia psychicznego dzieci i m\u0142odzie\u017cy<\/a><\/li>\n\n\n\n<li><a href=\"https:\/\/www.ibe.edu.pl\/images\/publikacje\/unicef\/Miedzysektorowe_wsparcie_osob_uczcych_sie_i_ich_rodzin.pdf\" target=\"_blank\" rel=\"noreferrer noopener\">Mi\u0119dzysektorowe wsparcie os\u00f3b ucz\u0105cych si\u0119 i ich rodzin<\/a><\/li>\n\n\n\n<li><a href=\"https:\/\/zpe.gov.pl\/b\/zmiany-w-zachowaniach-dzieci-i-mlodziezy-pod-wplywem-ekspozycji-na-trudne-doswiadczenia\/P5ADZPTH1?prevProjects=P7B1G1AMX\" data-type=\"link\" data-id=\"https:\/\/zpe.gov.pl\/b\/zmiany-w-zachowaniach-dzieci-i-mlodziezy-pod-wplywem-ekspozycji-na-trudne-doswiadczenia\/P5ADZPTH1?prevProjects=P7B1G1AMX\" target=\"_blank\" rel=\"noreferrer noopener\">Procedura post\u0119powania dla nauczycieli specjalist\u00f3w w przypadku uczni\u00f3w, kt\u00f3rzy do\u015bwiadczyli traumy, z uwzgl\u0119dnieniem perspektywy mi\u0119dzysektorowej<\/a><\/li>\n\n\n\n<li><a href=\"https:\/\/zpe.gov.pl\/b\/zmiany-w-zachowaniu-dzieci-i-mlodziezy-bedace-wynikiem-przezywania-silnego-leku\/P684DEN6Q?prevProjects=P7B1G1AMX\" data-type=\"link\" data-id=\"https:\/\/zpe.gov.pl\/b\/zmiany-w-zachowaniu-dzieci-i-mlodziezy-bedace-wynikiem-przezywania-silnego-leku\/P684DEN6Q?prevProjects=P7B1G1AMX\" target=\"_blank\" rel=\"noreferrer noopener\">Procedura post\u0119powania dla nauczycieli specjalist\u00f3w w przypadku uczni\u00f3w, kt\u00f3rzy przejawiaj\u0105 zaburzenia w funkcjonowaniu spo\u0142ecznym, z uwzgl\u0119dnieniem perspektywy mi\u0119dzysektorowej<\/a><\/li>\n\n\n\n<li><a href=\"https:\/\/perspektywa3p.us.edu.pl\/wp-content\/uploads\/2026\/01\/Wlaczajace-strategie-projekt-ASA.pdf\" target=\"_blank\" rel=\"noreferrer noopener\">W\u0142\u0105czaj\u0105ce strategie &#8211; projekt ASA<\/a><\/li>\n\n\n\n<li><a href=\"https:\/\/ibe.edu.pl\/images\/publikacje\/unicef\/Wspolpraca_szkolyprzedszkola_z_poradnia_.pdf\" target=\"_blank\" rel=\"noreferrer noopener\">Wsp\u00f3\u0142praca szko\u0142y\/przedszkola z poradni\u0105 psychologiczno-pedagogiczn\u0105<\/a><\/li>\n<\/ul>\n\n\n\n<h4 class=\"wp-block-heading\">Projekt: &#8222;Wspieranie dost\u0119pno\u015bci edukacji dla dzieci i m\u0142odzie\u017cy&#8221;<\/h4>\n\n\n\n<ul class=\"wp-block-list\">\n<li><a href=\"https:\/\/ibe.edu.pl\/pl\/opis-wspieranie-dostepnosci-edukacji-dla-dzieci-i-mlodziezy\" target=\"_blank\" rel=\"noreferrer noopener\">Strona g\u0142\u00f3wna projektu<\/a><\/li>\n\n\n\n<li><a href=\"https:\/\/ibe.edu.pl\/pl\/zasoby-wspieranie-dostepnosci-edukacji\" target=\"_blank\" rel=\"noreferrer noopener\">Wspieranie dost\u0119pno\u015bci edukacji dla dzieci i m\u0142odzie\u017cy &#8211; zasoby<\/a><\/li>\n\n\n\n<li><a href=\"https:\/\/perspektywa3p.us.edu.pl\/wp-content\/uploads\/2026\/01\/Racjonalne-usprawnienia-w-edukacji.pdf\" target=\"_blank\" rel=\"noreferrer noopener\">Racjonalne usprawnienia w edukacji<\/a><\/li>\n\n\n\n<li><a href=\"https:\/\/perspektywa3p.us.edu.pl\/wp-content\/uploads\/2026\/01\/Projektowanie-uniwersalne-w-edukacji.pdf\" target=\"_blank\" rel=\"noreferrer noopener\">Projektowanie uniwersalne w edukacji<\/a><\/li>\n<\/ul>\n\n\n\n<p><\/p>\n","protected":false},"excerpt":{"rendered":"<p>Projekt: &#8222;Budowa skoordynowanego systemu pomocy specjalistycznej opartego na Specjalistycznych Centrach Wspieraj\u0105cych Edukacj\u0119 W\u0142\u0105czaj\u0105c\u0105&#8221; Projekt: &#8222;Model wsparcia mi\u0119dzysektorowego (MWM)&#8221; Projekt: &#8222;Przygotowanie kompleksowego wsparcia poradni psychologiczno-pedagogicznych&#8221; Projekt: &#8222;Szko\u0142a dost\u0119pna dla wszystkich (Accessible School for All)&#8221; Projekt: &#8222;Wspieranie dost\u0119pno\u015bci edukacji dla dzieci i m\u0142odzie\u017cy&#8221;<\/p>\n","protected":false},"author":1,"featured_media":0,"parent":0,"menu_order":0,"comment_status":"closed","ping_status":"closed","template":"","meta":{"footnotes":""},"class_list":["post-587","page","type-page","status-publish","hentry"],"_links":{"self":[{"href":"https:\/\/perspektywa3p.us.edu.pl\/index.php\/wp-json\/wp\/v2\/pages\/587","targetHints":{"allow":["GET"]}}],"collection":[{"href":"https:\/\/perspektywa3p.us.edu.pl\/index.php\/wp-json\/wp\/v2\/pages"}],"about":[{"href":"https:\/\/perspektywa3p.us.edu.pl\/index.php\/wp-json\/wp\/v2\/types\/page"}],"author":[{"embeddable":true,"href":"https:\/\/perspektywa3p.us.edu.pl\/index.php\/wp-json\/wp\/v2\/users\/1"}],"replies":[{"embeddable":true,"href":"https:\/\/perspektywa3p.us.edu.pl\/index.php\/wp-json\/wp\/v2\/comments?post=587"}],"version-history":[{"count":36,"href":"https:\/\/perspektywa3p.us.edu.pl\/index.php\/wp-json\/wp\/v2\/pages\/587\/revisions"}],"predecessor-version":[{"id":3606,"href":"https:\/\/perspektywa3p.us.edu.pl\/index.php\/wp-json\/wp\/v2\/pages\/587\/revisions\/3606"}],"wp:attachment":[{"href":"https:\/\/perspektywa3p.us.edu.pl\/index.php\/wp-json\/wp\/v2\/media?parent=587"}],"curies":[{"name":"wp","href":"https:\/\/api.w.org\/{rel}","templated":true}]}}