{"id":2627,"date":"2025-11-08T16:04:16","date_gmt":"2025-11-08T16:04:16","guid":{"rendered":"https:\/\/perspektywa3p.us.edu.pl\/?page_id=2627"},"modified":"2026-04-13T08:36:55","modified_gmt":"2026-04-13T08:36:55","slug":"swietokrzyskie-informacje-o-szkoleniach","status":"publish","type":"page","link":"https:\/\/perspektywa3p.us.edu.pl\/index.php\/swietokrzyskie-informacje-o-szkoleniach\/","title":{"rendered":"\u015awi\u0119tokrzyskie \u2013\u00a0Informacje o szkoleniach"},"content":{"rendered":"\n<h2 class=\"wp-block-heading\">Informacje o szkoleniach<\/h2>\n\n\n\n<p><strong><strong>Trwa <\/strong>nab\u00f3r na bezp\u0142atne szkolenia, <\/strong>kt\u00f3re wspieraj\u0105 wdro\u017cenie zmiany w codziennym funkcjonowaniu poradni psychologiczno-pedagogicznych (PPP) realizowane w ramach projektu: <em>\u201ePerspektywa 3P dla wojew\u00f3dztwa \u015bwi\u0119tokrzyskiego\u201d<\/em> dofinansowanego ze \u015brodk\u00f3w Priorytetu FERS.01 Umiej\u0119tno\u015bci. Dzia\u0142anie FERS.01.06 Edukacja w\u0142\u0105czaj\u0105ca, Programu Fundusze Europejskie dla Rozwoju Spo\u0142ecznego 2021-2027.<\/p>\n\n\n\n<p><strong>W ka\u017cdym szkoleniu bierze udzia\u0142 5 os\u00f3b z ka\u017cdej publicznej PPP, w tym specjalistycznej, maj\u0105cych swoj\u0105 siedzib\u0119 na terenie wojew\u00f3dztwa \u015bwi\u0119tokrzyskiego.<\/strong><\/p>\n\n\n\n<p class=\"has-text-align-left\">Prosimy <strong>ka\u017cd\u0105<\/strong> z os\u00f3b zg\u0142aszaj\u0105cych si\u0119 do udzia\u0142 w szkoleniu o zalogowanie si\u0119 do systemu, sprawdzenie dost\u0119pnych termin\u00f3w i <strong>zapisanie si\u0119 na 4 szkolenia<\/strong> (3 w formie on-line i 1 stacjonarne). <\/p>\n\n\n\n<p>Wi\u0119cej informacji o naborze  na szkolenia znajd\u0105 Pa\u0144stwo na podstronie: <a href=\"https:\/\/perspektywa3p.us.edu.pl\/index.php\/nabor-na-szkolenia\/\">https:\/\/perspektywa3p.us.edu.pl\/index.php\/nabor-na-szkolenia\/<\/a><\/p>\n\n\n\n<p>Link do rejestracji na szkolenia: <a href=\"https:\/\/szkolenie.p3p.us.edu.pl\/\" target=\"_blank\" rel=\"noreferrer noopener\">GrantU\u015a\/Szkolenia<\/a>.<\/p>\n\n\n\n<p>Instrukcja rejestracji: <a href=\"https:\/\/perspektywa3p.us.edu.pl\/wp-content\/uploads\/2026\/01\/Proces-rejestracji-uczestnika-szkolen.pdf\" target=\"_blank\" rel=\"noreferrer noopener\">Instrukcji rejestracji &#8211; krok po kroku<\/a>.<\/p>\n\n\n\n<p>Warunkiem przyst\u0105pienia do procesu rekrutacji jest wcze\u015bniejsze zapoznanie si\u0119 z <a href=\"https:\/\/perspektywa3p.us.edu.pl\/wp-content\/uploads\/2026\/01\/REGULAMIN-REKRUTACJI-I-UCZESTNICTWA-W-PROJEKTACH-%E2%80%9EPerspektywa-3P-wraz-z-zalacznikami.pdf\" target=\"_blank\" rel=\"noreferrer noopener\">regulaminem rekrutacji i uczestnictwa w projekcie<\/a>.<\/p>\n\n\n\n<p>W celu potwierdzenia zg\u0142oszenia ka\u017cda osoba uczestnicz\u0105ca jest zobowi\u0105zana do <strong>przes\u0142ania podpisanych orygina\u0142\u00f3w dokument\u00f3w<\/strong> (zamieszczonych w systemie &#8222;GrantU\u015a\/Szkolenia&#8221;) na adres:<\/p>\n\n\n\n<p><em>Uniwersytet \u015al\u0105ski w Katowicach<br>Wydzia\u0142 Nauk Spo\u0142ecznych Aleksandra Soko\u0142a<br>ul. Bankowa 11, 40-007 Katowice<\/em><\/p>\n\n\n\n<p>Z dopiskiem na kopercie: <strong>Perspektywa 3P \u2013 woj. \u015bwi\u0119tokrzyskie<\/strong><\/p>\n\n\n\n<h4 class=\"wp-block-heading has-text-align-center\"><strong>Uwaga: Aktualne terminy szkole\u0144 dla wszystkich grup dost\u0119pne s\u0105 dla os\u00f3b zarejestrowanych w systemie: <a href=\"https:\/\/szkolenie.p3p.us.edu.pl\/\" target=\"_blank\" rel=\"noreferrer noopener\">GrantU\u015a\/Szkolenia<\/a><\/strong>.<\/h4>\n\n\n\n<p class=\"has-vivid-purple-color has-text-color has-link-color wp-elements-c8ceb7bd3db1f8f22f3994aefd3895f1\">Prosimy o uwzgl\u0119dnienie termin\u00f3w w grafikach pracownik\u00f3w PPP &#8211; przy czym pracownicy z jednej PPP nie musz\u0105 uczestniczy\u0107 w szkoleniach w tym samym terminie.<\/p>\n\n\n\n<p class=\"has-text-align-left has-vivid-purple-color has-text-color has-link-color wp-elements-2cd5f263d2c1cbf8dd856266ecc8449c\"><strong>Wa\u017cne: <\/strong>Terminy i daty szkole\u0144 <strong>mog\u0105 ulega\u0107 zmianie<\/strong>. W przypadku, gdy grupa szkoleniowa na dany termin b\u0119dzie liczy\u0142a <strong>poni\u017cej 16<\/strong> zapisanych os\u00f3b &#8211; szkolenie <strong>nie b\u0119dzie <\/strong>realizowane. Prosimy o sprawdzanie w systemie szkoleniowym liczby os\u00f3b w grupie &#8211; w systemie &#8222;GrantU\u015a\/Szkolenia&#8221; widzicie Pa\u0144stwo liczb\u0119 wolnych miejsc na konkretne szkolenie (w formacie: liczba wolnych miejsc\/maksymalna liczba os\u00f3b 24).<\/p>\n\n\n\n<table  style=\"background-color: #e3e8ff; border: none;\">\n<tbody>\n<tr>\n<td><strong>UWAGA! <\/strong><br><strong>Wymagania techniczne dla szkole\u0144 on-line:<\/strong> Po\u0142\u0105czenie z Internetem o jako\u015bci umo\u017cliwiaj\u0105cej udzia\u0142 w wideokonferencji, laptop lub tablet lub komputer stacjonarny (nie mo\u017ce by\u0107 zast\u0105piony smartfonem), dost\u0119p do kamery i mikrofonu w celu zapewnienia aktywnego uczestnictwa w zaj\u0119ciach, przebywanie w pomieszczeniu z mo\u017cliwo\u015bci\u0105 prowadzenia swobodnej rozmowy, bez udzia\u0142u os\u00f3b nieb\u0119d\u0105cych uczestnikami szkolenia.<\/td>\n<\/tr>\n<\/tbody>\n<\/table>\n\n\n\n<h4 class=\"wp-block-heading\">Realizowane s\u0105 szkolenia z&nbsp;nast\u0119puj\u0105cych blok\u00f3w tematycznych:<\/h4>\n\n\n\n<ul class=\"wp-block-list\">\n<li><strong>Wsp\u00f3\u0142praca mi\u0119dzysektorowa <strong><strong>\u2013 szkolenie on-line<\/strong><\/strong><\/strong> <strong>&#8211; 8h dydaktycznych (1h dydaktyczna = 45min.)<\/strong><br>2 spotkania szkoleniowe po 4h dydaktyczne (rzeczywisty czas jednego szkolenia z przerw\u0105 to: 3h 05min.)<\/li>\n<\/ul>\n\n\n\n<p class=\"has-text-align-left has-vivid-purple-color has-text-color has-link-color wp-elements-8d187cf193c029e288d76eb90ae16f8b\">Szkolenia on-line z bloku: <strong>&#8222;Wsp\u00f3\u0142praca mi\u0119dzysektorowa&#8221;<\/strong> odb\u0119d\u0105 si\u0119 z wykorzystaniem platformy <strong>MS Teams<\/strong><\/p>\n\n\n\n<figure class=\"wp-block-table is-style-regular\"><table class=\"has-fixed-layout\"><tbody><tr><td class=\"has-text-align-center\" data-align=\"center\"><strong>Numer grupy<\/strong><\/td><td class=\"has-text-align-center\" data-align=\"center\"><strong>Data szkolenia<\/strong><\/td><td class=\"has-text-align-center\" data-align=\"center\"><strong>Godziny<\/strong><\/td><td class=\"has-text-align-center\" data-align=\"center\"><strong>Status<\/strong><\/td><\/tr><tr><td class=\"has-text-align-center\" data-align=\"center\" rowspan=\"2\">1<\/td><td class=\"has-text-align-center\" data-align=\"center\">11.03.2026<\/td><td class=\"has-text-align-center\" data-align=\"center\">09:00-12:05<\/td><td class=\"has-text-align-center\" data-align=\"center\" rowspan=\"2\">&nbsp;<\/td><\/tr><tr><td class=\"has-text-align-center\" data-align=\"center\">21.03.2026<\/td><td class=\"has-text-align-center\" data-align=\"center\">16:00-19:05<\/td><\/tr><tr><td class=\"has-text-align-center\" data-align=\"center\" rowspan=\"2\">2<\/td><td class=\"has-text-align-center\" data-align=\"center\">18.03.2026<\/td><td class=\"has-text-align-center\" data-align=\"center\">09:00-12:05<\/td><td class=\"has-text-align-center\" data-align=\"center\" rowspan=\"2\">&nbsp;<\/td><\/tr><tr><td class=\"has-text-align-center\" data-align=\"center\">20.03.2026<\/td><td class=\"has-text-align-center\" data-align=\"center\">16:00-19:05<\/td><\/tr><tr><td class=\"has-text-align-center\" data-align=\"center\" rowspan=\"2\">3<\/td><td class=\"has-text-align-center\" data-align=\"center\">13.02.2026<\/td><td class=\"has-text-align-center\" data-align=\"center\">08:00-11:05<\/td><td class=\"has-text-align-center\" data-align=\"center\" rowspan=\"2\">&nbsp;Szkolenie zrealizowano<\/td><\/tr><tr><td class=\"has-text-align-center\" data-align=\"center\">19.02.2026<\/td><td class=\"has-text-align-center\" data-align=\"center\">13:00-16:05<\/td><\/tr><tr><td class=\"has-text-align-center\" data-align=\"center\" rowspan=\"2\">4<\/td><td class=\"has-text-align-center\" data-align=\"center\">13.02.2026<\/td><td class=\"has-text-align-center\" data-align=\"center\">12:00-15:05<\/td><td class=\"has-text-align-center\" data-align=\"center\" rowspan=\"2\">Szkolenie zrealizowano<\/td><\/tr><tr><td class=\"has-text-align-center\" data-align=\"center\">20.02.2026<\/td><td class=\"has-text-align-center\" data-align=\"center\">13:00-16:05<\/td><\/tr><\/tbody><\/table><\/figure>\n\n\n\n<p><strong>Wsp\u00f3\u0142praca mi\u0119dzysektorowa<\/strong> &#8211; osoba do kontaktu w sprawie szkole\u0144: <br>Lucyna Legierska &#8211; e-mail: <a href=\"mailto:lucynalegierska@tlen.pl\">lucynalegierska@tlen.pl<\/a><\/p>\n\n\n\n<hr class=\"wp-block-separator has-alpha-channel-opacity\"\/>\n\n\n\n<ul class=\"wp-block-list\">\n<li><strong>Ocena funkcjonalna  \u2013 szkolenie on-line <strong>\u2013<\/strong> 32h dydaktyczne <strong>(1h dydaktyczna = 45min.<\/strong>)<\/strong>&nbsp;<br>4 spotkania szkoleniowe po 8h dydaktycznych (rzeczywisty czas jednego szkolenia z przerwami to: 6h 30min.)<\/li>\n<\/ul>\n\n\n\n<div class=\"wp-block-group\"><div class=\"wp-block-group__inner-container is-layout-constrained wp-block-group-is-layout-constrained\">\n<p><strong>Za realizacj\u0119 szkole\u0144 odpowiada wykonawca<\/strong>.<\/p>\n\n\n\n<div class=\"wp-block-group\"><div class=\"wp-block-group__inner-container is-layout-constrained wp-block-group-is-layout-constrained\">\n<p><em>Osoba do kontaktu w sprawie szkole\u0144:<\/em> <br><strong>Marzena Czarnocka<\/strong> &#8211; e-mail: <a href=\"mailto:mczarnocka@vp.pl\">mczarnocka@vp.pl<\/a>&nbsp; <span class=\"wp-rich-text-font-awesome-icon wp-font-awesome-icon\"><svg aria-hidden=\"true\" focusable=\"false\" data-prefix=\"fas\" data-icon=\"phone\" class=\"svg-inline--fa fa-phone \" role=\"img\" xmlns=\"http:\/\/www.w3.org\/2000\/svg\" viewBox=\"0 0 512 512\"><path fill=\"currentColor\" d=\"M164.9 24.6c-7.7-18.6-28-28.5-47.4-23.2l-88 24C12.1 30.2 0 46 0 64C0 311.4 200.6 512 448 512c18 0 33.8-12.1 38.6-29.5l24-88c5.3-19.4-4.6-39.7-23.2-47.4l-96-40c-16.3-6.8-35.2-2.1-46.3 11.6L304.7 368C234.3 334.7 177.3 277.7 144 207.3L193.3 167c13.7-11.2 18.4-30 11.6-46.3l-40-96z\"><\/path><\/svg><\/span> 692 060&nbsp;202<\/p>\n<\/div><\/div>\n<\/div><\/div>\n\n\n\n<p class=\"has-vivid-purple-color has-text-color has-link-color wp-elements-f78143068ba0ac9b6b93a5d856212924\">Szkolenia on-line z bloku: <strong>&#8222;Ocena funkcjonalna &#8222;<\/strong> odb\u0119d\u0105 si\u0119 z wykorzystaniem platformy <strong>ZOOM<\/strong><\/p>\n\n\n\n<figure class=\"wp-block-table\"><table class=\"has-fixed-layout\"><tbody><tr><td class=\"has-text-align-center\" data-align=\"center\"><strong>Numer grupy<\/strong><\/td><td class=\"has-text-align-center\" data-align=\"center\"><strong>Data szkolenia<\/strong><\/td><td class=\"has-text-align-center\" data-align=\"center\"><strong>Godziny<\/strong><\/td><td class=\"has-text-align-center\" data-align=\"center\"><strong>Status<\/strong><\/td><\/tr><tr><td class=\"has-text-align-center\" data-align=\"center\" rowspan=\"4\">1<\/td><td class=\"has-text-align-center\" data-align=\"center\">21.03.2026<\/td><td class=\"has-text-align-center\" data-align=\"center\">08:00-14:30<\/td><td class=\"has-text-align-center\" data-align=\"center\" rowspan=\"4\">Szkolenie zrealizowano<\/td><\/tr><tr><td class=\"has-text-align-center\" data-align=\"center\">23.03.2026<\/td><td class=\"has-text-align-center\" data-align=\"center\">08:00-14:30<\/td><\/tr><tr><td class=\"has-text-align-center\" data-align=\"center\">25.03.2026<\/td><td class=\"has-text-align-center\" data-align=\"center\">13:30-20:00<\/td><\/tr><tr><td class=\"has-text-align-center\" data-align=\"center\">26.03.2026<\/td><td class=\"has-text-align-center\" data-align=\"center\">13:30-20:00<\/td><\/tr><tr><td class=\"has-text-align-center\" data-align=\"center\" rowspan=\"4\">2<\/td><td class=\"has-text-align-center\" data-align=\"center\">17.04.2026<\/td><td class=\"has-text-align-center\" data-align=\"center\">08:00-14:30<\/td><td class=\"has-text-align-center\" data-align=\"center\" rowspan=\"4\">&nbsp;<\/td><\/tr><tr><td class=\"has-text-align-center\" data-align=\"center\">18.04.2026<\/td><td class=\"has-text-align-center\" data-align=\"center\">08:00-14:30<\/td><\/tr><tr><td class=\"has-text-align-center\" data-align=\"center\">29.04.2026<\/td><td class=\"has-text-align-center\" data-align=\"center\">13:30-20:00<\/td><\/tr><tr><td class=\"has-text-align-center\" data-align=\"center\">30.04.2026<\/td><td class=\"has-text-align-center\" data-align=\"center\">13:30-20:00<\/td><\/tr><tr><td class=\"has-text-align-center\" data-align=\"center\" rowspan=\"4\">3<\/td><td class=\"has-text-align-center\" data-align=\"center\">15.05.2026<\/td><td class=\"has-text-align-center\" data-align=\"center\">08:00-14:30<\/td><td class=\"has-text-align-center\" data-align=\"center\" rowspan=\"4\">&nbsp;<\/td><\/tr><tr><td class=\"has-text-align-center\" data-align=\"center\">16.05.2026<\/td><td class=\"has-text-align-center\" data-align=\"center\">08:00-14:30<\/td><\/tr><tr><td class=\"has-text-align-center\" data-align=\"center\">27.05.2026<\/td><td class=\"has-text-align-center\" data-align=\"center\">13:30-20:00<\/td><\/tr><tr><td class=\"has-text-align-center\" data-align=\"center\">28.05.2026<\/td><td class=\"has-text-align-center\" data-align=\"center\">13:30-20:00<\/td><\/tr><tr><td class=\"has-text-align-center\" data-align=\"center\" rowspan=\"4\">4<\/td><td class=\"has-text-align-center\" data-align=\"center\">06.06.2026<\/td><td class=\"has-text-align-center\" data-align=\"center\">08:00-14:30<\/td><td class=\"has-text-align-center\" data-align=\"center\" rowspan=\"4\">&nbsp;<\/td><\/tr><tr><td class=\"has-text-align-center\" data-align=\"center\">08.06.2026<\/td><td class=\"has-text-align-center\" data-align=\"center\">08:00-14:30<\/td><\/tr><tr><td class=\"has-text-align-center\" data-align=\"center\">17.06.2026<\/td><td class=\"has-text-align-center\" data-align=\"center\">13:30-20:00<\/td><\/tr><tr><td class=\"has-text-align-center\" data-align=\"center\">18.06.2026<\/td><td class=\"has-text-align-center\" data-align=\"center\">13:30-20:00<\/td><\/tr><\/tbody><\/table><\/figure>\n\n\n\n<hr class=\"wp-block-separator has-alpha-channel-opacity\"\/>\n\n\n\n<ul class=\"wp-block-list\">\n<li><strong>Narz\u0119dzia diagnostyczne <strong>\u2013<\/strong> szkolenie on-line <strong><strong>\u2013<\/strong> 16h dydaktycznych <strong>(1h dydaktyczna = 45min.<\/strong>)<\/strong><\/strong><br>4 spotkania szkoleniowe po 4h dydaktyczne (rzeczywisty czas jednego szkolenia z przerw\u0105 to: 3h 10min.)<\/li>\n<\/ul>\n\n\n\n<div class=\"wp-block-group\"><div class=\"wp-block-group__inner-container is-layout-constrained wp-block-group-is-layout-constrained\">\n<p><strong>Za realizacj\u0119 szkole\u0144 odpowiada wykonawca<\/strong>.<\/p>\n\n\n\n<div class=\"wp-block-group\"><div class=\"wp-block-group__inner-container is-layout-constrained wp-block-group-is-layout-constrained\">\n<p><em>Osoba do kontaktu w sprawie szkole\u0144:<\/em> <br><strong>Magdalena Olempska-Wysocka <\/strong>&#8211; e-mail: <a href=\"mailto:szkolenia@qbigjunior.com\" target=\"_blank\" rel=\"noreferrer noopener\">szkolenia@qbigjunior.com<\/a><\/p>\n<\/div><\/div>\n<\/div><\/div>\n\n\n\n<p class=\"has-vivid-purple-color has-text-color has-link-color wp-elements-49512a986fb33563315a234bbb85d987\">Szkolenia on-line z bloku: <strong>&#8222;Narz\u0119dzia diagnostyczne&#8221;<\/strong> odb\u0119d\u0105 si\u0119 z wykorzystaniem platformy <strong>ZOOM<\/strong><\/p>\n\n\n\n<figure class=\"wp-block-table\"><table class=\"has-fixed-layout\"><tbody><tr><td class=\"has-text-align-center\" data-align=\"center\"><strong>Numer grupy<\/strong><\/td><td class=\"has-text-align-center\" data-align=\"center\"><strong>Data szkolenia<\/strong><\/td><td class=\"has-text-align-center\" data-align=\"center\"><strong>Godziny<\/strong><\/td><td class=\"has-text-align-center\" data-align=\"center\"><strong>Status<\/strong><\/td><\/tr><tr><td class=\"has-text-align-center\" data-align=\"center\" rowspan=\"4\">1<\/td><td class=\"has-text-align-center\" data-align=\"center\">30.03.2026<\/td><td class=\"has-text-align-center\" data-align=\"center\">08:00-11:10<\/td><td class=\"has-text-align-center\" data-align=\"center\" rowspan=\"4\">Szkolenie zrealizowano<\/td><\/tr><tr><td class=\"has-text-align-center\" data-align=\"center\">02.04.2026<\/td><td class=\"has-text-align-center\" data-align=\"center\">08:00-11:10<\/td><\/tr><tr><td class=\"has-text-align-center\" data-align=\"center\">08.04.2026<\/td><td class=\"has-text-align-center\" data-align=\"center\">16:20-19:30<\/td><\/tr><tr><td class=\"has-text-align-center\" data-align=\"center\">10.04.2026<\/td><td class=\"has-text-align-center\" data-align=\"center\">08:00-11:10<\/td><\/tr><tr><td class=\"has-text-align-center\" data-align=\"center\" rowspan=\"4\">2<\/td><td class=\"has-text-align-center\" data-align=\"center\">06.05.2026<\/td><td class=\"has-text-align-center\" data-align=\"center\">11:20-14:30<\/td><td class=\"has-text-align-center\" data-align=\"center\" rowspan=\"4\">&nbsp;<\/td><\/tr><tr><td class=\"has-text-align-center\" data-align=\"center\">08.05.2026<\/td><td class=\"has-text-align-center\" data-align=\"center\">11:20-14:30<\/td><\/tr><tr><td class=\"has-text-align-center\" data-align=\"center\">11.05.2026<\/td><td class=\"has-text-align-center\" data-align=\"center\">08:00-11:10<\/td><\/tr><tr><td class=\"has-text-align-center\" data-align=\"center\">15.05.2026<\/td><td class=\"has-text-align-center\" data-align=\"center\">16:20-19:30<\/td><\/tr><tr><td class=\"has-text-align-center\" data-align=\"center\" rowspan=\"4\">3<\/td><td class=\"has-text-align-center\" data-align=\"center\">21.05.2026<\/td><td class=\"has-text-align-center\" data-align=\"center\">13:00-16:10<\/td><td class=\"has-text-align-center\" data-align=\"center\" rowspan=\"4\">&nbsp;<\/td><\/tr><tr><td class=\"has-text-align-center\" data-align=\"center\">25.05.2026<\/td><td class=\"has-text-align-center\" data-align=\"center\">08:00-11:10<\/td><\/tr><tr><td class=\"has-text-align-center\" data-align=\"center\">29.05.2026<\/td><td class=\"has-text-align-center\" data-align=\"center\">16:20-19:30<\/td><\/tr><tr><td class=\"has-text-align-center\" data-align=\"center\">03.06.2026<\/td><td class=\"has-text-align-center\" data-align=\"center\">11:20-14:30<\/td><\/tr><tr><td class=\"has-text-align-center\" data-align=\"center\" rowspan=\"4\">4<\/td><td class=\"has-text-align-center\" data-align=\"center\">19.06.2026<\/td><td class=\"has-text-align-center\" data-align=\"center\">13:00-16:10<\/td><td class=\"has-text-align-center\" data-align=\"center\" rowspan=\"4\">&nbsp;<\/td><\/tr><tr><td class=\"has-text-align-center\" data-align=\"center\">22.06.2026<\/td><td class=\"has-text-align-center\" data-align=\"center\">08:00-11:10<\/td><\/tr><tr><td class=\"has-text-align-center\" data-align=\"center\">23.06.2026<\/td><td class=\"has-text-align-center\" data-align=\"center\">08:00-11:10<\/td><\/tr><tr><td class=\"has-text-align-center\" data-align=\"center\">25.06.2026<\/td><td class=\"has-text-align-center\" data-align=\"center\">11:20-14:30<\/td><\/tr><\/tbody><\/table><\/figure>\n\n\n\n<hr class=\"wp-block-separator has-alpha-channel-opacity\"\/>\n\n\n\n<ul class=\"wp-block-list\">\n<li><strong>Zarz\u0105dzanie zmian\u0105 \u2013<\/strong> <strong>szkolenie stacjonarne<\/strong> <strong>\u2013 8h <strong>dydaktycznych <strong>(1h dydaktyczna = 45min.<\/strong>)<\/strong><\/strong><br>Szkolenie odb\u0119dzie si\u0119 w godz. 9<sup>00<\/sup>-16<sup>15<\/sup>&nbsp;(wliczone przerwy, w tym przerwa obiadowa)<\/li>\n<\/ul>\n\n\n\n<div class=\"wp-block-group\"><div class=\"wp-block-group__inner-container is-layout-constrained wp-block-group-is-layout-constrained\">\n<p><strong>Za realizacj\u0119 szkole\u0144 odpowiada wykonawca<\/strong>.<\/p>\n\n\n\n<div class=\"wp-block-group\"><div class=\"wp-block-group__inner-container is-layout-constrained wp-block-group-is-layout-constrained\">\n<div class=\"wp-block-group\"><div class=\"wp-block-group__inner-container is-layout-constrained wp-block-group-is-layout-constrained\">\n<p><em>Osoba do kontaktu w sprawie szkole\u0144:<\/em><br><strong>Weronika Kluszczy\u0144ska<\/strong> &#8211; e-mail:&nbsp;<a href=\"mailto:kontakt@training4people.edu.pl\">kontakt@training4people.edu.pl<\/a><\/p>\n<\/div><\/div>\n<\/div><\/div>\n<\/div><\/div>\n\n\n\n<p class=\"has-vivid-purple-color has-text-color has-link-color wp-elements-f1ab4ec962b7fabcfda0da36c47f5bf0\">Miejsce realizacji szkolenia stacjonarnego &#8211; <strong>Sala Konferencyjna Starostwa Powiatowego, plac Floria\u0144ski 1, 26-110 Skar\u017cysko-Kamienna<\/strong><\/p>\n\n\n\n<figure class=\"wp-block-table\"><table class=\"has-fixed-layout\"><tbody><tr><td class=\"has-text-align-center\" data-align=\"center\"><strong>Numer grupy<\/strong><\/td><td class=\"has-text-align-center\" data-align=\"center\"><strong>Data szkolenia<\/strong><\/td><td class=\"has-text-align-center\" data-align=\"center\"><strong>Godziny<\/strong><\/td><td class=\"has-text-align-center\" data-align=\"center\"><strong>Status<\/strong><\/td><\/tr><tr><td class=\"has-text-align-center\" data-align=\"center\">1<\/td><td class=\"has-text-align-center\" data-align=\"center\">17.04.2026<\/td><td class=\"has-text-align-center\" data-align=\"center\">09:00-16:15<\/td><td class=\"has-text-align-center\" data-align=\"center\">&nbsp;Nab\u00f3r do grupy zamkni\u0119ty<\/td><\/tr><tr><td class=\"has-text-align-center\" data-align=\"center\">2<\/td><td class=\"has-text-align-center\" data-align=\"center\">20.03.2026<\/td><td class=\"has-text-align-center\" data-align=\"center\">09:00-16:15<\/td><td class=\"has-text-align-center\" data-align=\"center\">Szkolenie zrealizowano<\/td><\/tr><tr><td class=\"has-text-align-center\" data-align=\"center\">3<\/td><td class=\"has-text-align-center\" data-align=\"center\">18.04.2026<\/td><td class=\"has-text-align-center\" data-align=\"center\">09:00-16:15<\/td><td class=\"has-text-align-center\" data-align=\"center\">&nbsp;<\/td><\/tr><tr><td class=\"has-text-align-center\" data-align=\"center\">4<\/td><td class=\"has-text-align-center\" data-align=\"center\"><\/td><td class=\"has-text-align-center\" data-align=\"center\"><\/td><td class=\"has-text-align-center\" data-align=\"center\">&nbsp;<\/td><\/tr><\/tbody><\/table><\/figure>\n","protected":false},"excerpt":{"rendered":"<p>Informacje o szkoleniach Trwa nab\u00f3r na bezp\u0142atne szkolenia, kt\u00f3re wspieraj\u0105 wdro\u017cenie zmiany w codziennym funkcjonowaniu poradni psychologiczno-pedagogicznych (PPP) realizowane w ramach projektu: \u201ePerspektywa 3P dla wojew\u00f3dztwa \u015bwi\u0119tokrzyskiego\u201d dofinansowanego ze \u015brodk\u00f3w Priorytetu FERS.01 Umiej\u0119tno\u015bci. Dzia\u0142anie FERS.01.06 Edukacja w\u0142\u0105czaj\u0105ca, Programu Fundusze Europejskie dla Rozwoju Spo\u0142ecznego 2021-2027. W ka\u017cdym szkoleniu bierze udzia\u0142 5 os\u00f3b z ka\u017cdej publicznej PPP,&hellip; <br \/> <a class=\"read-more\" href=\"https:\/\/perspektywa3p.us.edu.pl\/index.php\/swietokrzyskie-informacje-o-szkoleniach\/\">Dowiedz si\u0119 wi\u0119cej<\/a><\/p>\n","protected":false},"author":1,"featured_media":0,"parent":0,"menu_order":0,"comment_status":"closed","ping_status":"closed","template":"","meta":{"footnotes":""},"class_list":["post-2627","page","type-page","status-publish","hentry"],"_links":{"self":[{"href":"https:\/\/perspektywa3p.us.edu.pl\/index.php\/wp-json\/wp\/v2\/pages\/2627","targetHints":{"allow":["GET"]}}],"collection":[{"href":"https:\/\/perspektywa3p.us.edu.pl\/index.php\/wp-json\/wp\/v2\/pages"}],"about":[{"href":"https:\/\/perspektywa3p.us.edu.pl\/index.php\/wp-json\/wp\/v2\/types\/page"}],"author":[{"embeddable":true,"href":"https:\/\/perspektywa3p.us.edu.pl\/index.php\/wp-json\/wp\/v2\/users\/1"}],"replies":[{"embeddable":true,"href":"https:\/\/perspektywa3p.us.edu.pl\/index.php\/wp-json\/wp\/v2\/comments?post=2627"}],"version-history":[{"count":66,"href":"https:\/\/perspektywa3p.us.edu.pl\/index.php\/wp-json\/wp\/v2\/pages\/2627\/revisions"}],"predecessor-version":[{"id":4560,"href":"https:\/\/perspektywa3p.us.edu.pl\/index.php\/wp-json\/wp\/v2\/pages\/2627\/revisions\/4560"}],"wp:attachment":[{"href":"https:\/\/perspektywa3p.us.edu.pl\/index.php\/wp-json\/wp\/v2\/media?parent=2627"}],"curies":[{"name":"wp","href":"https:\/\/api.w.org\/{rel}","templated":true}]}}