{"id":21,"date":"2025-04-09T09:26:07","date_gmt":"2025-04-09T09:26:07","guid":{"rendered":"https:\/\/perspektywa3p.us.edu.pl\/?page_id=21"},"modified":"2025-07-31T14:19:15","modified_gmt":"2025-07-31T14:19:15","slug":"zespol-projektowy","status":"publish","type":"page","link":"https:\/\/perspektywa3p.us.edu.pl\/index.php\/zespol-projektowy\/","title":{"rendered":"Zesp\u00f3\u0142 projektowy"},"content":{"rendered":"\n<div class=\"content-area\" style=\"box-sizing: border-box;\">\n\n    <div style=\"padding:0px; border-radius: 6px; box-shadow: 0 1px 10px 1px #ccc; overflow:hidden; display: inline-block; margin:10px;\">\n<div class=\"upper-c\" style=\"height:150px; background-color:#00102e;\">\n<div class=\"image-c\" style=\"position: absolute; right: 50%; transform: translate(50%, 30px); padding:5px; background: white; border-radius: 50%; width: fit-content;\">\n      <img decoding=\"async\" src=\"https:\/\/perspektywa3p.us.edu.pl\/wp-content\/uploads\/2025\/05\/Edyta-Widawska_s.jpg\" style=\"border-radius: 50%;  width:180px; height:180px;\"  alt=\"dr hab. Edyta Widawska, prof. U\u015a\">\n<\/div>\n<\/div>\n<div class=\"lower-c\" style=\"height:auto; background-color: #FFF; padding: 20px; padding-top: 80px; text-align:center;\">\n          <h3 class=\"card-title\" style=\"box-sizing: border-box;\">dr hab. Edyta Widawska, prof. U\u015a<br><span style=\"font-size:0.6em; line-height: normal;\">Koordynatorka Og\u00f3lnopolska w zakresie realizacji 15 projekt\u00f3w<br\/>Koordynatorka projekt\u00f3w:  \u201ePerspektywa 3P dla wojew\u00f3dztwa podkarpackiego\u201d; \u201ePerspektywa 3P dla wojew\u00f3dztwa lubuskiego\u201d; \u201ePerspektywa 3P dla wojew\u00f3dztwa warmi\u0144sko-mazurskiego\u201d; \u201ePerspektywa 3P dla wojew\u00f3dztwa wielkopolskiego\u201d<\/span><\/h4>\n \n          <h6 class=\"card-title\" style=\"top-margin:0px;\">Uniwersytet \u015al\u0105ski w Katowicach<\/h6>\n<hr style=\"border-top: 1px solid grey; \">\n<p class=\"card-text\" style=\"font-size:12px; text-align:left;\">Profesorka Uniwersytetu \u015al\u0105skiego, Prodziekana ds. wsp\u00f3\u0142pracy mi\u0119dzynarodowej i krajowej na Wydziale Nauk Spo\u0142ecznych Uniwersytetu \u015al\u0105skiego, doktorka habilitowana w zakresie pedagogiki, doktorka nauk humanistycznych w zakresie socjologii, pedago\u017cka spo\u0142eczna, ekspertka Helsi\u0144skiej Fundacji Praw Cz\u0142owieka, cz\u0142onkini Sieci Obywatelskiej Watchdog Polska, wieloletnia cz\u0142onkini Komisji Ekspert\u00f3w ds. Zdrowia przy Rzeczniku Praw Obywatelskich, specjalistka ds. monitoringu i praw cz\u0142owieka, trenerka i edukatorka dzia\u0142a\u0144 r\u00f3wno\u015bciowych w kraju i za granic\u0105, wsp\u00f3\u0142pracuj\u0105ca z wieloma organizacjami trzeciego sektora. W latach 2022-2024 zast\u0119pczyni koordynatora projektu \u201eModel Wsparcia Mi\u0119dzysektorowego\u201d. Autorka licznych publikacji dotycz\u0105cych proces\u00f3w inkluzywnych i ich prawocz\u0142owieczego wymiaru. Prac\u0119 w obszarze bada\u0144 naukowych \u0142\u0105czy skutecznie z praktyk\u0105, realizuj\u0105c projekty we wsp\u00f3\u0142pracy z instytucjami zaanga\u017cowanymi we wprowadzanie polityk r\u00f3wno\u015bciowych na poziomie krajowym i mi\u0119dzynarodowym (m.in. RPO, OBWE, ONZ, RE, UE, UNHCR).<\/p>\n<p style=\"font-size:12px;\">Kontakt: <a href=\"mailto:edyta.widawska@us.edu.pl\" style=\"font-size:12px;\">edyta.widawska@us.edu.pl<\/a><\/p>\n      <\/div>\n    <\/div>\n<\/div>\n\n\n\n<div class=\"content-area\" style=\"box-sizing: border-box;\">\n\n    <div style=\"padding:0px; border-radius: 6px; box-shadow: 0 1px 10px 1px #ccc;; overflow:hidden; display: inline-block; margin:10px;\">\n<div class=\"upper-c\" style=\"height:150px; background-color:#00102e;\">\n<div class=\"image-c\" style=\"position: absolute; right: 50%; transform: translate(50%, 40px); padding:5px; background: white; border-radius: 50%; width: fit-content;\">\n      <img decoding=\"async\" src=\"https:\/\/perspektywa3p.us.edu.pl\/wp-content\/uploads\/2025\/05\/Zenon-Gajdzica_s.jpg\" style=\"border-radius: 50%;  width:180px; height:180px;\" alt=\"prof. Zenon Gajdzica\">\n<\/div>\n<\/div>\n<div class=\"lower-c\" style=\"height:auto; background-color: #FFF; padding: 20px; padding-top: 80px; text-align:center;\">\n          <h3 class=\"card-title\" style=\"box-sizing: border-box;\">prof. Zenon Gajdzica <br><span style=\"font-size:0.6em; line-height: normal;\">Koordynator projekt\u00f3w: \u201ePerspektywa 3P dla wojew\u00f3dztwa \u0142\u00f3dzkiego\u201d; \u201ePerspektywa 3P dla wojew\u00f3dztwa \u015bwi\u0119tokrzyskiego\u201d; \u201ePerspektywa 3P dla wojew\u00f3dztwa opolskiego\u201d<\/span><\/h4>\n \n          <h6 class=\"card-title\" style=\"top-margin:0px;\">Uniwersytet \u015al\u0105ski w Katowicach<\/h6>\n<hr style=\"border-top: 1px solid grey; \">\n<p class=\"card-text\" style=\"font-size:12px; text-align:left;\">Prof. dr hab. pedagog specjalny, profesor Uniwersytetu \u015al\u0105skiego w Katowicach. G\u0142\u00f3wne kierunki bada\u0144: edukacja w\u0142\u0105czaj\u0105ca, edukacja i socjalizacja os\u00f3b z lekk\u0105 niepe\u0142nosprawno\u015bci\u0105 intelektualn\u0105, teoretyczne podstawy pedagogiki specjalnej, metodologia bada\u0144 spo\u0142ecznych. Autor\/wsp\u00f3\u0142autor 11 monografii, m.in. Inclusive Education of Learners with Disability \u2013 the Theory versus Reality. Peter Lang, Berlin, Bern, Bruxelles, New York, Oxford, Warszawa, Wien 2020 (wsp\u00f3\u0142autorzy Robin McWilliam, Milo\u0148 Potm\u011b\u0161il, Guo Ling); Ucze\u0144 z lekk\u0105 niepe\u0142nosprawno\u015bci\u0105 intelektualn\u0105 w szkole og\u00f3lnodost\u0119pnej. Nauczyciele o (nie)zmienianej sytuacji w kontek\u015bcie kultury szko\u0142y inkluzyjnej. Wydawnictwo Naukowe PWN, Warszawa 2020. Redaktor i wsp\u00f3\u0142redaktor 25 prac zwartych, autor ponad 200 artyku\u0142\u00f3w i rozdzia\u0142\u00f3w w pracach zbiorowych. Od 2001 roku kierownik studi\u00f3w podyplomowych: Pedagogika specjalna w zakresie oligofrenopedagogiki. W latach 2008-2012 pe\u0142ni\u0142 funkcj\u0119 prodziekana ds. Naukowych i Wsp\u00f3\u0142pracy z Zagranic\u0105 Wydzia\u0142u Etnologii i Nauk i Edukacji w Cieszynie, w latach 2013 \u2013 2018 dziekana tego wydzia\u0142u. Po zmianach strukturalnych U\u015a od 2019 do 2024 roku dziekan Wydzia\u0142u Nauk Spo\u0142ecznych. Od 2015 roku jest cz\u0142onkiem KNP Polskiej Akademii Nauk. <strong>W latach 2022-2024 koordynator projektu \u201eModel Wsparcia Mi\u0119dzysektorowego\u201d<\/strong><\/p>\n<p style=\"font-size:12px;\">Kontakt: <a href=\"mailto:zenon.gajdzica@us.edu.pl\" style=\"font-size:12px;\">zenon.gajdzica@us.edu.pl<\/a><\/p>\n      <\/div>\n    <\/div>\n<\/div>\n\n\n\n<div class=\"content-area\" style=\"box-sizing: border-box;\">\n\n    <div style=\"padding:0px; border-radius: 6px; box-shadow: 0 1px 10px 1px #ccc;; overflow:hidden; display: inline-block; margin:10px;\">\n<div class=\"upper-c\" style=\"height:150px; background-color:#00102e;\">\n<div class=\"image-c\" style=\"position: absolute; right: 50%; transform: translate(50%, 40px); padding:5px; background: white; border-radius: 50%; width: fit-content;\">\n      <img decoding=\"async\" src=\"https:\/\/perspektywa3p.us.edu.pl\/wp-content\/uploads\/2025\/05\/Magdalena-Belza-Gajdzica_s.jpg\" style=\"border-radius: 50%;  width:180px; height:180px;\"  alt=\"Dr Magdalena Be\u0142za-Gajdzica\">\n<\/div>\n<\/div>\n<div class=\"lower-c\" style=\"height:auto; background-color: #FFF; padding: 20px; padding-top: 80px; text-align:center;\">\n          <h3 class=\"card-title\" style=\"box-sizing: border-box;\">Dr Magdalena Be\u0142za-Gajdzica<br><span style=\"font-size:0.6em; line-height: normal;\">Koordynatorka projekt\u00f3w: \u201ePerspektywa 3P dla wojew\u00f3dztwa mazowieckiego\u201d; \u201ePerspektywa 3P dla wojew\u00f3dztwa pomorskiego\u201d; \u201ePerspektywa 3P dla wojew\u00f3dztwa \u015bl\u0105skiego\u201d; \u201ePerspektywa 3P dla wojew\u00f3dztwa zachodniopomorskiego\u201d<\/span><\/h4>\n \n          <h6 class=\"card-title\" style=\"top-margin:0px;\">Uniwersytet \u015al\u0105ski w Katowicach<\/h6>\n<hr style=\"border-top: 1px solid grey; \">\n<p class=\"card-text\" style=\"font-size:12px; text-align:left;\">Pedago\u017cka specjalna, surdopedago\u017ca, Wydzia\u0142owa Koordynatorka ds. Dost\u0119pno\u015bci U\u015a wspieraj\u0105ca student\u00f3w ze szczeg\u00f3lnymi potrzebami od 2008 roku. Ekspertka ds. UD w Instytucie Bada\u0144 Edukacyjnych \u2013 Pa\u0144stwowym Instytucie Badawczym, Ekspertka ds. ETR w projekcie UNICEF Szko\u0142a Dost\u0119pna dla wszystkich,  nauczycielka akademicka zwi\u0105zana z Wydzia\u0142em Sztuki i Nauk o Edukacji w Cieszynie. Badaczka zagadnie\u0144 zwi\u0105zanych z funkcjonowaniem os\u00f3b z niepe\u0142nosprawno\u015bciami,  pedagogik\u0105 specjaln\u0105 r\u00f3wnie\u017c w perspektywie mi\u0119dzynarodowej. Cz\u0142onkini Sekcji  przy Komitecie Nauk Pedagogicznych Polskiej Akademii Nauk, Rady Naukowej Instytutu Pedagogiki, Rady dydaktycznej Pionu pedagogicznego, cz\u0142onkini Polskiego Towarzystwa Pedagogicznego. Realizuj\u0105ca r\u00f3\u017cne projekty krajowe i zagraniczne w obszarze pedagogiki specjalnej, w tym zwi\u0105zane z dost\u0119pno\u015bci\u0105. Czynnie w\u0142\u0105czaj\u0105ca si\u0119 w prace na rzecz poprawy dost\u0119pno\u015bci uczelni. Autorka\/wsp\u00f3\u0142autorka kilku monografii i kilkudziesi\u0119ciu artyku\u0142\u00f3w z pedagogiki specjalnej.<\/p>\n<p style=\"font-size:12px;\">Kontakt: <a href=\"mailto:magdalena.belza@us.edu.pl\" style=\"font-size:12px;\">magdalena.belza@us.edu.pl<\/a><\/p>\n      <\/div>\n    <\/div>\n<\/div>\n\n\n\n<div class=\"content-area\" style=\"box-sizing: border-box;\">\n\n    <div style=\"padding:0px; border-radius: 6px; box-shadow: 0 1px 10px 1px #ccc;; overflow:hidden; display: inline-block; margin:10px;\">\n<div class=\"upper-c\" style=\"height:150px; background-color:#00102e;\">\n<div class=\"image-c\" style=\"position: absolute; right: 50%; transform: translate(50%, 40px); padding:5px; background: white; border-radius: 50%; width: fit-content;\">\n      <img decoding=\"async\" src=\"https:\/\/perspektywa3p.us.edu.pl\/wp-content\/uploads\/2025\/05\/Sabina-Pawlik_s.jpg\" style=\"border-radius: 50%;  width:180px; height:180px;\"  alt=\"Dr Sabina Pawlik\">\n<\/div>\n<\/div>\n<div class=\"lower-c\" style=\"height:auto; background-color: #FFF; padding: 20px; padding-top: 80px; text-align:center;\">\n          <h3 class=\"card-title\" style=\"box-sizing: border-box;\">Dr Sabina Pawlik<br><span style=\"font-size:0.6em; line-height: normal;\">Koordynatorka projekt\u00f3w: \u201ePerspektywa 3P dla wojew\u00f3dztwa podlaskiego\u201d; \u201ePerspektywa 3P dla wojew\u00f3dztwa lubelskiego\u201d; \u201ePerspektywa 3P dla wojew\u00f3dztwa kujawsko-pomorskiego\u201d; \u201ePerspektywa 3P dla wojew\u00f3dztwa ma\u0142opolskiego\u201d<\/span><\/h4>\n \n          <h6 class=\"card-title\" style=\"top-margin:0px;\">Uniwersytet \u015al\u0105ski w Katowicach<\/h6>\n<hr style=\"border-top: 1px solid grey; \">\n<p class=\"card-text\" style=\"font-size:12px; text-align:left;\">Pedago\u017cka specjalna, Wydzia\u0142owa Koordynatorka ds. Dost\u0119pno\u015bci, nauczycielka akademicka zwi\u0105zana z Wydzia\u0142em Nauk Spo\u0142ecznych w Katowicach. Cz\u0142onkini Zespo\u0142u Eksperckiego Pedagogiki Specjalnej przy Sekcji Pedagogiki Specjalnej Komitetu Nauk Pedagogicznych Polskiej Akademii Zosta\u0142a r\u00f3wnie\u017c powo\u0142ana do Zespo\u0142u ds. partycypacji dzieci i m\u0142odzie\u017cy w Polsce przy Rzeczniku Praw Dziecka. Na Uniwersytecie \u015al\u0105skim kieruje kwalifikacyjnymi studiami podyplomowymi \u201ePedagog specjalny w edukacji w\u0142\u0105czaj\u0105cej\u201d. Podejmuje wsp\u00f3\u0142prac\u0119 badawcz\u0105 z takimi o\u015brodkami, jak Uniwersytet Gda\u0144ski, czy University College Cork w Irlandii. Jej dorobek publikacyjny zawiera rozdzia\u0142y w monografiach naukowych, artyku\u0142y w polskich i zagranicznych czasopismach naukowych oraz raporty z bada\u0144. Do najwa\u017cniejszych temat\u00f3w podejmowanych w pracy badawczej nale\u017c\u0105: inkluzja spo\u0142eczna i edukacyjna os\u00f3b z niepe\u0142nosprawno\u015bciami, sztuka i tw\u00f3rczo\u015b\u0107 os\u00f3b z niepe\u0142nosprawno\u015bciami, historia niepe\u0142nosprawno\u015bci, partycypacja spo\u0142eczna os\u00f3b z niepe\u0142nosprawno\u015bciami, spo\u0142eczno-kulturowe konteksty spektrum autyzmu.<\/p>\n<p style=\"font-size:12px;\">Kontakt: <a href=\"mailto:sabina.pawlik@us.edu.pl\" style=\"font-size:12px;\">sabina.pawlik@us.edu.pl<\/a><\/p>\n      <\/div>\n    <\/div>\n<\/div>\n","protected":false},"excerpt":{"rendered":"<p>dr hab. Edyta Widawska, prof. U\u015aKoordynatorka Og\u00f3lnopolska w zakresie realizacji 15 projekt\u00f3wKoordynatorka projekt\u00f3w: \u201ePerspektywa 3P dla wojew\u00f3dztwa podkarpackiego\u201d; \u201ePerspektywa 3P dla wojew\u00f3dztwa lubuskiego\u201d; \u201ePerspektywa 3P dla wojew\u00f3dztwa warmi\u0144sko-mazurskiego\u201d; \u201ePerspektywa 3P dla wojew\u00f3dztwa wielkopolskiego\u201d Uniwersytet \u015al\u0105ski w Katowicach Profesorka Uniwersytetu \u015al\u0105skiego, Prodziekana ds. wsp\u00f3\u0142pracy mi\u0119dzynarodowej i krajowej na Wydziale Nauk Spo\u0142ecznych Uniwersytetu \u015al\u0105skiego, doktorka habilitowana w&hellip; <br \/> <a class=\"read-more\" href=\"https:\/\/perspektywa3p.us.edu.pl\/index.php\/zespol-projektowy\/\">Dowiedz si\u0119 wi\u0119cej<\/a><\/p>\n","protected":false},"author":1,"featured_media":0,"parent":0,"menu_order":0,"comment_status":"closed","ping_status":"closed","template":"","meta":{"footnotes":""},"class_list":["post-21","page","type-page","status-publish","hentry"],"_links":{"self":[{"href":"https:\/\/perspektywa3p.us.edu.pl\/index.php\/wp-json\/wp\/v2\/pages\/21","targetHints":{"allow":["GET"]}}],"collection":[{"href":"https:\/\/perspektywa3p.us.edu.pl\/index.php\/wp-json\/wp\/v2\/pages"}],"about":[{"href":"https:\/\/perspektywa3p.us.edu.pl\/index.php\/wp-json\/wp\/v2\/types\/page"}],"author":[{"embeddable":true,"href":"https:\/\/perspektywa3p.us.edu.pl\/index.php\/wp-json\/wp\/v2\/users\/1"}],"replies":[{"embeddable":true,"href":"https:\/\/perspektywa3p.us.edu.pl\/index.php\/wp-json\/wp\/v2\/comments?post=21"}],"version-history":[{"count":22,"href":"https:\/\/perspektywa3p.us.edu.pl\/index.php\/wp-json\/wp\/v2\/pages\/21\/revisions"}],"predecessor-version":[{"id":1224,"href":"https:\/\/perspektywa3p.us.edu.pl\/index.php\/wp-json\/wp\/v2\/pages\/21\/revisions\/1224"}],"wp:attachment":[{"href":"https:\/\/perspektywa3p.us.edu.pl\/index.php\/wp-json\/wp\/v2\/media?parent=21"}],"curies":[{"name":"wp","href":"https:\/\/api.w.org\/{rel}","templated":true}]}}