{"id":1977,"date":"2025-10-23T12:22:51","date_gmt":"2025-10-23T12:22:51","guid":{"rendered":"https:\/\/perspektywa3p.us.edu.pl\/?page_id=1977"},"modified":"2025-10-30T21:17:36","modified_gmt":"2025-10-30T21:17:36","slug":"opolskie-procedura-grantowa-wraz-z-zalacznikami","status":"publish","type":"page","link":"https:\/\/perspektywa3p.us.edu.pl\/index.php\/opolskie-procedura-grantowa-wraz-z-zalacznikami\/","title":{"rendered":"Opolskie &#8211; Procedura grantowa wraz z za\u0142\u0105cznikami"},"content":{"rendered":"\n<div data-wp-interactive=\"core\/file\" class=\"wp-block-file\"><object data-wp-bind--hidden=\"!state.hasPdfPreview\" hidden class=\"wp-block-file__embed\" data=\"https:\/\/perspektywa3p.us.edu.pl\/wp-content\/uploads\/2025\/10\/opolskie_Procedura-konkursu-grantowego-sig.pdf\" type=\"application\/pdf\" style=\"width:100%;height:600px\" aria-label=\"Osadzone z Procedura konkursu grantowego.\"><\/object><a id=\"wp-block-file--media-7fa32b1c-5f7d-4666-bf13-6a9d9f841ac4\" href=\"https:\/\/perspektywa3p.us.edu.pl\/wp-content\/uploads\/2025\/10\/opolskie_Procedura-konkursu-grantowego-sig.pdf\">Procedura konkursu grantowego<\/a><a href=\"https:\/\/perspektywa3p.us.edu.pl\/wp-content\/uploads\/2025\/10\/opolskie_Procedura-konkursu-grantowego-sig.pdf\" class=\"wp-block-file__button wp-element-button\" download aria-describedby=\"wp-block-file--media-7fa32b1c-5f7d-4666-bf13-6a9d9f841ac4\">Pobierz<\/a><\/div>\n\n\n\n<div data-wp-interactive=\"core\/file\" class=\"wp-block-file\"><object data-wp-bind--hidden=\"!state.hasPdfPreview\" hidden class=\"wp-block-file__embed\" data=\"https:\/\/perspektywa3p.us.edu.pl\/wp-content\/uploads\/2025\/10\/Zal.-1.1_opolskie_US-Zal-1-wzor-wniosku-grantowego_-z-klauzula-OSTATECZNA-sig.pdf\" type=\"application\/pdf\" style=\"width:100%;height:600px\" aria-label=\"Osadzone z Za\u0142. 1 - Wz\u00f3r wniosku grantowego.\"><\/object><a id=\"wp-block-file--media-94f0a9bf-93f5-4dda-b181-5f09d711e5a2\" href=\"https:\/\/perspektywa3p.us.edu.pl\/wp-content\/uploads\/2025\/10\/Zal.-1.1_opolskie_US-Zal-1-wzor-wniosku-grantowego_-z-klauzula-OSTATECZNA-sig.pdf\">Za\u0142. 1 &#8211; Wz\u00f3r wniosku grantowego<\/a><a href=\"https:\/\/perspektywa3p.us.edu.pl\/wp-content\/uploads\/2025\/10\/Zal.-1.1_opolskie_US-Zal-1-wzor-wniosku-grantowego_-z-klauzula-OSTATECZNA-sig.pdf\" class=\"wp-block-file__button wp-element-button\" download aria-describedby=\"wp-block-file--media-94f0a9bf-93f5-4dda-b181-5f09d711e5a2\">Pobierz<\/a><\/div>\n\n\n\n<div data-wp-interactive=\"core\/file\" class=\"wp-block-file\"><object data-wp-bind--hidden=\"!state.hasPdfPreview\" hidden class=\"wp-block-file__embed\" data=\"https:\/\/perspektywa3p.us.edu.pl\/wp-content\/uploads\/2025\/10\/Zal.-1.2_opolskie-US_wzor-Kwestionariusza-wstepnej-analizy-potrzeb-i-zasobow-PPP-OSTATECZNA-sig.pdf\" type=\"application\/pdf\" style=\"width:100%;height:600px\" aria-label=\"Osadzone z Za\u0142. 2 - Wz\u00f3r kwestionariusza wst\u0119pnej analizy potrzeb i zasob\u00f3w PPP.\"><\/object><a id=\"wp-block-file--media-1880b9cb-6f89-4f12-b528-c737225feac8\" href=\"https:\/\/perspektywa3p.us.edu.pl\/wp-content\/uploads\/2025\/10\/Zal.-1.2_opolskie-US_wzor-Kwestionariusza-wstepnej-analizy-potrzeb-i-zasobow-PPP-OSTATECZNA-sig.pdf\">Za\u0142. 2 &#8211; Wz\u00f3r kwestionariusza wst\u0119pnej analizy potrzeb i zasob\u00f3w PPP<\/a><a href=\"https:\/\/perspektywa3p.us.edu.pl\/wp-content\/uploads\/2025\/10\/Zal.-1.2_opolskie-US_wzor-Kwestionariusza-wstepnej-analizy-potrzeb-i-zasobow-PPP-OSTATECZNA-sig.pdf\" class=\"wp-block-file__button wp-element-button\" download aria-describedby=\"wp-block-file--media-1880b9cb-6f89-4f12-b528-c737225feac8\">Pobierz<\/a><\/div>\n\n\n\n<div data-wp-interactive=\"core\/file\" class=\"wp-block-file\"><object data-wp-bind--hidden=\"!state.hasPdfPreview\" hidden class=\"wp-block-file__embed\" data=\"https:\/\/perspektywa3p.us.edu.pl\/wp-content\/uploads\/2025\/10\/Zal.-1.3-opolskie-US-wzor-UmowypowierzeniaGrantu-OSTATECZNA-sig.pdf\" type=\"application\/pdf\" style=\"width:100%;height:600px\" aria-label=\"Osadzone z Za\u0142. 3 - Wz\u00f3r umowy powierzenia Grantu.\"><\/object><a id=\"wp-block-file--media-c93c599b-ad91-4ffc-af24-7a9e251d6d9a\" href=\"https:\/\/perspektywa3p.us.edu.pl\/wp-content\/uploads\/2025\/10\/Zal.-1.3-opolskie-US-wzor-UmowypowierzeniaGrantu-OSTATECZNA-sig.pdf\">Za\u0142. 3 &#8211; Wz\u00f3r umowy powierzenia Grantu<\/a><a href=\"https:\/\/perspektywa3p.us.edu.pl\/wp-content\/uploads\/2025\/10\/Zal.-1.3-opolskie-US-wzor-UmowypowierzeniaGrantu-OSTATECZNA-sig.pdf\" class=\"wp-block-file__button wp-element-button\" download aria-describedby=\"wp-block-file--media-c93c599b-ad91-4ffc-af24-7a9e251d6d9a\">Pobierz<\/a><\/div>\n\n\n\n<div data-wp-interactive=\"core\/file\" class=\"wp-block-file\"><object data-wp-bind--hidden=\"!state.hasPdfPreview\" hidden class=\"wp-block-file__embed\" data=\"https:\/\/perspektywa3p.us.edu.pl\/wp-content\/uploads\/2025\/10\/Zal.-1.4-opolskie-US-wzor-Karty-oceny-formalnej-wniosku-grantowego-OSTATECZNA-sig.pdf\" type=\"application\/pdf\" style=\"width:100%;height:600px\" aria-label=\"Osadzone z Za\u0142. 4 - Wz\u00f3r karty oceny formalnej wniosku grantowego.\"><\/object><a id=\"wp-block-file--media-335ba8cd-bee1-4423-89c2-ce198ac6191f\" href=\"https:\/\/perspektywa3p.us.edu.pl\/wp-content\/uploads\/2025\/10\/Zal.-1.4-opolskie-US-wzor-Karty-oceny-formalnej-wniosku-grantowego-OSTATECZNA-sig.pdf\">Za\u0142. 4 &#8211; Wz\u00f3r karty oceny formalnej wniosku grantowego<\/a><a href=\"https:\/\/perspektywa3p.us.edu.pl\/wp-content\/uploads\/2025\/10\/Zal.-1.4-opolskie-US-wzor-Karty-oceny-formalnej-wniosku-grantowego-OSTATECZNA-sig.pdf\" class=\"wp-block-file__button wp-element-button\" download aria-describedby=\"wp-block-file--media-335ba8cd-bee1-4423-89c2-ce198ac6191f\">Pobierz<\/a><\/div>\n\n\n\n<div data-wp-interactive=\"core\/file\" class=\"wp-block-file\"><object data-wp-bind--hidden=\"!state.hasPdfPreview\" hidden class=\"wp-block-file__embed\" data=\"https:\/\/perspektywa3p.us.edu.pl\/wp-content\/uploads\/2025\/10\/Zal.-1.5-opolskie-US-wzor-karty-oceny-merytorycznej-30.10.2025.pdf\" type=\"application\/pdf\" style=\"width:100%;height:600px\" aria-label=\"Osadzone z Za\u0142. 5 - Wz\u00f3r karty oceny merytorycznej.\"><\/object><a id=\"wp-block-file--media-35b2c14a-da02-4580-a518-dc440412e413\" href=\"https:\/\/perspektywa3p.us.edu.pl\/wp-content\/uploads\/2025\/10\/Zal.-1.5-opolskie-US-wzor-karty-oceny-merytorycznej-30.10.2025.pdf\">Za\u0142. 5 &#8211; Wz\u00f3r karty oceny merytorycznej<\/a><a href=\"https:\/\/perspektywa3p.us.edu.pl\/wp-content\/uploads\/2025\/10\/Zal.-1.5-opolskie-US-wzor-karty-oceny-merytorycznej-30.10.2025.pdf\" class=\"wp-block-file__button wp-element-button\" download aria-describedby=\"wp-block-file--media-35b2c14a-da02-4580-a518-dc440412e413\">Pobierz<\/a><\/div>\n\n\n\n<div data-wp-interactive=\"core\/file\" class=\"wp-block-file\"><object data-wp-bind--hidden=\"!state.hasPdfPreview\" hidden class=\"wp-block-file__embed\" data=\"https:\/\/perspektywa3p.us.edu.pl\/wp-content\/uploads\/2025\/10\/Zal.-1.6-opolskie-US-wzor-sprawozdania-z-realizacji-grantu-OSTATECZNA-sig.pdf\" type=\"application\/pdf\" style=\"width:100%;height:600px\" aria-label=\"Osadzone z Za\u0142. 6 - Wz\u00f3r sprawozdania z realizacji grantu.\"><\/object><a id=\"wp-block-file--media-0ec6fa61-867b-4e04-8027-83ab300a2abc\" href=\"https:\/\/perspektywa3p.us.edu.pl\/wp-content\/uploads\/2025\/10\/Zal.-1.6-opolskie-US-wzor-sprawozdania-z-realizacji-grantu-OSTATECZNA-sig.pdf\">Za\u0142. 6 &#8211; Wz\u00f3r sprawozdania z realizacji grantu<\/a><a href=\"https:\/\/perspektywa3p.us.edu.pl\/wp-content\/uploads\/2025\/10\/Zal.-1.6-opolskie-US-wzor-sprawozdania-z-realizacji-grantu-OSTATECZNA-sig.pdf\" class=\"wp-block-file__button wp-element-button\" download aria-describedby=\"wp-block-file--media-0ec6fa61-867b-4e04-8027-83ab300a2abc\">Pobierz<\/a><\/div>\n","protected":false},"excerpt":{"rendered":"","protected":false},"author":1,"featured_media":0,"parent":0,"menu_order":0,"comment_status":"closed","ping_status":"closed","template":"","meta":{"footnotes":""},"class_list":["post-1977","page","type-page","status-publish","hentry"],"_links":{"self":[{"href":"https:\/\/perspektywa3p.us.edu.pl\/index.php\/wp-json\/wp\/v2\/pages\/1977","targetHints":{"allow":["GET"]}}],"collection":[{"href":"https:\/\/perspektywa3p.us.edu.pl\/index.php\/wp-json\/wp\/v2\/pages"}],"about":[{"href":"https:\/\/perspektywa3p.us.edu.pl\/index.php\/wp-json\/wp\/v2\/types\/page"}],"author":[{"embeddable":true,"href":"https:\/\/perspektywa3p.us.edu.pl\/index.php\/wp-json\/wp\/v2\/users\/1"}],"replies":[{"embeddable":true,"href":"https:\/\/perspektywa3p.us.edu.pl\/index.php\/wp-json\/wp\/v2\/comments?post=1977"}],"version-history":[{"count":3,"href":"https:\/\/perspektywa3p.us.edu.pl\/index.php\/wp-json\/wp\/v2\/pages\/1977\/revisions"}],"predecessor-version":[{"id":2407,"href":"https:\/\/perspektywa3p.us.edu.pl\/index.php\/wp-json\/wp\/v2\/pages\/1977\/revisions\/2407"}],"wp:attachment":[{"href":"https:\/\/perspektywa3p.us.edu.pl\/index.php\/wp-json\/wp\/v2\/media?parent=1977"}],"curies":[{"name":"wp","href":"https:\/\/api.w.org\/{rel}","templated":true}]}}