{"id":1232,"date":"2025-08-11T11:09:13","date_gmt":"2025-08-11T11:09:13","guid":{"rendered":"https:\/\/perspektywa3p.us.edu.pl\/?page_id=1232"},"modified":"2025-08-11T13:28:03","modified_gmt":"2025-08-11T13:28:03","slug":"system-zdrowia","status":"publish","type":"page","link":"https:\/\/perspektywa3p.us.edu.pl\/index.php\/system-zdrowia\/","title":{"rendered":"System zdrowia"},"content":{"rendered":"\t\t<div data-elementor-type=\"wp-page\" data-elementor-id=\"1232\" class=\"elementor elementor-1232\">\n\t\t\t\t<div class=\"elementor-element elementor-element-c4570c5 e-flex e-con-boxed e-con e-parent\" data-id=\"c4570c5\" data-element_type=\"container\" data-e-type=\"container\">\n\t\t\t\t\t<div class=\"e-con-inner\">\n\t\t\t\t<div class=\"elementor-element elementor-element-75f7e103 elementor-widget elementor-widget-text-editor\" data-id=\"75f7e103\" data-element_type=\"widget\" data-e-type=\"widget\" data-widget_type=\"text-editor.default\">\n\t\t\t\t\t\t\t\t\t<h3>Opieka psychiatryczna oraz leczenie uzale\u017cnie\u0144 m\u0142odzie\u017cy i dzieci<\/h3>\n<p>Mapa o\u015brodk\u00f3w jest dost\u0119pna pod adresem:\u00a0<a href=\"https:\/\/pacjent.gov.pl\/artykul\/leczenie-psychiatryczne-mlodziezy-i-dzieci\" target=\"_blank\" rel=\"noopener\">https:\/\/pacjent.gov.pl\/artykul\/leczenie-psychiatryczne-mlodziezy-i-dzieci<\/a><\/p>\n<p><!-- \/wp:paragraph --><!-- wp:paragraph --><\/p>\n<p><!-- \/wp:paragraph --><\/p>\n<p>\u00a0<\/p>\t\t\t\t\t\t\t\t<\/div>\n\t\t\t\t\t<\/div>\n\t\t\t\t<\/div>\n\t\t<div class=\"elementor-element elementor-element-b7a5da5 e-flex e-con-boxed e-con e-parent\" data-id=\"b7a5da5\" data-element_type=\"container\" data-e-type=\"container\">\n\t\t\t\t\t<div class=\"e-con-inner\">\n\t\t\t\t<div class=\"elementor-element elementor-element-15110d7 elementor-widget elementor-widget-n-accordion\" data-id=\"15110d7\" data-element_type=\"widget\" data-e-type=\"widget\" data-settings=\"{&quot;default_state&quot;:&quot;all_collapsed&quot;,&quot;max_items_expended&quot;:&quot;one&quot;,&quot;n_accordion_animation_duration&quot;:{&quot;unit&quot;:&quot;ms&quot;,&quot;size&quot;:400,&quot;sizes&quot;:[]}}\" data-widget_type=\"nested-accordion.default\">\n\t\t\t\t\t\t\t<div class=\"e-n-accordion\" aria-label=\"Accordion. Open links with Enter or Space, close with Escape, and navigate with Arrow Keys\">\n\t\t\t\t\t\t<details id=\"e-n-accordion-item-2200\" class=\"e-n-accordion-item\" >\n\t\t\t\t<summary class=\"e-n-accordion-item-title\" data-accordion-index=\"1\" tabindex=\"0\" aria-expanded=\"false\" aria-controls=\"e-n-accordion-item-2200\" >\n\t\t\t\t\t<span class='e-n-accordion-item-title-header'><div class=\"e-n-accordion-item-title-text\"> Czy skierowanie od lekarza jest wymagane do o\u015brodk\u00f3w referencyjnych w psychiatrii dzieci (dalej o\u015brodki)?  <\/div><\/span>\n\t\t\t\t\t\t\t<span class='e-n-accordion-item-title-icon'>\n\t\t\t<span class='e-opened' ><svg aria-hidden=\"true\" class=\"e-font-icon-svg e-fas-minus\" viewBox=\"0 0 448 512\" xmlns=\"http:\/\/www.w3.org\/2000\/svg\"><path d=\"M416 208H32c-17.67 0-32 14.33-32 32v32c0 17.67 14.33 32 32 32h384c17.67 0 32-14.33 32-32v-32c0-17.67-14.33-32-32-32z\"><\/path><\/svg><\/span>\n\t\t\t<span class='e-closed'><svg aria-hidden=\"true\" class=\"e-font-icon-svg e-fas-plus\" viewBox=\"0 0 448 512\" xmlns=\"http:\/\/www.w3.org\/2000\/svg\"><path d=\"M416 208H272V64c0-17.67-14.33-32-32-32h-32c-17.67 0-32 14.33-32 32v144H32c-17.67 0-32 14.33-32 32v32c0 17.67 14.33 32 32 32h144v144c0 17.67 14.33 32 32 32h32c17.67 0 32-14.33 32-32V304h144c17.67 0 32-14.33 32-32v-32c0-17.67-14.33-32-32-32z\"><\/path><\/svg><\/span>\n\t\t<\/span>\n\n\t\t\t\t\t\t<\/summary>\n\t\t\t\t<div role=\"region\" aria-labelledby=\"e-n-accordion-item-2200\" class=\"elementor-element elementor-element-32a29c5 e-con-full e-flex e-con e-child\" data-id=\"32a29c5\" data-element_type=\"container\" data-e-type=\"container\">\n\t\t\t\t<div class=\"elementor-element elementor-element-de46e7c elementor-widget elementor-widget-text-editor\" data-id=\"de46e7c\" data-element_type=\"widget\" data-e-type=\"widget\" data-widget_type=\"text-editor.default\">\n\t\t\t\t\t\t\t\t\t<p><strong>Nie<\/strong><\/p>\t\t\t\t\t\t\t\t<\/div>\n\t\t\t\t<\/div>\n\t\t\t\t\t<\/details>\n\t\t\t\t\t\t<details id=\"e-n-accordion-item-2201\" class=\"e-n-accordion-item\" >\n\t\t\t\t<summary class=\"e-n-accordion-item-title\" data-accordion-index=\"2\" tabindex=\"-1\" aria-expanded=\"false\" aria-controls=\"e-n-accordion-item-2201\" >\n\t\t\t\t\t<span class='e-n-accordion-item-title-header'><div class=\"e-n-accordion-item-title-text\"> Czego mo\u017ce oczekiwa\u0107 poradnia psychologiczno-pedagogiczna od tych o\u015brodk\u00f3w?  <\/div><\/span>\n\t\t\t\t\t\t\t<span class='e-n-accordion-item-title-icon'>\n\t\t\t<span class='e-opened' ><svg aria-hidden=\"true\" class=\"e-font-icon-svg e-fas-minus\" viewBox=\"0 0 448 512\" xmlns=\"http:\/\/www.w3.org\/2000\/svg\"><path d=\"M416 208H32c-17.67 0-32 14.33-32 32v32c0 17.67 14.33 32 32 32h384c17.67 0 32-14.33 32-32v-32c0-17.67-14.33-32-32-32z\"><\/path><\/svg><\/span>\n\t\t\t<span class='e-closed'><svg aria-hidden=\"true\" class=\"e-font-icon-svg e-fas-plus\" viewBox=\"0 0 448 512\" xmlns=\"http:\/\/www.w3.org\/2000\/svg\"><path d=\"M416 208H272V64c0-17.67-14.33-32-32-32h-32c-17.67 0-32 14.33-32 32v144H32c-17.67 0-32 14.33-32 32v32c0 17.67 14.33 32 32 32h144v144c0 17.67 14.33 32 32 32h32c17.67 0 32-14.33 32-32V304h144c17.67 0 32-14.33 32-32v-32c0-17.67-14.33-32-32-32z\"><\/path><\/svg><\/span>\n\t\t<\/span>\n\n\t\t\t\t\t\t<\/summary>\n\t\t\t\t<div role=\"region\" aria-labelledby=\"e-n-accordion-item-2201\" class=\"elementor-element elementor-element-5b79a2b e-con-full e-flex e-con e-child\" data-id=\"5b79a2b\" data-element_type=\"container\" data-e-type=\"container\">\n\t\t\t\t<div class=\"elementor-element elementor-element-2025f33 elementor-widget elementor-widget-text-editor\" data-id=\"2025f33\" data-element_type=\"widget\" data-e-type=\"widget\" data-widget_type=\"text-editor.default\">\n\t\t\t\t\t\t\t\t\t<p>Zgodnie z Rozporz\u0105dzeniem Ministra Zdrowia (Dz.U. z 2019 r. poz. 1285, z p\u00f3\u017an. zm) poradnia psychologiczno-pedagogiczna (dalej poradnia) mo\u017ce oczekiwa\u0107:<\/p>\n<ul>\n<li>uzgodnienia zasad i procedur wsp\u00f3\u0142pracy pomi\u0119dzy o\u015brodkami referencyjnymi a jednostkami systemu o\u015bwiaty. Wa\u017cne jest, aby w tych uzgodnieniach nie pomija\u0107 przedszkoli, szk\u00f3\u0142 podstawowych i szk\u00f3\u0142 ponadpodstawowych<\/li>\n<li>procedury diagnozy i leczenia, kt\u00f3re powinny by\u0107 opracowane w o\u015brodkach zgodnie z wiedz\u0105 medyczn\u0105. O\u015brodki te s\u0105 zobowi\u0105zane do opracowania takich procedur w ci\u0105gu 6 miesi\u0119cy od uruchomienia us\u0142ug dla dzieci i m\u0142odzie\u017cy oraz ich rodzin<\/li>\n<li>poradnia psychologiczno-pedagogiczna mo\u017ce poprosi\u0107 o aktualizacj\u0119 procedur diagnostycznych i terapeutycznych ze wzgl\u0119du na potencjaln\u0105 wsp\u00f3\u0142prac\u0119. O\u015brodek mo\u017ce wyrazi\u0107 na to zgod\u0119, ale nie musi.<\/li>\n<\/ul>\n<p>Brak tych procedur w o\u015brodkach, kt\u00f3re funkcjonuj\u0105 ponad 6 miesi\u0119cy na danym terenie oznacza realizacj\u0119 umowy z Narodowym Funduszem Zdrowia niezgodnie z Rozporz\u0105dzeniem Ministra Zdrowia. Nadz\u00f3r na realizacj\u0105 umowy zgodnie z przepisami ma ka\u017cdy oddzia\u0142 wojew\u00f3dzki Narodowego Funduszu Zdrowia (adresy s\u0105 <a href=\"https:\/\/www.nfz.gov.pl\/kontakt\/oddzialy-nfz\/\">TUTAJ<\/a>)<\/p>\n<p>Ponadto, s\u0105 to utracone szanse na skoordynowane wsparcie dla dzieci, zmniejszenie kolejek oraz lepsz\u0105 realizacj\u0105 potrzeb ma\u0142oletnich mieszka\u0144c\u00f3w oraz ich rodzin w danej spo\u0142eczno\u015bci lokalnej.<\/p>\t\t\t\t\t\t\t\t<\/div>\n\t\t\t\t<\/div>\n\t\t\t\t\t<\/details>\n\t\t\t\t\t\t<details id=\"e-n-accordion-item-2202\" class=\"e-n-accordion-item\" >\n\t\t\t\t<summary class=\"e-n-accordion-item-title\" data-accordion-index=\"3\" tabindex=\"-1\" aria-expanded=\"false\" aria-controls=\"e-n-accordion-item-2202\" >\n\t\t\t\t\t<span class='e-n-accordion-item-title-header'><div class=\"e-n-accordion-item-title-text\"> Czy przepisy RODO blokuj\u0105 wsp\u00f3\u0142prac\u0119 pomi\u0119dzy o\u015brodkami i poradni\u0105 psychologiczno-pedagogiczn\u0105?  <\/div><\/span>\n\t\t\t\t\t\t\t<span class='e-n-accordion-item-title-icon'>\n\t\t\t<span class='e-opened' ><svg aria-hidden=\"true\" class=\"e-font-icon-svg e-fas-minus\" viewBox=\"0 0 448 512\" xmlns=\"http:\/\/www.w3.org\/2000\/svg\"><path d=\"M416 208H32c-17.67 0-32 14.33-32 32v32c0 17.67 14.33 32 32 32h384c17.67 0 32-14.33 32-32v-32c0-17.67-14.33-32-32-32z\"><\/path><\/svg><\/span>\n\t\t\t<span class='e-closed'><svg aria-hidden=\"true\" class=\"e-font-icon-svg e-fas-plus\" viewBox=\"0 0 448 512\" xmlns=\"http:\/\/www.w3.org\/2000\/svg\"><path d=\"M416 208H272V64c0-17.67-14.33-32-32-32h-32c-17.67 0-32 14.33-32 32v144H32c-17.67 0-32 14.33-32 32v32c0 17.67 14.33 32 32 32h144v144c0 17.67 14.33 32 32 32h32c17.67 0 32-14.33 32-32V304h144c17.67 0 32-14.33 32-32v-32c0-17.67-14.33-32-32-32z\"><\/path><\/svg><\/span>\n\t\t<\/span>\n\n\t\t\t\t\t\t<\/summary>\n\t\t\t\t<div role=\"region\" aria-labelledby=\"e-n-accordion-item-2202\" class=\"elementor-element elementor-element-3b7a66a e-con-full e-flex e-con e-child\" data-id=\"3b7a66a\" data-element_type=\"container\" data-e-type=\"container\">\n\t\t\t\t<div class=\"elementor-element elementor-element-f7af79b elementor-widget elementor-widget-text-editor\" data-id=\"f7af79b\" data-element_type=\"widget\" data-e-type=\"widget\" data-widget_type=\"text-editor.default\">\n\t\t\t\t\t\t\t\t\t<p><strong>Nie.<\/strong> Je\u017celi o\u015brodki maj\u0105 opracowan\u0105 procedur\u0119 wsp\u00f3\u0142pracy, wa\u017cne jest, aby zaktualizowa\u0107 j\u0105 pod k\u0105tem dzia\u0142ania poradni psychologiczno-pedagogicznej i jednostek systemu o\u015bwiaty. Opiekunowie prawni oraz m\u0142odzie\u017c powy\u017cej 16 r.\u017c. musz\u0105 \u015bwiadomie wyra\u017ca\u0107 zgod\u0119 na wsp\u00f3\u0142prac\u0119 pomi\u0119dzy poradni\u0105 a o\u015brodkami. Odpowiednie klauzule informacyjne oraz zgody przygotowane przez prawnik\u00f3w poszczeg\u00f3lnych podmiot\u00f3w powinny by\u0107 dost\u0119pne w recepcji\/sekretariacie poradni czy o\u015brodka.\u00a0<\/p>\t\t\t\t\t\t\t\t<\/div>\n\t\t\t\t<\/div>\n\t\t\t\t\t<\/details>\n\t\t\t\t\t\t<details id=\"e-n-accordion-item-2203\" class=\"e-n-accordion-item\" >\n\t\t\t\t<summary class=\"e-n-accordion-item-title\" data-accordion-index=\"4\" tabindex=\"-1\" aria-expanded=\"false\" aria-controls=\"e-n-accordion-item-2203\" >\n\t\t\t\t\t<span class='e-n-accordion-item-title-header'><div class=\"e-n-accordion-item-title-text\"> Jakie informacje mog\u0105 by\u0107 przetwarzane pomi\u0119dzy o\u015brodkiem a poradni\u0105?  <\/div><\/span>\n\t\t\t\t\t\t\t<span class='e-n-accordion-item-title-icon'>\n\t\t\t<span class='e-opened' ><svg aria-hidden=\"true\" class=\"e-font-icon-svg e-fas-minus\" viewBox=\"0 0 448 512\" xmlns=\"http:\/\/www.w3.org\/2000\/svg\"><path d=\"M416 208H32c-17.67 0-32 14.33-32 32v32c0 17.67 14.33 32 32 32h384c17.67 0 32-14.33 32-32v-32c0-17.67-14.33-32-32-32z\"><\/path><\/svg><\/span>\n\t\t\t<span class='e-closed'><svg aria-hidden=\"true\" class=\"e-font-icon-svg e-fas-plus\" viewBox=\"0 0 448 512\" xmlns=\"http:\/\/www.w3.org\/2000\/svg\"><path d=\"M416 208H272V64c0-17.67-14.33-32-32-32h-32c-17.67 0-32 14.33-32 32v144H32c-17.67 0-32 14.33-32 32v32c0 17.67 14.33 32 32 32h144v144c0 17.67 14.33 32 32 32h32c17.67 0 32-14.33 32-32V304h144c17.67 0 32-14.33 32-32v-32c0-17.67-14.33-32-32-32z\"><\/path><\/svg><\/span>\n\t\t<\/span>\n\n\t\t\t\t\t\t<\/summary>\n\t\t\t\t<div role=\"region\" aria-labelledby=\"e-n-accordion-item-2203\" class=\"elementor-element elementor-element-5b0a61f e-con-full e-flex e-con e-child\" data-id=\"5b0a61f\" data-element_type=\"container\" data-e-type=\"container\">\n\t\t\t\t<div class=\"elementor-element elementor-element-c2f247b elementor-widget elementor-widget-text-editor\" data-id=\"c2f247b\" data-element_type=\"widget\" data-e-type=\"widget\" data-widget_type=\"text-editor.default\">\n\t\t\t\t\t\t\t\t\t<p>Przetwarzane mog\u0105 by\u0107 tylko te informacje, na kt\u00f3re opiekunowie prawni i m\u0142odzie\u017c powy\u017cej 16 r.\u017c. wyrazili zgod\u0119. Zakres tych informacji powinien by\u0107 konieczny i wystarczaj\u0105cy do przeprowadzenia diagnozy lub udzielania wsparcia\/leczenia.<\/p>\t\t\t\t\t\t\t\t<\/div>\n\t\t\t\t<\/div>\n\t\t\t\t\t<\/details>\n\t\t\t\t\t\t<details id=\"e-n-accordion-item-2204\" class=\"e-n-accordion-item\" >\n\t\t\t\t<summary class=\"e-n-accordion-item-title\" data-accordion-index=\"5\" tabindex=\"-1\" aria-expanded=\"false\" aria-controls=\"e-n-accordion-item-2204\" >\n\t\t\t\t\t<span class='e-n-accordion-item-title-header'><div class=\"e-n-accordion-item-title-text\"> Kiedy procedura wsp\u00f3\u0142pracy staje si\u0119 martwym zapisem lub sama wsp\u00f3\u0142praca staje si\u0119 nieefektywna\/zb\u0119dn\u0105 biurokracj\u0105?  <\/div><\/span>\n\t\t\t\t\t\t\t<span class='e-n-accordion-item-title-icon'>\n\t\t\t<span class='e-opened' ><svg aria-hidden=\"true\" class=\"e-font-icon-svg e-fas-minus\" viewBox=\"0 0 448 512\" xmlns=\"http:\/\/www.w3.org\/2000\/svg\"><path d=\"M416 208H32c-17.67 0-32 14.33-32 32v32c0 17.67 14.33 32 32 32h384c17.67 0 32-14.33 32-32v-32c0-17.67-14.33-32-32-32z\"><\/path><\/svg><\/span>\n\t\t\t<span class='e-closed'><svg aria-hidden=\"true\" class=\"e-font-icon-svg e-fas-plus\" viewBox=\"0 0 448 512\" xmlns=\"http:\/\/www.w3.org\/2000\/svg\"><path d=\"M416 208H272V64c0-17.67-14.33-32-32-32h-32c-17.67 0-32 14.33-32 32v144H32c-17.67 0-32 14.33-32 32v32c0 17.67 14.33 32 32 32h144v144c0 17.67 14.33 32 32 32h32c17.67 0 32-14.33 32-32V304h144c17.67 0 32-14.33 32-32v-32c0-17.67-14.33-32-32-32z\"><\/path><\/svg><\/span>\n\t\t<\/span>\n\n\t\t\t\t\t\t<\/summary>\n\t\t\t\t<div role=\"region\" aria-labelledby=\"e-n-accordion-item-2204\" class=\"elementor-element elementor-element-abb2390 e-con-full e-flex e-con e-child\" data-id=\"abb2390\" data-element_type=\"container\" data-e-type=\"container\">\n\t\t\t\t<div class=\"elementor-element elementor-element-0cdcf7c elementor-widget elementor-widget-text-editor\" data-id=\"0cdcf7c\" data-element_type=\"widget\" data-e-type=\"widget\" data-widget_type=\"text-editor.default\">\n\t\t\t\t\t\t\t\t\t<p>Czasami w ustalaniu zasad wsp\u00f3\u0142pracy g\u00f3r\u0119 bierze interes w\u0142asny danej instytucji lub grupy specjalist\u00f3w w nich pracuj\u0105cych. W\u00f3wczas staje si\u0119 ona narz\u0119dziem ochrony dla instytucji lub jej pracownik\u00f3w, pomijaj\u0105c potrzeby dzieci i ich rodzic\u00f3w\/opiekun\u00f3w prawnych. Obie warto\u015bci &#8211; bezpiecze\u0144stwo instytucji i jej pracownik\u00f3w oraz potrzeby rodzin oraz dzieci &#8211; mo\u017cna uj\u0105\u0107 w procedurze nie trac\u0105c celu jakim jest diagnoza i odpowiednie wsparcie\/leczenie dzieci i ich rodzin.\u00a0<\/p>\t\t\t\t\t\t\t\t<\/div>\n\t\t\t\t<\/div>\n\t\t\t\t\t<\/details>\n\t\t\t\t\t<\/div>\n\t\t\t\t\t\t<\/div>\n\t\t\t\t\t<\/div>\n\t\t\t\t<\/div>\n\t\t\t\t<\/div>\n\t\t","protected":false},"excerpt":{"rendered":"<p>Opieka psychiatryczna oraz leczenie uzale\u017cnie\u0144 m\u0142odzie\u017cy i dzieci Mapa o\u015brodk\u00f3w jest dost\u0119pna pod adresem:\u00a0https:\/\/pacjent.gov.pl\/artykul\/leczenie-psychiatryczne-mlodziezy-i-dzieci \u00a0 Czy skierowanie od lekarza jest wymagane do o\u015brodk\u00f3w referencyjnych w psychiatrii dzieci (dalej o\u015brodki)? Nie Czego mo\u017ce oczekiwa\u0107 poradnia psychologiczno-pedagogiczna od tych o\u015brodk\u00f3w? Zgodnie z Rozporz\u0105dzeniem Ministra Zdrowia (Dz.U. z 2019 r. poz. 1285, z p\u00f3\u017an. zm) poradnia psychologiczno-pedagogiczna (dalej&hellip; <br \/> <a class=\"read-more\" href=\"https:\/\/perspektywa3p.us.edu.pl\/index.php\/system-zdrowia\/\">Dowiedz si\u0119 wi\u0119cej<\/a><\/p>\n","protected":false},"author":1,"featured_media":0,"parent":0,"menu_order":0,"comment_status":"closed","ping_status":"closed","template":"","meta":{"footnotes":""},"class_list":["post-1232","page","type-page","status-publish","hentry"],"_links":{"self":[{"href":"https:\/\/perspektywa3p.us.edu.pl\/index.php\/wp-json\/wp\/v2\/pages\/1232","targetHints":{"allow":["GET"]}}],"collection":[{"href":"https:\/\/perspektywa3p.us.edu.pl\/index.php\/wp-json\/wp\/v2\/pages"}],"about":[{"href":"https:\/\/perspektywa3p.us.edu.pl\/index.php\/wp-json\/wp\/v2\/types\/page"}],"author":[{"embeddable":true,"href":"https:\/\/perspektywa3p.us.edu.pl\/index.php\/wp-json\/wp\/v2\/users\/1"}],"replies":[{"embeddable":true,"href":"https:\/\/perspektywa3p.us.edu.pl\/index.php\/wp-json\/wp\/v2\/comments?post=1232"}],"version-history":[{"count":40,"href":"https:\/\/perspektywa3p.us.edu.pl\/index.php\/wp-json\/wp\/v2\/pages\/1232\/revisions"}],"predecessor-version":[{"id":1421,"href":"https:\/\/perspektywa3p.us.edu.pl\/index.php\/wp-json\/wp\/v2\/pages\/1232\/revisions\/1421"}],"wp:attachment":[{"href":"https:\/\/perspektywa3p.us.edu.pl\/index.php\/wp-json\/wp\/v2\/media?parent=1232"}],"curies":[{"name":"wp","href":"https:\/\/api.w.org\/{rel}","templated":true}]}}