{"id":1171,"date":"2025-07-29T10:50:46","date_gmt":"2025-07-29T10:50:46","guid":{"rendered":"https:\/\/perspektywa3p.us.edu.pl\/?page_id=1171"},"modified":"2025-12-15T09:15:11","modified_gmt":"2025-12-15T09:15:11","slug":"harmonogram-dzialan-2","status":"publish","type":"page","link":"https:\/\/perspektywa3p.us.edu.pl\/index.php\/harmonogram-dzialan-2\/","title":{"rendered":"Harmonogram dzia\u0142a\u0144"},"content":{"rendered":"\t\t<div data-elementor-type=\"wp-page\" data-elementor-id=\"1171\" class=\"elementor elementor-1171\">\n\t\t\t\t<div class=\"elementor-element elementor-element-49b85a7 e-con-full e-flex e-con e-parent\" data-id=\"49b85a7\" data-element_type=\"container\" data-e-type=\"container\">\n\t\t\t\t<div class=\"elementor-element elementor-element-6b92258 elementor-widget elementor-widget-timeline-widget-addon\" data-id=\"6b92258\" data-element_type=\"widget\" data-e-type=\"widget\" data-widget_type=\"timeline-widget-addon.default\">\n\t\t\t\t<div class=\"elementor-widget-container\">\n\t\t\t\t\t<!-- ========= Timeline Widget Addon For Elementor 1.6.24 ========= -->\n<div id=\"twae-wrapper-6b92258\" class=\"twae-vertical twae-wrapper  twae-vertical-right\">   \n    <div class=\"twae-start\"><\/div>    \n    <div id=\"twea-timeline-6b92258\" class=\"twae-timeline\" ><!-- Story Year Label --><div class=\"twae-year twae-year-container story-year-78d1fbe\">\n\t\t\t\t\t<div class=\"twae-year-label twae-year-text\">2025<\/div>\n\t\t\t\t<\/div><!-- Start of Story Repeater Content --><div id=\"story-78d1fbe\" class=\"twae-story twae-repeater-item twae-story-right twae-story-no-icon\"><!-- Story Label --><div class=\"twae-labels\"><div class=\"twae-label-big\">marzec \u2013 maj<\/div><div class=\"twae-label-small\">Negocjacje i podpisanie um\u00f3w<\/div><\/div><!-- Story Icon --><div class=\"twae-icon\"><i aria-hidden=\"true\" class=\"far fa-clock\"><\/i><\/div><!-- Story Arrow --><div class=\"twae-arrow\"><\/div><!-- Start of Story Content --><div class=\"twae-content\"><!-- Story Title --><div class=\"twae-title\">Negocjacje i umowy<\/div><!-- Story Description --><div class=\"twae-description\"><p>Negocjacje i podpisanie um\u00f3w o dofinansowanie projekt\u00f3w wojew\u00f3dzkich pomi\u0119dzy Operatorem (Uniwersytet \u015al\u0105ski), a Ministerstwem Edukacji Narodowej<\/p><\/div><\/div><\/div><!-- Start of Story Repeater Content --><div id=\"story-e5c213d\" class=\"twae-story twae-repeater-item twae-story-right twae-story-no-icon\"><!-- Story Label --><div class=\"twae-labels\"><div class=\"twae-label-big\">1 kwietnia<\/div><div class=\"twae-label-small\">Rozpocz\u0119cie projektu<\/div><\/div><!-- Story Icon --><div class=\"twae-icon\"><i aria-hidden=\"true\" class=\"far fa-clock\"><\/i><\/div><!-- Story Arrow --><div class=\"twae-arrow\"><\/div><!-- Start of Story Content --><div class=\"twae-content\"><!-- Story Title --><div class=\"twae-title\">Rozpocz\u0119cie projektu<\/div><\/div><\/div><!-- Start of Story Repeater Content --><div id=\"story-1f27bd1\" class=\"twae-story twae-repeater-item twae-story-right twae-story-no-icon\"><!-- Story Label --><div class=\"twae-labels\"><div class=\"twae-label-big\">maj \u2013 pa\u017adziernik<\/div><div class=\"twae-label-small\">Dokumentacja grantowa<\/div><\/div><!-- Story Icon --><div class=\"twae-icon\"><i aria-hidden=\"true\" class=\"far fa-clock\"><\/i><\/div><!-- Story Arrow --><div class=\"twae-arrow\"><\/div><!-- Start of Story Content --><div class=\"twae-content\"><!-- Story Title --><div class=\"twae-title\">Przygotowanie i akceptacja dokumentacji grantowej<\/div><!-- Story Description --><div class=\"twae-description\"><p>Przygotowanie i akceptacja dokumentacji grantowej (dokumentacja musi by\u0107 zaakceptowana przez Ministerstwo Edukacji Narodowej)<\/p><\/div><\/div><\/div><!-- Start of Story Repeater Content --><div id=\"story-f53cbfe\" class=\"twae-story twae-repeater-item twae-story-right twae-story-no-icon\"><!-- Story Label --><div class=\"twae-labels\"><div class=\"twae-label-big\">maj \u2013 listopad<\/div><div class=\"twae-label-small\">Webinaria<\/div><\/div><!-- Story Icon --><div class=\"twae-icon\"><i aria-hidden=\"true\" class=\"far fa-clock\"><\/i><\/div><!-- Story Arrow --><div class=\"twae-arrow\"><\/div><!-- Start of Story Content --><div class=\"twae-content\"><!-- Story Title --><div class=\"twae-title\">Webinaria<\/div><!-- Story Description --><div class=\"twae-description\"><p>Prowadzenie webinar\u00f3w dot. zasad grantowych dla przedstawicieli publiczne poradnie psychologiczno-pedagogiczne (PPP) oraz organ\u00f3w prowadz\u0105cych PPP (w tym JST)<\/p><\/div><\/div><\/div><!-- Start of Story Repeater Content --><div id=\"story-186e081\" class=\"twae-story twae-repeater-item twae-story-right twae-story-no-icon\"><!-- Story Label --><div class=\"twae-labels\"><div class=\"twae-label-big\">23 pa\u017adziernika \u2013 17 listopada<\/div><div class=\"twae-label-small\">Nab\u00f3r - I tura<\/div><\/div><!-- Story Icon --><div class=\"twae-icon\"><i aria-hidden=\"true\" class=\"far fa-clock\"><\/i><\/div><!-- Story Arrow --><div class=\"twae-arrow\"><\/div><!-- Start of Story Content --><div class=\"twae-content\"><!-- Story Title --><div class=\"twae-title\">Nab\u00f3r do konkursu grantowego - I tura<\/div><!-- Story Description --><div class=\"twae-description\"><p>Mog\u0105 w niej wzi\u0105\u0107 udzia\u0142 wszystkie uprawnione poradnie psychologiczno-pedagogiczne (PPP). Wnioski, kt\u00f3re spe\u0142ni\u0105 warunki formalne, przechodz\u0105 do oceny merytorycznej. Liczba uzyskanych punkt\u00f3w decyduje o zakwalifikowaniu si\u0119 do jednego z trzech poziom\u00f3w finansowania (zgodnie z kryteriami w dokumentacji).<\/p><\/div><\/div><\/div><!-- Start of Story Repeater Content --><div id=\"story-89b80e4\" class=\"twae-story twae-repeater-item twae-story-right twae-story-no-icon\"><!-- Story Label --><div class=\"twae-labels\"><div class=\"twae-label-big\">pa\u017adziernik - grudzie\u0144<\/div><div class=\"twae-label-small\">Analiza<\/div><\/div><!-- Story Icon --><div class=\"twae-icon\"><i aria-hidden=\"true\" class=\"far fa-clock\"><\/i><\/div><!-- Story Arrow --><div class=\"twae-arrow\"><\/div><!-- Start of Story Content --><div class=\"twae-content\"><!-- Story Title --><div class=\"twae-title\">Analiza<\/div><!-- Story Description --><div class=\"twae-description\"><p>Kompleksowa analiza potrzeb\/potencja\u0142u\/zasob\u00f3w dla wsparcia merytorycznego PPP wy\u0142onionych w konkursie grantowym (10h\/PPP)<\/p><\/div><\/div><\/div><!-- Start of Story Repeater Content --><div id=\"story-758f22e\" class=\"twae-story twae-repeater-item twae-story-right twae-story-no-icon\"><!-- Story Label --><div class=\"twae-labels\"><div class=\"twae-label-big\">listopad \u2013 grudzie\u0144<\/div><div class=\"twae-label-small\">Rozstrzygni\u0119cie konkursu<\/div><\/div><!-- Story Icon --><div class=\"twae-icon\"><i aria-hidden=\"true\" class=\"far fa-clock\"><\/i><\/div><!-- Story Arrow --><div class=\"twae-arrow\"><\/div><!-- Start of Story Content --><div class=\"twae-content\"><!-- Story Title --><div class=\"twae-title\">Rozstrzygni\u0119cie I tury konkursu<\/div><!-- Story Description --><div class=\"twae-description\"><p>Rozstrzygni\u0119cie konkurs\u00f3w grantowych, podpisywanie um\u00f3w z grantobiorcami<\/p><\/div><\/div><\/div><!-- Start of Story Repeater Content --><div id=\"story-1b6ff7d\" class=\"twae-story twae-repeater-item twae-story-right twae-story-no-icon\"><!-- Story Label --><div class=\"twae-labels\"><div class=\"twae-label-big\">listopad \u2013 grudzie\u0144<\/div><div class=\"twae-label-small\">Szkolenia<\/div><\/div><!-- Story Icon --><div class=\"twae-icon\"><i aria-hidden=\"true\" class=\"far fa-clock\"><\/i><\/div><!-- Story Arrow --><div class=\"twae-arrow\"><\/div><!-- Start of Story Content --><div class=\"twae-content\"><!-- Story Title --><div class=\"twae-title\">Szkolenia<\/div><!-- Story Description --><div class=\"twae-description\"><p>Szkolenia dla przedstawicieli PPP uczestnicz\u0105cych w projektach grantowych (5 os\u00f3b z ka\u017cdej PPP), 64 godziny szkole\u0144 dla ka\u017cdej osoby;<\/p><p>tematyka: ocena funkcjonalna \u2013 32 godziny (online); narz\u0119dzia diagnostyczne \u2013 16 godzin (online); wsp\u00f3\u0142praca mi\u0119dzysektorowa \u2013 8 godzin (online); zarz\u0105dzanie zmiana i zarz\u0105dzanie procesami \u2013 8 godzin (stacjonarnie)<\/p><\/div><\/div><\/div><!-- Start of Story Repeater Content --><div id=\"story-dc3ed5d\" class=\"twae-story twae-repeater-item twae-story-right twae-story-no-icon\"><!-- Story Label --><div class=\"twae-labels\"><div class=\"twae-label-big\">od 15 grudnia<\/div><div class=\"twae-label-small\">Nab\u00f3r - II tura<\/div><\/div><!-- Story Icon --><div class=\"twae-icon\"><i aria-hidden=\"true\" class=\"far fa-clock\"><\/i><\/div><!-- Story Arrow --><div class=\"twae-arrow\"><\/div><!-- Start of Story Content --><div class=\"twae-content\"><!-- Story Title --><div class=\"twae-title\">Nab\u00f3r do konkursu grantowego - II tura<\/div><!-- Story Description --><div class=\"twae-description\"><p>Zostanie og\u0142oszona tylko, je\u015bli w pierwszej turze nie zakwalifikujemy do finansowania co najmniej 70% uprawnionych PPP lub je\u015bli pozostan\u0105 niewykorzystane \u015brodki.<\/p><p>Nab\u00f3r trwa do 31 stycznia 2026 do godziny 14:00.<\/p><\/div><\/div><\/div><!-- Story Year Label --><div class=\"twae-year twae-year-container story-year-d9a6ff4\">\n\t\t\t\t\t<div class=\"twae-year-label twae-year-text\">2026<\/div>\n\t\t\t\t<\/div><!-- Start of Story Repeater Content --><div id=\"story-d9a6ff4\" class=\"twae-story twae-repeater-item twae-story-right twae-story-no-icon\"><!-- Story Label --><div class=\"twae-labels\"><div class=\"twae-label-big\">stycze\u0144<\/div><div class=\"twae-label-small\">Nab\u00f3r - II tura<\/div><\/div><!-- Story Icon --><div class=\"twae-icon\"><i aria-hidden=\"true\" class=\"far fa-clock\"><\/i><\/div><!-- Story Arrow --><div class=\"twae-arrow\"><\/div><!-- Start of Story Content --><div class=\"twae-content\"><!-- Story Title --><div class=\"twae-title\">Nab\u00f3r do konkursu grantowego - II tura<\/div><!-- Story Description --><div class=\"twae-description\"><p>Zostanie og\u0142oszona tylko, je\u015bli w pierwszej turze nie zakwalifikujemy do finansowania co najmniej 70% uprawnionych PPP lub je\u015bli pozostan\u0105 niewykorzystane \u015brodki.<\/p><p><strong>Nab\u00f3r trwa do 31 stycznia 2026 do godziny 14:00.<\/strong><\/p><\/div><\/div><\/div><!-- Start of Story Repeater Content --><div id=\"story-88d44ef\" class=\"twae-story twae-repeater-item twae-story-right twae-story-no-icon\"><!-- Story Label --><div class=\"twae-labels\"><div class=\"twae-label-big\">stycze\u0144<\/div><div class=\"twae-label-small\">Analiza<\/div><\/div><!-- Story Icon --><div class=\"twae-icon\"><i aria-hidden=\"true\" class=\"far fa-clock\"><\/i><\/div><!-- Story Arrow --><div class=\"twae-arrow\"><\/div><!-- Start of Story Content --><div class=\"twae-content\"><!-- Story Title --><div class=\"twae-title\">Analiza<\/div><!-- Story Description --><div class=\"twae-description\"><p>Kompleksowa analiza potrzeb\/potencja\u0142u\/zasob\u00f3w dla wsparcia merytorycznego PPP wy\u0142onionych w konkursie grantowym (10h\/PPP)<\/p><\/div><\/div><\/div><!-- Start of Story Repeater Content --><div id=\"story-0273aab\" class=\"twae-story twae-repeater-item twae-story-right twae-story-no-icon\"><!-- Story Label --><div class=\"twae-labels\"><div class=\"twae-label-big\">stycze\u0144 \u2013 luty<\/div><div class=\"twae-label-small\">Pierwsza transza<\/div><\/div><!-- Story Icon --><div class=\"twae-icon\"><i aria-hidden=\"true\" class=\"far fa-clock\"><\/i><\/div><!-- Story Arrow --><div class=\"twae-arrow\"><\/div><!-- Start of Story Content --><div class=\"twae-content\"><!-- Story Title --><div class=\"twae-title\">Pierwsza transza<\/div><!-- Story Description --><div class=\"twae-description\"><p>Przekazanie pierwszej transzy \u015brodk\u00f3w w ramach grant\u00f3w<\/p><\/div><\/div><\/div><!-- Start of Story Repeater Content --><div id=\"story-e160163\" class=\"twae-story twae-repeater-item twae-story-right twae-story-no-icon\"><!-- Story Label --><div class=\"twae-labels\"><div class=\"twae-label-big\">stycze\u0144 \u2013 sierpie\u0144<\/div><div class=\"twae-label-small\">Szkolenia<\/div><\/div><!-- Story Icon --><div class=\"twae-icon\"><i aria-hidden=\"true\" class=\"far fa-clock\"><\/i><\/div><!-- Story Arrow --><div class=\"twae-arrow\"><\/div><!-- Start of Story Content --><div class=\"twae-content\"><!-- Story Title --><div class=\"twae-title\">Szkolenia<\/div><!-- Story Description --><div class=\"twae-description\"><p>Szkolenia dla przedstawicieli PPP uczestnicz\u0105cych w projektach grantowych (5 os\u00f3b z ka\u017cdej PPP), 64 godziny szkole\u0144 dla ka\u017cdej osoby;<\/p><p>tematyka: ocena funkcjonalna \u2013 32 godziny (online); narz\u0119dzia diagnostyczne \u2013 16 godzin (online); wsp\u00f3\u0142praca mi\u0119dzysektorowa \u2013 8 godzin (online); zarz\u0105dzanie zmiana i zarz\u0105dzanie procesami \u2013 8 godzin (stacjonarnie)<\/p><\/div><\/div><\/div><!-- Start of Story Repeater Content --><div id=\"story-111521f\" class=\"twae-story twae-repeater-item twae-story-right twae-story-no-icon\"><!-- Story Label --><div class=\"twae-labels\"><div class=\"twae-label-big\">marzec<\/div><div class=\"twae-label-small\">Spotkania stacjonarne<\/div><\/div><!-- Story Icon --><div class=\"twae-icon\"><i aria-hidden=\"true\" class=\"far fa-clock\"><\/i><\/div><!-- Story Arrow --><div class=\"twae-arrow\"><\/div><!-- Start of Story Content --><div class=\"twae-content\"><!-- Story Title --><div class=\"twae-title\">Spotkania stacjonarne <\/div><!-- Story Description --><div class=\"twae-description\"><p>Spotkanie stacjonarne z PPP, kt\u00f3re otrzyma\u0142y granty<\/p><\/div><\/div><\/div><!-- Start of Story Repeater Content --><div id=\"story-6dc396e\" class=\"twae-story twae-repeater-item twae-story-right twae-story-no-icon\"><!-- Story Label --><div class=\"twae-labels\"><div class=\"twae-label-big\">kwiecie\u0144 - grudzie\u0144<\/div><div class=\"twae-label-small\">Superwizje<\/div><\/div><!-- Story Icon --><div class=\"twae-icon\"><i aria-hidden=\"true\" class=\"far fa-clock\"><\/i><\/div><!-- Story Arrow --><div class=\"twae-arrow\"><\/div><!-- Start of Story Content --><div class=\"twae-content\"><!-- Story Title --><div class=\"twae-title\">Superwizje<\/div><!-- Story Description --><div class=\"twae-description\"><p>Superwizje (24h\/PPP, kt\u00f3ra otrzyma\u0142a grant)<\/p><\/div><\/div><\/div><!-- Start of Story Repeater Content --><div id=\"story-d1e4b99\" class=\"twae-story twae-repeater-item twae-story-right twae-story-no-icon\"><!-- Story Label --><div class=\"twae-labels\"><div class=\"twae-label-big\">maj \u2013 grudzie\u0144<\/div><div class=\"twae-label-small\">Webinary tematyczne<\/div><\/div><!-- Story Icon --><div class=\"twae-icon\"><i aria-hidden=\"true\" class=\"far fa-clock\"><\/i><\/div><!-- Story Arrow --><div class=\"twae-arrow\"><\/div><!-- Start of Story Content --><div class=\"twae-content\"><!-- Story Title --><div class=\"twae-title\">Webinary tematyczne<\/div><!-- Story Description --><div class=\"twae-description\"><p>Organizacja i prowadzenie webinar\u00f3w tematycznych<\/p><\/div><\/div><\/div><!-- Start of Story Repeater Content --><div id=\"story-c3674d8\" class=\"twae-story twae-repeater-item twae-story-right twae-story-no-icon\"><!-- Story Label --><div class=\"twae-labels\"><div class=\"twae-label-big\">lipiec - sierpie\u0144<\/div><div class=\"twae-label-small\">Druga transza<\/div><\/div><!-- Story Icon --><div class=\"twae-icon\"><i aria-hidden=\"true\" class=\"far fa-clock\"><\/i><\/div><!-- Story Arrow --><div class=\"twae-arrow\"><\/div><!-- Start of Story Content --><div class=\"twae-content\"><!-- Story Title --><div class=\"twae-title\">Druga transza<\/div><!-- Story Description --><div class=\"twae-description\"><p>Przekazanie drugiej transzy \u015brodk\u00f3w w ramach grant\u00f3w<\/p><\/div><\/div><\/div><!-- Start of Story Repeater Content --><div id=\"story-ede0bcf\" class=\"twae-story twae-repeater-item twae-story-right twae-story-no-icon\"><!-- Story Label --><div class=\"twae-labels\"><div class=\"twae-label-big\">sierpie\u0144 - grudzie\u0144<\/div><div class=\"twae-label-small\">Indywidualne wsparcie<\/div><\/div><!-- Story Icon --><div class=\"twae-icon\"><i aria-hidden=\"true\" class=\"far fa-clock\"><\/i><\/div><!-- Story Arrow --><div class=\"twae-arrow\"><\/div><!-- Start of Story Content --><div class=\"twae-content\"><!-- Story Title --><div class=\"twae-title\">Indywidualne wsparcie<\/div><!-- Story Description --><div class=\"twae-description\"><p>Indywidualne wsparcie dla poradni (\u015brednio 10h\/PPP - w zale\u017cno\u015bci od potrzeb)<\/p><\/div><\/div><\/div><!-- Story Year Label --><div class=\"twae-year twae-year-container story-year-dafaf58\">\n\t\t\t\t\t<div class=\"twae-year-label twae-year-text\">2027<\/div>\n\t\t\t\t<\/div><!-- Start of Story Repeater Content --><div id=\"story-dafaf58\" class=\"twae-story twae-repeater-item twae-story-right twae-story-no-icon\"><!-- Story Label --><div class=\"twae-labels\"><div class=\"twae-label-big\">stycze\u0144 - marzec<\/div><div class=\"twae-label-small\">Superwizje<\/div><\/div><!-- Story Icon --><div class=\"twae-icon\"><i aria-hidden=\"true\" class=\"far fa-clock\"><\/i><\/div><!-- Story Arrow --><div class=\"twae-arrow\"><\/div><!-- Start of Story Content --><div class=\"twae-content\"><!-- Story Title --><div class=\"twae-title\">Superwizje<\/div><!-- Story Description --><div class=\"twae-description\"><p>Superwizje (24h\/PPP, kt\u00f3ra otrzyma\u0142a grant)<\/p><\/div><\/div><\/div><!-- Start of Story Repeater Content --><div id=\"story-83d9204\" class=\"twae-story twae-repeater-item twae-story-right twae-story-no-icon\"><!-- Story Label --><div class=\"twae-labels\"><div class=\"twae-label-big\">stycze\u0144 - maj<\/div><div class=\"twae-label-small\">Indywidualne wsparcie<\/div><\/div><!-- Story Icon --><div class=\"twae-icon\"><i aria-hidden=\"true\" class=\"far fa-clock\"><\/i><\/div><!-- Story Arrow --><div class=\"twae-arrow\"><\/div><!-- Start of Story Content --><div class=\"twae-content\"><!-- Story Title --><div class=\"twae-title\">Indywidualne wsparcie<\/div><!-- Story Description --><div class=\"twae-description\"><p>Indywidualne wsparcie dla poradni (\u015brednio 10h\/PPP - w zale\u017cno\u015bci od potrzeb)<\/p><\/div><\/div><\/div><!-- Start of Story Repeater Content --><div id=\"story-b35cc7d\" class=\"twae-story twae-repeater-item twae-story-right twae-story-no-icon\"><!-- Story Label --><div class=\"twae-labels\"><div class=\"twae-label-big\">stycze\u0144 \u2013 grudzie\u0144<\/div><div class=\"twae-label-small\">Webinary tematyczne<\/div><\/div><!-- Story Icon --><div class=\"twae-icon\"><i aria-hidden=\"true\" class=\"far fa-clock\"><\/i><\/div><!-- Story Arrow --><div class=\"twae-arrow\"><\/div><!-- Start of Story Content --><div class=\"twae-content\"><!-- Story Title --><div class=\"twae-title\">Webinary tematyczne<\/div><!-- Story Description --><div class=\"twae-description\"><p>Organizacja i prowadzenie webinar\u00f3w tematycznych<\/p><\/div><\/div><\/div><!-- Start of Story Repeater Content --><div id=\"story-5879dd2\" class=\"twae-story twae-repeater-item twae-story-right twae-story-no-icon\"><!-- Story Label --><div class=\"twae-labels\"><div class=\"twae-label-big\">wrzesie\u0144 - grudzie\u0144<\/div><div class=\"twae-label-small\">Analiza<\/div><\/div><!-- Story Icon --><div class=\"twae-icon\"><i aria-hidden=\"true\" class=\"far fa-clock\"><\/i><\/div><!-- Story Arrow --><div class=\"twae-arrow\"><\/div><!-- Start of Story Content --><div class=\"twae-content\"><!-- Story Title --><div class=\"twae-title\">Analiza<\/div><!-- Story Description --><div class=\"twae-description\"><p>Kompleksowa analiza osi\u0105gni\u0119tych wynik\u00f3w, (10h\/PPP, kt\u00f3re otrzyma\u0142y grant)<\/p><\/div><\/div><\/div><!-- Start of Story Repeater Content --><div id=\"story-b431d14\" class=\"twae-story twae-repeater-item twae-story-right twae-story-no-icon\"><!-- Story Label --><div class=\"twae-labels\"><div class=\"twae-label-big\">pa\u017adziernik<\/div><div class=\"twae-label-small\">Spotkanie stacjonarne<\/div><\/div><!-- Story Icon --><div class=\"twae-icon\"><i aria-hidden=\"true\" class=\"far fa-clock\"><\/i><\/div><!-- Story Arrow --><div class=\"twae-arrow\"><\/div><!-- Start of Story Content --><div class=\"twae-content\"><!-- Story Title --><div class=\"twae-title\">Spotkanie stacjonarne <\/div><!-- Story Description --><div class=\"twae-description\"><p>Spotkanie stacjonarne z PPP, kt\u00f3re otrzyma\u0142y granty<\/p><\/div><\/div><\/div><!-- Story Year Label --><div class=\"twae-year twae-year-container story-year-2051d48\">\n\t\t\t\t\t<div class=\"twae-year-label twae-year-text\">2028<\/div>\n\t\t\t\t<\/div><!-- Start of Story Repeater Content --><div id=\"story-2051d48\" class=\"twae-story twae-repeater-item twae-story-right twae-story-no-icon\"><!-- Story Label --><div class=\"twae-labels\"><div class=\"twae-label-big\">stycze\u0144 \u2013 marzec<\/div><div class=\"twae-label-small\">Webinary tematyczne<\/div><\/div><!-- Story Icon --><div class=\"twae-icon\"><i aria-hidden=\"true\" class=\"far fa-clock\"><\/i><\/div><!-- Story Arrow --><div class=\"twae-arrow\"><\/div><!-- Start of Story Content --><div class=\"twae-content\"><!-- Story Title --><div class=\"twae-title\">Webinary tematyczne<\/div><!-- Story Description --><div class=\"twae-description\"><p>Organizacja i prowadzenie webinar\u00f3w tematycznych<\/p><\/div><\/div><\/div><!-- Start of Story Repeater Content --><div id=\"story-1507e8e\" class=\"twae-story twae-repeater-item twae-story-right twae-story-no-icon\"><!-- Story Label --><div class=\"twae-labels\"><div class=\"twae-label-big\">marzec<\/div><div class=\"twae-label-small\">Zako\u0144czenie projektu<\/div><\/div><!-- Story Icon --><div class=\"twae-icon\"><i aria-hidden=\"true\" class=\"far fa-clock\"><\/i><\/div><!-- Story Arrow --><div class=\"twae-arrow\"><\/div><!-- Start of Story Content --><div class=\"twae-content\"><!-- Story Title --><div class=\"twae-title\">Zako\u0144czenie projektu<\/div><!-- Story Description --><div class=\"twae-description\"><p>Zako\u0144czenie projektu Perspektywa 3P - sprawozdawczo\u015b\u0107 ko\u0144cowa, ewaluacja, archiwizacja; komunikacja publiczna (podsumowania).\u00a0<\/p><\/div><\/div><\/div><\/div>\n    <div class=\"twae-end\"><\/div>\n    <\/div><style type=\"text\/css\">@media (max-width: 1024px){ .twae-wrapper{--tw-ybx-size: 80px !important;}}@media (max-width: 767px){ .twae-wrapper{--tw-ybx-size: 80px !important}}<\/style>\t\t\t\t<\/div>\n\t\t\t\t<\/div>\n\t\t\t\t<\/div>\n\t\t\t\t<\/div>\n\t\t","protected":false},"excerpt":{"rendered":"<p>2025 marzec \u2013 majNegocjacje i podpisanie um\u00f3wNegocjacje i umowy Negocjacje i podpisanie um\u00f3w o dofinansowanie projekt\u00f3w wojew\u00f3dzkich pomi\u0119dzy Operatorem (Uniwersytet \u015al\u0105ski), a Ministerstwem Edukacji Narodowej 1 kwietniaRozpocz\u0119cie projektuRozpocz\u0119cie projektumaj \u2013 pa\u017adziernikDokumentacja grantowaPrzygotowanie i akceptacja dokumentacji grantowej Przygotowanie i akceptacja dokumentacji grantowej (dokumentacja musi by\u0107 zaakceptowana przez Ministerstwo Edukacji Narodowej) maj \u2013 listopadWebinariaWebinaria Prowadzenie webinar\u00f3w dot.&hellip; <br \/> <a class=\"read-more\" href=\"https:\/\/perspektywa3p.us.edu.pl\/index.php\/harmonogram-dzialan-2\/\">Dowiedz si\u0119 wi\u0119cej<\/a><\/p>\n","protected":false},"author":1,"featured_media":0,"parent":0,"menu_order":0,"comment_status":"closed","ping_status":"closed","template":"","meta":{"footnotes":""},"class_list":["post-1171","page","type-page","status-publish","hentry"],"_links":{"self":[{"href":"https:\/\/perspektywa3p.us.edu.pl\/index.php\/wp-json\/wp\/v2\/pages\/1171","targetHints":{"allow":["GET"]}}],"collection":[{"href":"https:\/\/perspektywa3p.us.edu.pl\/index.php\/wp-json\/wp\/v2\/pages"}],"about":[{"href":"https:\/\/perspektywa3p.us.edu.pl\/index.php\/wp-json\/wp\/v2\/types\/page"}],"author":[{"embeddable":true,"href":"https:\/\/perspektywa3p.us.edu.pl\/index.php\/wp-json\/wp\/v2\/users\/1"}],"replies":[{"embeddable":true,"href":"https:\/\/perspektywa3p.us.edu.pl\/index.php\/wp-json\/wp\/v2\/comments?post=1171"}],"version-history":[{"count":114,"href":"https:\/\/perspektywa3p.us.edu.pl\/index.php\/wp-json\/wp\/v2\/pages\/1171\/revisions"}],"predecessor-version":[{"id":3728,"href":"https:\/\/perspektywa3p.us.edu.pl\/index.php\/wp-json\/wp\/v2\/pages\/1171\/revisions\/3728"}],"wp:attachment":[{"href":"https:\/\/perspektywa3p.us.edu.pl\/index.php\/wp-json\/wp\/v2\/media?parent=1171"}],"curies":[{"name":"wp","href":"https:\/\/api.w.org\/{rel}","templated":true}]}}