{"id":1011,"date":"2025-07-28T11:19:39","date_gmt":"2025-07-28T11:19:39","guid":{"rendered":"https:\/\/perspektywa3p.us.edu.pl\/?page_id=1011"},"modified":"2025-07-28T11:19:39","modified_gmt":"2025-07-28T11:19:39","slug":"zachodniopomorskie-wykaz-publicznych-poradni-psychologiczno-pedagogicznych-ppp","status":"publish","type":"page","link":"https:\/\/perspektywa3p.us.edu.pl\/index.php\/zachodniopomorskie-wykaz-publicznych-poradni-psychologiczno-pedagogicznych-ppp\/","title":{"rendered":"Zachodniopomorskie \u2013 wykaz publicznych poradni psychologiczno-pedagogicznych (PPP)"},"content":{"rendered":"\n<p><strong>Organ prowadz\u0105cy:<\/strong> <strong>POWIAT BIA\u0141OGARDZKI<\/strong><br>PPP W BIA\u0141OGARDZIE, ul. Dworcowa 2<br>Strona www: <a href=\"http:\/\/www.ppp.powiat-bialogard.pl\/\">http:\/\/www.ppp.powiat-bialogard.pl\/<\/a><\/p>\n\n\n\n<p><strong>Organ prowadz\u0105cy:<\/strong> <strong>POWIAT CHOSZCZE\u0143SKI<\/strong><br>PPP W CHOSZCZNIE, ul. Boles\u0142awa Chrobrego 27<br>Strona www: <a href=\"https:\/\/pppchoszczno.pl\/\">https:\/\/pppchoszczno.pl\/<\/a><\/p>\n\n\n\n<p><strong>Organ prowadz\u0105cy:<\/strong> <strong>POWIAT DRAWSKI<\/strong><br>PPP W DRAWSKU POMORSKIM, ul. J\u00f3zefa Pi\u0142sudskiego 20<br>Strona www: <a href=\"https:\/\/poradnia.drawsko.pl\/\">https:\/\/poradnia.drawsko.pl\/<\/a><\/p>\n\n\n\n<p><strong>Organ prowadz\u0105cy:<\/strong> <strong>POWIAT GOLENIOWSKI<\/strong><br>PPP W GOLENIOWIE, ul. Maszewska 2<br>Strona www: <a href=\"http:\/\/ppp.goleniow.ibip.pl\/public\/\">http:\/\/ppp.goleniow.ibip.pl\/public\/<\/a><br>SPECJALISTYCZNA PORADNIA TERAPEUTYCZNA DLA DZIECI, M\u0141ODZIE\u017bY I ICH RODZIN W NOWOGARDZIE, ul. 3 Maja 44<br>Strona www: <a href=\"https:\/\/www.sptnowogard.pl\/\">https:\/\/www.sptnowogard.pl\/<\/a><\/p>\n\n\n\n<p><strong>Organ prowadz\u0105cy:<\/strong> <strong>POWIAT GRYFICKI<\/strong><br>PPP W GRYFICACH, ul. Polna 8<br>Strona www: <a href=\"http:\/\/ppp.gryfice.ibip.pl\/\">http:\/\/ppp.gryfice.ibip.pl\/<\/a><\/p>\n\n\n\n<p><strong>Organ prowadz\u0105cy:<\/strong> <strong>POWIAT GRYFI\u0143SKI<\/strong><br>PPP W GRYFINIE, ul. \u0141u\u017cycka 91<br>PPP W GRYFINIE FILIA W CHOJNIE, ul. Dworcowa 1<br>Strona www: <a href=\"https:\/\/pppgryfino.pl\/\">https:\/\/pppgryfino.pl\/<\/a><\/p>\n\n\n\n<p><strong>Organ prowadz\u0105cy:<\/strong> <strong>POWIAT KAMIE\u0143SKI<\/strong><br>PPP W KAMIENIU POMORSKIM, ul. Woli\u0144ska 7b<br>Strona www: <a href=\"https:\/\/pppkamien.pl\/\">https:\/\/pppkamien.pl\/<\/a><br>PPP W WOLINIE, ul. Kolejowa 1<br>Strona www: <a href=\"https:\/\/ppp-wolin.powiatkamienski.pl\/\">https:\/\/ppp-wolin.powiatkamienski.pl\/<\/a><\/p>\n\n\n\n<p><strong>Organ prowadz\u0105cy:<\/strong> <strong>POWIAT KO\u0141OBRZESKI<\/strong><br>PPP W KO\u0141OBRZEGU, ul. Piastowska 9<br>Strona www: <a href=\"https:\/\/www.poradnia-kolobrzeg.pl\/\">https:\/\/www.poradnia-kolobrzeg.pl\/<\/a><\/p>\n\n\n\n<p><strong>Organ prowadz\u0105cy:<\/strong> <strong>GMINA MIASTO KOSZALIN<\/strong><br>MIEJSKA PPP, ul. Morska 43<br>Strona www: <a href=\"https:\/\/mppp.eduportal.koszalin.pl\/pl\">https:\/\/mppp.eduportal.koszalin.pl\/pl<\/a><\/p>\n\n\n\n<p><strong>Organ prowadz\u0105cy:<\/strong> <strong>POWIAT KOSZALI\u0143SKI<\/strong><br>POWIATOWA PPP W KOSZALINIE, ul. W\u0142adys\u0142awa Andersa 32<br>Strona www: <a href=\"https:\/\/poradnia.powiat.koszalin.pl\/\">https:\/\/poradnia.powiat.koszalin.pl\/<\/a><\/p>\n\n\n\n<p><strong>Organ prowadz\u0105cy:<\/strong> <strong>POWIAT \u0141OBESKI<\/strong><br>PPP W \u0141OBZIE, ul. Konopnickiej 42<br>Strona www: <a href=\"https:\/\/ppp.lobez.ibip.pl\/\">https:\/\/ppp.lobez.ibip.pl\/<\/a><\/p>\n\n\n\n<p><strong>Organ prowadz\u0105cy:<\/strong> <strong>POWIAT MY\u015aLIBORSKI<\/strong><br>PPP W BARLINKU, ul. Szosowa 2B<br>Strona www: <a href=\"https:\/\/pppbarlinek.bip.gov.pl\/\">https:\/\/pppbarlinek.bip.gov.pl\/<\/a><br>PPP W D\u0118BNIE, ul. Adama Mickiewicza 30B<br>Strona www: <a href=\"https:\/\/pppdebno.szkolnastrona.pl\/\">https:\/\/pppdebno.szkolnastrona.pl\/<\/a><br>PPP W MY\u015aLIBORZU, ul. Spokojna 13<br>Strona www: <a href=\"http:\/\/pppmysliborz.szkolnastrona.pl\/\">http:\/\/pppmysliborz.szkolnastrona.pl\/<\/a><\/p>\n\n\n\n<p><strong>Organ prowadz\u0105cy:<\/strong> <strong>POWIAT POLICKI<\/strong><br>PPP W POLICACH, ul. Janusza Korczaka 5<br>Strona www: <a href=\"https:\/\/poradniapolice.pl\/\">https:\/\/poradniapolice.pl\/<\/a><\/p>\n\n\n\n<p><strong>Organ prowadz\u0105cy:<\/strong> <strong>POWIAT PYRZYCKI<\/strong><br>PPP W PYRZYCACH, ul. Lipia\u0144ska 4<br>Strona www: <a href=\"https:\/\/poradniapyrzyce.pl\/\">https:\/\/poradniapyrzyce.pl\/<\/a><\/p>\n\n\n\n<p><strong>Organ prowadz\u0105cy:<\/strong> <strong>POWIAT S\u0141AWIE\u0143SKI<\/strong><br>POWIATOWA PPP W S\u0141AWNIE, ul. Miko\u0142aja Kopernika 9<br>POWIATOWA PPP W S\u0141AWNIE FILIA W DAR\u0141OWIE, ul. Franciszka\u0144ska 2<br>Strona www: <a href=\"https:\/\/pppp.slawno.ibip.pl\/\">https:\/\/pppp.slawno.ibip.pl\/<\/a><\/p>\n\n\n\n<p><strong>Organ prowadz\u0105cy:<\/strong> <strong>POWIAT STARGARDZKI<\/strong><br>PPP W STARGARDZIE, pl. Plac Majdanek 7A<br>Strona www: <a href=\"https:\/\/www.poradnia.stargard.pl\/\">https:\/\/www.poradnia.stargard.pl\/<\/a><\/p>\n\n\n\n<p><strong>Organ prowadz\u0105cy:<\/strong> <strong>GMINA MIASTO SZCZECIN<\/strong><br>CENTRUM PSYCHOLOGICZNO-PEDAGOGICZNE, ul. Adama Mickiewicza 23<br>Strona www: <a href=\"http:\/\/cpp.szczecin.pl\/\">http:\/\/cpp.szczecin.pl\/<\/a><br>PPP NR 1, al. Papie\u017ca Jana Paw\u0142a II 2<br>Strona www: <a href=\"https:\/\/www.ppp1.szczecin.pl\/\">https:\/\/www.ppp1.szczecin.pl\/<\/a><br>PPP NR 2, ul. Ja\u015bminowa 4<br>Strona www: <a href=\"http:\/\/ppp2.szczecin.pl\/\">http:\/\/ppp2.szczecin.pl\/<\/a><br>PPP NR 3, ul. Emilii Plater 86<br>Strona www: <a href=\"http:\/\/www.ppp3.szczecin.pl\/\">http:\/\/www.ppp3.szczecin.pl\/<\/a><br>PPP NR 4, ul. Eugeniusza Romera 6<br>Strona www: <a href=\"https:\/\/ppp4.szczecin.pl\/\">https:\/\/ppp4.szczecin.pl\/<\/a><\/p>\n\n\n\n<p><strong>Organ prowadz\u0105cy:<\/strong> <strong>POWIAT SZCZECINECKI<\/strong><br>PPP W SZCZECINKU, ul. Wiatraczna 1<br>Strona www: <a href=\"https:\/\/www.poradnia.szczecinek.pl\/\">https:\/\/www.poradnia.szczecinek.pl\/<\/a><\/p>\n\n\n\n<p><strong>Organ prowadz\u0105cy:<\/strong> <strong>POWIAT \u015aWIDWI\u0143SKI<\/strong><br>PPP W PO\u0141CZYNIE &#8211; ZDROJU, ul. Jana Paw\u0142a II 4<br>Strona www: <a href=\"https:\/\/polczynzdroj.naszaporadnia.com\/\">https:\/\/polczynzdroj.naszaporadnia.com\/<\/a><br>PPP W \u015aWIDWINIE, ul. Drawska 32<br>Strona www: <a href=\"https:\/\/pppswidwin.szkolnastrona.pl\/\">https:\/\/pppswidwin.szkolnastrona.pl\/<\/a><\/p>\n\n\n\n<p><strong>Organ prowadz\u0105cy:<\/strong> <strong>GMINA-MIASTO \u015aWINOUJ\u015aCIE<\/strong><br>PPP, ul. Piastowska 54<br>Strona www: <a href=\"https:\/\/www.poradnia.swinoujscie.pl\/\">https:\/\/www.poradnia.swinoujscie.pl\/<\/a><\/p>\n\n\n\n<p><strong>Organ prowadz\u0105cy:<\/strong> <strong>POWIAT WA\u0141ECKI<\/strong><br>PPP W WA\u0141CZU, ul. Po\u0142udniowa 10B<br>Strona www: <a href=\"https:\/\/www.pppwalcz.com\/\">https:\/\/www.pppwalcz.com\/<\/a><\/p>\n","protected":false},"excerpt":{"rendered":"<p>Organ prowadz\u0105cy: POWIAT BIA\u0141OGARDZKIPPP W BIA\u0141OGARDZIE, ul. Dworcowa 2Strona www: http:\/\/www.ppp.powiat-bialogard.pl\/ Organ prowadz\u0105cy: POWIAT CHOSZCZE\u0143SKIPPP W CHOSZCZNIE, ul. Boles\u0142awa Chrobrego 27Strona www: https:\/\/pppchoszczno.pl\/ Organ prowadz\u0105cy: POWIAT DRAWSKIPPP W DRAWSKU POMORSKIM, ul. J\u00f3zefa Pi\u0142sudskiego 20Strona www: https:\/\/poradnia.drawsko.pl\/ Organ prowadz\u0105cy: POWIAT GOLENIOWSKIPPP W GOLENIOWIE, ul. Maszewska 2Strona www: http:\/\/ppp.goleniow.ibip.pl\/public\/SPECJALISTYCZNA PORADNIA TERAPEUTYCZNA DLA DZIECI, M\u0141ODZIE\u017bY I ICH RODZIN&hellip; <br \/> <a class=\"read-more\" href=\"https:\/\/perspektywa3p.us.edu.pl\/index.php\/zachodniopomorskie-wykaz-publicznych-poradni-psychologiczno-pedagogicznych-ppp\/\">Dowiedz si\u0119 wi\u0119cej<\/a><\/p>\n","protected":false},"author":1,"featured_media":0,"parent":0,"menu_order":0,"comment_status":"closed","ping_status":"closed","template":"","meta":{"footnotes":""},"class_list":["post-1011","page","type-page","status-publish","hentry"],"_links":{"self":[{"href":"https:\/\/perspektywa3p.us.edu.pl\/index.php\/wp-json\/wp\/v2\/pages\/1011","targetHints":{"allow":["GET"]}}],"collection":[{"href":"https:\/\/perspektywa3p.us.edu.pl\/index.php\/wp-json\/wp\/v2\/pages"}],"about":[{"href":"https:\/\/perspektywa3p.us.edu.pl\/index.php\/wp-json\/wp\/v2\/types\/page"}],"author":[{"embeddable":true,"href":"https:\/\/perspektywa3p.us.edu.pl\/index.php\/wp-json\/wp\/v2\/users\/1"}],"replies":[{"embeddable":true,"href":"https:\/\/perspektywa3p.us.edu.pl\/index.php\/wp-json\/wp\/v2\/comments?post=1011"}],"version-history":[{"count":1,"href":"https:\/\/perspektywa3p.us.edu.pl\/index.php\/wp-json\/wp\/v2\/pages\/1011\/revisions"}],"predecessor-version":[{"id":1012,"href":"https:\/\/perspektywa3p.us.edu.pl\/index.php\/wp-json\/wp\/v2\/pages\/1011\/revisions\/1012"}],"wp:attachment":[{"href":"https:\/\/perspektywa3p.us.edu.pl\/index.php\/wp-json\/wp\/v2\/media?parent=1011"}],"curies":[{"name":"wp","href":"https:\/\/api.w.org\/{rel}","templated":true}]}}