{"id":1009,"date":"2025-07-28T11:19:13","date_gmt":"2025-07-28T11:19:13","guid":{"rendered":"https:\/\/perspektywa3p.us.edu.pl\/?page_id=1009"},"modified":"2026-03-13T12:12:54","modified_gmt":"2026-03-13T12:12:54","slug":"zachodniopomorskie-spotkania-webinary-biezace-informacje","status":"publish","type":"page","link":"https:\/\/perspektywa3p.us.edu.pl\/index.php\/zachodniopomorskie-spotkania-webinary-biezace-informacje\/","title":{"rendered":"Zachodniopomorskie \u2013 spotkania\/webinary\/bie\u017c\u0105ce informacje"},"content":{"rendered":"\n<h2 class=\"wp-block-heading\">Wyniki oceny merytorycznej wniosk\u00f3w &#8211; II tura<\/h2>\n\n\n\n<figure class=\"wp-block-table is-style-stripes\"><table><thead><tr><th>Nr wniosku<\/th><th class=\"has-text-align-center\" data-align=\"center\">Wynik oceny merytorycznej \/Ocena \u015brednia<\/th><th class=\"has-text-align-right\" data-align=\"right\">Kwota przyznana<\/th><\/tr><\/thead><tbody><tr><td>20251114\/1031\/0732<\/td><td class=\"has-text-align-center\" data-align=\"center\">97,5<\/td><td class=\"has-text-align-right\" data-align=\"right\">150 000,00 z\u0142<\/td><\/tr><tr><td>20251120\/1122\/0804<\/td><td class=\"has-text-align-center\" data-align=\"center\">91,5<\/td><td class=\"has-text-align-right\" data-align=\"right\">120 000,00 z\u0142<\/td><\/tr><tr><td>20251103\/1217\/0401<\/td><td class=\"has-text-align-center\" data-align=\"center\">91<\/td><td class=\"has-text-align-right\" data-align=\"right\">119 000,00 z\u0142<\/td><\/tr><\/tbody><\/table><\/figure>\n\n\n\n<h2 class=\"wp-block-heading\">Nab\u00f3r do konkursu grantowego &#8211; II tura <\/h2>\n\n\n\n<p>Informujemy, \u017ce rozpocz\u0119\u0142a si\u0119 <strong>II tura sk\u0142adania wniosk\u00f3w grantowych<\/strong> w systemie GrantU\u015a w projekcie \u201ePerspektywa 3P\u201d dla wojew\u00f3dztwa zachodniopomorskiego.<\/p>\n\n\n\n<p><strong>Tura II sk\u0142adania wniosk\u00f3w: od 15 grudnia 2025 r. do 31 stycznia 2026 r. do godziny 14:00<\/strong>.<\/p>\n\n\n\n<p>Link do strony: <a href=\"https:\/\/perspektywa3p.us.edu.pl\/index.php\/grantus\/\">https:\/\/perspektywa3p.us.edu.pl\/index.php\/grantus\/<\/a><\/p>\n\n\n\n<h2 class=\"wp-block-heading\">Wyniki oceny merytorycznej wniosk\u00f3w<\/h2>\n\n\n\n<figure class=\"wp-block-table is-style-stripes\"><table class=\"has-fixed-layout\"><thead><tr><th>Nr wniosku<\/th><th class=\"has-text-align-center\" data-align=\"center\">Wynik oceny merytorycznej \/Ocena \u015brednia<\/th><th class=\"has-text-align-right\" data-align=\"right\">Kwota przyznana<\/th><\/tr><\/thead><tbody><tr><td>20251024\/0826\/0128<\/td><td class=\"has-text-align-center\" data-align=\"center\">114<\/td><td class=\"has-text-align-right\" data-align=\"right\">&nbsp;149&nbsp;768,60&nbsp;z\u0142&nbsp;<\/td><\/tr><tr><td>20251117\/1045\/0790<\/td><td class=\"has-text-align-center\" data-align=\"center\">113<\/td><td class=\"has-text-align-right\" data-align=\"right\">&nbsp;149&nbsp;974,88&nbsp;z\u0142&nbsp;<\/td><\/tr><tr><td>20251024\/0837\/0136<\/td><td class=\"has-text-align-center\" data-align=\"center\">112,5<\/td><td class=\"has-text-align-right\" data-align=\"right\">&nbsp;120&nbsp;000,00&nbsp;z\u0142&nbsp;<\/td><\/tr><tr><td>20251023\/1731\/0056<\/td><td class=\"has-text-align-center\" data-align=\"center\">112<\/td><td class=\"has-text-align-right\" data-align=\"right\">&nbsp;120&nbsp;000,00&nbsp;z\u0142&nbsp;<\/td><\/tr><tr><td>20251110\/0905\/0558<\/td><td class=\"has-text-align-center\" data-align=\"center\">112<\/td><td class=\"has-text-align-right\" data-align=\"right\">&nbsp;120&nbsp;000,00&nbsp;z\u0142&nbsp;<\/td><\/tr><tr><td>20251106\/0820\/0488<\/td><td class=\"has-text-align-center\" data-align=\"center\">111<\/td><td class=\"has-text-align-right\" data-align=\"right\">&nbsp;120&nbsp;000,00&nbsp;z\u0142&nbsp;<\/td><\/tr><tr><td>20251104\/1534\/0450<\/td><td class=\"has-text-align-center\" data-align=\"center\">109,5<\/td><td class=\"has-text-align-right\" data-align=\"right\">&nbsp;70&nbsp;000,00&nbsp;z\u0142&nbsp;<\/td><\/tr><tr><td>20251112\/0734\/0596<\/td><td class=\"has-text-align-center\" data-align=\"center\">107,5<\/td><td class=\"has-text-align-right\" data-align=\"right\">&nbsp;70&nbsp;000,00&nbsp;z\u0142&nbsp;<\/td><\/tr><tr><td>20251030\/1208\/0336<\/td><td class=\"has-text-align-center\" data-align=\"center\">106<\/td><td class=\"has-text-align-right\" data-align=\"right\">&nbsp;70&nbsp;000,00&nbsp;z\u0142&nbsp;<\/td><\/tr><tr><td>20251107\/1153\/0539<\/td><td class=\"has-text-align-center\" data-align=\"center\">106<\/td><td class=\"has-text-align-right\" data-align=\"right\">&nbsp;70&nbsp;000,00&nbsp;z\u0142&nbsp;<\/td><\/tr><tr><td>20251024\/0847\/0142<\/td><td class=\"has-text-align-center\" data-align=\"center\">105,5<\/td><td class=\"has-text-align-right\" data-align=\"right\">&nbsp;70&nbsp;000,00&nbsp;z\u0142&nbsp;<\/td><\/tr><tr><td>20251028\/0949\/0247<\/td><td class=\"has-text-align-center\" data-align=\"center\">105<\/td><td class=\"has-text-align-right\" data-align=\"right\">&nbsp;70&nbsp;000,00&nbsp;z\u0142&nbsp;<\/td><\/tr><tr><td>20251104\/0832\/0420<\/td><td class=\"has-text-align-center\" data-align=\"center\">105<\/td><td class=\"has-text-align-right\" data-align=\"right\">&nbsp;70&nbsp;000,00&nbsp;z\u0142&nbsp;<\/td><\/tr><tr><td>20251027\/1313\/0223<\/td><td class=\"has-text-align-center\" data-align=\"center\">104,5<\/td><td class=\"has-text-align-right\" data-align=\"right\">&nbsp;70&nbsp;000,00&nbsp;z\u0142&nbsp;<\/td><\/tr><tr><td>20251023\/2005\/0066<\/td><td class=\"has-text-align-center\" data-align=\"center\">101<\/td><td class=\"has-text-align-right\" data-align=\"right\">&nbsp;70&nbsp;000,00&nbsp;z\u0142&nbsp;<\/td><\/tr><tr><td>20251024\/1108\/0174<\/td><td class=\"has-text-align-center\" data-align=\"center\">100,5<\/td><td class=\"has-text-align-right\" data-align=\"right\">&nbsp;70&nbsp;000,00&nbsp;z\u0142&nbsp;<\/td><\/tr><tr><td>20251024\/0828\/0131<\/td><td class=\"has-text-align-center\" data-align=\"center\">97<\/td><td class=\"has-text-align-right\" data-align=\"right\">&nbsp;70&nbsp;000,00&nbsp;z\u0142&nbsp;<\/td><\/tr><tr><td>20251031\/1005\/0351<\/td><td class=\"has-text-align-center\" data-align=\"center\">91<\/td><td class=\"has-text-align-right\" data-align=\"right\">&nbsp;70&nbsp;000,00&nbsp;z\u0142&nbsp;<\/td><\/tr><tr><td>20251117\/0817\/0782<\/td><td class=\"has-text-align-center\" data-align=\"center\">90<\/td><td class=\"has-text-align-right\" data-align=\"right\">&nbsp;70&nbsp;000,00&nbsp;z\u0142&nbsp;<\/td><\/tr><tr><td>20251027\/0948\/0216<\/td><td class=\"has-text-align-center\" data-align=\"center\">81<\/td><td class=\"has-text-align-right\" data-align=\"right\">&nbsp;70&nbsp;000,00&nbsp;z\u0142&nbsp;<\/td><\/tr><\/tbody><\/table><\/figure>\n\n\n\n<p>Jednocze\u015bnie informujemy, \u017ce zr\u00f3\u017cnicowanie wysoko\u015bci przyznanych \u015brodk\u00f3w pomi\u0119dzy wojew\u00f3dztwami wynika z przyj\u0119tych procedur konkursowych i kwot alokacji przekazanych przez IP. W cz\u0119\u015bci wojew\u00f3dztw, ze wzgl\u0119du na niewype\u0142nienie wska\u017anika projektu, realizowana jest II tura konkursu grantowego (do 31.01.2026 r.), co umo\u017cliwia dalsze rozdysponowanie \u015brodk\u00f3w. Natomiast w wojew\u00f3dztwach, w kt\u00f3rych wska\u017anik zosta\u0142 ju\u017c osi\u0105gni\u0119ty kwota alokacji przekazana przez IP zosta\u0142a zgodnie z procedur\u0105 podzielona na wnioskuj\u0105ce PPP.<\/p>\n\n\n\n<h2 class=\"wp-block-heading\">Spotkania\/webinary<\/h2>\n\n\n\n<h3 class=\"wp-block-heading\">12.11.2025 r.<\/h3>\n\n\n\n<p><strong>Zapraszamy na webinar dotycz\u0105cy aplikowania o grant<\/strong> w Projekcie &#8222;Perspektywa 3P&#8221;, dla przedstawicieli JST oraz PPP, kt\u00f3ry odb\u0119dzie si\u0119 w \u015brod\u0119 <strong>12 listopada 2025r.<\/strong><\/p>\n\n\n\n<p><em>Do\u0142\u0105cz do spotkania 12.11.2025 (11:00 \u2013 11:45<\/em>)<em>:&nbsp;<\/em>\u2192&nbsp;<em>link niedost\u0119pny &#8211; spotkanie zako\u0144czone&nbsp;<\/em>\u2190<\/p>\n\n\n\n<h3 class=\"wp-block-heading\">30.10.2025 r.<\/h3>\n\n\n\n<p><strong>Zapraszamy na webinar dotycz\u0105cy aplikacji GrantU\u015a<\/strong>, skierowany do Przedstawicieli\/ek organ\u00f3w prowadz\u0105cych publiczne poradnie pedagogiczno-psychologiczne oraz Przedstawicieli\/ek publicznych poradni pedagogiczno-psychologicznych i specjalistycznych, kt\u00f3ry odb\u0119dzie si\u0119 w czwartek, <strong>30 pa\u017adziernika 2025 r.<\/strong><\/p>\n\n\n\n<p><em>Do\u0142\u0105cz do spotkania 30.10.2025 (12:00 \u2013 12:45<\/em>)<em>:&nbsp;<\/em>\u2192&nbsp;<em>link niedost\u0119pny &#8211; spotkanie zako\u0144czone&nbsp;<\/em>\u2190<\/p>\n\n\n\n<h3 class=\"wp-block-heading\">6.10.2025 r.<\/h3>\n\n\n\n<p><strong>Zapraszamy na webinar<\/strong> dotycz\u0105cy om\u00f3wienia zasad grantowych dla Przedstawicieli organ\u00f3w prowadz\u0105cych publiczne poradnie pedagogiczno-psychologiczne oraz przedstawicieli publicznych poradni pedagogiczno-psychologicznych i specjalistycznych, kt\u00f3ry odb\u0119dzie si\u0119 w <strong>poniedzia\u0142ek 06 pa\u017adziernika 2025<\/strong>. Godzina zostanie podana w przes\u0142anym Pa\u0144stwu mailu.<\/p>\n\n\n\n<p><em>Do\u0142\u0105cz do spotkania 6.10.2025:&nbsp;<\/em>\u2192&nbsp;<em>link niedost\u0119pny \u2013 spotkanie zako\u0144czone&nbsp;<\/em>\u2190<\/p>\n\n\n\n<div data-wp-interactive=\"core\/file\" class=\"wp-block-file\"><object data-wp-bind--hidden=\"!state.hasPdfPreview\" hidden class=\"wp-block-file__embed\" data=\"https:\/\/perspektywa3p.us.edu.pl\/wp-content\/uploads\/2025\/11\/Zachodnioporskie_webinar_06.10.2025_z-tekst-alt.pdf\" type=\"application\/pdf\" style=\"width:100%;height:600px\" aria-label=\"Osadzone z Prezentacja z webinaru z dnia 06.10.2025.\"><\/object><a id=\"wp-block-file--media-e21d0cdc-b0ae-4ec5-941f-d60821df90ba\" href=\"https:\/\/perspektywa3p.us.edu.pl\/wp-content\/uploads\/2025\/11\/Zachodnioporskie_webinar_06.10.2025_z-tekst-alt.pdf\">Prezentacja z webinaru z dnia 06.10.2025<\/a><a href=\"https:\/\/perspektywa3p.us.edu.pl\/wp-content\/uploads\/2025\/11\/Zachodnioporskie_webinar_06.10.2025_z-tekst-alt.pdf\" class=\"wp-block-file__button wp-element-button\" download aria-describedby=\"wp-block-file--media-e21d0cdc-b0ae-4ec5-941f-d60821df90ba\">Pobierz<\/a><\/div>\n\n\n\n<h3 class=\"wp-block-heading\">28.05.2025 r.<\/h3>\n\n\n\n<p>W zwi\u0105zku z rozpocz\u0119ciem projektu <em>&#8222;Perspektywa 3P dla wojew\u00f3dztwa zachodniopomorskiego&#8221;<\/em> serdecznie zapraszamy Pa\u0144stwa na pierwszy webinar, kt\u00f3ry odb\u0119dzie si\u0119 w <strong>\u015brod\u0119 28 maja 11:30\u201312:15<\/strong> na platformie Teams.<\/p>\n\n\n\n<p><em style=\"box-sizing: border-box; margin: 0px; padding: 0px; outline: 0px; color: rgb(91, 100, 110); font-family: &quot;Open Sans&quot;, sans-serif; font-size: 16px; font-variant-ligatures: normal; font-variant-caps: normal; font-weight: 400; letter-spacing: normal; orphans: 2; text-align: left; text-indent: 0px; text-transform: none; widows: 2; word-spacing: 0px; -webkit-text-stroke-width: 0px; white-space: normal; background-color: rgb(255, 255, 255); text-decoration-thickness: initial; text-decoration-style: initial; text-decoration-color: initial;\">Do\u0142\u0105cz do spotkania 28.05.2025:&nbsp;<\/em><span style=\"color: rgb(91, 100, 110); font-family: &quot;Open Sans&quot;, sans-serif; font-size: 16px; font-style: normal; font-variant-ligatures: normal; font-variant-caps: normal; font-weight: 400; letter-spacing: normal; orphans: 2; text-align: left; text-indent: 0px; text-transform: none; widows: 2; word-spacing: 0px; -webkit-text-stroke-width: 0px; white-space: normal; background-color: rgb(255, 255, 255); text-decoration-thickness: initial; text-decoration-style: initial; text-decoration-color: initial; display: inline !important; float: none;\">\u2192&nbsp;<\/span><em style=\"box-sizing: border-box; margin: 0px; padding: 0px; outline: 0px; color: rgb(91, 100, 110); font-family: &quot;Open Sans&quot;, sans-serif; font-size: 16px; font-variant-ligatures: normal; font-variant-caps: normal; font-weight: 400; letter-spacing: normal; orphans: 2; text-align: left; text-indent: 0px; text-transform: none; widows: 2; word-spacing: 0px; -webkit-text-stroke-width: 0px; white-space: normal; background-color: rgb(255, 255, 255); text-decoration-thickness: initial; text-decoration-style: initial; text-decoration-color: initial;\">link niedost\u0119pny \u2013 spotkanie zako\u0144czone&nbsp;<\/em><span style=\"color: rgb(91, 100, 110); font-family: &quot;Open Sans&quot;, sans-serif; font-size: 16px; font-style: normal; font-variant-ligatures: normal; font-variant-caps: normal; font-weight: 400; letter-spacing: normal; orphans: 2; text-align: left; text-indent: 0px; text-transform: none; widows: 2; word-spacing: 0px; -webkit-text-stroke-width: 0px; white-space: normal; background-color: rgb(255, 255, 255); text-decoration-thickness: initial; text-decoration-style: initial; text-decoration-color: initial; display: inline !important; float: none;\">\u2190<\/span><\/p>\n","protected":false},"excerpt":{"rendered":"<p>Wyniki oceny merytorycznej wniosk\u00f3w &#8211; II tura Nr wniosku Wynik oceny merytorycznej \/Ocena \u015brednia Kwota przyznana 20251114\/1031\/0732 97,5 150 000,00 z\u0142 20251120\/1122\/0804 91,5 120 000,00 z\u0142 20251103\/1217\/0401 91 119 000,00 z\u0142 Nab\u00f3r do konkursu grantowego &#8211; II tura Informujemy, \u017ce rozpocz\u0119\u0142a si\u0119 II tura sk\u0142adania wniosk\u00f3w grantowych w systemie GrantU\u015a w projekcie \u201ePerspektywa 3P\u201d dla&hellip; <br \/> <a class=\"read-more\" href=\"https:\/\/perspektywa3p.us.edu.pl\/index.php\/zachodniopomorskie-spotkania-webinary-biezace-informacje\/\">Dowiedz si\u0119 wi\u0119cej<\/a><\/p>\n","protected":false},"author":1,"featured_media":0,"parent":0,"menu_order":0,"comment_status":"closed","ping_status":"closed","template":"","meta":{"footnotes":""},"class_list":["post-1009","page","type-page","status-publish","hentry"],"_links":{"self":[{"href":"https:\/\/perspektywa3p.us.edu.pl\/index.php\/wp-json\/wp\/v2\/pages\/1009","targetHints":{"allow":["GET"]}}],"collection":[{"href":"https:\/\/perspektywa3p.us.edu.pl\/index.php\/wp-json\/wp\/v2\/pages"}],"about":[{"href":"https:\/\/perspektywa3p.us.edu.pl\/index.php\/wp-json\/wp\/v2\/types\/page"}],"author":[{"embeddable":true,"href":"https:\/\/perspektywa3p.us.edu.pl\/index.php\/wp-json\/wp\/v2\/users\/1"}],"replies":[{"embeddable":true,"href":"https:\/\/perspektywa3p.us.edu.pl\/index.php\/wp-json\/wp\/v2\/comments?post=1009"}],"version-history":[{"count":16,"href":"https:\/\/perspektywa3p.us.edu.pl\/index.php\/wp-json\/wp\/v2\/pages\/1009\/revisions"}],"predecessor-version":[{"id":4230,"href":"https:\/\/perspektywa3p.us.edu.pl\/index.php\/wp-json\/wp\/v2\/pages\/1009\/revisions\/4230"}],"wp:attachment":[{"href":"https:\/\/perspektywa3p.us.edu.pl\/index.php\/wp-json\/wp\/v2\/media?parent=1009"}],"curies":[{"name":"wp","href":"https:\/\/api.w.org\/{rel}","templated":true}]}}